{"id":3,"date":"2023-10-11T08:39:14","date_gmt":"2023-10-11T08:39:14","guid":{"rendered":"https:\/\/vccf.org\/?page_id=3"},"modified":"2025-01-10T08:21:56","modified_gmt":"2025-01-10T08:21:56","slug":"privacy-policy","status":"publish","type":"page","link":"https:\/\/vccf.org\/fr\/privacy-policy\/","title":{"rendered":"Politique de confidentialit\u00e9"},"content":{"rendered":"<h3>\n\t\tPolitique de confidentialit\u00e9\n\t<\/h3>\n\t<p><strong>Approuv\u00e9 par le conseil d'administration le 7 septembre 2010<\/strong><\/p>\n\t<p>La Ventura County Community Foundation s'engage \u00e0 pr\u00e9server la confidentialit\u00e9, l'int\u00e9grit\u00e9 et la s\u00e9curit\u00e9 des informations personnelles qui lui sont confi\u00e9es par les donateurs actuels et potentiels, ainsi que par les responsables et le personnel des organismes \u00e0 but non lucratif qui s'adressent \u00e0 elle pour obtenir un financement, et par les personnes qu'ils servent. La pr\u00e9sente d\u00e9claration de confidentialit\u00e9 s'applique au site Web de la Ventura County Community Foundation et r\u00e9git la collecte et l'utilisation des donn\u00e9es. En utilisant le site Web de la Ventura County Community Foundation, vous acceptez les pratiques en mati\u00e8re de donn\u00e9es d\u00e9crites dans la pr\u00e9sente d\u00e9claration.<\/p>\n\t<p><strong>Collecte de vos donn\u00e9es personnelles<\/strong><\/p>\n\t<p>La Ventura County Community Foundation recueille des informations personnelles identifiables, telles que votre adresse \u00e9lectronique, votre nom, votre adresse personnelle ou professionnelle ou votre num\u00e9ro de t\u00e9l\u00e9phone. La Ventura County Community Foundation recueille \u00e9galement des informations d\u00e9mographiques anonymes, qui ne vous sont pas propres, telles que votre code postal, votre \u00e2ge, votre sexe, vos pr\u00e9f\u00e9rences, vos int\u00e9r\u00eats et vos favoris.<\/p>\n\t<p>La Ventura County Community Foundation recueille \u00e9galement automatiquement des informations sur votre mat\u00e9riel informatique et vos logiciels. Ces informations peuvent inclure : votre adresse IP, le type de navigateur, les noms de domaine, les temps d'acc\u00e8s et les adresses des sites Web de r\u00e9f\u00e9rence. Ces informations sont utilis\u00e9es par la Fondation communautaire du comt\u00e9 de Ventura pour le fonctionnement du service, pour maintenir la qualit\u00e9 du service et pour fournir des statistiques g\u00e9n\u00e9rales concernant l'utilisation du site Web de la Fondation communautaire du comt\u00e9 de Ventura.<\/p>\n\t<p>Gardez \u00e0 l'esprit que si vous divulguez directement des informations personnellement identifiables ou des donn\u00e9es sensibles sur les panneaux d'affichage public de la Ventura County Community Foundation, ces informations peuvent \u00eatre collect\u00e9es et utilis\u00e9es par d'autres personnes. Remarque : la Ventura County Community Foundation ne lit aucune de vos communications priv\u00e9es en ligne.<\/p>\n\t<p>La Ventura County Community Foundation vous encourage \u00e0 examiner les d\u00e9clarations de confidentialit\u00e9 des sites Web que vous choisissez de visiter \u00e0 partir de la Ventura County Community Foundation afin de comprendre comment ces sites Web collectent, utilisent et partagent vos informations. La Ventura County Community Foundation n'est pas responsable des d\u00e9clarations de confidentialit\u00e9 ou autres contenus des sites Web ext\u00e9rieurs \u00e0 la Ventura County Community Foundation.<\/p>\n\t<p><strong>Utilisation de vos donn\u00e9es personnelles<\/strong><\/p>\n\t<p>La Ventura County Community Foundation recueille et utilise vos informations personnelles pour exploiter le site Web de la Ventura County Community Foundation et fournir les services que vous avez demand\u00e9s. La Ventura County Community Foundation utilise \u00e9galement vos informations personnelles pour vous informer sur d'autres produits ou services disponibles aupr\u00e8s de la Ventura County Community Foundation et de ses affili\u00e9s. La Ventura County Community Foundation peut \u00e9galement vous contacter par le biais d'enqu\u00eates afin de conna\u00eetre votre opinion sur les services actuels ou sur de nouveaux services potentiels qui pourraient \u00eatre propos\u00e9s.<\/p>\n\t<p>La Ventura County Community Foundation ne vend pas, ne loue pas ou ne donne pas en cr\u00e9dit-bail ses listes de clients \u00e0 des tiers. La Ventura County Community Foundation peut, de temps \u00e0 autre, vous contacter au nom de partenaires commerciaux externes au sujet d'une offre particuli\u00e8re susceptible de vous int\u00e9resser. Dans ce cas, vos informations personnelles identifiables (e-mail, nom, adresse, num\u00e9ro de t\u00e9l\u00e9phone) ne sont pas transf\u00e9r\u00e9es \u00e0 la tierce partie. En outre, la Ventura County Community Foundation peut partager des donn\u00e9es avec des partenaires de confiance pour nous aider \u00e0 effectuer des analyses statistiques, vous envoyer des courriers \u00e9lectroniques ou postaux, fournir une assistance \u00e0 la client\u00e8le ou organiser des livraisons. Il est interdit \u00e0 tous ces tiers d'utiliser vos informations personnelles, sauf pour fournir ces services \u00e0 la Ventura County Community Foundation, et ils sont tenus de pr\u00e9server la confidentialit\u00e9 de vos informations.<\/p>\n\t<p>La Ventura County Community Foundation n'utilise ni ne divulgue d'informations personnelles sensibles, telles que la race, la religion ou les affiliations politiques, sans votre consentement explicite.<\/p>\n\t<p>La Ventura County Community Foundation garde la trace des sites Web et des pages que nos clients visitent au sein de la Ventura County Community Foundation, afin de d\u00e9terminer quels services de la Ventura County Community Foundation sont les plus populaires. Ces donn\u00e9es sont utilis\u00e9es pour fournir un contenu et une publicit\u00e9 personnalis\u00e9s au sein de la Ventura County Community Foundation aux clients dont le comportement indique qu'ils sont int\u00e9ress\u00e9s par un domaine particulier.<\/p>\n\t<p>Les sites Web de la Fondation communautaire du comt\u00e9 de Ventura ne divulgueront vos informations personnelles, sans pr\u00e9avis, que si la loi l'exige ou si l'on estime de bonne foi qu'une telle action est n\u00e9cessaire pour : (a) se conformer aux \u00e9dits de la loi ou se conformer \u00e0 la proc\u00e9dure l\u00e9gale signifi\u00e9e \u00e0 la Fondation communautaire du comt\u00e9 de Ventura ou au site ; (b) prot\u00e9ger et d\u00e9fendre les droits ou la propri\u00e9t\u00e9 de la Fondation communautaire du comt\u00e9 de Ventura ; et, (c) agir dans des circonstances d'urgence pour prot\u00e9ger la s\u00e9curit\u00e9 personnelle des utilisateurs de la Fondation communautaire du comt\u00e9 de Ventura, ou du public.<\/p>\n\t<p><strong>Utilisation des cookies<\/strong><\/p>\n\t<p>Le site Web de la Ventura County Community Foundation utilise des \"cookies\" pour vous aider \u00e0 personnaliser votre exp\u00e9rience en ligne. Un cookie est un fichier texte plac\u00e9 sur votre disque dur par un serveur de pages Web. Les cookies ne peuvent pas \u00eatre utilis\u00e9s pour ex\u00e9cuter des programmes ou transmettre des virus \u00e0 votre ordinateur. Les cookies vous sont attribu\u00e9s de mani\u00e8re unique et ne peuvent \u00eatre lus que par un serveur web du domaine qui a \u00e9mis le cookie.<\/p>\n\t<p>L'un des principaux objectifs des cookies est de vous faire gagner du temps. Le but d'un cookie est d'indiquer au serveur Web que vous \u00eates revenu sur une page sp\u00e9cifique. Par exemple, si vous personnalisez les pages de la Fondation communautaire du comt\u00e9 de Ventura, ou si vous vous inscrivez sur le site ou les services de la Fondation communautaire du comt\u00e9 de Ventura, un cookie aide la Fondation communautaire du comt\u00e9 de Ventura \u00e0 se souvenir de vos informations sp\u00e9cifiques lors de visites ult\u00e9rieures. Cela simplifie le processus d'enregistrement de vos informations personnelles, telles que les adresses de facturation, les adresses de livraison, etc. Lorsque vous retournez sur le m\u00eame site Web de la Fondation communautaire du comt\u00e9 de Ventura, les informations que vous avez fournies pr\u00e9c\u00e9demment peuvent \u00eatre r\u00e9cup\u00e9r\u00e9es, de sorte que vous pouvez facilement utiliser les fonctionnalit\u00e9s de la Fondation communautaire du comt\u00e9 de Ventura que vous avez personnalis\u00e9es.<\/p>\n\t<p>Vous avez la possibilit\u00e9 d'accepter ou de refuser les cookies. La plupart des navigateurs Web acceptent automatiquement les cookies, mais vous pouvez g\u00e9n\u00e9ralement modifier les param\u00e8tres de votre navigateur pour refuser les cookies si vous le souhaitez. Si vous choisissez de refuser les cookies, vous ne pourrez peut-\u00eatre pas profiter pleinement des fonctions interactives des services de la Ventura County Community Foundation ou des sites Web que vous visitez.<\/p>\n\t<p><strong>S\u00e9curit\u00e9 des donn\u00e9es personnelles<\/strong><\/p>\n\t<p>La Ventura County Community Foundation prot\u00e8ge vos informations personnelles contre tout acc\u00e8s, utilisation ou divulgation non autoris\u00e9s. La Fondation communautaire du comt\u00e9 de Ventura conserve les informations d'identification personnelle que vous fournissez sur des serveurs informatiques dans un environnement contr\u00f4l\u00e9 et s\u00e9curis\u00e9, \u00e0 l'abri de tout acc\u00e8s, utilisation ou divulgation non autoris\u00e9s. Lorsque des informations personnelles (telles qu'un num\u00e9ro de carte de cr\u00e9dit) sont transmises \u00e0 d'autres sites web, elles sont prot\u00e9g\u00e9es par un syst\u00e8me de cryptage.<\/p>\n\t<p><strong>Modifications de la pr\u00e9sente d\u00e9claration<\/strong><\/p>\n\t<p>La Ventura County Community Foundation mettra occasionnellement \u00e0 jour cette d\u00e9claration de confidentialit\u00e9 afin de refl\u00e9ter les commentaires de l'entreprise et des clients. La Ventura County Community Foundation vous encourage \u00e0 revoir p\u00e9riodiquement cette d\u00e9claration afin d'\u00eatre inform\u00e9 de la mani\u00e8re dont la Ventura County Community Foundation prot\u00e8ge vos informations.<\/p>\n\t<p><strong>Informations sur le contact<\/strong><\/p>\n\t<p>La Ventura County Community Foundation accueille volontiers vos commentaires concernant la pr\u00e9sente d\u00e9claration de confidentialit\u00e9. Si vous pensez que la Ventura County Community Foundation n'a pas respect\u00e9 cette d\u00e9claration, veuillez contacter la Ventura County Community Foundation \u00e0 l'adresse suivante <a href=\"mailto:info@vccf.org\">info@vccf.org<\/a>. Nous ferons des efforts commercialement raisonnables pour d\u00e9terminer rapidement le probl\u00e8me et y rem\u00e9dier.<\/p>","protected":false},"excerpt":{"rendered":"<p>Politique de confidentialit\u00e9 Approuv\u00e9e par le conseil d'administration le 7 septembre 2010 La Ventura County Community Foundation s'engage \u00e0 pr\u00e9server la confidentialit\u00e9, l'int\u00e9grit\u00e9 et la s\u00e9curit\u00e9 des informations personnelles qui lui sont confi\u00e9es....<\/p>","protected":false},"author":3,"featured_media":0,"parent":0,"menu_order":0,"comment_status":"closed","ping_status":"closed","template":"","meta":{"_acf_changed":false,"give_campaign_id":0,"footnotes":""},"class_list":["post-3","page","type-page","status-publish","hentry"],"acf":[],"campaignId":"","_links":{"self":[{"href":"https:\/\/vccf.org\/fr\/wp-json\/wp\/v2\/pages\/3","targetHints":{"allow":["GET"]}}],"collection":[{"href":"https:\/\/vccf.org\/fr\/wp-json\/wp\/v2\/pages"}],"about":[{"href":"https:\/\/vccf.org\/fr\/wp-json\/wp\/v2\/types\/page"}],"author":[{"embeddable":true,"href":"https:\/\/vccf.org\/fr\/wp-json\/wp\/v2\/users\/3"}],"replies":[{"embeddable":true,"href":"https:\/\/vccf.org\/fr\/wp-json\/wp\/v2\/comments?post=3"}],"version-history":[{"count":0,"href":"https:\/\/vccf.org\/fr\/wp-json\/wp\/v2\/pages\/3\/revisions"}],"wp:attachment":[{"href":"https:\/\/vccf.org\/fr\/wp-json\/wp\/v2\/media?parent=3"}],"curies":[{"name":"wp","href":"https:\/\/api.w.org\/{rel}","templated":true}]}}