{"id":521,"date":"2024-04-18T13:58:36","date_gmt":"2024-04-18T13:58:36","guid":{"rendered":"https:\/\/vccf.org\/?page_id=521"},"modified":"2026-01-20T09:54:24","modified_gmt":"2026-01-20T17:54:24","slug":"student-applicants","status":"publish","type":"page","link":"https:\/\/vccf.org\/fr\/scholarships\/students\/student-applicants\/","title":{"rendered":"Student Applicants"},"content":{"rendered":"<h1>\n\t\t\tF\u00e9licitations pour la poursuite de l'enseignement sup\u00e9rieur !\t<\/h1>\n\t<p>Gr\u00e2ce \u00e0 la g\u00e9n\u00e9rosit\u00e9 des donateurs locaux, le VCCF est en mesure de s'associer avec vous pour vous aider \u00e0 atteindre vos objectifs professionnels et \u00e9ducatifs.<\/p>\n<h2>\n\t\t\tVCCF Scholarship Season Now Closed\t<\/h2>\n<figure itemscope itemtype=\"https:\/\/schema.org\/ImageObject\">\n\t\t\t\t<img decoding=\"async\" src=\"https:\/\/vccf.org\/wp-content\/uploads\/2024\/12\/ye6dugke.jpeg\" alt=\"ye6dugke\" height=\"1067\" width=\"1600\" title=\"ye6dugke\" onerror=\"this.style.display='none'\" loading=\"lazy\" \/>\n\t<\/figure>\n<h2>\n\t\t\tLa proc\u00e9dure de candidature\t<\/h2>\n\t<p>Notre proc\u00e9dure de demande de bourse est la suivante <strong>comp\u00e9titif<\/strong>La Commission europ\u00e9enne propose plus de 100 bourses d'\u00e9tudes et <strong>plusieurs milliers<\/strong> <strong>candidats par an<\/strong>. Pour \u00eatre \u00e9ligible, il est essentiel de remplir soigneusement et compl\u00e8tement le dossier de candidature. Nous conseillons \u00e0 chaque \u00e9tudiant de bien <strong>lire la page suivante<\/strong> pour comprendre les exigences de la demande.<\/p>\n\t\t\t\tWatch the Overview Video\n\t\t\t\t<iframe src=\"https:\/\/player.vimeo.com\/video\/1127333725?badge=0&amp;autopause=0&amp;player_id=0&amp;app_id=58479\" frameborder=\"0\" allow=\"autoplay; fullscreen; picture-in-picture; clipboard-write; encrypted-media; web-share\" referrerpolicy=\"strict-origin-when-cross-origin\" title=\"VCCF Scholarship Presentation 2025.26\"><\/iframe>\t\t\t\n\t\t\t\tPour commencer\n\t\t\t\t<p>Afin de mener \u00e0 bien votre candidature, nous vous invitons \u00e0 prendre connaissance de toutes les informations contenues dans cette page.<\/p>\n<ol>\n<li>Cr\u00e9ez un compte sur le portail Academic Works de la VCCF en\u00a0<strong><a href=\"https:\/\/vccf.academicworks.com\/users\/sign_up\" target=\"_blank\" rel=\"noopener\">en cliquant ici<\/a><\/strong>. Veillez \u00e0 utiliser votre adresse \u00e9lectronique personnelle et \u00e0 la consulter fr\u00e9quemment. <strong>N'utilisez pas l'adresse \u00e9lectronique de votre \u00e9cole<\/strong>. Identifiez un mot de passe en suivant les directives suivantes. Votre mot de passe doit :\n<ul>\n<li>Ne pas contenir votre nom d'utilisateur ou des mots ou phrases courants.<\/li>\n<li>Contenir un minimum de 12 caract\u00e8res.<\/li>\n<li>Inclure au moins 1 chiffre, 1 lettre majuscule, 1 lettre minuscule et 1 de ces caract\u00e8res sp\u00e9ciaux : # ? ! @ $ % ^ &amp; * -<\/li>\n<\/ul>\n<\/li>\n<li>Contactez deux personnes pr\u00eates \u00e0 remplir un questionnaire de recommandation en votre nom. L'une de ces personnes doit \u00eatre un enseignant ou un conseiller scolaire. Il vous sera demand\u00e9 d'indiquer le nom et l'adresse \u00e9lectronique de vos personnes de r\u00e9f\u00e9rence dans le portail de candidature. Dans la mesure du possible, veuillez fournir leur adresse \u00e9lectronique personnelle. L'autre personne peut \u00eatre un entra\u00eeneur, un pasteur, un employeur ou une personne qui n'est pas un membre de la famille. Les lettres de pairs ne seront pas accept\u00e9es.<\/li>\n<li>Apr\u00e8s avoir rempli la demande g\u00e9n\u00e9rale, <strong>click on &#8220;other opportunities&#8221;<\/strong> pour vous assurer que vous remplissez les conditions requises pour les diff\u00e9rents postes auxquels vous postulez.<\/li>\n<li>Si vous avez besoin d'aide, veuillez contacter notre service des bourses d'\u00e9tudes \u00e0 l'adresse suivante <a href=\"mailto:scholarships@vccf.org\" target=\"_blank\" rel=\"noopener\">scholarships@vccf.org<\/a><\/li>\n<\/ol>\n\t\t\t\tDemandez votre dernier relev\u00e9 de notes \u00e0 votre conseiller acad\u00e9mique\n\t\t\t\t<ul>\n<li>Vous devez soumettre un relev\u00e9 de notes\u00a0<strong>sous forme de fichier PDF<\/strong> pour que votre demande soit prise en compte. Veillez \u00e0 ce que le nom du fichier soit court et ne contienne pas de caract\u00e8res sp\u00e9ciaux.<\/li>\n<li>Les profils d'\u00e9tudiants ne sont acceptables que s'ils incluent votre moyenne g\u00e9n\u00e9rale non pond\u00e9r\u00e9e.<\/li>\n<li><strong>Votre moyenne g\u00e9n\u00e9rale non pond\u00e9r\u00e9e doit \u00eatre visible.<\/strong><\/li>\n<\/ul>\n\t\t\t\tDemander au moins deux r\u00e9f\u00e9rences\n\t\t\t\t<p>Veuillez noter que la plupart des personnes qui recommandent un candidat ont besoin\u00a0<strong>au moins deux (2) semaines<\/strong>\u00a0Il n'est jamais trop t\u00f4t pour demander une recommandation. Nous vous encourageons \u00e0 pr\u00e9venir vos recommandeurs le plus t\u00f4t possible lorsque vous demandez une r\u00e9f\u00e9rence.<\/p>\n<p>Cette ann\u00e9e, les personnes qui vous recommandent rempliront un questionnaire en votre nom.<\/p>\n<ul>\n<li>Donnez \u00e0 vos recommandataires suffisamment de temps pour remplir le questionnaire.<\/li>\n<li>Les autres recommandations peuvent provenir d'un entra\u00eeneur, d'un pasteur, d'un employeur, d'un mentor ou de toute personne qui vous conna\u00eet bien et qui n'est pas un ami ou un membre de votre famille, mais au moins une recommandation doit provenir d'un enseignant ou d'un conseiller p\u00e9dagogique.<\/li>\n<\/ul>\n\t\t\t\tFinancial Need\n\t\t\t\t<p>Some of our scholarships require proof of financial need. <a href=\"https:\/\/vccf.org\/wp-content\/uploads\/2025\/10\/2026-VCCF-Financial-Need-Resource.pdf\"><strong>Please view our Financial Need Guidelines here<\/strong><\/a>Lorsque vous remplirez le formulaire de demande, vous devrez fournir vos informations financi\u00e8res les plus r\u00e9centes.<\/p>\n<ul>\n<li>Si vous \u00eates un\u00a0<strong>d\u00e9pendante<\/strong> you will need your guardians&#8217;\/spouse&#8217;s<strong>\u00a0revenu total de l'exercice fiscal le plus r\u00e9cent<\/strong>.<\/li>\n<li>Si vous \u00eates <strong>ind\u00e9pendant<\/strong> vous aurez besoin du\u00a0<strong>le revenu total pour l'ann\u00e9e fiscale la plus r\u00e9cente.<\/strong><\/li>\n<li>Les lignes directrices relatives aux besoins financiers seront disponibles en octobre de chaque ann\u00e9e civile.<\/li>\n<\/ul>\n\t\t\t\tExaminer les possibilit\u00e9s de bourses d'\u00e9tudes\n\t\t\t\t<p><strong>La Ventura County Community Foundation propose plus de 100 bourses d'\u00e9tudes !<\/strong><\/p>\n<p>De nouvelles bourses sont disponibles et certains changements ont \u00e9t\u00e9 apport\u00e9s. Tous les candidats, m\u00eame ceux qui ont d\u00e9j\u00e0 b\u00e9n\u00e9fici\u00e9 d'une bourse, doivent relire les lignes directrices car les crit\u00e8res peuvent avoir chang\u00e9. Les lignes directrices relatives aux bourses d'\u00e9tudes seront disponibles en octobre de chaque ann\u00e9e civile.<\/p>\n<p><strong><a href=\"https:\/\/vccf.org\/wp-content\/uploads\/2025\/10\/2026-Scholarship-Guidelines.pdf\" target=\"_blank\" rel=\"noopener\">Cliquez ici<\/a><\/strong> pour consulter les lignes directrices relatives aux bourses d'\u00e9tudes.<\/p>\n<p>Lorsque vous remplissez et envoyez le formulaire de demande de bourse g\u00e9n\u00e9rale, votre demande est prise en compte pour toutes les possibilit\u00e9s d'auto-concours disponibles. Outre les possibilit\u00e9s d'auto-s\u00e9lection, plusieurs bourses sur dossier sont disponibles. Vous pouvez consulter les possibilit\u00e9s de candidature une fois que vous avez soumis votre demande g\u00e9n\u00e9rale.<\/p>\n\t\t\t\tConseils pour les bourses d'\u00e9tudes\n\t\t\t\t<ul>\n<li><strong>CONSEIL #1 N'attendez pas la derni\u00e8re minute<\/strong><br \/>\nLe formulaire de candidature prend du temps \u00e0 remplir, r\u00e9fl\u00e9chissez bien \u00e0 vos r\u00e9ponses.<\/li>\n<li><strong>CONSEIL #2 S'assurer que vos recommandations sont soumises en votre nom<\/strong><br \/>\nPour que votre candidature soit prise en consid\u00e9ration, vous devez fournir deux recommandations. Il est de votre responsabilit\u00e9 de vous assurer que les personnes qui vous recommandent remplissent la recommandation en votre nom avant la date limite.<\/li>\n<li><strong>TIP #3 Remplir la demande dans son int\u00e9gralit\u00e9.<\/strong><br \/>\nBe sure to complete the entire application. If a question does not apply, note that on the application (&#8220;n\/a&#8221; for not applicable). Don&#8217;t just leave a blank. Include all required documents.<\/li>\n<li><strong>TIP #4 Suivez les instructions.<br \/>\n<\/strong>Provide everything that is required, but do not supply things that are not requested &#8211; your application will be disqualified.\u00a0<strong>Si une r\u00e9daction ou un formulaire sp\u00e9cial est n\u00e9cessaire, veillez \u00e0 l'inclure.<\/strong><\/li>\n<li><strong>CONSEIL #5 Veillez \u00e0 ce que votre essai fasse bonne impression.<\/strong><br \/>\nThe key to writing a strong essay is to be personal and specific. Include concrete details to make your experience come alive: the &#8216;who,&#8217; &#8216;what,&#8217; &#8216;where,&#8217; and &#8216;when&#8217; of your topic. The simplest experience can be monumental if you present honestly how you were affected. There is a specific prompt or topic for each scholarship. Be sure that you respond to that prompt. Be sure to check your spelling. Think of your essay as a narrative picture of you for our selection committee.<\/li>\n<li><strong>TIP #6 Give it a final &#8216;once-over.&#8217;<br \/>\n<\/strong>Relisez attentivement l'ensemble du dossier de candidature. Soyez attentif aux mots mal orthographi\u00e9s et aux fautes de grammaire. Demandez \u00e0 un ami, un professeur ou un parent de relire vos textes.<\/li>\n<li><strong>CONSEIL #7 Demandez de l'aide si vous en avez besoin.<br \/>\n<\/strong>Si vous avez un probl\u00e8me avec le formulaire de candidature, veuillez contacter l'\u00e9quipe des bourses de la VCCF \u00e0 l'adresse suivante <a href=\"mailto:scholarships@vccf.org\" rel=\"noopener\" target=\"_blank\">scholarships@vccf.org<\/a>. Si vous avez des questions sp\u00e9cifiques concernant la demande, contactez la Ventura County Community Foundation.<\/li>\n<li><strong>CONSEIL #8 N'oubliez pas que votre demande de bourse vous repr\u00e9sente !<\/strong><br \/>\nVotre capacit\u00e9 \u00e0 soumettre un dossier de candidature soign\u00e9, complet et dans les d\u00e9lais impartis rejaillit sur vous. C'est le visage que vous pr\u00e9sentez \u00e0 l'organisation. Soyez fier de vous en soumettant la meilleure candidature possible.<\/li>\n<li><strong>TIP #9 Ne postulez que si vous \u00eates \u00e9ligible.<br \/>\n<\/strong>Pour les bourses d'\u00e9tudes disponibles sur demande, veuillez vous assurer que vous \u00eates \u00e9ligible avant de poser votre candidature. Votre demande ne sera pas prise en compte si vous n'\u00eates pas \u00e9ligible.<\/li>\n<\/ul>\n\t\t\t\tDocuments importants\n\t\t\t\t<p><strong><a href=\"https:\/\/vccf.org\/wp-content\/uploads\/2025\/10\/2026-VCCF-Financial-Need-Resource.pdf\" target=\"_blank\" rel=\"noopener\">2025-2026 Financial Need Document<\/a><\/strong><\/p>\n<p><strong><a href=\"https:\/\/vccf.org\/wp-content\/uploads\/2024\/11\/guidelines-24.25-final.pdf\" target=\"_blank\" rel=\"noopener\">2024-2025 Lignes directrices<\/a><\/strong><\/p>\n\t\t\t\tTimeline &#038; Important Dates\n\t\t\t\t<p><strong>October 29, 2025: <\/strong><em>Application Opens<\/em><\/p>\n<p><strong>January 16, 2026: <\/strong><em>Application Closes<\/em><\/p>\n<p><strong>January 23, 2026: <\/strong><em>Final Reference Deadline<\/em><\/p>\n<p><strong>February through April 2026: <\/strong><em>Les demandes sont examin\u00e9es<\/em><\/p>\n<p><strong>April 28, 2026: <\/strong><em>Applicants Informed<\/em><\/p>\n<h2>\n\t\t\tNow you are ready to apply\t<\/h2>\n\t<p>You&#8217;ve reviewed the eligibility guidelines, you&#8217;ve requested your most recent transcripts, gathered your financial documents, and have contacted your potential references &#8211; great! Now it&#8217;s time to work on your application.<\/p>\n\t\t\t<a href=\"https:\/\/vccf.academicworks.com\/\" target=\"_blank\" rel=\"noopener\">\n\t\t\t\t\t\t\tAppliquer\n\t\t\t\t\t<\/a>\n    <button id=\"board-prev\" type=\"button\"><\/button>\n    1\n     \/ 4\n    <button id=\"board-next\" type=\"button\"><\/button>","protected":false},"excerpt":{"rendered":"<p>Congratulations on Pursuing Higher Education! Through the generosity of local donors, VCCF is able to partner with you to help you reach your career and educational goals. VCCF Scholarship Season&hellip;<\/p>","protected":false},"author":4,"featured_media":0,"parent":269,"menu_order":0,"comment_status":"closed","ping_status":"closed","template":"","meta":{"_acf_changed":false,"give_campaign_id":0,"footnotes":""},"class_list":["post-521","page","type-page","status-publish","hentry"],"acf":[],"campaignId":"","_links":{"self":[{"href":"https:\/\/vccf.org\/fr\/wp-json\/wp\/v2\/pages\/521","targetHints":{"allow":["GET"]}}],"collection":[{"href":"https:\/\/vccf.org\/fr\/wp-json\/wp\/v2\/pages"}],"about":[{"href":"https:\/\/vccf.org\/fr\/wp-json\/wp\/v2\/types\/page"}],"author":[{"embeddable":true,"href":"https:\/\/vccf.org\/fr\/wp-json\/wp\/v2\/users\/4"}],"replies":[{"embeddable":true,"href":"https:\/\/vccf.org\/fr\/wp-json\/wp\/v2\/comments?post=521"}],"version-history":[{"count":0,"href":"https:\/\/vccf.org\/fr\/wp-json\/wp\/v2\/pages\/521\/revisions"}],"up":[{"embeddable":true,"href":"https:\/\/vccf.org\/fr\/wp-json\/wp\/v2\/pages\/269"}],"wp:attachment":[{"href":"https:\/\/vccf.org\/fr\/wp-json\/wp\/v2\/media?parent=521"}],"curies":[{"name":"wp","href":"https:\/\/api.w.org\/{rel}","templated":true}]}}