{"id":553,"date":"2024-04-19T10:40:40","date_gmt":"2024-04-19T10:40:40","guid":{"rendered":"https:\/\/vccf.org\/?page_id=553"},"modified":"2026-04-14T12:34:43","modified_gmt":"2026-04-14T19:34:43","slug":"recommenders","status":"publish","type":"page","link":"https:\/\/vccf.org\/fr\/scholarships\/recommenders\/","title":{"rendered":"Recommandateurs"},"content":{"rendered":"<h1>\n\t\t\tR\u00e9f\u00e9rences des bourses d'\u00e9tudes de la VCCF\t<\/h1>\n\t<p>Merci de soutenir nos \u00e9l\u00e8ves du comt\u00e9 de Ventura !<\/p>\n\t<p>Chaque ann\u00e9e, des milliers d'\u00e9tudiants posent leur candidature \u00e0 une bourse de la VCCF. Les lettres de recommandation sont un \u00e9l\u00e9ment essentiel de la proc\u00e9dure de demande de bourse de la VCCF. Elles permettent aux membres du comit\u00e9 de s\u00e9lection d'avoir une vision globale de l'\u00e9tudiant au cours du processus d'\u00e9valuation. Les lettres de recommandation r\u00e9v\u00e8lent beaucoup de choses sur le candidat et permettent aux membres du comit\u00e9 de s\u00e9lection de mieux comprendre ses objectifs, ses aspirations, son \u00e9thique de travail et son caract\u00e8re.<\/p>\n<figure itemscope itemtype=\"https:\/\/schema.org\/ImageObject\">\n\t\t\t\t<img decoding=\"async\" src=\"https:\/\/vccf.org\/wp-content\/uploads\/2024\/07\/image-82.png\" alt=\"image (82)\" height=\"851\" width=\"836\" title=\"image (82)\" onerror=\"this.style.display='none'\" loading=\"lazy\" \/>\n\t<\/figure>\n\t<p>\"Je recommande des \u00e9tudiants parce que les notes et les activit\u00e9s ne racontent qu'une partie de l'histoire. J'esp\u00e8re qu'une lettre de recommandation bien r\u00e9dig\u00e9e racontera au donateur l'histoire du courage et de la pers\u00e9v\u00e9rance de l'\u00e9tudiant\".<\/p>\n\t<p>Sarah Page, enseignante AVID au lyc\u00e9e et r\u00e9f\u00e9rente<\/p>\n<h2>\n\t\t\tPour commencer\t<\/h2>\n\t<p>Avant de commencer \u00e0 r\u00e9diger votre lettre, prenez le temps de lire les informations importantes suivantes.<\/p>\n\t\t\t\tCe que l'on peut attendre d'une r\u00e9f\u00e9rence\n\t\t\t\t<p>Les \u00e9tudiants vous demanderont si vous \u00eates dispos\u00e9 \u00e0 remplir un questionnaire en leur nom. Si vous n'\u00eates pas en mesure de remplir le questionnaire, veuillez les en informer afin qu'ils puissent trouver une autre r\u00e9f\u00e9rence.\u00a0<strong>Deux questionnaires doivent \u00eatre soumis au nom de l'\u00e9tudiant, faute de quoi il est automatiquement disqualifi\u00e9.<\/strong>\u00a0Le questionnaire sera confidentiel et l'\u00e9tudiant n'aura pas acc\u00e8s \u00e0 vos r\u00e9ponses.<\/p>\n<p>Les \u00e9tudiants doivent saisir leur adresse \u00e9lectronique dans l'application, vous recevrez un courriel d'Academic Works avec un lien direct vers le questionnaire. Il vous sera peut-\u00eatre demand\u00e9 de cr\u00e9er un nom d'utilisateur et un mot de passe.<\/p>\n<p>Si vous rencontrez des probl\u00e8mes techniques, veuillez envoyer un courriel \u00e0 l'adresse suivante <a href=\"mailto:scholarships@vccf.org\">scholarships@vccf.org<\/a><\/p>\n\t\t\t\tQuelles sont les informations \u00e0 recueillir dans votre questionnaire ?\n\t\t\t\t<p>Dans le questionnaire, nous vous poserons des questions sur les points suivants :<\/p>\n<ul>\n<li>Votre relation avec l'\u00e9tudiant<\/li>\n<li>Depuis combien de temps connaissez-vous l'\u00e9l\u00e8ve ?<\/li>\n<li>Les points forts de cet \u00e9tudiant<\/li>\n<li>L'\u00e9thique de travail de l'\u00e9tudiant<\/li>\n<\/ul>\n<p><strong>Si vous connaissez l'\u00e9tudiant sur le plan acad\u00e9mique, veuillez \u00e9galement aborder la question de sa participation en classe, ainsi que ses aptitudes \u00e0 collaborer avec les autres et \u00e0 les \u00e9couter.<\/strong><\/p>\n\t\t\t\tSi vous n'\u00eates pas en mesure de soumettre un questionnaire au nom de l'\u00e9tudiant\n\t\t\t\t<p>Malheureusement, les candidats qui n'ont pas deux r\u00e9f\u00e9rences ne sont pas pris en consid\u00e9ration.\u00a0<strong>automatiquement disqualifi\u00e9<\/strong>\u00a0de la proc\u00e9dure de demande de bourse de la VCCF.<\/p>\n<p>Si vous n'\u00eates pas en mesure de remplir le questionnaire, veuillez en informer imm\u00e9diatement l'\u00e9tudiant afin qu'il puisse demander \u00e0 quelqu'un d'autre de le faire.<\/p>\n    <button id=\"board-prev\" type=\"button\"><\/button>\n    1\n     \/ 4\n    <button id=\"board-next\" type=\"button\"><\/button>","protected":false},"excerpt":{"rendered":"<p>R\u00e9f\u00e9rences des bourses d'\u00e9tudes de la VCCF Merci de soutenir nos \u00e9tudiants du comt\u00e9 de Ventura ! Chaque ann\u00e9e, des milliers d'\u00e9tudiants postulent pour des bourses d'\u00e9tudes de la VCCF. Les lettres de recommandation sont un \u00e9l\u00e9ment essentiel de la...<\/p>","protected":false},"author":4,"featured_media":0,"parent":22926,"menu_order":0,"comment_status":"closed","ping_status":"closed","template":"","meta":{"_acf_changed":false,"give_campaign_id":0,"footnotes":""},"class_list":["post-553","page","type-page","status-publish","hentry"],"acf":[],"campaignId":"","_links":{"self":[{"href":"https:\/\/vccf.org\/fr\/wp-json\/wp\/v2\/pages\/553","targetHints":{"allow":["GET"]}}],"collection":[{"href":"https:\/\/vccf.org\/fr\/wp-json\/wp\/v2\/pages"}],"about":[{"href":"https:\/\/vccf.org\/fr\/wp-json\/wp\/v2\/types\/page"}],"author":[{"embeddable":true,"href":"https:\/\/vccf.org\/fr\/wp-json\/wp\/v2\/users\/4"}],"replies":[{"embeddable":true,"href":"https:\/\/vccf.org\/fr\/wp-json\/wp\/v2\/comments?post=553"}],"version-history":[{"count":0,"href":"https:\/\/vccf.org\/fr\/wp-json\/wp\/v2\/pages\/553\/revisions"}],"up":[{"embeddable":true,"href":"https:\/\/vccf.org\/fr\/wp-json\/wp\/v2\/pages\/22926"}],"wp:attachment":[{"href":"https:\/\/vccf.org\/fr\/wp-json\/wp\/v2\/media?parent=553"}],"curies":[{"name":"wp","href":"https:\/\/api.w.org\/{rel}","templated":true}]}}