{"id":566,"date":"2024-04-19T13:04:37","date_gmt":"2024-04-19T13:04:37","guid":{"rendered":"https:\/\/vccf.org\/?page_id=566"},"modified":"2025-05-05T11:04:14","modified_gmt":"2025-05-05T18:04:14","slug":"readers","status":"publish","type":"page","link":"https:\/\/vccf.org\/fr\/scholarships\/readers\/","title":{"rendered":"Lecteurs"},"content":{"rendered":"<h1>\n\t\tLecteurs de bourses d'\u00e9tudes\n\t<\/h1>\n\t<p>Les lecteurs des bourses de la VCCF sont des b\u00e9n\u00e9voles de la communaut\u00e9 et des donateurs de bourses qui s'engagent \u00e0 am\u00e9liorer les possibilit\u00e9s d'\u00e9ducation des \u00e9tudiants du comt\u00e9 de Ventura. Chaque ann\u00e9e, les lecteurs consacrent du temps \u00e0 l'examen, \u00e0 la lecture et \u00e0 l'\u00e9valuation des demandes de bourses. Leur expertise et leur temps sont tr\u00e8s appr\u00e9ci\u00e9s et nous ne pourrions pas faire ce travail sans eux.<\/p>\n<p>Si vous souhaitez devenir un lecteur de la bourse de la VCCF, veuillez envoyer un courriel \u00e0 notre directrice des bourses, Kirsti Thompson, \u00e0 l'adresse suivante <a href=\"mailto:kthompson@vccf.org\" target=\"_blank\" rel=\"noopener\">kthompson@vccf.org<\/a>.<\/p>\n\t\t\t<a href=\"https:\/\/vccf.org\/fr\/vccf-scholarship-reader-interest-form\/\" target=\"_self\" rel=\"noopener\">\n\t\t\t\t\t\t\tSoumettre le formulaire d'int\u00e9r\u00eat pour les lecteurs\n\t\t\t\t\t<\/a>\n\t\t\t\t<img loading=\"lazy\" decoding=\"async\" src=\"https:\/\/vccf.org\/wp-content\/uploads\/2024\/11\/Recommender-Image.png\" alt=\"Recommender Image\" itemprop=\"image\" height=\"400\" width=\"600\" title=\"Image de recommandation\" onerror=\"this.style.display='none'\"  \/>\n<h2>\n\t\tLe programme de bourses d'\u00e9tudes de la VCCF a besoin de lecteurs de bourses d'\u00e9tudes !\n\t<\/h2>\n\t<p>Rejoignez-nous pour soutenir les \u00e9tudiants du comt\u00e9 de Ventura en examinant les demandes de bourses. C'est une exp\u00e9rience enrichissante qui met en valeur le talent et le potentiel des \u00e9tudiants locaux.<\/p>\n\t\t\t<a href=\"https:\/\/vccf.org\/fr\/vccf-scholarship-reader-interest-form\/\" target=\"_self\" rel=\"noopener\">\n\t\t\t\t\t\t\tSoumettre le formulaire d'int\u00e9r\u00eat pour les lecteurs\n\t\t\t\t\t<\/a>\n<h2>\n\t\tDescription du poste de lecteur de bourses d'\u00e9tudes\n\t<\/h2>\n\t\t\t\tObjectif des lecteurs de la bourse VCCF\n\t\t\t\t<p>L'objectif des lecteurs de bourses de la VCCF est de lire, d'examiner et de noter minutieusement les demandes de bourses sp\u00e9cifiques.<\/p>\n<p>Une formation est dispens\u00e9e aux lecteurs chaque ann\u00e9e, et l'\u00e9quipe de la bourse leur apporte un soutien continu tout au long du processus. Toutes les t\u00e2ches des b\u00e9n\u00e9voles, y compris la formation \u00e0 la demande, peuvent \u00eatre accomplies virtuellement depuis le confort de votre domicile.<\/p>\n<p>L'examen est effectu\u00e9 en ligne, ce qui permet de le r\u00e9aliser de n'importe o\u00f9 !<\/p>\n\t\t\t\tExigences et t\u00e2ches sp\u00e9cifiques\n\t\t\t\t<p><strong>Exigences<\/strong><\/p>\n<ul>\n<li>Accepter de consacrer 15 \u00e0 20 heures \u00e0 la formation, \u00e0 l'examen, \u00e0 l'\u00e9valuation et \u00e0 la notation de toutes les demandes de bourses comp\u00e9titives au cours du printemps.<\/li>\n<li>Il faut \u00eatre \u00e2g\u00e9 de 18 ans ou plus<\/li>\n<li>Valoriser et soutenir l'enseignement sup\u00e9rieur<\/li>\n<li>Doit disposer d'un ordinateur avec acc\u00e8s \u00e0 l'internet<\/li>\n<li>Vid\u00e9o de formation \u00e0 la demande \u00e0 visionner imp\u00e9rativement<\/li>\n<\/ul>\n<p><strong>Fonctions sp\u00e9cifiques<\/strong><\/p>\n<ul>\n<li>Lire attentivement, examiner et noter les candidatures qui vous sont confi\u00e9es avant la date limite.<\/li>\n<li>Suivre la grille d'\u00e9valuation des bourses de la VCCF<\/li>\n<\/ul>\n\t\t\t\tConditions suppl\u00e9mentaires\n\t\t\t\t<p>La participation \u00e0 la lecture des bourses se fait sur une base volontaire. Les personnes d\u00e9sireuses de rendre service et d'aider les \u00e9tudiants \u00e0 r\u00e9aliser leur plein potentiel sont encourag\u00e9es \u00e0 envisager de participer \u00e0 cet effort important. Tous les b\u00e9n\u00e9voles sont tenus de lire et de signer le formulaire de la VCCF sur les conflits d'int\u00e9r\u00eats et la politique de confidentialit\u00e9 avant de participer au processus de lecture et de notation.<\/p>\n<p>Les b\u00e9n\u00e9voles doivent reconna\u00eetre que, dans le cadre de leur participation au programme de bourses de la VCCF, ils auront acc\u00e8s \u00e0 des informations de nature personnelle, confidentielle et\/ou exclusive, par exemple : des informations personnelles telles que des noms, des adresses \u00e9lectroniques, des informations sur les \u00e9tudes et l'emploi. Les volontaires doivent accepter de garder toutes les informations confidentielles dans la plus stricte confidentialit\u00e9 et s'engager \u00e0 ne les utiliser qu'aux fins de l'examen et de la notation des demandes de bourses, et \u00e0 ne pas les utiliser \u00e0 d'autres fins, ni les divulguer \u00e0 des tiers.<\/p>\n\t\t\t\tDes questions ?\n\t\t\t\t<p>Pour en savoir plus sur le b\u00e9n\u00e9volat en tant que lecteur de bourses d'\u00e9tudes du VCCF, veuillez envoyer un courriel \u00e0 Kirsti Thompson, directrice des bourses d'\u00e9tudes, \u00e0 l'adresse suivante\u00a0<a href=\"mailto:kthompson@vccf.org\" target=\"_blank\" rel=\"noopener\">kthompson@vccf.org<\/a>.<\/p>\n\t\t\t<a href=\"https:\/\/vccf.org\/fr\/vccf-scholarship-reader-interest-form\/\" target=\"_self\" rel=\"noopener\">\n\t\t\t\t\t\t\tSoumettre le formulaire d'int\u00e9r\u00eat pour les lecteurs\n\t\t\t\t\t<\/a>","protected":false},"excerpt":{"rendered":"<p>Lecteurs de bourses Les lecteurs de bourses de la VCCF sont des b\u00e9n\u00e9voles de la communaut\u00e9 et des donateurs de bourses qui s'engagent \u00e0 am\u00e9liorer les possibilit\u00e9s d'\u00e9ducation des \u00e9tudiants du comt\u00e9 de Ventura. Chaque ann\u00e9e, les lecteurs...<\/p>","protected":false},"author":4,"featured_media":0,"parent":22926,"menu_order":0,"comment_status":"closed","ping_status":"closed","template":"","meta":{"_acf_changed":false,"give_campaign_id":0,"footnotes":""},"class_list":["post-566","page","type-page","status-publish","hentry"],"acf":[],"campaignId":"","_links":{"self":[{"href":"https:\/\/vccf.org\/fr\/wp-json\/wp\/v2\/pages\/566","targetHints":{"allow":["GET"]}}],"collection":[{"href":"https:\/\/vccf.org\/fr\/wp-json\/wp\/v2\/pages"}],"about":[{"href":"https:\/\/vccf.org\/fr\/wp-json\/wp\/v2\/types\/page"}],"author":[{"embeddable":true,"href":"https:\/\/vccf.org\/fr\/wp-json\/wp\/v2\/users\/4"}],"replies":[{"embeddable":true,"href":"https:\/\/vccf.org\/fr\/wp-json\/wp\/v2\/comments?post=566"}],"version-history":[{"count":0,"href":"https:\/\/vccf.org\/fr\/wp-json\/wp\/v2\/pages\/566\/revisions"}],"up":[{"embeddable":true,"href":"https:\/\/vccf.org\/fr\/wp-json\/wp\/v2\/pages\/22926"}],"wp:attachment":[{"href":"https:\/\/vccf.org\/fr\/wp-json\/wp\/v2\/media?parent=566"}],"curies":[{"name":"wp","href":"https:\/\/api.w.org\/{rel}","templated":true}]}}