{"id":579,"date":"2024-04-21T23:17:02","date_gmt":"2024-04-21T23:17:02","guid":{"rendered":"https:\/\/vccf.org\/?page_id=579"},"modified":"2026-01-22T15:40:52","modified_gmt":"2026-01-22T23:40:52","slug":"vccf-scholarship-reader-interest-form","status":"publish","type":"page","link":"https:\/\/vccf.org\/fr\/scholarships\/readers\/vccf-scholarship-reader-interest-form\/","title":{"rendered":"VCCF Scholarship Reader Interest Survey"},"content":{"rendered":"<h2>\n\t\t\tEnqu\u00eate sur l'int\u00e9r\u00eat des lecteurs pour les bourses d'\u00e9tudes de la VCCF\t<\/h2>\n\t<p>Nous recrutons actuellement des b\u00e9n\u00e9voles du comt\u00e9 de Ventura int\u00e9ress\u00e9s par la lecture et la notation des demandes de bourses d'\u00e9tudes pour le cycle 2025. Le programme de bourses d'\u00e9tudes de la Ventura County Community Foundation a octroy\u00e9 plus de $1,4 million de dollars l'ann\u00e9e derni\u00e8re pour aider les \u00e9tudiants locaux \u00e0 atteindre leurs objectifs en mati\u00e8re de fr\u00e9quentation universitaire, gr\u00e2ce au travail acharn\u00e9 et au d\u00e9vouement de nos lecteurs b\u00e9n\u00e9voles.<\/p>\n<p>Volunteers are expected to read and score between 30 applications, with training and support provided. All activities for this volunteer role are virtual and can be done at the comfort of your own home. The tasks will take less than 10 hours of your time. If you are a Ventura County resident and are interested in supporting our local students in their quest to further their education, please submit the following form.<\/p>\n<p>Enfin, si vous avez des amis ou des coll\u00e8gues qui pourraient \u00eatre int\u00e9ress\u00e9s par cette opportunit\u00e9 de volontariat, n'h\u00e9sitez pas \u00e0 leur transmettre ce message ou \u00e0 leur communiquer nos coordonn\u00e9es.<\/p>\n                <form method='post' enctype='multipart\/form-data' target='gform_ajax_frame_4' id='gform_4'  action='https:\/\/vccf.org\/fr\/scholarships\/readers\/vccf-scholarship-reader-interest-form\/?fl_builder&#038;fl_builder_ui_iframe#gf_4' data-formid='4' novalidate data-trp-original-action=\"https:\/\/vccf.org\/scholarships\/readers\/vccf-scholarship-reader-interest-form\/?fl_builder&#038;fl_builder_ui_iframe#gf_4\">\t\t\t\t\t\n\t\t\t\t\t\t<label>&#916;<textarea name=\"ak_hp_textarea\" cols=\"45\" rows=\"8\" maxlength=\"100\"><\/textarea><\/label>\n\t\t\t\t\t\t<input type=\"hidden\" id=\"ak_js_1\" name=\"ak_js\" value=\"7\" \/>\n                        <label class='gfield_label gform-field-label' for='input_4_1'>First Name(Required)<\/label><input name='input_1' id='input_4_1' type='text' value='' class='large'    placeholder='Pr\u00e9nom*' aria-required=\"true\" aria-invalid=\"false\"   \/><label class='gfield_label gform-field-label' for='input_4_3'>Last Name(Required)<\/label><input name='input_3' id='input_4_3' type='text' value='' class='large'    placeholder='Nom de famille*' aria-required=\"true\" aria-invalid=\"false\"   \/><label class='gfield_label gform-field-label' for='input_4_4'>Courriel (obligatoire)<\/label>\n                            <input name='input_4' id='input_4_4' type='email' value='' class='large'   placeholder='Courriel*' aria-required=\"true\" aria-invalid=\"false\"  \/>\n                        <label class='gfield_label gform-field-label' for='input_4_6'>Address(Required)<\/label><input name='input_6' id='input_4_6' type='text' value='' class='large'    placeholder='Adresse*' aria-required=\"true\" aria-invalid=\"false\"   \/><fieldset id=\"field_4_10\"><legend class='gfield_label gform-field-label gfield_label_before_complex'>Adresse<\/legend>    \n                                    <input type='text' name='input_10.3' id='input_4_10_3' value=''   placeholder='Ville' aria-required='false'    \/>\n                                    <label for='input_4_10_3' id='input_4_10_3_label' class='gform-field-label gform-field-label--type-sub hidden_sub_label screen-reader-text'>Ville<\/label>\n                                 <input type='hidden' class='gform_hidden' name='input_10.4' id='input_4_10_4' value=''\/><input type='hidden' class='gform_hidden' name='input_10.6' id='input_4_10_6' value='' \/>\n                <\/fieldset><fieldset id=\"field_4_11\"><legend class='gfield_label gform-field-label gfield_label_before_complex'>Adresse<\/legend>    \n                                        <input type='text' name='input_11.4' id='input_4_11_4' value=''     placeholder='Etat \/ Province' aria-required='false'    \/>\n                                        <label for='input_4_11_4' id='input_4_11_4_label' class='gform-field-label gform-field-label--type-sub hidden_sub_label screen-reader-text'>\u00c9tat \/ Province \/ R\u00e9gion<\/label>\n                                      <input type='hidden' class='gform_hidden' name='input_11.6' id='input_4_11_6' value='' \/>\n                <\/fieldset><fieldset id=\"field_4_9\"><legend class='gfield_label gform-field-label gfield_label_before_complex'>Adresse<\/legend>    \n                        <input type='hidden' class='gform_hidden' name='input_9.4' id='input_4_9_4' value=''\/>\n                                    <input type='text' name='input_9.5' id='input_4_9_5' value=''   placeholder='Code postal' aria-required='false'    \/>\n                                    <label for='input_4_9_5' id='input_4_9_5_label' class='gform-field-label gform-field-label--type-sub hidden_sub_label screen-reader-text'>Code postal<\/label>\n                                <input type='hidden' class='gform_hidden' name='input_9.6' id='input_4_9_6' value='' \/>\n                <\/fieldset><fieldset id=\"field_4_13\"><legend class='gfield_label gform-field-label gfield_label_before_complex'>Adresse<\/legend>    \n                        <input type='hidden' class='gform_hidden' name='input_13.4' id='input_4_13_4' value=''\/>\n                                        <select name='input_13.6' id='input_4_13_6'   aria-required='false'><option value='' selected='selected'>Pays<\/option><option value='Afghanistan'>Afghanistan<\/option><option value='Albania'>Albanie<\/option><option value='Algeria'>Alg\u00e9rie<\/option><option value='American Samoa'>Samoa am\u00e9ricaines<\/option><option value='Andorra'>Andorre<\/option><option value='Angola'>Angola<\/option><option value='Anguilla'>Anguilla<\/option><option value='Antarctica'>Antarctique<\/option><option value='Antigua and Barbuda'>Antigua et Barbuda<\/option><option value='Argentina'>Argentine<\/option><option value='Armenia'>Arm\u00e9nie<\/option><option value='Aruba'>Aruba<\/option><option value='Australia'>Australie<\/option><option value='Austria'>Autriche<\/option><option value='Azerbaijan'>Azerba\u00efdjan<\/option><option value='Bahamas'>Bahamas<\/option><option value='Bahrain'>Bahre\u00efn<\/option><option value='Bangladesh'>Bangladesh<\/option><option value='Barbados'>Barbade<\/option><option value='Belarus'>B\u00e9larus<\/option><option value='Belgium'>Belgique<\/option><option value='Belize'>Belize<\/option><option value='Benin'>B\u00e9nin<\/option><option value='Bermuda'>Bermudes<\/option><option value='Bhutan'>Bhoutan<\/option><option value='Bolivia'>Bolivie<\/option><option value='Bonaire, Sint Eustatius and Saba'>Bonaire, Saint-Eustache et Saba<\/option><option value='Bosnia and Herzegovina'>Bosnie et Herz\u00e9govine<\/option><option value='Botswana'>Botswana<\/option><option value='Bouvet Island'>\u00cele Bouvet<\/option><option value='Brazil'>Br\u00e9sil<\/option><option value='British Indian Ocean Territory'>Territoire britannique de l'oc\u00e9an Indien<\/option><option value='Brunei Darussalam'>Brunei Darussalam<\/option><option value='Bulgaria'>Bulgarie<\/option><option value='Burkina Faso'>Burkina Faso<\/option><option value='Burundi'>Burundi<\/option><option value='Cabo Verde'>Cabo Verde<\/option><option value='Cambodia'>Cambodge<\/option><option value='Cameroon'>Cameroun<\/option><option value='Canada'>Canada<\/option><option value='Cayman Islands'>\u00celes Ca\u00efmans<\/option><option value='Central African Republic'>R\u00e9publique centrafricaine<\/option><option value='Chad'>Tchad<\/option><option value='Chile'>Chili<\/option><option value='China'>Chine<\/option><option value='Christmas Island'>L'\u00eele de No\u00ebl<\/option><option value='Cocos Islands'>\u00celes Cocos<\/option><option value='Colombia'>Colombie<\/option><option value='Comoros'>Comores<\/option><option value='Congo'>Congo<\/option><option value='Congo, Democratic Republic of the'>Congo, R\u00e9publique d\u00e9mocratique du<\/option><option value='Cook Islands'>\u00celes Cook<\/option><option value='Costa Rica'>Costa Rica<\/option><option value='Croatia'>Croatie<\/option><option value='Cuba'>Cuba<\/option><option value='Cura\u00e7ao'>Cura\u00e7ao<\/option><option value='Cyprus'>Chypre<\/option><option value='Czechia'>Tch\u00e9coslovaquie<\/option><option value='C\u00f4te d&#039;Ivoire'>C\u00f4te d'Ivoire<\/option><option value='Denmark'>Danemark<\/option><option value='Djibouti'>Djibouti<\/option><option value='Dominica'>Dominique<\/option><option value='Dominican Republic'>R\u00e9publique dominicaine<\/option><option value='Ecuador'>\u00c9quateur<\/option><option value='Egypt'>\u00c9gypte<\/option><option value='El Salvador'>El Salvador<\/option><option value='Equatorial Guinea'>Guin\u00e9e \u00e9quatoriale<\/option><option value='Eritrea'>Erythr\u00e9e<\/option><option value='Estonia'>Estonie<\/option><option value='Eswatini'>Eswatini<\/option><option value='Ethiopia'>\u00c9thiopie<\/option><option value='Falkland Islands'>\u00celes Malouines<\/option><option value='Faroe Islands'>\u00celes F\u00e9ro\u00e9<\/option><option value='Fiji'>Fidji<\/option><option value='Finland'>Finlande<\/option><option value='France'>France<\/option><option value='French Guiana'>Guyane fran\u00e7aise<\/option><option value='French Polynesia'>Polyn\u00e9sie fran\u00e7aise<\/option><option value='French Southern Territories'>Terres australes fran\u00e7aises<\/option><option value='Gabon'>Gabon<\/option><option value='Gambia'>Gambie<\/option><option value='Georgia'>G\u00e9orgie<\/option><option value='Germany'>Allemagne<\/option><option value='Ghana'>Ghana<\/option><option value='Gibraltar'>Gibraltar<\/option><option value='Greece'>Gr\u00e8ce<\/option><option value='Greenland'>Groenland<\/option><option value='Grenada'>Grenade<\/option><option value='Guadeloupe'>Guadeloupe<\/option><option value='Guam'>Guam<\/option><option value='Guatemala'>Guatemala<\/option><option value='Guernsey'>Guernesey<\/option><option value='Guinea'>Guin\u00e9e<\/option><option value='Guinea-Bissau'>Guin\u00e9e-Bissau<\/option><option value='Guyana'>Guyane<\/option><option value='Haiti'>Ha\u00efti<\/option><option value='Heard Island and McDonald Islands'>\u00cele Heard et \u00eeles McDonald<\/option><option value='Holy See'>Saint-Si\u00e8ge<\/option><option value='Honduras'>Honduras<\/option><option value='Hong Kong'>Hong Kong<\/option><option value='Hungary'>Hongrie<\/option><option value='Iceland'>Islande<\/option><option value='India'>Inde<\/option><option value='Indonesia'>Indon\u00e9sie<\/option><option value='Iran'>L'Iran<\/option><option value='Iraq'>L'Irak<\/option><option value='Ireland'>Irlande<\/option><option value='Isle of Man'>\u00cele de Man<\/option><option value='Israel'>Isra\u00ebl<\/option><option value='Italy'>Italie<\/option><option value='Jamaica'>Jama\u00efque<\/option><option value='Japan'>Japon<\/option><option value='Jersey'>Jersey<\/option><option value='Jordan'>Jordanie<\/option><option value='Kazakhstan'>Kazakhstan<\/option><option value='Kenya'>Kenya<\/option><option value='Kiribati'>Kiribati<\/option><option value='Korea, Democratic People&#039;s Republic of'>Cor\u00e9e, R\u00e9publique populaire d\u00e9mocratique de<\/option><option value='Korea, Republic of'>Cor\u00e9e, R\u00e9publique de<\/option><option value='Kuwait'>Kowe\u00eft<\/option><option value='Kyrgyzstan'>Kirghizistan<\/option><option value='Lao People&#039;s Democratic Republic'>R\u00e9publique d\u00e9mocratique populaire lao<\/option><option value='Latvia'>Lettonie<\/option><option value='Lebanon'>Liban<\/option><option value='Lesotho'>Lesotho<\/option><option value='Liberia'>Lib\u00e9ria<\/option><option value='Libya'>Libye<\/option><option value='Liechtenstein'>Liechtenstein<\/option><option value='Lithuania'>Lituanie<\/option><option value='Luxembourg'>Luxembourg<\/option><option value='Macao'>Macao<\/option><option value='Madagascar'>Madagascar<\/option><option value='Malawi'>Malawi<\/option><option value='Malaysia'>Malaisie<\/option><option value='Maldives'>Maldives<\/option><option value='Mali'>Mali<\/option><option value='Malta'>Malte<\/option><option value='Marshall Islands'>\u00celes Marshall<\/option><option value='Martinique'>Martinique<\/option><option value='Mauritania'>Mauritanie<\/option><option value='Mauritius'>Maurice<\/option><option value='Mayotte'>Mayotte<\/option><option value='Mexico'>Mexique<\/option><option value='Micronesia'>Micron\u00e9sie<\/option><option value='Moldova'>Moldavie<\/option><option value='Monaco'>Monaco<\/option><option value='Mongolia'>Mongolie<\/option><option value='Montenegro'>Mont\u00e9n\u00e9gro<\/option><option value='Montserrat'>Montserrat<\/option><option value='Morocco'>Maroc<\/option><option value='Mozambique'>Mozambique<\/option><option value='Myanmar'>Myanmar<\/option><option value='Namibia'>Namibie<\/option><option value='Nauru'>Nauru<\/option><option value='Nepal'>N\u00e9pal<\/option><option value='Netherlands'>Pays-Bas<\/option><option value='New Caledonia'>Nouvelle-Cal\u00e9donie<\/option><option value='New Zealand'>Nouvelle-Z\u00e9lande<\/option><option value='Nicaragua'>Nicaragua<\/option><option value='Niger'>Niger<\/option><option value='Nigeria'>Nig\u00e9ria<\/option><option value='Niue'>Niue<\/option><option value='Norfolk Island'>\u00cele Norfolk<\/option><option value='North Macedonia'>Mac\u00e9doine du Nord<\/option><option value='Northern Mariana Islands'>Mariannes du Nord (\u00celes)<\/option><option value='Norway'>Norv\u00e8ge<\/option><option value='Oman'>Oman<\/option><option value='Pakistan'>Pakistan<\/option><option value='Palau'>Palau<\/option><option value='Palestine, State of'>Palestine, \u00c9tat de<\/option><option value='Panama'>Panama<\/option><option value='Papua New Guinea'>Papouasie-Nouvelle-Guin\u00e9e<\/option><option value='Paraguay'>Paraguay<\/option><option value='Peru'>P\u00e9rou<\/option><option value='Philippines'>Philippines<\/option><option value='Pitcairn'>Pitcairn<\/option><option value='Poland'>Pologne<\/option><option value='Portugal'>Portugal<\/option><option value='Puerto Rico'>Porto Rico<\/option><option value='Qatar'>Qatar<\/option><option value='Romania'>Roumanie<\/option><option value='Russian Federation'>F\u00e9d\u00e9ration de Russie<\/option><option value='Rwanda'>Rwanda<\/option><option value='R\u00e9union'>R\u00e9union<\/option><option value='Saint Barth\u00e9lemy'>Saint Barth\u00e9lemy<\/option><option value='Saint Helena, Ascension and Tristan da Cunha'>Sainte-H\u00e9l\u00e8ne, Ascension et Tristan da Cunha<\/option><option value='Saint Kitts and Nevis'>Saint-Kitts-et-Nevis<\/option><option value='Saint Lucia'>Sainte-Lucie<\/option><option value='Saint Martin'>Saint Martin<\/option><option value='Saint Pierre and Miquelon'>Saint-Pierre et Miquelon<\/option><option value='Saint Vincent and the Grenadines'>Saint-Vincent-et-les-Grenadines<\/option><option value='Samoa'>Samoa<\/option><option value='San Marino'>Saint-Marin<\/option><option value='Sao Tome and Principe'>Sao Tom\u00e9 et Principe<\/option><option value='Saudi Arabia'>Arabie Saoudite<\/option><option value='Senegal'>S\u00e9n\u00e9gal<\/option><option value='Serbia'>Serbie<\/option><option value='Seychelles'>Seychelles<\/option><option value='Sierra Leone'>Sierra Leone<\/option><option value='Singapore'>Singapour<\/option><option value='Sint Maarten'>Saint-Martin<\/option><option value='Slovakia'>Slovaquie<\/option><option value='Slovenia'>Slov\u00e9nie<\/option><option value='Solomon Islands'>\u00celes Salomon<\/option><option value='Somalia'>Somalie<\/option><option value='South Africa'>Afrique du Sud<\/option><option value='South Georgia and the South Sandwich Islands'>G\u00e9orgie du Sud et \u00eeles Sandwich du Sud<\/option><option value='South Sudan'>Sud Soudan<\/option><option value='Spain'>Espagne<\/option><option value='Sri Lanka'>Sri Lanka<\/option><option value='Sudan'>Soudan<\/option><option value='Suriname'>Suriname<\/option><option value='Svalbard and Jan Mayen'>Svalbard et Jan Mayen<\/option><option value='Sweden'>Su\u00e8de<\/option><option value='Switzerland'>Suisse<\/option><option value='Syria Arab Republic'>R\u00e9publique arabe syrienne<\/option><option value='Taiwan'>Ta\u00efwan<\/option><option value='Tajikistan'>Tadjikistan<\/option><option value='Tanzania, the United Republic of'>Tanzanie, R\u00e9publique unie de<\/option><option value='Thailand'>Tha\u00eflande<\/option><option value='Timor-Leste'>Timor-Leste<\/option><option value='Togo'>Togo<\/option><option value='Tokelau'>Tokelau<\/option><option value='Tonga'>Tonga<\/option><option value='Trinidad and Tobago'>Trinit\u00e9-et-Tobago<\/option><option value='Tunisia'>Tunisie<\/option><option value='Turkmenistan'>Turkm\u00e9nistan<\/option><option value='Turks and Caicos Islands'>\u00celes Turks et Caicos<\/option><option value='Tuvalu'>Tuvalu<\/option><option value='T\u00fcrkiye'>T\u00fcrkiye<\/option><option value='US Minor Outlying Islands'>\u00celes mineures \u00e9loign\u00e9es des \u00c9tats-Unis<\/option><option value='Uganda'>Ouganda<\/option><option value='Ukraine'>Ukraine<\/option><option value='United Arab Emirates'>\u00c9mirats arabes unis<\/option><option value='United Kingdom'>Royaume-Uni<\/option><option value='United States'>\u00c9tats-Unis<\/option><option value='Uruguay'>Uruguay<\/option><option value='Uzbekistan'>Ouzb\u00e9kistan<\/option><option value='Vanuatu'>Vanuatu<\/option><option value='Venezuela'>Venezuela<\/option><option value='Viet Nam'>Viet Nam<\/option><option value='Virgin Islands, British'>\u00celes Vierges britanniques<\/option><option value='Virgin Islands, U.S.'>\u00celes Vierges, \u00c9tats-Unis<\/option><option value='Wallis and Futuna'>Wallis et Futuna<\/option><option value='Western Sahara'>Sahara occidental<\/option><option value='Yemen'>Y\u00e9men<\/option><option value='Zambia'>Zambie<\/option><option value='Zimbabwe'>Zimbabwe<\/option><option value='\u00c5land Islands'>\u00celes \u00c5land<\/option><\/select>\n                                        <label for='input_4_13_6' id='input_4_13_6_label' class='gform-field-label gform-field-label--type-sub hidden_sub_label screen-reader-text'>Pays<\/label>\n                <\/fieldset><label class='gfield_label gform-field-label' for='input_4_14'>T\u00e9l\u00e9phone<\/label><input name='input_14' id='input_4_14' type='tel' value='' class='large'  placeholder='Num\u00e9ro de t\u00e9l\u00e9phone'  aria-invalid=\"false\"   \/><label class='gfield_label gform-field-label' for='input_4_15'>About Yourself(Required)<\/label><textarea name='input_15' id='input_4_15' class='textarea small'    placeholder='Veuillez nous parler un peu de vous et des raisons pour lesquelles vous \u00eates int\u00e9ress\u00e9(e) par cette opportunit\u00e9 de servir nos \u00e9tudiants locaux.' aria-required=\"true\" aria-invalid=\"false\"   rows='10' cols='50'><\/textarea>\n         <input type='submit' id='gform_submit_button_4' class='gform_button button' onclick='gform.submission.handleButtonClick(this);' data-submission-type='submit' value='Envoyer'  \/> <input type='hidden' name='gform_ajax' value='form_id=4&amp;title=&amp;description=&amp;tabindex=0&amp;theme=gravity-theme&amp;styles=[]&amp;hash=2ac61118ae529d897ab5193c9b03f195' \/>\n            <input type='hidden' class='gform_hidden' name='gform_submission_method' data-js='gform_submission_method_4' value='iframe' \/>\n            <input type='hidden' class='gform_hidden' name='gform_theme' data-js='gform_theme_4' id='gform_theme_4' value='gravity-theme' \/>\n            <input type='hidden' class='gform_hidden' name='gform_style_settings' data-js='gform_style_settings_4' id='gform_style_settings_4' value='[]' \/>\n            <input type='hidden' class='gform_hidden' name='is_submit_4' value='1' \/>\n            <input type='hidden' class='gform_hidden' name='gform_submit' value='4' \/>\n            <input type='hidden' class='gform_hidden' name='gform_currency' data-currency='USD' value='8GK4vJPnDopmWcBoYXVuUCUAMeoEE8Ibhnnav8UekD042tsbS6VssBIuGPZeAEt6n0r\/42\/o8TkSmsxAEy3crogHgKmpmSx2DOD7ptDAhrHwTjk=' \/>\n            <input type='hidden' class='gform_hidden' name='gform_unique_id' value='' \/>\n            <input type='hidden' class='gform_hidden' name='state_4' value='WyJbXSIsImNmY2MzMDFiZWU0ZjI4YWI1Y2I5MThmMTE4MTA5NDVlIl0=' \/>\n            <input type='hidden' autocomplete='off' class='gform_hidden' name='gform_target_page_number_4' id='gform_target_page_number_4' value='0' \/>\n            <input type='hidden' autocomplete='off' class='gform_hidden' name='gform_source_page_number_4' id='gform_source_page_number_4' value='1' \/>\n            <input type='hidden' name='gform_field_values' value='' \/>\n                        <input type=\"hidden\" name=\"trp-form-language\" value=\"fr\"\/><\/form>\n\t\t                <iframe style='display:none;width:0px;height:0px;' src='about:blank' name='gform_ajax_frame_4' id='gform_ajax_frame_4' title='Cette iframe contient la logique n\u00e9cessaire pour g\u00e9rer les formulaires Gravity aliment\u00e9s par Ajax.'><\/iframe>","protected":false},"excerpt":{"rendered":"<p>VCCF scholarship reader interest survey We are currently recruiting Ventura County volunteers who are interested in reading and scoring scholarship applications for the 2026 cycle. The Ventura County Community Foundation&hellip;<\/p>","protected":false},"author":4,"featured_media":0,"parent":566,"menu_order":0,"comment_status":"closed","ping_status":"closed","template":"","meta":{"_acf_changed":false,"give_campaign_id":0,"footnotes":""},"class_list":["post-579","page","type-page","status-publish","hentry"],"acf":[],"campaignId":"","_links":{"self":[{"href":"https:\/\/vccf.org\/fr\/wp-json\/wp\/v2\/pages\/579","targetHints":{"allow":["GET"]}}],"collection":[{"href":"https:\/\/vccf.org\/fr\/wp-json\/wp\/v2\/pages"}],"about":[{"href":"https:\/\/vccf.org\/fr\/wp-json\/wp\/v2\/types\/page"}],"author":[{"embeddable":true,"href":"https:\/\/vccf.org\/fr\/wp-json\/wp\/v2\/users\/4"}],"replies":[{"embeddable":true,"href":"https:\/\/vccf.org\/fr\/wp-json\/wp\/v2\/comments?post=579"}],"version-history":[{"count":0,"href":"https:\/\/vccf.org\/fr\/wp-json\/wp\/v2\/pages\/579\/revisions"}],"up":[{"embeddable":true,"href":"https:\/\/vccf.org\/fr\/wp-json\/wp\/v2\/pages\/566"}],"wp:attachment":[{"href":"https:\/\/vccf.org\/fr\/wp-json\/wp\/v2\/media?parent=579"}],"curies":[{"name":"wp","href":"https:\/\/api.w.org\/{rel}","templated":true}]}}