{"id":744,"date":"2024-04-26T08:11:49","date_gmt":"2024-04-26T08:11:49","guid":{"rendered":"https:\/\/vccf.org\/?page_id=744"},"modified":"2026-03-31T14:50:38","modified_gmt":"2026-03-31T21:50:38","slug":"coffee-and-connections","status":"publish","type":"page","link":"https:\/\/vccf.org\/fr\/events\/coffee-and-connections\/","title":{"rendered":"Caf\u00e9 &amp; Connexions"},"content":{"rendered":"<h1>\n\t\t\tCaf\u00e9 &amp; Connexions\t<\/h1>\n\t<p><strong>Embrasser la communaut\u00e9, une tasse \u00e0 la fois<\/strong><\/p>\n<p>\u00c0 la Ventura County Community Foundation, nous croyons au pouvoir de la connexion. Avec nos partenaires du California Lutheran University Center for Nonprofit Leadership, nous vous invitons \u00e0 vous joindre \u00e0 nous. Ces opportunit\u00e9s de r\u00e9seautage et de partage sont plus qu'une simple s\u00e9rie d'\u00e9v\u00e9nements ; il s'agit d'un mouvement vers un comt\u00e9 de Ventura plus connect\u00e9, plus solidaire et plus prosp\u00e8re.<\/p>\n\t\t\t<a href=\"https:\/\/vccf.org\/fr\/events\/coffee-and-connections\/coffee-connections-sign-up\/\"  target=\"_self\">\n\t\t\t\t\t\t\tRejoindre la liste de diffusion\n\t\t\t\t\t<\/a>\n<figure itemscope itemtype=\"https:\/\/schema.org\/ImageObject\">\n\t\t\t\t<img decoding=\"async\" src=\"https:\/\/vccf.org\/wp-content\/uploads\/2024\/04\/image-38.png\" alt=\"image (38)\" height=\"851\" width=\"836\" title=\"image (38)\" onerror=\"this.style.display='none'\" loading=\"lazy\" \/>\n\t<\/figure>\n<h2>\n\t\t\t\u00c0 propos de Coffee &amp; Connections\t<\/h2>\n\t<p>Coffee &amp; Connections est con\u00e7u pour favoriser les relations communautaires et mutuellement b\u00e9n\u00e9fiques entre la communaut\u00e9 locale et les professionnels des organisations \u00e0 but non lucratif. Nos rencontres bimensuelles, virtuelles ou en personne, sont l'occasion de discuter avec des organisations locales \u00e0 but non lucratif, de discuter des d\u00e9fis et des r\u00e9ussites avec des pairs et d'approfondir notre compr\u00e9hension des besoins de notre communaut\u00e9.<\/p>\n<p>Tous les professionnels des organisations \u00e0 but non lucratif sont les bienvenus. Aidez-nous \u00e0 faire passer le mot en invitant vos pairs \u00e0 se joindre \u00e0 Coffee &amp; Connections. Ensemble, nous pouvons tisser une toile plus solide de soutien et de collaboration dans le comt\u00e9 de Ventura !<\/p>\n<h2>\n\t\t\tPourquoi rejoindre Coffee &amp; Connections ?\t<\/h2>\n\t<p>Cultiver les relations<\/p>\n\t<p>Cr\u00e9ez des liens durables avec d'autres professionnels du secteur communautaire et \u00e0 but non lucratif qui partagent votre passion pour faire la diff\u00e9rence.<\/p>\n\t<p>Apprendre et grandir<\/p>\n\t<p>Participez \u00e0 des discussions fructueuses ax\u00e9es sur des solutions concr\u00e8tes, le partage d'exp\u00e9riences et l'apprentissage collaboratif.<\/p>\n\t<p>Renforcer la communaut\u00e9<\/p>\n\t<p>Ensemble, nous pouvons cr\u00e9er un comt\u00e9 de Ventura plus fort et plus r\u00e9silient, unis par notre engagement en faveur du service et de la compassion.<\/p>\n<figure itemscope itemtype=\"https:\/\/schema.org\/ImageObject\">\n\t\t\t\t<img decoding=\"async\" src=\"https:\/\/vccf.org\/wp-content\/uploads\/2025\/05\/Coffee-Connections.png\" alt=\"Vanessa Bechtel speaking to a crowd at Coffee and Connections\" height=\"563\" width=\"463\" title=\"Caf\u00e9 &amp; Connexions\" onerror=\"this.style.display='none'\" loading=\"lazy\" \/>\n\t<\/figure>\n<h2  id=\"upcoming\">\n\t\t\tProchains caf\u00e9s et connexions\t<\/h2>\n\t<p>Join us for our next Coffee &amp; Connections session on <strong>Friday, Apr. 24 from 9 to 10:30 a.m. via Zoom.<\/strong><\/p>\n<p>This virtual workshop will feature insights from the founders of Coastal Intelligence, who will demystify how artificial intelligence is being applied in real, practical ways across the nonprofit sector, from streamlining operations to strengthening fundraising and communications.<\/p>\n<p>Following the presentation, a panel of early AI adopters will share candid reflections on their experience integrating AI into their work, including measurable productivity gains, lessons learned, and what they wish they had known earlier.<\/p>\n<p>This is not a technical deep dive, but a practical, peer-informed conversation designed to help nonprofit leaders understand where to start, what&#8217;s possible, and how to move forward with confidence.<\/p>\n<p>Come ready for insight, inspiration, and a grounded look at how AI can support your mission-today.<\/p>\n\t\t\t<a href=\"https:\/\/us02web.zoom.us\/meeting\/register\/6H03hx1JTpmlmF7Co2i4qg#\/registration\" target=\"_self\" rel=\"noopener\">\n\t\t\t\t\t\t\tS'inscrire\n\t\t\t\t\t<\/a>\n<h2>\n\t\t\tNos r\u00e9unions\t<\/h2>","protected":false},"excerpt":{"rendered":"<p>Coffee &amp; Connections Embracing Community, One Cup at a Time \u00c0 la Ventura County Community Foundation, nous croyons au pouvoir de la connexion. Avec nos co-partenaires de la California...<\/p>","protected":false},"author":4,"featured_media":0,"parent":21008,"menu_order":0,"comment_status":"closed","ping_status":"closed","template":"","meta":{"_acf_changed":false,"give_campaign_id":0,"footnotes":""},"class_list":["post-744","page","type-page","status-publish","hentry"],"acf":[],"campaignId":"","_links":{"self":[{"href":"https:\/\/vccf.org\/fr\/wp-json\/wp\/v2\/pages\/744","targetHints":{"allow":["GET"]}}],"collection":[{"href":"https:\/\/vccf.org\/fr\/wp-json\/wp\/v2\/pages"}],"about":[{"href":"https:\/\/vccf.org\/fr\/wp-json\/wp\/v2\/types\/page"}],"author":[{"embeddable":true,"href":"https:\/\/vccf.org\/fr\/wp-json\/wp\/v2\/users\/4"}],"replies":[{"embeddable":true,"href":"https:\/\/vccf.org\/fr\/wp-json\/wp\/v2\/comments?post=744"}],"version-history":[{"count":0,"href":"https:\/\/vccf.org\/fr\/wp-json\/wp\/v2\/pages\/744\/revisions"}],"up":[{"embeddable":true,"href":"https:\/\/vccf.org\/fr\/wp-json\/wp\/v2\/pages\/21008"}],"wp:attachment":[{"href":"https:\/\/vccf.org\/fr\/wp-json\/wp\/v2\/media?parent=744"}],"curies":[{"name":"wp","href":"https:\/\/api.w.org\/{rel}","templated":true}]}}