{"id":20928,"date":"2024-06-18T14:14:47","date_gmt":"2024-06-18T14:14:47","guid":{"rendered":"https:\/\/vccf.org\/?page_id=20928"},"modified":"2025-10-21T09:47:12","modified_gmt":"2025-10-21T16:47:12","slug":"about","status":"publish","type":"page","link":"https:\/\/vccf.org\/it\/about\/","title":{"rendered":"Circa"},"content":{"rendered":"<h1>\n\t\t\tCreare un impatto duraturo\t<\/h1>\n<h1>\n\t\t\tal luogo che chiamate casa\t<\/h1>\n\t<p>Con la giusta guida e il giusto supporto, \u00e8 facile avere un impatto significativo sulla propria comunit\u00e0. Non dovrete pi\u00f9 sentirvi sopraffatti, incerti sulle cause da sostenere o confusi su come garantire che la vostra donazione venga utilizzata in modo efficace. La VCCF offre un'esperienza di donazione senza soluzione di continuit\u00e0, informata, facile e d'impatto:<\/p>\n<h4>\n\t\t\tImpatto dimostrato\t<\/h4>\n\t<p>Dal 1987, la VCCF ha erogato circa $250 milioni di euro a sostegno della nostra comunit\u00e0.<\/p>\n<h4>\n\t\t\tLa portata pi\u00f9 ampia\t<\/h4>\n\t<p>We&#8217;ve supported 10,000+ unique nonprofit organizations and local businesses.<\/p>\n<h4>\n\t\t\tSostegno ai donatori peer\t<\/h4>\n\t<p>Oltre 22.000 donatori contribuiscono alla nostra missione, a testimonianza dell'ampio sostegno e della fiducia della nostra comunit\u00e0.<\/p>\n<strong><a href=\"https:\/\/vccf.org\/it\/contact-us\/\">Contatto<\/a> o <a href=\"https:\/\/vccf.org\/it\/donors\/\">Partecipa<\/a> e vedere i vostri contributi avere un impatto immediato e duraturo che potete percepire.<\/strong>\n\t<p>\"Non credo di poter cambiare il mondo, ma posso contribuire a rendere la Contea di Ventura ancora migliore\".<\/p>\n\t<p><strong>Leah Lacayo, donatrice<\/strong><\/p>\n<a  href=\"https:\/\/vccf.org\/it\/about\/our-history\/\" target=\"_self\">\n\t<\/a>\n<h3>\n\t\t\tLa nostra storia\t<\/h3>\n<a  href=\"https:\/\/vccf.org\/it\/about\/board-of-directors\/\" target=\"_self\">\n\t<\/a>\n<h3>\n\t\t\tMembri del consiglio di amministrazione\t<\/h3>\n<a  href=\"https:\/\/vccf.org\/it\/about\/staff\/\" target=\"_self\">\n\t<\/a>\n<h3>\n\t\t\tMembri del personale\t<\/h3>\n<a  href=\"https:\/\/vccf.org\/it\/about\/financials\/\" target=\"_self\">\n\t<\/a>\n<h3>\n\t\t\tDati finanziari\t<\/h3>\n<a  href=\"https:\/\/vccf.org\/it\/about\/donor-stories\/\" target=\"_self\">\n\t<\/a>\n<h3>\n\t\t\tStorie di donatori\t<\/h3>\n<a  href=\"https:\/\/vccf.org\/it\/about\/faq\/\" target=\"_self\">\n\t<\/a>\n<h3>\n\t\t\tDomande frequenti\t<\/h3>\n<h2>\n\t\t\tUnisciti a VCCF\t<\/h2>\n\t<p>E fate parte di una comunit\u00e0 compassionevole e ispirata di donatori e operatori. Insieme, costruiamo un futuro pi\u00f9 luminoso e pi\u00f9 forte per la nostra Contea di Ventura.<\/p>\n\t\t\t<a href=\"https:\/\/vccf.org\/it\/get-involved\/\" target=\"_self\">\n\t\t\t\t\t\t\tPartecipa\n\t\t\t\t\t<\/a>\n\t\t\t<a href=\"https:\/\/vccf.org\/it\/contact-us\/\" target=\"_self\">\n\t\t\t\t\t\t\tInviaci un'e-mail\n\t\t\t\t\t<\/a>\n\t\t\t\t<img decoding=\"async\" src=\"https:\/\/vccf.org\/wp-content\/uploads\/2024\/06\/Group-1080-2.png\" alt=\"Group 1080 (2)\" itemprop=\"image\" height=\"563\" width=\"463\" title=\"Gruppo 1080 (2)\" onerror=\"this.style.display='none'\" loading=\"lazy\" \/>","protected":false},"excerpt":{"rendered":"<p>Creare un impatto duraturo nel luogo che chiamate casa Creare un impatto significativo nella vostra comunit\u00e0 \u00e8 facile con la giusta guida e il giusto supporto. Non dovrete pi\u00f9 sentirvi sopraffatti, insicuri...<\/p>","protected":false},"author":4,"featured_media":0,"parent":0,"menu_order":0,"comment_status":"closed","ping_status":"closed","template":"","meta":{"_acf_changed":false,"give_campaign_id":0,"footnotes":""},"class_list":["post-20928","page","type-page","status-publish","hentry"],"acf":[],"campaignId":"","_links":{"self":[{"href":"https:\/\/vccf.org\/it\/wp-json\/wp\/v2\/pages\/20928","targetHints":{"allow":["GET"]}}],"collection":[{"href":"https:\/\/vccf.org\/it\/wp-json\/wp\/v2\/pages"}],"about":[{"href":"https:\/\/vccf.org\/it\/wp-json\/wp\/v2\/types\/page"}],"author":[{"embeddable":true,"href":"https:\/\/vccf.org\/it\/wp-json\/wp\/v2\/users\/4"}],"replies":[{"embeddable":true,"href":"https:\/\/vccf.org\/it\/wp-json\/wp\/v2\/comments?post=20928"}],"version-history":[{"count":0,"href":"https:\/\/vccf.org\/it\/wp-json\/wp\/v2\/pages\/20928\/revisions"}],"wp:attachment":[{"href":"https:\/\/vccf.org\/it\/wp-json\/wp\/v2\/media?parent=20928"}],"curies":[{"name":"wp","href":"https:\/\/api.w.org\/{rel}","templated":true}]}}