{"id":20939,"date":"2024-06-19T08:01:45","date_gmt":"2024-06-19T08:01:45","guid":{"rendered":"https:\/\/vccf.org\/?page_id=20939"},"modified":"2026-04-27T00:12:54","modified_gmt":"2026-04-27T07:12:54","slug":"financials","status":"publish","type":"page","link":"https:\/\/vccf.org\/it\/about\/financials\/","title":{"rendered":"Dati finanziari"},"content":{"rendered":"<h1>\n\t\t\tDati finanziari\t<\/h1>\n\t<p>La Ventura County Community Foundation rappresenta l'intera contea di Ventura. Gestiamo un patrimonio totale di oltre $250 milioni di euro e fungiamo da fiduciari per pi\u00f9 di 800 fondi filantropici. Il nostro anno fiscale inizia il 1\u00b0 ottobre e termina il 30 settembre.<\/p>\n\t\t\t<a href=\"https:\/\/vccf.org\/it\/get-involved\/\"  target=\"_self\">\n\t\t\t\t\t\t\tPartecipa\n\t\t\t\t\t<\/a>\n<figure itemscope itemtype=\"https:\/\/schema.org\/ImageObject\">\n\t\t\t\t<img decoding=\"async\" src=\"https:\/\/vccf.org\/wp-content\/uploads\/2024\/06\/Mask-group.png\" alt=\"Mask group\" height=\"772\" width=\"836\" title=\"Gruppo maschera\" onerror=\"this.style.display='none'\" loading=\"lazy\" \/>\n\t<\/figure>\n<h3>\n\t\t\tLa nostra storia\t<\/h3>\n<h3>\n\t\t\tMembri del consiglio di amministrazione\t<\/h3>\n<h3>\n\t\t\tMembri del personale\t<\/h3>\n<h3>\n\t\t\tDati finanziari\t<\/h3>\n<h3>\n\t\t\tStorie di donatori\t<\/h3>\n<h3>\n\t\t\tDomande frequenti\t<\/h3>\n<h1>\n\t\t\tDati finanziari\t<\/h1>\n\t\t\t\tDocumenti finanziari disponibili\n\t\t\t\t<ul>\n<li><a href=\"https:\/\/vccf.org\/wp-content\/uploads\/2026\/02\/Ventura-County-Community-Foundation-Sep25-AR-Final.pdf\">FY 2025 Audited Financial Statements<\/a><\/li>\n<li><a href=\"https:\/\/vccf.org\/wp-content\/uploads\/2025\/03\/Ventura-County-Community-Foundation-Sept24-AR-Final.pdf\">Bilancio certificato per l'esercizio 2024<\/a><\/li>\n<li><a href=\"https:\/\/vccf.org\/wp-content\/uploads\/2024\/04\/ventura-county-community-foundation-and-subsidiaries-sep23ar-final.pdf\" target=\"_blank\" rel=\"noopener\">Bilancio certificato per l'esercizio 2023<\/a><\/li>\n<li><a href=\"https:\/\/vccf.org\/wp-content\/uploads\/2024\/04\/ventura-county-community-foundation-sep22ar-final_.pdf\" target=\"_blank\" rel=\"noopener\">Bilancio certificato per l'esercizio 2022<\/a><\/li>\n<li><a href=\"https:\/\/vccf.org\/wp-content\/uploads\/2024\/04\/ventura-county-community-foundation-sep21ar-final.pdf\" target=\"_blank\" rel=\"noopener\">Bilancio certificato per l'esercizio 2021<\/a><\/li>\n<li><a href=\"https:\/\/vccf.org\/wp-content\/uploads\/2024\/04\/ventura-county-community-foundation-sep20ar-final.pdf\" target=\"_blank\" rel=\"noopener\">Bilancio certificato per l'esercizio 2020<\/a><\/li>\n<li><a href=\"https:\/\/vccf.org\/wp-content\/uploads\/2025\/08\/VCCF-2023-Form-990-Public-Disclosure-Copy.pdf\">FY 2024 Form 990<\/a>, <a href=\"https:\/\/vccf.org\/wp-content\/uploads\/2025\/08\/VCCF-2023-Form-990-T-Public-Disclosure-Copy.pdf\">FY 2024 Form 990-T<\/a>, <a href=\"https:\/\/vccf.org\/wp-content\/uploads\/2025\/08\/VCCFCASO-2023-Form-990-Public-Disclosure-Copy.pdf\">Esercizio 2023 VCCF Complesso Asset Supporting Organization 990<\/a><\/li>\n<li><a href=\"https:\/\/vccf.org\/wp-content\/uploads\/2024\/09\/vccf-2022-form-990-public-disclosure-copy.pdf\" target=\"_blank\" rel=\"noopener\">Modulo 990 per l'anno 2023<\/a>,\u00a0<a href=\"https:\/\/vccf.org\/wp-content\/uploads\/2024\/09\/vccf-2022-form-990-t-public-disclosure-copy.pdf\" target=\"_blank\" rel=\"noopener\">Modulo 990-T per l'anno 2023,<\/a>\u00a0<a href=\"https:\/\/vccf.org\/wp-content\/uploads\/2024\/09\/vccfcaso-2022-form-990-public-disclosure-copy.pdf\" target=\"_blank\" rel=\"noopener\">Esercizio 2023 VCCF Complesso Asset Supporting Organization 990<\/a><\/li>\n<li><a href=\"https:\/\/vccf.org\/wp-content\/uploads\/2024\/04\/vccf-2021-form-990-public-disclosure-copy.pdf\" target=\"_blank\" rel=\"noopener\">Modulo 990 per l'anno 2022<\/a><\/li>\n<li><a href=\"https:\/\/vccf.org\/wp-content\/uploads\/2024\/04\/vccf-2020-form-990-public-disclosure-copy.pdf\" target=\"_blank\" rel=\"noopener\">Modulo 990 per l'anno 2021,<\/a>\u00a0<a href=\"https:\/\/vccf.org\/wp-content\/uploads\/2024\/04\/vccf-2020-form-990-t-public-disclosure-copy.pdf\" target=\"_blank\" rel=\"noopener\">Modulo 990-T per l'anno 2021<\/a><\/li>\n<li><a href=\"https:\/\/vccf.org\/wp-content\/uploads\/2024\/04\/vccf-2019-form-990-public-disclosure-copy.pdf\" target=\"_blank\" rel=\"noopener\">Modulo 990 per l'anno 2020,<\/a>\u00a0<a href=\"https:\/\/vccf.org\/wp-content\/uploads\/2024\/04\/vccf-2019-form-990-t-public-disclosure-copy-1.pdf\" target=\"_blank\" rel=\"noopener\">Modulo 990-T per l'anno 2020<\/a><\/li>\n<\/ul>\n\t\t\t\tInvestment Policy &#038; Overview \n\t\t\t\t<p><a href=\"https:\/\/vccf.org\/wp-content\/uploads\/2025\/10\/VCCF-Investment-Policy-Statement-Final-2025.pdf\" target=\"_blank\" rel=\"noopener\">Politica di investimento dell'FCV<\/a><\/p>\n<p>Ogni anno, le politiche di investimento della VCCF sono sottoposte a una revisione approfondita da parte del Comitato per gli investimenti, le cui modifiche raccomandate sono trasmesse al Consiglio di amministrazione. Tali politiche definiscono gli importi di distribuzione annuali, gli obiettivi di investimento, gli obiettivi di investimento e gli obiettivi di asset allocation.<\/p>\n<p>Le politiche di distribuzione annuale dei fondi di dotazione si basano su una strategia di rendimento totale che mira a garantire un apprezzamento del capitale a lungo termine. L'attuale politica di distribuzione annuale per la maggior parte dei fondi \u00e8 pari al 5% del valore totale del fondo, sulla base di una media mobile di 16 trimestri al 30 giugno.<\/p>\n<p>Il nostro obiettivo d'investimento a lungo termine \u00e8 semplice: far crescere il portafoglio in termini reali, corretti per l'inflazione, al fine di soddisfare le esigenze di distribuzione annuale del fondo, preservando e migliorando il potere d'acquisto.<\/p>\n\t\t\t\tCommissioni di investimento\n\t\t\t\t<p>Ogni fondo del VCCF condivide pro-quota i costi effettivi del processo di investimento, i consulenti e le commissioni di base, cos\u00ec come ogni fondo condivide pro-quota i rendimenti. Attualmente le commissioni di investimento sono pari a 0,73%.<\/p>\n<p>* Per ulteriori informazioni, si prega di contattare Bonnie Gilles, Chief Financial Officer, all'indirizzo\u00a0<a href=\"mailto:bgilles@vccf.org\">bgilles@vccf.org<\/a>.<\/p>\n<figure itemscope itemtype=\"https:\/\/schema.org\/ImageObject\">\n\t\t\t\t<img decoding=\"async\" src=\"https:\/\/vccf.org\/wp-content\/uploads\/2024\/04\/\u0421\u043b\u043e\u0439-1-4.png\" alt=\"\u0421\u043b\u043e\u0438\u0306 1 4\" height=\"60\" width=\"44\" title=\"\u0421\u043b\u043e\u0439 1 4\" onerror=\"this.style.display='none'\" loading=\"lazy\" \/>\n\t<\/figure>\n<h3>\n\t\t\tVedere i propri contributi avere un impatto immediato e duraturo che si pu\u00f2 percepire\t<\/h3>\n<figure itemscope itemtype=\"https:\/\/schema.org\/ImageObject\">\n\t\t\t\t<img decoding=\"async\" src=\"https:\/\/vccf.org\/wp-content\/uploads\/2024\/04\/\u0421\u043b\u043e\u0439-1-4.png\" alt=\"\u0421\u043b\u043e\u0438\u0306 1 4\" height=\"60\" width=\"44\" title=\"\u0421\u043b\u043e\u0439 1 4\" onerror=\"this.style.display='none'\" loading=\"lazy\" \/>\n\t<\/figure>\n<h2>\n\t\t\tUnisciti a VCCF\t<\/h2>\n\t<p>E fate parte di una comunit\u00e0 compassionevole e ispirata di donatori e operatori. Insieme, costruiamo un futuro pi\u00f9 luminoso e pi\u00f9 forte per la nostra Contea di Ventura.<\/p>\n\t\t\t<a href=\"https:\/\/vccf.org\/it\/get-involved\/\"  target=\"_self\">\n\t\t\t\t\t\t\tPartecipa\n\t\t\t\t\t<\/a>\n\t\t\t<a href=\"https:\/\/vccf.org\/it\/contact-us\/\"  target=\"_self\">\n\t\t\t\t\t\t\tInviaci un'e-mail\n\t\t\t\t\t<\/a>\n<figure itemscope itemtype=\"https:\/\/schema.org\/ImageObject\">\n\t\t\t\t<img decoding=\"async\" src=\"https:\/\/vccf.org\/wp-content\/uploads\/2024\/06\/Group-1080-2.png\" alt=\"Group 1080 (2)\" height=\"563\" width=\"463\" title=\"Gruppo 1080 (2)\" onerror=\"this.style.display='none'\" loading=\"lazy\" \/>\n\t<\/figure>","protected":false},"excerpt":{"rendered":"<p>Financials The Ventura County Community Foundation represents the entirety of Ventura County. We oversee more than $250 million in total assets and serve as fiduciary to more than 800 philanthropic&hellip;<\/p>","protected":false},"author":3,"featured_media":0,"parent":20928,"menu_order":0,"comment_status":"closed","ping_status":"closed","template":"","meta":{"_acf_changed":false,"give_campaign_id":0,"footnotes":""},"class_list":["post-20939","page","type-page","status-publish","hentry"],"acf":[],"campaignId":"","_links":{"self":[{"href":"https:\/\/vccf.org\/it\/wp-json\/wp\/v2\/pages\/20939","targetHints":{"allow":["GET"]}}],"collection":[{"href":"https:\/\/vccf.org\/it\/wp-json\/wp\/v2\/pages"}],"about":[{"href":"https:\/\/vccf.org\/it\/wp-json\/wp\/v2\/types\/page"}],"author":[{"embeddable":true,"href":"https:\/\/vccf.org\/it\/wp-json\/wp\/v2\/users\/3"}],"replies":[{"embeddable":true,"href":"https:\/\/vccf.org\/it\/wp-json\/wp\/v2\/comments?post=20939"}],"version-history":[{"count":0,"href":"https:\/\/vccf.org\/it\/wp-json\/wp\/v2\/pages\/20939\/revisions"}],"up":[{"embeddable":true,"href":"https:\/\/vccf.org\/it\/wp-json\/wp\/v2\/pages\/20928"}],"wp:attachment":[{"href":"https:\/\/vccf.org\/it\/wp-json\/wp\/v2\/media?parent=20939"}],"curies":[{"name":"wp","href":"https:\/\/api.w.org\/{rel}","templated":true}]}}