{"id":20945,"date":"2024-06-19T09:46:32","date_gmt":"2024-06-19T09:46:32","guid":{"rendered":"https:\/\/vccf.org\/?page_id=20945"},"modified":"2026-04-27T00:11:58","modified_gmt":"2026-04-27T07:11:58","slug":"donor-stories","status":"publish","type":"page","link":"https:\/\/vccf.org\/it\/about\/donor-stories\/","title":{"rendered":"Storie di donatori"},"content":{"rendered":"<h1>\n\t\t\tStorie di donatori\t<\/h1>\n\t<p>Con il vostro sostegno, la Contea di Ventura pu\u00f2 diventare un posto ancora migliore in cui vivere.<\/p>\n\t\t\t<a href=\"https:\/\/vccf.org\/it\/get-involved\/\"  target=\"_self\">\n\t\t\t\t\t\t\tPartecipa\n\t\t\t\t\t<\/a>\n<figure itemscope itemtype=\"https:\/\/schema.org\/ImageObject\">\n\t\t\t\t<img decoding=\"async\" src=\"https:\/\/vccf.org\/wp-content\/uploads\/2025\/01\/VCCF-LR-126.jpg\" alt=\"VCCF-LR-126\" height=\"1467\" width=\"2200\" title=\"VCCF-LR-126\" onerror=\"this.style.display='none'\" loading=\"lazy\" \/>\n\t<\/figure>\n<h3>\n\t\t\tLa nostra storia\t<\/h3>\n<h3>\n\t\t\tMembri del consiglio di amministrazione\t<\/h3>\n<h3>\n\t\t\tMembri del personale\t<\/h3>\n<h3>\n\t\t\tDati finanziari\t<\/h3>\n<h3>\n\t\t\tStorie di donatori\t<\/h3>\n<h3>\n\t\t\tDomande frequenti\t<\/h3>\n<figure itemscope itemtype=\"https:\/\/schema.org\/ImageObject\">\n\t\t\t\t<img decoding=\"async\" src=\"https:\/\/vccf.org\/wp-content\/uploads\/2024\/04\/\u0421\u043b\u043e\u0439-1-4.png\" alt=\"\u0421\u043b\u043e\u0438\u0306 1 4\" height=\"60\" width=\"44\" title=\"\u0421\u043b\u043e\u0439 1 4\" onerror=\"this.style.display='none'\" loading=\"lazy\" \/>\n\t<\/figure>\n<h3>\n\t\t\tVedere i propri contributi avere un impatto immediato e duraturo che si pu\u00f2 percepire\t<\/h3>\n<figure itemscope itemtype=\"https:\/\/schema.org\/ImageObject\">\n\t\t\t\t<img decoding=\"async\" src=\"https:\/\/vccf.org\/wp-content\/uploads\/2024\/04\/\u0421\u043b\u043e\u0439-1-4.png\" alt=\"\u0421\u043b\u043e\u0438\u0306 1 4\" height=\"60\" width=\"44\" title=\"\u0421\u043b\u043e\u0439 1 4\" onerror=\"this.style.display='none'\" loading=\"lazy\" \/>\n\t<\/figure>\n<h2>\n\t\t\tUnisciti a VCCF\t<\/h2>\n\t<p>E fate parte di una comunit\u00e0 compassionevole e ispirata di donatori e operatori. Insieme, costruiamo un futuro pi\u00f9 luminoso e pi\u00f9 forte per la nostra Contea di Ventura.<\/p>\n\t\t\t<a href=\"https:\/\/vccf.org\/it\/get-involved\/\"  target=\"_self\">\n\t\t\t\t\t\t\tPartecipa\n\t\t\t\t\t<\/a>\n\t\t\t<a href=\"https:\/\/vccf.org\/it\/contact-us\/\"  target=\"_self\">\n\t\t\t\t\t\t\tInviaci un'e-mail\n\t\t\t\t\t<\/a>\n<figure itemscope itemtype=\"https:\/\/schema.org\/ImageObject\">\n\t\t\t\t<img decoding=\"async\" src=\"https:\/\/vccf.org\/wp-content\/uploads\/2024\/06\/Group-1080-2.png\" alt=\"Group 1080 (2)\" height=\"563\" width=\"463\" title=\"Gruppo 1080 (2)\" onerror=\"this.style.display='none'\" loading=\"lazy\" \/>\n\t<\/figure>","protected":false},"excerpt":{"rendered":"<p>Donor stories With your support, Ventura County can become an even better place to live. Get Involved Our history Board members Staff members Financials Donor stories FAQ&#8217;s See your contributions&hellip;<\/p>","protected":false},"author":3,"featured_media":0,"parent":20928,"menu_order":0,"comment_status":"closed","ping_status":"closed","template":"","meta":{"_acf_changed":false,"give_campaign_id":0,"footnotes":""},"class_list":["post-20945","page","type-page","status-publish","hentry"],"acf":[],"campaignId":"","_links":{"self":[{"href":"https:\/\/vccf.org\/it\/wp-json\/wp\/v2\/pages\/20945","targetHints":{"allow":["GET"]}}],"collection":[{"href":"https:\/\/vccf.org\/it\/wp-json\/wp\/v2\/pages"}],"about":[{"href":"https:\/\/vccf.org\/it\/wp-json\/wp\/v2\/types\/page"}],"author":[{"embeddable":true,"href":"https:\/\/vccf.org\/it\/wp-json\/wp\/v2\/users\/3"}],"replies":[{"embeddable":true,"href":"https:\/\/vccf.org\/it\/wp-json\/wp\/v2\/comments?post=20945"}],"version-history":[{"count":0,"href":"https:\/\/vccf.org\/it\/wp-json\/wp\/v2\/pages\/20945\/revisions"}],"up":[{"embeddable":true,"href":"https:\/\/vccf.org\/it\/wp-json\/wp\/v2\/pages\/20928"}],"wp:attachment":[{"href":"https:\/\/vccf.org\/it\/wp-json\/wp\/v2\/media?parent=20945"}],"curies":[{"name":"wp","href":"https:\/\/api.w.org\/{rel}","templated":true}]}}