{"id":20952,"date":"2024-06-19T10:15:14","date_gmt":"2024-06-19T10:15:14","guid":{"rendered":"https:\/\/vccf.org\/?page_id=20952"},"modified":"2026-03-24T11:55:28","modified_gmt":"2026-03-24T18:55:28","slug":"our-history","status":"publish","type":"page","link":"https:\/\/vccf.org\/it\/about\/our-history\/","title":{"rendered":"Our History"},"content":{"rendered":"<h1>\n\t\t\tLa nostra storia\t<\/h1>\n\t<p>\"Non credo di poter cambiare il mondo, ma posso contribuire a rendere la Contea di Ventura ancora migliore\".<\/p>\n<h4>\n\t\t\tLeah Lacayo, donatrice\t<\/h4>\n\t\t\t<a href=\"https:\/\/vccf.org\/it\/get-involved\/\"  target=\"_self\">\n\t\t\t\t\t\t\tPartecipa\n\t\t\t\t\t<\/a>\n<figure itemscope itemtype=\"https:\/\/schema.org\/ImageObject\">\n\t\t\t\t<img decoding=\"async\" src=\"https:\/\/vccf.org\/wp-content\/uploads\/2024\/09\/Group-1080-1.png\" alt=\"Group 1080 (1)\" height=\"563\" width=\"463\" title=\"Gruppo 1080 (1)\" onerror=\"this.style.display='none'\" loading=\"lazy\" \/>\n\t<\/figure>\n<h3>\n\t\t\tLa nostra storia\t<\/h3>\n<h3>\n\t\t\tMembri del consiglio di amministrazione\t<\/h3>\n<h3>\n\t\t\tMembri del personale\t<\/h3>\n<h3>\n\t\t\tDati finanziari\t<\/h3>\n<h3>\n\t\t\tStorie di donatori\t<\/h3>\n<h3>\n\t\t\tDomande frequenti\t<\/h3>\n<h2>\n\t\t\tMuch has changed in our community since 1987. Our purpose hasn&#8217;t.\t<\/h2>\n\t<p>Quasi 40 anni fa, abbiamo deciso di migliorare la vita degli abitanti della Contea di Ventura.<\/p>\n\tInizialmente, volevamo aiutare le organizzazioni non profit a diventare pi\u00f9 sostenibili e offrire ai donatori un modo per lasciare donazioni complicate, come quelle di immobili e azioni. Nel 1990 abbiamo iniziato a dare ai cittadini la possibilit\u00e0 di finanziare borse di studio. Poi, nel 2000, abbiamo creato un programma di sovvenzioni comunitarie in cui i donatori potevano donare insieme per una causa comune.<br \/>\nOra riuniamo un gran numero di residenti per lavorare insieme come agenti di cambiamento.\n<figure itemscope itemtype=\"https:\/\/schema.org\/ImageObject\">\n\t\t\t\t<img decoding=\"async\" src=\"https:\/\/vccf.org\/wp-content\/uploads\/2024\/09\/Group-1093-1024x787.png\" alt=\"Group 1093\" height=\"787\" width=\"1024\" title=\"Gruppo 1093\" onerror=\"this.style.display='none'\" loading=\"lazy\" \/>\n\t<\/figure>\n<h2>\n\t\t\tLa nostra missione\t<\/h2>\n\t<p>Collegare persone, risorse e soluzioni per creare un impatto duraturo nel nostro mondo comune.<\/p>\n<h2>\n\t\t\tLa nostra visione\t<\/h2>\n\t<p>Immaginiamo una comunit\u00e0 impegnata e fiorente, ispirata da una crescente generosit\u00e0.<\/p>\n<h2>\n\t\t\tI nostri valori\t<\/h2>\n<figure itemscope itemtype=\"https:\/\/schema.org\/ImageObject\">\n\t\t\t\t<img decoding=\"async\" src=\"https:\/\/vccf.org\/wp-content\/uploads\/2024\/04\/Group-1079.svg\" alt=\"Group 1079\" title=\"Gruppo 1079\" onerror=\"this.style.display='none'\" loading=\"lazy\" \/>\n\t<\/figure>\n\t<p>Fiducia<\/p>\n\t<p>Applichiamo sani principi finanziari e investiamo con saggezza per amministrare il patrimonio che ci viene affidato.<\/p>\n<figure itemscope itemtype=\"https:\/\/schema.org\/ImageObject\">\n\t\t\t\t<img decoding=\"async\" src=\"https:\/\/vccf.org\/wp-content\/uploads\/2024\/04\/Group-1080.svg\" alt=\"Group 1080\" title=\"Gruppo 1080\" onerror=\"this.style.display='none'\" loading=\"lazy\" \/>\n\t<\/figure>\n\t<p>Trasparenza<\/p>\n\t<p>Conduciamo il nostro lavoro con onest\u00e0, intenzionalit\u00e0 e responsabilit\u00e0.<\/p>\n<figure itemscope itemtype=\"https:\/\/schema.org\/ImageObject\">\n\t\t\t\t<img decoding=\"async\" src=\"https:\/\/vccf.org\/wp-content\/uploads\/2024\/04\/Group-1081.svg\" alt=\"Group 1081\" title=\"Gruppo 1081\" onerror=\"this.style.display='none'\" loading=\"lazy\" \/>\n\t<\/figure>\n\t<p>Compassione<\/p>\n\t<p>Portiamo empatia, rispetto e cuore in tutte le nostre interazioni.<\/p>\n<figure itemscope itemtype=\"https:\/\/schema.org\/ImageObject\">\n\t\t\t\t<img decoding=\"async\" src=\"https:\/\/vccf.org\/wp-content\/uploads\/2024\/04\/Group-1125.svg\" alt=\"Group 1125\" title=\"Gruppo 1125\" onerror=\"this.style.display='none'\" loading=\"lazy\" \/>\n\t<\/figure>\n\t<p>Patrimonio netto<\/p>\n\t<p>Ascoltiamo e valorizziamo voci ed esperienze diverse per promuovere opportunit\u00e0 giuste ed eque.<\/p>\n<figure itemscope itemtype=\"https:\/\/schema.org\/ImageObject\">\n\t\t\t\t<img decoding=\"async\" src=\"https:\/\/vccf.org\/wp-content\/uploads\/2024\/04\/Group-1140.svg\" alt=\"Group 1140\" title=\"Gruppo 1140\" onerror=\"this.style.display='none'\" loading=\"lazy\" \/>\n\t<\/figure>\n\t<p>Tenacia<\/p>\n\t<p>Rispondiamo alle sfide dinamiche in modo strategico e immediato, perseverando fino al raggiungimento di un successo sostenibile.<\/p>\n<figure itemscope itemtype=\"https:\/\/schema.org\/ImageObject\">\n\t\t\t\t<img decoding=\"async\" src=\"https:\/\/vccf.org\/wp-content\/uploads\/2024\/04\/Group-1132.svg\" alt=\"Group 1132\" title=\"Gruppo 1132\" onerror=\"this.style.display='none'\" loading=\"lazy\" \/>\n\t<\/figure>\n\t<p>Eccellenza<\/p>\n\t<p>Investiamo costantemente nella formazione, nelle operazioni, nella tecnologia e nel nostro capitale umano per garantire la massima qualit\u00e0 del servizio e del supporto ai nostri clienti donatori e a coloro che serviamo.<\/p>\n<figure itemscope itemtype=\"https:\/\/schema.org\/ImageObject\">\n\t\t\t\t<img decoding=\"async\" src=\"https:\/\/vccf.org\/wp-content\/uploads\/2024\/04\/Group-1125.svg\" alt=\"Group 1125\" title=\"Gruppo 1125\" onerror=\"this.style.display='none'\" loading=\"lazy\" \/>\n\t<\/figure>\n\t<p>Connessione autentica<\/p>\n\t<p>Impegniamo tutte le partnership con una collaborazione aperta e una comunicazione schietta, co-creando soluzioni d'impatto.<\/p>\n<h2  id=\"legacy-magazine\">\n\t\t\tVCCF&#8217;s Legacy Magazine\t<\/h2>\n\t<p>Un'eredit\u00e0 di generosit\u00e0.<\/p>\n\t<p>La Ventura County Community Foundation \u00e8 orgogliosa di pubblicare la sua prima rivista sull'eredit\u00e0, \"A Legacy of Generosity\". Questa pubblicazione di 42 pagine cattura lo spirito e il cuore dei nostri donatori, dei membri della comunit\u00e0, dei beneficiari delle sovvenzioni e dei leader delle organizzazioni non profit che vivono i valori della VCCF: fiducia, trasparenza, compassione, equit\u00e0, tenacia, eccellenza e connessione autentica.<\/p>\n\t<p>Questa rivista racconta la storia della vostra fondazione comunitaria e il ruolo che essa svolge nelle storie della Contea di Ventura attraverso la sua consulenza filantropica e la sua leadership comunitaria.<\/p>\n\t<p>Vi invitiamo a leggere questa lettera d'amore alla nostra comunit\u00e0, mentre portiamo avanti il messaggio \"Somos Vecinos y Todos Contamos\" - siamo tutti vicini e contiamo tutti! Con 17 interviste commoventi e splendide fotografie della nostra comunit\u00e0 e dei suoi membri ispiratori, questa rivista vi far\u00e0 sorridere, piangere e vorrete leggerla ancora e ancora.<\/p>\n<h4>\n\t\t<a href=\"https:\/\/vccf.org\/wp-content\/uploads\/2024\/11\/vccf-legacy-magazine-pdf.pdf\" title=\"Scarica il PDF della rivista\"  target=\"_blank\"  rel=\"noopener\">\n\t\t\tScarica il PDF della rivista\t\t<\/a>\n\t<\/h4>\n\t\t\t<a href=\"https:\/\/vccf.org\/SMPA_VCCF_financial_insert\/mobile\/index.html\"  target=\"_blank\" rel=\"noopener\">\n\t\t\t\t\t\t\tBilancio dell'esercizio 2022\n\t\t\t\t\t<\/a>\n\t\t\t<a href=\"https:\/\/vccf.org\/SMPA_VCCF_5-24\/mobile\/index.html\"  target=\"_blank\" rel=\"noopener\">\n\t\t\t\t\t\t\tLeggi ora\n\t\t\t\t\t<\/a>\n<figure itemscope itemtype=\"https:\/\/schema.org\/ImageObject\">\n\t\t\t\t<img decoding=\"async\" src=\"https:\/\/vccf.org\/wp-content\/uploads\/2024\/04\/\u0421\u043b\u043e\u0439-1-4.png\" alt=\"\u0421\u043b\u043e\u0438\u0306 1 4\" height=\"60\" width=\"44\" title=\"\u0421\u043b\u043e\u0439 1 4\" onerror=\"this.style.display='none'\" loading=\"lazy\" \/>\n\t<\/figure>\n<h3>\n\t\t\tVedere i propri contributi avere un impatto immediato e duraturo che si pu\u00f2 percepire\t<\/h3>\n<figure itemscope itemtype=\"https:\/\/schema.org\/ImageObject\">\n\t\t\t\t<img decoding=\"async\" src=\"https:\/\/vccf.org\/wp-content\/uploads\/2024\/04\/\u0421\u043b\u043e\u0439-1-4.png\" alt=\"\u0421\u043b\u043e\u0438\u0306 1 4\" height=\"60\" width=\"44\" title=\"\u0421\u043b\u043e\u0439 1 4\" onerror=\"this.style.display='none'\" loading=\"lazy\" \/>\n\t<\/figure>\n<h2>\n\t\t\tUnisciti a VCCF\t<\/h2>\n\t<p>E fate parte di una comunit\u00e0 compassionevole e ispirata di donatori e operatori. Insieme, costruiamo un futuro pi\u00f9 luminoso e pi\u00f9 forte per la nostra Contea di Ventura.<\/p>\n\t\t\t<a href=\"https:\/\/vccf.org\/it\/get-involved\/\"  target=\"_self\">\n\t\t\t\t\t\t\tPartecipa\n\t\t\t\t\t<\/a>\n\t\t\t<a href=\"https:\/\/vccf.org\/it\/contact-us\/\"  target=\"_self\">\n\t\t\t\t\t\t\tInviaci un'e-mail\n\t\t\t\t\t<\/a>\n<figure itemscope itemtype=\"https:\/\/schema.org\/ImageObject\">\n\t\t\t\t<img decoding=\"async\" src=\"https:\/\/vccf.org\/wp-content\/uploads\/2024\/06\/Group-1080-2.png\" alt=\"Group 1080 (2)\" height=\"563\" width=\"463\" title=\"Gruppo 1080 (2)\" onerror=\"this.style.display='none'\" loading=\"lazy\" \/>\n\t<\/figure>","protected":false},"excerpt":{"rendered":"<p>Our history &#8220;I don&#8217;t think I can change the world, but I can contribute to making Ventura County even better.&#8221; Leah Lacayo, donor Get Involved Our history Board members Staff&hellip;<\/p>","protected":false},"author":4,"featured_media":0,"parent":20928,"menu_order":0,"comment_status":"closed","ping_status":"closed","template":"","meta":{"_acf_changed":false,"give_campaign_id":0,"footnotes":""},"class_list":["post-20952","page","type-page","status-publish","hentry"],"acf":[],"campaignId":"","_links":{"self":[{"href":"https:\/\/vccf.org\/it\/wp-json\/wp\/v2\/pages\/20952","targetHints":{"allow":["GET"]}}],"collection":[{"href":"https:\/\/vccf.org\/it\/wp-json\/wp\/v2\/pages"}],"about":[{"href":"https:\/\/vccf.org\/it\/wp-json\/wp\/v2\/types\/page"}],"author":[{"embeddable":true,"href":"https:\/\/vccf.org\/it\/wp-json\/wp\/v2\/users\/4"}],"replies":[{"embeddable":true,"href":"https:\/\/vccf.org\/it\/wp-json\/wp\/v2\/comments?post=20952"}],"version-history":[{"count":0,"href":"https:\/\/vccf.org\/it\/wp-json\/wp\/v2\/pages\/20952\/revisions"}],"up":[{"embeddable":true,"href":"https:\/\/vccf.org\/it\/wp-json\/wp\/v2\/pages\/20928"}],"wp:attachment":[{"href":"https:\/\/vccf.org\/it\/wp-json\/wp\/v2\/media?parent=20952"}],"curies":[{"name":"wp","href":"https:\/\/api.w.org\/{rel}","templated":true}]}}