{"id":20953,"date":"2024-06-19T10:19:19","date_gmt":"2024-06-19T10:19:19","guid":{"rendered":"https:\/\/vccf.org\/?page_id=20953"},"modified":"2026-03-24T11:56:06","modified_gmt":"2026-03-24T18:56:06","slug":"faq","status":"publish","type":"page","link":"https:\/\/vccf.org\/it\/about\/faq\/","title":{"rendered":"FAQ"},"content":{"rendered":"<h1>\n\t\t\tDomande frequenti\t<\/h1>\n\t<p>Siamo qui per fornirvi la conoscenza dei problemi della comunit\u00e0, le risorse necessarie per incidere sul cambiamento sociale e le strategie per sostenere i vostri valori, le vostre speranze e la vostra visione di un mondo migliore. Le opportunit\u00e0 abbondano: i vostri doni alla nostra comunit\u00e0 locale oggi gettano le basi per il domani e per le generazioni a venire.<\/p>\n\t\t\t<a href=\"https:\/\/vccf.org\/it\/get-involved\/\"  target=\"_self\">\n\t\t\t\t\t\t\tPartecipa\n\t\t\t\t\t<\/a>\n<figure itemscope itemtype=\"https:\/\/schema.org\/ImageObject\">\n\t\t\t\t<img decoding=\"async\" src=\"https:\/\/vccf.org\/wp-content\/uploads\/2024\/06\/Mask-group-2.png\" alt=\"Mask group (2)\" height=\"772\" width=\"836\" title=\"Gruppo maschera (2)\" onerror=\"this.style.display='none'\" loading=\"lazy\" \/>\n\t<\/figure>\n<h3>\n\t\t\tLa nostra storia\t<\/h3>\n<h3>\n\t\t\tMembri del consiglio di amministrazione\t<\/h3>\n<h3>\n\t\t\tMembri del personale\t<\/h3>\n<h3>\n\t\t\tDati finanziari\t<\/h3>\n<h3>\n\t\t\tStorie di donatori\t<\/h3>\n<h3>\n\t\t\tDomande frequenti\t<\/h3>\n<h1>\n\t\t\tFAQ sui donatori\t<\/h1>\n\t\t\t\tLa VCCF \u00e8 un'organizzazione non profit?\n\t\t\t\t<p>S\u00cc! Pertanto, qualsiasi donazione al VCCF o a un fondo del VCCF \u00e8 una donazione di beneficenza ai sensi del codice fiscale 77-0165029.<\/p>\n\t\t\t\tQuanto costa iniziare?\n\t\t\t\t<p>Siamo specializzati nell'aiutarvi a donare in maniera strategica e c'\u00e8\u00a0<strong>nessun costo<\/strong>\u00a0per questo periodo di pianificazione.<\/p>\n<p>Una volta creato il fondo, tuttavia, \u00e8 prevista una commissione amministrativa trimestrale che dipende dal tipo di fondo creato.<\/p>\n<p>Ad esempio, i fondi di dotazione per borse di studio hanno una commissione annuale di 1,5% e una commissione tipica di 1,24% annua applicata al saldo. I fondi non destinati a borse di studio, come il Donor Advised Fund o il Nonprofit Agency Fund, hanno una commissione tipica di 1,24% trimestrale sul saldo. Esistono alcuni altri tipi di fondi che presentano strutture di commissioni uniche a causa della durata del fondo, come i fondi passanti, o una possibile riduzione delle commissioni in base alle dimensioni del fondo.<\/p>\n<p>To learn more, <a href=\"https:\/\/vccf.org\/it\/my-vccf-fund\/fund-contact\/\">please contact our Philanthropic Services Team.<\/a><\/p>\n\t\t\t\tQuali tipi di beni posso donare?\n\t\t\t\t<p>Siamo autorizzati ad accettare doni di ogni tipo. I tipi di donazioni pi\u00f9 comuni sono i contanti, le propriet\u00e0 apprezzate e le azioni quotate in borsa, ma possiamo accettare anche la maggior parte degli altri beni.<\/p>\n<p><a href=\"https:\/\/vccf.org\/it\/my-vccf-fund\/fund-contact\/\">Please contact our Philanthropic Services Team<\/a>\u00a0to learn more about available giving options.<\/p>\n\t\t\t\tLavorate con consulenti professionisti?\n\t\t\t\t<p>Se siete come molti consulenti professionali, potreste aver esitato a sollevare il tema della filantropia con i vostri clienti. Le ricerche dimostrano, tuttavia, che le persone sono desiderose di saperne di pi\u00f9 sulle donazioni benefiche. Secondo un articolo del Chronicle of Philanthropy, la maggior parte delle persone dichiara che vorrebbe che i propri consulenti fossero pi\u00f9 informati sulle donazioni pianificate e pi\u00f9 disponibili a dare suggerimenti sui tipi di donazioni da fare. In altre parole, se vi impegnate a informarvi meglio sul ruolo fondamentale che la filantropia pu\u00f2 svolgere nella pianificazione successoria, i vostri clienti vi ringrazieranno.<\/p>\n<p>La Ventura County Community Foundation \u00e8 un veicolo unico e affidabile che voi e i vostri clienti potete utilizzare per affrontare le questioni che stanno loro a cuore, ottenendo al contempo il massimo beneficio fiscale ai sensi delle leggi statali e federali. Offriamo una variet\u00e0 di opzioni di donazione, tra cui la possibilit\u00e0 di istituire un fondo consigliato dai donatori a nome dei vostri clienti. Le opportunit\u00e0 di donazione significative si presentano spesso quando i clienti stanno prendendo importanti decisioni aziendali, personali e finanziarie. Il nostro staff pu\u00f2 collaborare con voi e con il vostro cliente per consigliare la migliore soluzione di beneficenza. Considerate i seguenti scenari:<\/p>\n<p><strong>Pianificazione fiscale di fine anno<\/strong><br \/>Il vostro cliente ha bisogno di compensare le plusvalenze o di raccogliere le perdite in conto capitale e vuole restituire alla comunit\u00e0, ma ha poco tempo per decidere quali sono gli enti di beneficenza pi\u00f9 meritevoli.<\/p>\n<p><strong>Conservare un patrimonio<\/strong><br \/>La pianificazione del patrimonio pu\u00f2 individuare le tasse da versare al fisco e il cliente vuole destinare i fondi a cause benefiche.<\/p>\n<p><strong>Andare in pensione in tutta comodit\u00e0<\/strong><br \/>Il vostro cliente \u00e8 interessato a un reddito stabile per tutta la vita e ha sempre fatto beneficenza.<\/p>\n<p><strong>Creare una fondazione privata<\/strong><br \/>Il vostro cliente sta pensando di istituire una fondazione privata ed \u00e8 alla ricerca di un supporto di back-office o di un modo pi\u00f9 semplice ed efficiente dal punto di vista dei costi.<\/p>\n<p><strong>Azioni strettamente detenute<\/strong><br \/>Your client&#8217;s net worth includes a closely held company, and it&#8217;s important for your client to give back to the community.<\/p>\n<p><strong>Vendita o cessione di azioni o beni altamente apprezzati<\/strong><br \/>Il vostro cliente possiede azioni o propriet\u00e0 apprezzate e vuole utilizzare una parte dei guadagni per fare beneficenza. Tuttavia, gli enti di beneficenza individuati potrebbero essere troppo piccoli per accettare donazioni dirette di azioni o propriet\u00e0. Collaborando con la vostra fondazione comunitaria, potete superare queste sfide senza problemi.<br \/>Offriamo soluzioni di donazione flessibili, come fondi consigliati dai donatori, donazioni pianificate o donazioni a vita, per aiutare a raggiungere gli obiettivi filantropici dei vostri clienti. La VCCF \u00e8 in grado di accettare diversi strumenti di donazione, tra cui azioni strettamente detenute e molto apprezzate, assicurando ai vostri clienti i massimi benefici fiscali.<br \/>Grazie alla nostra esperienza, potete essere certi che gli obiettivi di beneficenza dei vostri clienti saranno perseguiti in modo fedele ed efficace, creando un impatto significativo e duraturo.<\/p>\n<p>To learn more, <a href=\"https:\/\/vccf.org\/it\/donate\/professional-advisor-faqs\/\">please visit our Professional Advisors FAQ page<\/a>.<\/p>\n<figure itemscope itemtype=\"https:\/\/schema.org\/ImageObject\">\n\t\t\t\t<img decoding=\"async\" src=\"https:\/\/vccf.org\/wp-content\/uploads\/2024\/04\/\u0421\u043b\u043e\u0439-1-4.png\" alt=\"\u0421\u043b\u043e\u0438\u0306 1 4\" height=\"60\" width=\"44\" title=\"\u0421\u043b\u043e\u0439 1 4\" onerror=\"this.style.display='none'\" loading=\"lazy\" \/>\n\t<\/figure>\n<h3>\n\t\t\tVedere i propri contributi avere un impatto immediato e duraturo che si pu\u00f2 percepire\t<\/h3>\n<figure itemscope itemtype=\"https:\/\/schema.org\/ImageObject\">\n\t\t\t\t<img decoding=\"async\" src=\"https:\/\/vccf.org\/wp-content\/uploads\/2024\/04\/\u0421\u043b\u043e\u0439-1-4.png\" alt=\"\u0421\u043b\u043e\u0438\u0306 1 4\" height=\"60\" width=\"44\" title=\"\u0421\u043b\u043e\u0439 1 4\" onerror=\"this.style.display='none'\" loading=\"lazy\" \/>\n\t<\/figure>\n<h2>\n\t\t\tUnisciti a VCCF\t<\/h2>\n\t<p>E fate parte di una comunit\u00e0 compassionevole e ispirata di donatori e operatori. Insieme, costruiamo un futuro pi\u00f9 luminoso e pi\u00f9 forte per la nostra Contea di Ventura.<\/p>\n\t\t\t<a href=\"https:\/\/vccf.org\/it\/get-involved\/\"  target=\"_self\">\n\t\t\t\t\t\t\tPartecipa\n\t\t\t\t\t<\/a>\n\t\t\t<a href=\"https:\/\/vccf.org\/it\/contact-us\/\"  target=\"_self\">\n\t\t\t\t\t\t\tInviaci un'e-mail\n\t\t\t\t\t<\/a>\n<figure itemscope itemtype=\"https:\/\/schema.org\/ImageObject\">\n\t\t\t\t<img decoding=\"async\" src=\"https:\/\/vccf.org\/wp-content\/uploads\/2024\/06\/Group-1080-2.png\" alt=\"Group 1080 (2)\" height=\"563\" width=\"463\" title=\"Gruppo 1080 (2)\" onerror=\"this.style.display='none'\" loading=\"lazy\" \/>\n\t<\/figure>","protected":false},"excerpt":{"rendered":"<p>FAQs We are here to provide you with knowledge of community issues; resources to impact social change; and strategies to support your values, hopes, and vision for a greater world.&hellip;<\/p>","protected":false},"author":3,"featured_media":0,"parent":20928,"menu_order":0,"comment_status":"closed","ping_status":"closed","template":"","meta":{"_acf_changed":false,"give_campaign_id":0,"footnotes":""},"class_list":["post-20953","page","type-page","status-publish","hentry"],"acf":[],"campaignId":"","_links":{"self":[{"href":"https:\/\/vccf.org\/it\/wp-json\/wp\/v2\/pages\/20953","targetHints":{"allow":["GET"]}}],"collection":[{"href":"https:\/\/vccf.org\/it\/wp-json\/wp\/v2\/pages"}],"about":[{"href":"https:\/\/vccf.org\/it\/wp-json\/wp\/v2\/types\/page"}],"author":[{"embeddable":true,"href":"https:\/\/vccf.org\/it\/wp-json\/wp\/v2\/users\/3"}],"replies":[{"embeddable":true,"href":"https:\/\/vccf.org\/it\/wp-json\/wp\/v2\/comments?post=20953"}],"version-history":[{"count":0,"href":"https:\/\/vccf.org\/it\/wp-json\/wp\/v2\/pages\/20953\/revisions"}],"up":[{"embeddable":true,"href":"https:\/\/vccf.org\/it\/wp-json\/wp\/v2\/pages\/20928"}],"wp:attachment":[{"href":"https:\/\/vccf.org\/it\/wp-json\/wp\/v2\/media?parent=20953"}],"curies":[{"name":"wp","href":"https:\/\/api.w.org\/{rel}","templated":true}]}}