{"id":21048,"date":"2024-07-11T12:05:33","date_gmt":"2024-07-11T12:05:33","guid":{"rendered":"https:\/\/vccf.org\/?page_id=21048"},"modified":"2025-11-17T14:02:50","modified_gmt":"2025-11-17T22:02:50","slug":"professional-advisor-faqs","status":"publish","type":"page","link":"https:\/\/vccf.org\/it\/donate\/professional-advisor-faqs\/","title":{"rendered":"Domande frequenti sui consulenti professionali"},"content":{"rendered":"<h1>\n\t\t\tDomande frequenti sui consulenti professionali\t<\/h1>\n\t\t\t\t<h2 itemprop=\"name description\">Perch\u00e9 dovrei raccomandare la VCCF ai miei clienti?<\/h2>\n\t\t\t\tIn qualit\u00e0 di consulente professionale, le vostre raccomandazioni possono avere un grande impatto sulle strategie filantropiche dei vostri clienti. La Ventura County Community Foundation non \u00e8 una semplice fondazione, ma un'organizzazione incentrata sulla comunit\u00e0 e profondamente radicata nella Contea di Ventura dal 1987. Raccomandare la VCCF vi permette di mettere in contatto i vostri clienti con un ente di fiducia noto per la sua trasparenza, compassione ed eccellenza nella gestione delle risorse filantropiche. I donatori della VCCF hanno erogato oltre $250 milioni di euro dal 1987, con un impatto diretto sulle organizzazioni non profit locali e aiutando migliaia di studenti con borse di studio.\n\t\t\t\t<h2 itemprop=\"name description\">Quali sono i servizi unici che VCCF offre ai miei clienti?<\/h2>\n\t\t\t\tLa VCCF fornisce consulenza filantropica incentrata sul cliente, assistendolo nella creazione di strategie di donazione personalizzate e d'impatto. Questo include tutto, dall'identificazione delle cause allo sviluppo di strategie in linea con i valori dei clienti. Inoltre, la VCCF offre opzioni di donazione flessibili, come i Donor Advised Funds, che possono essere pi\u00f9 semplici ed efficienti in termini di costi rispetto alla creazione di una fondazione privata.\n\t\t\t\t<h2 itemprop=\"name description\">Il VCCF pu\u00f2 aiutare con tipi di donazioni complesse?<\/h2>\n\t\t\t\tS\u00ec, la VCCF \u00e8 in grado di gestire un'ampia gamma di tipi di attivit\u00e0, tra cui contanti, immobili e azioni. La nostra esperienza si estende anche a scenari pi\u00f9 complessi, come le azioni di propriet\u00e0 o la pianificazione di beneficenza, assicurando che gli atti filantropici dei vostri clienti abbiano un impatto e siano finanziariamente solidi.\n\t\t\t\t<h2 itemprop=\"name description\">In che modo la collaborazione con il VCCF mi avvantaggia come consulente professionale?<\/h2>\n\t\t\t\tCollaborando con il VCCF, avrete accesso a un'organizzazione con profonde radici nella comunit\u00e0 e una vasta conoscenza delle esigenze locali. Oltre a migliorare la vostra offerta di servizi, una partnership con il VCCF vi posiziona come un attore chiave nel percorso filantropico dei vostri clienti, approfondendo le relazioni con i clienti e costruendo la vostra reputazione di consulenti lungimiranti.\n\t\t\t\t<h2 itemprop=\"name description\">Che impatto ha avuto la VCCF nella Contea di Ventura?<\/h2>\n\t\t\t\tLa VCCF \u00e8 stata determinante nell'affrontare alcuni dei problemi pi\u00f9 urgenti della Contea di Ventura, dalle iniziative educative ai soccorsi in caso di calamit\u00e0. Il nostro lavoro, sostenuto da una rete di donatori e partner, \u00e8 una testimonianza del potere della filantropia orientata alla comunit\u00e0 e della differenza tangibile che fa nella vita degli abitanti della Contea di Ventura.\n\t\t\t\t<h2 itemprop=\"name description\">Il vostro staff dispone di specialisti certificati in donazioni pianificate? <\/h2>\n\t\t\t\t<p>S\u00ec! Alla VCCF abbiamo quattro collaboratori che sono specialisti certificati in donazioni pianificate.<\/p>\n\t\t\t\t<h2 itemprop=\"name description\"> Avete degli Analisti Fiduciari Accreditati nel vostro staff?<\/h2>\n\t\t\t\t<p>S\u00ec! In VCCF abbiamo due collaboratori che sono analisti fiduciari accreditati per gli investimenti.<\/p>\n\t\t\t\t<h2 itemprop=\"name description\">Chi sono i consulenti professionali con cui lavorate principalmente e che volete attirare?<\/h2>\n\t\t\t\t<p>Lavoriamo a stretto contatto e cerchiamo di attrarre avvocati immobiliari, commercialisti e ragionieri, pianificatori finanziari certificati e pianificatori immobiliari. Il nostro obiettivo \u00e8 quello di collaborare con consulenti che si impegnano a guidare i loro clienti nel prendere decisioni filantropiche di grande impatto.<\/p>\n\t\t\t\t<h2 itemprop=\"name description\">Quali sono i servizi, le risorse, il valore e i vantaggi specifici che offrite ai consulenti professionali?<\/h2>\n\t\t\t\t<p>La VCCF offre un vantaggio distintivo grazie al suo profondo radicamento nella comunit\u00e0 locale. Il nostro ufficio di consulenza filantropica fornisce servizi personalizzati a individui, famiglie e aziende, guidandoli nel loro percorso filantropico. Aiutiamo a identificare cause significative, a sviluppare strategie d'impatto, a coinvolgere le generazioni future nella filantropia e a offrire competenze locali su questioni comunitarie urgenti. La nostra due diligence completa sulle organizzazioni non profit, la consulenza strategica in materia di sovvenzioni e la formazione sulla massimizzazione dei benefici delle donazioni di beneficenza consentono ai consulenti professionali di offrire soluzioni olistiche ai loro clienti.<\/p>\n<p>Inoltre, la nostra esperienza nel campo delle donazioni pianificate ci permette di collaborare con i consulenti professionali per progettare strategie di donazione che rispondano a varie esigenze, come fornire un reddito immediato, ridurre le tasse e creare eredit\u00e0 durature. Forniamo anche servizi di reporting sull'impatto, aiutando i consulenti a dimostrare i risultati tangibili degli investimenti filantropici dei loro clienti. Infine, offriamo consulenze personalizzate, servizi di pianificazione ereditaria e l'accesso a un'ampia rete di esperti e colleghi, tra cui leader legali, finanziari e del settore non profit. Questa rete fornisce preziose intuizioni e opportunit\u00e0 di collaborazione.<\/p>\n\t\t\t\t<h2 itemprop=\"name description\">Esistono programmi o iniziative uniche, pensate per i consulenti professionali? <\/h2>\n\t\t\t\t<p>Siamo lieti di annunciare l'imminente lancio di diverse iniziative pensate appositamente per i consulenti professionali. Per rimanere informati, iscrivetevi al nostro <a href=\"\/it\/media-news\/email-newsletter-sign-up\/\">Newsletter Power of Purpose<\/a>.<\/p>\n\t\t\t\t<h2 itemprop=\"name description\">Do you provide any tools that Professional Advisors can use with their clients?<\/h2>\n\t\t\t\tUpon request, we will run customized illustrations for donors interested in establishing a Charitable Gift Annuity (CGA) or Charitable Remainder Trust (CRT). These illustrations present to the donor the anticipated income and tax benefit of their gift.\n\t\t\t\t<h2 itemprop=\"name description\">Quali sono i vantaggi o gli incentivi fiscali di cui i consulenti professionali dovrebbero essere a conoscenza quando guidano i loro clienti a fare donazioni alla VCCF?<\/h2>\n\t\t\t\t<p>Le donazioni alla VCCF offrono diversi potenziali vantaggi fiscali, che possono essere parte integrante di una strategia finanziaria e filantropica completa. I principali benefici fiscali possono includere:<\/p>\n<ul>\n<li><strong>Deduzione fiscale per beneficenza:<\/strong> I donatori possono spesso dedurre le donazioni alla VCCF dalle loro imposte federali sul reddito, fino a una certa percentuale del loro reddito lordo rettificato (AGI). Questa deduzione pu\u00f2 essere particolarmente vantaggiosa per le persone ad alto reddito.<\/li>\n<li><strong>Risparmi sull'imposta sulle plusvalenze:<\/strong> I donatori che conferiscono al VCCF beni apprezzati, come azioni o immobili, possono potenzialmente evitare di pagare le imposte sulle plusvalenze. Ci\u00f2 consente loro di avere un impatto benefico pi\u00f9 sostanziale rispetto alla vendita dei beni e alla donazione del ricavato.<\/li>\n<li><strong>Riduzione dell'imposta sulle successioni:<\/strong> L'inclusione di donazioni di beneficenza nell'ambito di un piano successorio pu\u00f2 ridurre il valore imponibile dell'eredit\u00e0, riducendo o eliminando potenzialmente le imposte di successione. Ci\u00f2 \u00e8 particolarmente vantaggioso per i donatori che desiderano lasciare un'eredit\u00e0 duratura riducendo al minimo le imposte di successione.<\/li>\n<li><strong>Fondi consigliati dai donatori (DAF):<\/strong> La creazione di un fondo consigliato dai donatori attraverso il VCCF pu\u00f2 consentire ai donatori di ottenere una deduzione fiscale immediata per l'intero importo del contributo, mantenendo la flessibilit\u00e0 di raccomandare sovvenzioni nel tempo. Questo pu\u00f2 essere uno strumento strategico per gestire gli oneri fiscali e sostenere cause benefiche.<\/li>\n<li><strong>IRA Trasferimenti di beneficenza:<\/strong> Gli individui di et\u00e0 pari o superiore a 70 anni e mezzo possono effettuare trasferimenti esenti da imposte direttamente dai loro IRA alla VCCF, soddisfacendo le distribuzioni minime richieste senza incorrere nell'imposta sul reddito.<\/li>\n<\/ul>\n<p>Sebbene questi benefici possano essere significativi, \u00e8 importante che i donatori si rivolgano a professionisti fiscali o ad avvocati specializzati in pianificazione immobiliare per comprendere le implicazioni specifiche delle donazioni di beneficenza nel contesto della loro situazione finanziaria e fiscale complessiva. La VCCF si impegna a collaborare con consulenti professionali per garantire che i donatori ricevano informazioni accurate e massimizzino l'impatto dei loro contributi filantropici.<\/p>\n\t<p>For more details or to discuss ways VCCF can assist you and your clients, contact our Philanthropic Services Team<\/p>\n\t\t\t<a href=\"\/it\/my-vccf-fund\/fund-contact\/\" target=\"_self\">\n\t\t\t\t\t\t\tContatto\n\t\t\t\t\t<\/a>\n\t<p>La Ventura County Community Foundation \u00e8 impegnata a rendere la Contea di Ventura una comunit\u00e0 prospera ed equa.<\/p>\n<p>&nbsp;<\/p>\n<p>Insieme, possiamo ispirare e consentire ai vostri clienti di far parte di un'eredit\u00e0 di generosit\u00e0 e impatto.<\/p>\n    <button id=\"board-prev\" type=\"button\"><\/button>\n    1\n     \/ 3\n    <button id=\"board-next\" type=\"button\"><\/button>","protected":false},"excerpt":{"rendered":"<p>Professional Advisor FAQs Why should I recommend VCCF to my clients? As a professional advisor, your recommendations can greatly impact your clients&#8217; philanthropic strategies. The Ventura County Community Foundation is&hellip;<\/p>","protected":false},"author":4,"featured_media":0,"parent":20931,"menu_order":0,"comment_status":"closed","ping_status":"closed","template":"","meta":{"_acf_changed":false,"give_campaign_id":0,"footnotes":""},"class_list":["post-21048","page","type-page","status-publish","hentry"],"acf":[],"campaignId":"","_links":{"self":[{"href":"https:\/\/vccf.org\/it\/wp-json\/wp\/v2\/pages\/21048","targetHints":{"allow":["GET"]}}],"collection":[{"href":"https:\/\/vccf.org\/it\/wp-json\/wp\/v2\/pages"}],"about":[{"href":"https:\/\/vccf.org\/it\/wp-json\/wp\/v2\/types\/page"}],"author":[{"embeddable":true,"href":"https:\/\/vccf.org\/it\/wp-json\/wp\/v2\/users\/4"}],"replies":[{"embeddable":true,"href":"https:\/\/vccf.org\/it\/wp-json\/wp\/v2\/comments?post=21048"}],"version-history":[{"count":0,"href":"https:\/\/vccf.org\/it\/wp-json\/wp\/v2\/pages\/21048\/revisions"}],"up":[{"embeddable":true,"href":"https:\/\/vccf.org\/it\/wp-json\/wp\/v2\/pages\/20931"}],"wp:attachment":[{"href":"https:\/\/vccf.org\/it\/wp-json\/wp\/v2\/media?parent=21048"}],"curies":[{"name":"wp","href":"https:\/\/api.w.org\/{rel}","templated":true}]}}