{"id":21049,"date":"2024-07-11T13:31:46","date_gmt":"2024-07-11T13:31:46","guid":{"rendered":"https:\/\/vccf.org\/?page_id=21049"},"modified":"2025-11-17T14:11:46","modified_gmt":"2025-11-17T22:11:46","slug":"donor-faqs","status":"publish","type":"page","link":"https:\/\/vccf.org\/it\/donate\/donor-faqs\/","title":{"rendered":"Domande frequenti sui donatori"},"content":{"rendered":"<h1>\n\t\t\tDomande frequenti dei nostri donatori\t<\/h1>\n\t<p>Al VCCF crediamo nel potere della comunit\u00e0. Ogni vostra domanda rafforza la nostra missione di migliorare la vitalit\u00e0 e il benessere della Contea di Ventura. Sia che stiate pensando di fare una donazione o che siate gi\u00e0 donatori, le vostre domande aprono la strada a un impatto maggiore. Di seguito troverete le risposte ad alcune delle domande pi\u00f9 frequenti dei nostri donatori.<\/p>\n\t\t\t\tIs VCCF required to be a good steward of my donation?\n\t\t\t\tYES! VCCF&#8217;s Board of Directors is 100% certified in Fiduciary Essentials for Foundations and Endowments (FEFE), and staff is trained every year.\n<img loading=\"lazy\" decoding=\"async\" src=\"https:\/\/vccf.org\/wp-content\/uploads\/2024\/07\/logo.png\" alt=\"\" width=\"120\" height=\"120\" \/>\n\t\t\t\tDonare alla Ventura County Community Foundation significa investire nel futuro della nostra comunit\u00e0. Ogni dollaro donato sostiene le organizzazioni non profit locali e le iniziative volte a migliorare la qualit\u00e0 della vita nella Contea di Ventura. I nostri profondi legami con la comunit\u00e0 e la nostra conoscenza approfondita delle esigenze locali garantiscono che i vostri contributi siano indirizzati dove possono fare pi\u00f9 bene:\n<ul>\n<li data-pm-slice=\"1 3 []\">Oltre $250 milioni di euro distribuiti in sovvenzioni e borse di studio dall'inizio.<\/li>\n<li data-pm-slice=\"1 3 []\">Riconoscimento coerente per la trasparenza e la responsabilit\u00e0 fiscale.<\/li>\n<\/ul>\n\t\t\t\tIs VCCF a nonprofit?\n\t\t\t\tYES! Therefore any donation to VCCF or a VCCF fund is a charitable donation under the Tax ID 77-0165029.\n\t\t\t\tWhat asset types can I give?\n\t\t\t\tVCCF is authorized to accept gifts of all kinds. While the most common types of gifts include cash, appreciated property, and publicly-traded stock, we can also accept most other assets.\n\t<p>To learn more or to take the next step of your Ventura County Philanthropic Journey, please contact our Philanthropic Services team<\/p>\n\t\t\t<a href=\"\/it\/my-vccf-fund\/fund-contact\/\" target=\"_self\">\n\t\t\t\t\t\t\tContatto Jim Rivera\n\t\t\t\t\t<\/a>\n\t\t\t\t<img decoding=\"async\" src=\"https:\/\/vccf.org\/wp-content\/uploads\/2024\/07\/Group-1080-2.png\" alt=\"Group 1080 (2)\" itemprop=\"image\" height=\"563\" width=\"463\" title=\"Gruppo 1080 (2)\" onerror=\"this.style.display='none'\" loading=\"lazy\" \/>\n\t<p>\"Questa comunit\u00e0 \u00e8 stata la nostra casa per molti anni e si \u00e8 comportata bene con noi. I nostri figli e nipoti vivono tutti in questa zona. Abbiamo creato questo fondo per promuovere lo sviluppo di alloggi a prezzi accessibili, per sostenere le arti e per migliorare il benessere fisico e mentale delle persone nella nostra comunit\u00e0. Il fondo \u00e8 flessibile nell'aiutarci con i nostri piani successori e ci piace poter vedere i risultati delle nostre donazioni mentre siamo ancora vivi per farne parte\".<\/p>\n<h4>\n\t\t\tMike Merewether. Donatore\t<\/h4>\n\t<p>Ogni domanda porta a una comprensione e a una connessione pi\u00f9 profonde. La vostra curiosit\u00e0 alimenta la nostra missione condivisa di arricchire la vita di ogni residente della Contea di Ventura. Insieme, stiamo creando un'eredit\u00e0 di compassione e resilienza. Grazie per aver considerato la Ventura County Community Foundation come vostro partner filantropico.<\/p>\n<h4>\n\t\t\tSiete pronti a fare la differenza?\t<\/h4>\n\t<p><a href=\"https:\/\/vccf.org\/it\/contact-us\/\">Contattateci oggi stesso<\/a>, <a href=\"https:\/\/vccf.org\/it\/donate\/\">donare<\/a>, o <a href=\"https:\/\/vccf.org\/it\/my-vccf-fund\/start-a-fund\/\">avviare il proprio fondo<\/a> per iniziare il vostro viaggio filantropico per rendere la Contea di Ventura un posto migliore.<\/p>\n\t\t\t\t<img decoding=\"async\" src=\"https:\/\/vccf.org\/wp-content\/uploads\/2024\/04\/image-11.png\" alt=\"image (11)\" itemprop=\"image\" height=\"563\" width=\"463\" title=\"immagine (11)\" onerror=\"this.style.display='none'\" loading=\"lazy\" \/>","protected":false},"excerpt":{"rendered":"<p>Frequently Asked Questions from Our Donors At the VCCF, we believe in the power of community. Every question you ask strengthens our mission to enhance the vibrancy and well-being of&hellip;<\/p>","protected":false},"author":4,"featured_media":0,"parent":20931,"menu_order":0,"comment_status":"closed","ping_status":"closed","template":"","meta":{"_acf_changed":false,"give_campaign_id":0,"footnotes":""},"class_list":["post-21049","page","type-page","status-publish","hentry"],"acf":[],"campaignId":"","_links":{"self":[{"href":"https:\/\/vccf.org\/it\/wp-json\/wp\/v2\/pages\/21049","targetHints":{"allow":["GET"]}}],"collection":[{"href":"https:\/\/vccf.org\/it\/wp-json\/wp\/v2\/pages"}],"about":[{"href":"https:\/\/vccf.org\/it\/wp-json\/wp\/v2\/types\/page"}],"author":[{"embeddable":true,"href":"https:\/\/vccf.org\/it\/wp-json\/wp\/v2\/users\/4"}],"replies":[{"embeddable":true,"href":"https:\/\/vccf.org\/it\/wp-json\/wp\/v2\/comments?post=21049"}],"version-history":[{"count":0,"href":"https:\/\/vccf.org\/it\/wp-json\/wp\/v2\/pages\/21049\/revisions"}],"up":[{"embeddable":true,"href":"https:\/\/vccf.org\/it\/wp-json\/wp\/v2\/pages\/20931"}],"wp:attachment":[{"href":"https:\/\/vccf.org\/it\/wp-json\/wp\/v2\/media?parent=21049"}],"curies":[{"name":"wp","href":"https:\/\/api.w.org\/{rel}","templated":true}]}}