{"id":21086,"date":"2024-07-23T10:02:18","date_gmt":"2024-07-23T10:02:18","guid":{"rendered":"https:\/\/vccf.org\/?page_id=21086"},"modified":"2025-07-24T04:39:34","modified_gmt":"2025-07-24T11:39:34","slug":"start-a-fund","status":"publish","type":"page","link":"https:\/\/vccf.org\/it\/my-vccf-fund\/start-a-fund\/","title":{"rendered":"Start a Fund with Ventura County Community Foundation"},"content":{"rendered":"<h1>\n\t\t\tBegin Your Legacy in Ventura County &#8211; Set Up a VCCF Fund\t<\/h1>\n\t<p>Benvenuti in una comunit\u00e0 di creatori di cambiamento!<\/p>\n<h2>\n\t\t\tPerch\u00e9 avviare un fondo con la VCCF?\t<\/h2>\n\t<p>Unitevi a noi nel nostro impegno di trasformare la Contea di Ventura attraverso una filantropia mirata. L'avvio di un fondo presso la Ventura County Community Foundation offre un modo personalizzato di contribuire alle cause che vi appassionano, promuovendo il cambiamento dove \u00e8 pi\u00f9 necessario nella nostra comunit\u00e0.<\/p>\n\t\t\t\t<img decoding=\"async\" src=\"https:\/\/vccf.org\/wp-content\/uploads\/2024\/07\/logo-2.png\" alt=\"logo (2)\" itemprop=\"image\" height=\"120\" width=\"120\" title=\"logo (2)\" onerror=\"this.style.display='none'\" loading=\"lazy\" \/>\n<h3>\n\t\t\tVCCF is 100% certified in Fiduciary Essentials for Foundations and Endowments (FEFE).\t<\/h3>\n<h3>\n\t\t\tCome avviare un fondo\t<\/h3>\n\t<p>Iniziate il vostro viaggio filantropico fissando un appuntamento di consulenza gratuito con il nostro team dedicato ai servizi filantropici. Discuteremo i vostri obiettivi ed esploreremo le opzioni migliori per rendere la vostra donazione il pi\u00f9 efficace possibile.<\/p>\n\t\t\t<a href=\"https:\/\/vccf.org\/it\/my-vccf-fund\/fund-contact\/\" target=\"_self\">\n\t\t\t\t\t\t\tFissate una consulenza non vincolante\n\t\t\t\t\t<\/a>\n\t<p>\"La VCCF rende facile stabilire un lascito che andr\u00e0 a beneficio delle persone per gli anni a venire, e assicurarsi che i finanziamenti vadano a organizzazioni meritevoli\".<\/p>\n\t<p>Kimberly J. Engberg, Titolare del Fondo<\/p>\n<h3>\n\t\t\tLe fasi tipiche dell'avvio di un fondo:\t<\/h3>\n\t\t\t\tRivedere obiettivi e aspirazioni\n\t\t\t\t<p>Definite cosa volete ottenere con la vostra filantropia.<\/p>\n\t\t\t\tSelezionare il tipo di fondo pi\u00f9 adatto\n\t\t\t\t<p>Esaminate e confrontate una serie di categorie di fondi per soddisfare al meglio i vostri interessi caritatevoli e i vostri obiettivi di impatto:<\/p>\n<ul data-pm-slice=\"3 3 []\">\n<li data-list-indent=\"2\" data-list-type=\"bulleted\">\n<p><strong>Fondi di agenzia:<\/strong> Sostenete la vostra nonprofit con il patrimonio gestito.<\/p>\n<\/li>\n<li data-list-indent=\"2\" data-list-type=\"bulleted\">\n<p><strong>Fondi consigliati dai donatori (DAF):<\/strong> Usufruite di agevolazioni fiscali e consigliate sovvenzioni.<\/p>\n<\/li>\n<li data-list-indent=\"2\" data-list-type=\"bulleted\">\n<p><strong>Fondi designati:<\/strong> Sostegno diretto a organizzazioni o programmi specifici.<\/p>\n<\/li>\n<li data-list-indent=\"2\" data-list-type=\"bulleted\">\n<p><strong>Fondi per i campi di interesse:<\/strong> Affrontare cause o aree geografiche di ampio respiro.<\/p>\n<\/li>\n<li data-list-indent=\"2\" data-list-type=\"bulleted\">\n<p><strong>Fondi per le borse di studio:<\/strong> Aid students&#8217; education.<\/p>\n<\/li>\n<li data-list-indent=\"2\" data-list-type=\"bulleted\">\n<p><strong>Fondi non vincolati:<\/strong> Consentire al VCCF di rispondere ai bisogni urgenti della comunit\u00e0.<\/p>\n<\/li>\n<\/ul>\n\t\t\t\t&#8220;Do the paperwork&#8221;\n\t\t\t\t<p>Collaborate con il nostro team di esperti per creare il vostro fondo e commemorare le vostre volont\u00e0.<\/p>\n\t\t\t\tSovvenzioni\n\t\t\t\t<p>Decidete come distribuire i fondi per avere un impatto duraturo.<\/p>\n\t\t\t\tFinanziare il fondo\n\t\t\t\t<p>Iniziate con una donazione iniziale e aggiungetela nel tempo.<\/p>\n\t<p>Per qualsiasi domanda o per i prossimi passi, contattate il nostro team di servizi filantropici<\/p>\n\t\t\t<a href=\"https:\/\/vccf.org\/it\/my-vccf-fund\/fund-contact\/\" target=\"_self\">\n\t\t\t\t\t\t\tContatto\n\t\t\t\t\t<\/a>\n<h2>\n\t\t\tVantaggi della creazione di un fondo\t<\/h2>\n\t\t\t\t<img decoding=\"async\" src=\"https:\/\/vccf.org\/wp-content\/uploads\/2024\/07\/Group-1075.png\" alt=\"Group 1075\" itemprop=\"image\" height=\"52\" width=\"52\" title=\"Gruppo 1075\" onerror=\"this.style.display='none'\" loading=\"lazy\" \/>\n<h3>\n\t\t\tSemplicit\u00e0\t<\/h3>\n\t<p>La creazione di un fondo di beneficenza \u00e8 un'alternativa semplice e a basso costo alla costituzione e all'amministrazione di una fondazione privata e richiede un minimo di documentazione. Gestiamo gli investimenti, elaboriamo le distribuzioni del fondo e presentiamo le relative dichiarazioni fiscali.<\/p>\n\t\t\t\t<img decoding=\"async\" src=\"https:\/\/vccf.org\/wp-content\/uploads\/2024\/07\/Group-1076.png\" alt=\"Group 1076\" itemprop=\"image\" height=\"52\" width=\"52\" title=\"Gruppo 1076\" onerror=\"this.style.display='none'\" loading=\"lazy\" \/>\n<h3>\n\t\t\tVantaggi fiscali\t<\/h3>\n\t<p>Massimizzare i benefici fiscali federali e statali. Ricevere una deduzione fiscale immediata nell'anno in cui viene effettuata la donazione, senza dover prendere decisioni affrettate sulla tempistica o sul beneficiario delle donazioni.<\/p>\n\t\t\t\t<img decoding=\"async\" src=\"https:\/\/vccf.org\/wp-content\/uploads\/2024\/07\/Group-1122.png\" alt=\"Group 1122\" itemprop=\"image\" height=\"52\" width=\"52\" title=\"Gruppo 1122\" onerror=\"this.style.display='none'\" loading=\"lazy\" \/>\n<h3>\n\t\t\tGrande flessibilit\u00e0\t<\/h3>\n\t<p>Possiamo accettare un'ampia variet\u00e0 di donazioni, tra cui contanti, azioni, immobili e altri beni. Possiamo aiutarvi a creare un fondo che risponda praticamente a qualsiasi scopo benefico. Ricevere un riconoscimento pubblico o rimanere anonimi. Potete fare donazioni a diverse organizzazioni e aggiungere fondi in qualsiasi momento.<\/p>\n\t\t\t\t<img decoding=\"async\" src=\"https:\/\/vccf.org\/wp-content\/uploads\/2024\/07\/Group-1079.png\" alt=\"Group 1079\" itemprop=\"image\" height=\"50\" width=\"45\" title=\"Gruppo 1079\" onerror=\"this.style.display='none'\" loading=\"lazy\" \/>\n<h3>\n\t\t\tGestione professionale\t<\/h3>\n\t<p>Godete dei vantaggi di avere il vostro fondo all'interno di un portafoglio di investimenti diversificato e gestito attivamente, con personale professionale a disposizione per rispondere alle domande, identificare i bisogni della comunit\u00e0 e vagliare le richieste di sovvenzione.<\/p>\n\t\t\t\t<img decoding=\"async\" src=\"https:\/\/vccf.org\/wp-content\/uploads\/2024\/07\/Group-1080-2-1.png\" alt=\"Group 1080 (2)\" itemprop=\"image\" height=\"52\" width=\"50\" title=\"Gruppo 1080 (2)\" onerror=\"this.style.display='none'\" loading=\"lazy\" \/>\n<h3>\n\t\t\tImpatto sulla comunit\u00e0\t<\/h3>\n\t<p>Il nostro staff professionale vi aiuter\u00e0 a comprendere i bisogni della comunit\u00e0, a valutare le organizzazioni locali e a indirizzare le donazioni verso aree ad alto impatto.<\/p>\n\t\t\t\t<img decoding=\"async\" src=\"https:\/\/vccf.org\/wp-content\/uploads\/2024\/07\/Group-1081.png\" alt=\"Group 1081\" itemprop=\"image\" height=\"52\" width=\"52\" title=\"Gruppo 1081\" onerror=\"this.style.display='none'\" loading=\"lazy\" \/>\n<h3>\n\t\t\tStabilit\u00e0\t<\/h3>\n\t<p>Le fondazioni comunitarie sono organizzazioni professionali che rispettano gli standard di performance pubblicati per quanto riguarda le pratiche di investimento, i servizi ai donatori e le pratiche di erogazione delle sovvenzioni. La revisione contabile annuale, la divulgazione pubblica di tutte le attivit\u00e0 di sovvenzione e l'attenta selezione dei membri del consiglio di amministrazione assicurano l'uso continuo dei fondi nell'interesse pubblico, come stabilito dai donatori.<\/p>\n\t\t\t\t<img decoding=\"async\" src=\"https:\/\/vccf.org\/wp-content\/uploads\/2024\/07\/Group-1123.png\" alt=\"Group 1123\" itemprop=\"image\" height=\"52\" width=\"53\" title=\"Gruppo 1123\" onerror=\"this.style.display='none'\" loading=\"lazy\" \/>\n<h3>\n\t\t\tPerpetuit\u00e0\t<\/h3>\n\t<p>I fondi di dotazione serviranno i vostri interessi caritatevoli ora e per le generazioni a venire, perch\u00e9 il capitale del fondo non viene mai speso. Un fondo di dotazione dura per sempre: una testimonianza permanente della vostra compassione e una risorsa duratura per la vostra comunit\u00e0.<\/p>\n\t<button id=\"board-prev\" type=\"button\">Scorri indietro<\/button>\n<button id=\"board-next\" type=\"button\">Scorri per saperne di pi\u00f9<\/button>\n\t<p><strong>Unisciti alla nostra comunit\u00e0 di donatori oggi stesso! Contattateci per iniziare il vostro viaggio filantropico e aiutateci a rendere la Contea di Ventura un posto migliore per tutti.<\/strong><\/p>\n\t\t\t<a href=\"https:\/\/vccf.org\/it\/my-vccf-fund\/fund-contact\/\" target=\"_self\">\n\t\t\t\t\t\t\tContatto\n\t\t\t\t\t<\/a>\n<h3>\n\t\t\t\"Questa comunit\u00e0 \u00e8 stata la nostra casa per molti anni e si \u00e8 comportata bene con noi. I nostri figli e nipoti vivono tutti in questa zona. Abbiamo creato questo fondo per promuovere lo sviluppo di alloggi a prezzi accessibili, per sostenere le arti e per migliorare il benessere fisico e mentale delle persone nella nostra comunit\u00e0. Il fondo \u00e8 flessibile nell'aiutarci con i nostri piani successori e ci piace poter vedere i risultati delle nostre donazioni mentre siamo ancora vivi per farne parte\".\t<\/h3>\n\t<p>Mike Merewether, Donor<\/p>\n\t\t\t\t<img decoding=\"async\" src=\"https:\/\/vccf.org\/wp-content\/uploads\/2024\/07\/Group-1080-1.png\" alt=\"Group 1080 (1)\" itemprop=\"image\" height=\"563\" width=\"463\" title=\"Gruppo 1080 (1)\" onerror=\"this.style.display='none'\" loading=\"lazy\" \/>","protected":false},"excerpt":{"rendered":"<p>Begin Your Legacy in Ventura County &#8211; Set Up a VCCF Fund Welcome to a community of change-makers! Why Start a Fund with VCCF? Join us in our commitment to&hellip;<\/p>","protected":false},"author":3,"featured_media":0,"parent":21014,"menu_order":0,"comment_status":"closed","ping_status":"closed","template":"","meta":{"_acf_changed":false,"give_campaign_id":0,"footnotes":""},"class_list":["post-21086","page","type-page","status-publish","hentry"],"acf":[],"campaignId":"","_links":{"self":[{"href":"https:\/\/vccf.org\/it\/wp-json\/wp\/v2\/pages\/21086","targetHints":{"allow":["GET"]}}],"collection":[{"href":"https:\/\/vccf.org\/it\/wp-json\/wp\/v2\/pages"}],"about":[{"href":"https:\/\/vccf.org\/it\/wp-json\/wp\/v2\/types\/page"}],"author":[{"embeddable":true,"href":"https:\/\/vccf.org\/it\/wp-json\/wp\/v2\/users\/3"}],"replies":[{"embeddable":true,"href":"https:\/\/vccf.org\/it\/wp-json\/wp\/v2\/comments?post=21086"}],"version-history":[{"count":0,"href":"https:\/\/vccf.org\/it\/wp-json\/wp\/v2\/pages\/21086\/revisions"}],"up":[{"embeddable":true,"href":"https:\/\/vccf.org\/it\/wp-json\/wp\/v2\/pages\/21014"}],"wp:attachment":[{"href":"https:\/\/vccf.org\/it\/wp-json\/wp\/v2\/media?parent=21086"}],"curies":[{"name":"wp","href":"https:\/\/api.w.org\/{rel}","templated":true}]}}