{"id":21123,"date":"2024-07-25T11:56:07","date_gmt":"2024-07-25T11:56:07","guid":{"rendered":"https:\/\/vccf.org\/?page_id=21123"},"modified":"2025-12-11T13:54:16","modified_gmt":"2025-12-11T21:54:16","slug":"virtual-lunch-and-learns","status":"publish","type":"page","link":"https:\/\/vccf.org\/it\/events\/virtual-lunch-and-learns\/","title":{"rendered":"Virtual Lunch and Learns"},"content":{"rendered":"<h1>\n\t\t\tVCCF Virtual Lunch &#038; Learns: <br \/>Unisciti alla nostra comunit\u00e0 di Changemakers!\t<\/h1>\n\t<p><strong>Impegnarsi insieme per una Contea di Ventura pi\u00f9 luminosa<\/strong><\/p>\n\t<p>Alla Ventura County Community Foundation crediamo che ogni incontro sia un'opportunit\u00e0 per forgiare un futuro migliore per la nostra comunit\u00e0. I nostri eventi sono pi\u00f9 che riunioni: sono una vibrante celebrazione di uno scopo condiviso e di un sentito impegno a migliorare la Contea di Ventura.<\/p>\n\t<p><strong>Pranzi e lezioni virtuali: Una finestra sull'impatto locale<\/strong><\/p>\n\t<p>Sperimentate il potere dell'azione collettiva con i nostri Pranzi e lezioni virtuali. Queste sessioni riuniscono donatori, leader della comunit\u00e0 e persone appassionate per discutere e sostenere i progetti in corso che plasmano il futuro della nostra comunit\u00e0. Dal miglioramento delle opportunit\u00e0 educative all'avanzamento delle iniziative sanitarie, ogni incontro \u00e8 un passo avanti nel nostro cammino comune.<\/p>\n\t\t\t\t<img decoding=\"async\" src=\"https:\/\/vccf.org\/wp-content\/uploads\/2024\/10\/image-2024-10-18T132935.500.png\" alt=\"image - 2024-10-18T132935.500\" itemprop=\"image\" height=\"851\" width=\"836\" title=\"immagine - 2024-10-18T132935.500\" onerror=\"this.style.display='none'\" loading=\"lazy\" \/>\n<h2>\n\t\t\tPerch\u00e9 partecipare?\t<\/h2>\n\t<p>Connettersi con persone che la pensano allo stesso modo<\/p>\n\t<p>Share your passion with a community that cares deeply about Ventura County&#8217;s future and well-being.<\/p>\n\t<p>Rimanete informati sui progetti d'impatto<\/p>\n\t<p>Scoprite l'impatto diretto dei vostri contributi e vedete in prima persona come, insieme, stiamo facendo la differenza.<\/p>\n\t<p>Dare forma al futuro<\/p>\n\t<p>La vostra partecipazione aiuta a guidare la direzione delle nostre iniziative, assicurando che i bisogni della comunit\u00e0 siano sempre in primo piano.<\/p>\n\t<p>Ascoltate chi ha provato la gioia di donare attraverso i nostri eventi:<\/p>\n\t<p>\"I pranzi e le lezioni virtuali sono stati un ottimo modo per incontrare i contatti di altre organizzazioni non profit. La Contea di Ventura ha un'ampia variet\u00e0 di organizzazioni non profit che svolgono un lavoro efficace rendendo la nostra comunit\u00e0 un posto meraviglioso in cui vivere. Ho imparato molto grazie ai pranzi e alle lezioni e ho fatto molte nuove amicizie\".<\/p>\n\t<p>Linda Braunschweiger, CEO del Fondo fiduciario per gli alloggi della Contea di Ventura<\/p>\n<h2>\n\t\t\tProssimi eventi\t<\/h2>\n\t<p>Vi invitiamo a partecipare ai nostri prossimi eventi. Ogni evento \u00e8 pianificato meticolosamente per garantire un'esperienza arricchente e memorabile a tutti i partecipanti. Restate sintonizzati per i dettagli del nostro prossimo incontro e partecipate a qualcosa di veramente speciale.<\/p>\n<p>Per partecipare al nostro prossimo evento o per maggiori dettagli, contattate Lauren Graf Pe\u00f1a al numero <a href=\"mailto:lgraf@vccf.org\" rel=\"noopener\" target=\"_blank\">lgraf@vccf.org<\/a>.<\/p>\n<p>Insieme, ispiriamo il cambiamento e celebriamo lo spirito della nostra comunit\u00e0 ad ogni incontro!<\/p>\n<h2>\n\t\t\tRegistration &#038; Past Recordings\t<\/h2>","protected":false},"excerpt":{"rendered":"<p>VCCF Virtual Lunch &#038; Learns: Join Our Community of Changemakers! Engaging Together for a Brighter Ventura County At the Ventura County Community Foundation, we believe every gathering is an opportunity&hellip;<\/p>","protected":false},"author":4,"featured_media":0,"parent":21008,"menu_order":0,"comment_status":"closed","ping_status":"closed","template":"","meta":{"_acf_changed":false,"give_campaign_id":0,"footnotes":""},"class_list":["post-21123","page","type-page","status-publish","hentry"],"acf":[],"campaignId":"","_links":{"self":[{"href":"https:\/\/vccf.org\/it\/wp-json\/wp\/v2\/pages\/21123","targetHints":{"allow":["GET"]}}],"collection":[{"href":"https:\/\/vccf.org\/it\/wp-json\/wp\/v2\/pages"}],"about":[{"href":"https:\/\/vccf.org\/it\/wp-json\/wp\/v2\/types\/page"}],"author":[{"embeddable":true,"href":"https:\/\/vccf.org\/it\/wp-json\/wp\/v2\/users\/4"}],"replies":[{"embeddable":true,"href":"https:\/\/vccf.org\/it\/wp-json\/wp\/v2\/comments?post=21123"}],"version-history":[{"count":0,"href":"https:\/\/vccf.org\/it\/wp-json\/wp\/v2\/pages\/21123\/revisions"}],"up":[{"embeddable":true,"href":"https:\/\/vccf.org\/it\/wp-json\/wp\/v2\/pages\/21008"}],"wp:attachment":[{"href":"https:\/\/vccf.org\/it\/wp-json\/wp\/v2\/media?parent=21123"}],"curies":[{"name":"wp","href":"https:\/\/api.w.org\/{rel}","templated":true}]}}