{"id":21453,"date":"2024-09-16T14:41:11","date_gmt":"2024-09-16T14:41:11","guid":{"rendered":"https:\/\/vccf.org\/?page_id=21453"},"modified":"2025-05-05T11:04:48","modified_gmt":"2025-05-05T18:04:48","slug":"start-an-endowment-fund","status":"publish","type":"page","link":"https:\/\/vccf.org\/it\/grants\/start-an-endowment-fund\/","title":{"rendered":"Start an Endowment Fund"},"content":{"rendered":"<h1>\n\t\tBuild Financial Sustainability for  Your Nonprofit\n\t<\/h1>\n\t<p>Contattateci per fissare una consulenza sulle dotazioni.<\/p>\n\t\t\t<a href=\"https:\/\/vccf.org\/it\/my-vccf-fund\/fund-contact\/\" target=\"_self\">\n\t\t\t\t\t\t\tFissare un appuntamento\n\t\t\t\t\t<\/a>\n\t\t\t\t<img loading=\"lazy\" decoding=\"async\" src=\"https:\/\/vccf.org\/wp-content\/uploads\/2024\/09\/Mask-group-87.png\" alt=\"Mask group (87)\" itemprop=\"image\" height=\"851\" width=\"836\" title=\"Gruppo maschera (87)\" onerror=\"this.style.display='none'\"  \/>\n\t\t\t\t<img loading=\"lazy\" decoding=\"async\" src=\"https:\/\/vccf.org\/wp-content\/uploads\/2024\/04\/\u0421\u043b\u043e\u0439-1-4.png\" alt=\"\u0421\u043b\u043e\u0438\u0306 1 4\" itemprop=\"image\" height=\"60\" width=\"44\" title=\"\u0421\u043b\u043e\u0439 1 4\" onerror=\"this.style.display='none'\"  \/>\n<h3>\n\t\tRendere la Contea di Ventura un posto migliore in cui vivere\n\t<\/h3>\n\t<p>\"La collaborazione con la Ventura County Community Foundation per la gestione delle nostre dotazioni \u00e8 stata una delle decisioni pi\u00f9 importanti che abbiamo preso per il futuro e la sostenibilit\u00e0 a lungo termine della nostra nonprofit. Ci fidiamo profondamente della VCCF, che offre un livello di competenza, integrit\u00e0 e attenzione tale da sembrare una vera e propria estensione del nostro team. Con VCCF al nostro fianco, possiamo concentrarci pienamente sulla nostra missione e sull'espansione della nostra programmazione per il miglioramento della Contea di Ventura\".<\/p>\n\t<p>Elena Brokaw, Museo della Contea di Ventura<\/p>\n<h2>\n\t\tPerch\u00e9 scegliere un fondo di dotazione dell'Agenzia?\n\t<\/h2>\n\t<p>Costruire un fondo di dotazione per l'agenzia con il VCCF offre alla vostra nonprofit un percorso verso la resilienza e la sostenibilit\u00e0 finanziaria, assicurando la prosperit\u00e0 della vostra missione per gli anni a venire.<\/p>\n\t\t\t\t<img decoding=\"async\" src=\"https:\/\/vccf.org\/wp-content\/uploads\/2024\/09\/Group-1127.svg\" alt=\"Group 1127\" itemprop=\"image\" title=\"Gruppo 1127\" onerror=\"this.style.display='none'\"  \/>\n\t<p>Missione Prosperit\u00e0<\/p>\n\t<p>Costruire un fondo di dotazione per l'agenzia con il VCCF offre alla vostra nonprofit un percorso verso la resilienza e la sostenibilit\u00e0 finanziaria, assicurando la prosperit\u00e0 della vostra missione per gli anni a venire.<\/p>\n\t\t\t\t<img decoding=\"async\" src=\"https:\/\/vccf.org\/wp-content\/uploads\/2024\/09\/Group-1127.svg\" alt=\"Group 1127\" itemprop=\"image\" title=\"Gruppo 1127\" onerror=\"this.style.display='none'\"  \/>\n\t<p>Stabilit\u00e0 finanziaria<\/p>\n\t<p>Creare un flusso di reddito affidabile che sostenga la vostra organizzazione al di l\u00e0 dei bilanci e delle campagne annuali.<\/p>\n\t\t\t\t<img decoding=\"async\" src=\"https:\/\/vccf.org\/wp-content\/uploads\/2024\/11\/Frame-1181.svg\" alt=\"Frame 1181\" itemprop=\"image\" title=\"Telaio 1181\" onerror=\"this.style.display='none'\"  \/>\n\t<p>Sostenibilit\u00e0 a lungo termine<\/p>\n\t<p>Assicurate il futuro dei vostri programmi e delle vostre operazioni, anche in tempi difficili, costruendo una solida base finanziaria.<\/p>\n\t\t\t\t<img decoding=\"async\" src=\"https:\/\/vccf.org\/wp-content\/uploads\/2024\/09\/Group-1129.svg\" alt=\"Group 1129\" itemprop=\"image\" title=\"Gruppo 1129\" onerror=\"this.style.display='none'\"  \/>\n\t<p>Manutenzione delle strutture<\/p>\n\t<p>Accantonate i fondi per le riparazioni e gli aggiornamenti essenziali, assicurandovi che le vostre strutture rimangano in ottime condizioni.<\/p>\n\t\t\t\t<img decoding=\"async\" src=\"https:\/\/vccf.org\/wp-content\/uploads\/2024\/09\/Group-1130-1.svg\" alt=\"Group 1130 (1)\" itemprop=\"image\" title=\"Gruppo 1130 (1)\" onerror=\"this.style.display='none'\"  \/>\n\t<p>Maggiore visibilit\u00e0<\/p>\n\t<p>Partner with VCCF to enhance your organization&#8217;s credibility and presence within the community.<\/p>\n\t\t\t\t<img decoding=\"async\" src=\"https:\/\/vccf.org\/wp-content\/uploads\/2024\/09\/Group-1131.svg\" alt=\"Group 1131\" itemprop=\"image\" title=\"Gruppo 1131\" onerror=\"this.style.display='none'\"  \/>\n\t<p>Edificio Legacy<\/p>\n\t<p>Stabilite un impatto duraturo creando un fondo che sostenga la vostra missione per generazioni.<\/p>\n\t\t\t\t<img decoding=\"async\" src=\"https:\/\/vccf.org\/wp-content\/uploads\/2024\/09\/Group-1134-1.svg\" alt=\"Group 1134 (1)\" itemprop=\"image\" title=\"Gruppo 1134 (1)\" onerror=\"this.style.display='none'\"  \/>\n\t<p>Donazioni pianificate<\/p>\n\t<p>Offrire ai donatori la possibilit\u00e0 di effettuare donazioni pianificate o differite, ampliando le opportunit\u00e0 di finanziamento.<\/p>\n\t\t\t\t<img decoding=\"async\" src=\"https:\/\/vccf.org\/wp-content\/uploads\/2024\/09\/Group-1134-1.svg\" alt=\"Group 1134 (1)\" itemprop=\"image\" title=\"Gruppo 1134 (1)\" onerror=\"this.style.display='none'\"  \/>\n\t<p>Gestione professionale<\/p>\n\t<p>Beneficiare di una gestione degli investimenti da parte di esperti, per garantire che il vostro fondo di dotazione sia gestito in modo saggio per ottenere rendimenti ottimali.<\/p>\n\t<p>\"VCCF \u00e8 stata determinante nell'aiutare Food Share a far crescere la nostra dotazione per garantire il nostro futuro finanziario. Il team \u00e8 sempre proattivo e offre un supporto dedicato ogni volta che ne abbiamo bisogno. Inoltre, vanno oltre, aiutandoci a entrare in contatto con donatori appassionati della nostra missione di garantire che nessuno soffra la fame nella Contea di Ventura. Siamo profondamente grati di avere la VCCF come partner di fiducia nel nostro lavoro\".<\/p>\n\t<p>Monica White, presidente e amministratore delegato di Food Share of Ventura County<\/p>\n<h2>\n\t\tCome costituire il fondo\n\t<\/h2>\n\t<p>Nome del fondo<\/p>\n\t<p>Scegliete un nome che sia in linea con la vostra missione e i vostri valori e che rifletta l'essenza della vostra organizzazione.<\/p>\n\t<p>Scopo<\/p>\n\t<p>Definite come il reddito sosterr\u00e0 le vostre iniziative, delineando gli obiettivi a lungo termine del vostro fondo.<\/p>\n\t<p>L'approvazione del Consiglio di amministrazione<\/p>\n\t<p>Definite come il reddito sosterr\u00e0 le vostre iniziative, delineando gli obiettivi a lungo termine del vostro fondo.<\/p>\n\t<p>Documentazione<\/p>\n\t<p>Fornire una copia dell'atto costitutivo per finalizzare la costituzione del fondo.<\/p>\n\t<p>Contattateci per avere una guida e un'assistenza esperta:<\/p>\n\t\t\t<a href=\"https:\/\/vccf.org\/it\/my-vccf-fund\/fund-contact\/\" target=\"_self\">\n\t\t\t\t\t\t\tContatto\n\t\t\t\t\t<\/a>\n    <button id=\"board-prev\" type=\"button\"><\/button>\n    1\n     \/ 4\n    <button id=\"board-next\" type=\"button\"><\/button>","protected":false},"excerpt":{"rendered":"<p>Build Financial Sustainability for Your Nonprofit Contact us to schedule a consultation about endowments. Schedule Appointment Make Ventura County a better place to live &#8220;Partnering with the Ventura County Community&hellip;<\/p>","protected":false},"author":3,"featured_media":0,"parent":22928,"menu_order":0,"comment_status":"closed","ping_status":"closed","template":"","meta":{"_acf_changed":false,"give_campaign_id":0,"footnotes":""},"class_list":["post-21453","page","type-page","status-publish","hentry"],"acf":[],"campaignId":"","_links":{"self":[{"href":"https:\/\/vccf.org\/it\/wp-json\/wp\/v2\/pages\/21453","targetHints":{"allow":["GET"]}}],"collection":[{"href":"https:\/\/vccf.org\/it\/wp-json\/wp\/v2\/pages"}],"about":[{"href":"https:\/\/vccf.org\/it\/wp-json\/wp\/v2\/types\/page"}],"author":[{"embeddable":true,"href":"https:\/\/vccf.org\/it\/wp-json\/wp\/v2\/users\/3"}],"replies":[{"embeddable":true,"href":"https:\/\/vccf.org\/it\/wp-json\/wp\/v2\/comments?post=21453"}],"version-history":[{"count":0,"href":"https:\/\/vccf.org\/it\/wp-json\/wp\/v2\/pages\/21453\/revisions"}],"up":[{"embeddable":true,"href":"https:\/\/vccf.org\/it\/wp-json\/wp\/v2\/pages\/22928"}],"wp:attachment":[{"href":"https:\/\/vccf.org\/it\/wp-json\/wp\/v2\/media?parent=21453"}],"curies":[{"name":"wp","href":"https:\/\/api.w.org\/{rel}","templated":true}]}}