{"id":21559,"date":"2024-10-25T13:57:14","date_gmt":"2024-10-25T13:57:14","guid":{"rendered":"https:\/\/vccf.org\/?page_id=21559"},"modified":"2026-01-23T11:26:00","modified_gmt":"2026-01-23T19:26:00","slug":"donate-to-support-disaster-relief","status":"publish","type":"page","link":"https:\/\/vccf.org\/it\/donate\/donate-to-support-disaster-relief\/","title":{"rendered":"Donate to Support Disaster Relief"},"content":{"rendered":"<h1>\n\t\t\tDonare ora\t<\/h1>\n\t\t\t<a href=\"#relief-recovery\"  target=\"_self\">\n\t\t\t\t\t\t\tPer sostenere il Ventura County Neighbors Support Fund, effettuare una donazione qui sotto\n\t\t\t\t\t<\/a>\n\t\t\t<a href=\"https:\/\/vccf.org\/it\/donate\/\"  target=\"_self\">\n\t\t\t\t\t\t\tPer dare un contributo a qualsiasi fondo o iniziativa del VCCF, fare clic qui\n\t\t\t\t\t<\/a>\n<h2  id=\"relief-recovery\">\n\t\t\t\t<\/h2>\n\t<p>Ogni dollaro donato contribuisce a tessere il tessuto di una Contea di Ventura pi\u00f9 vivace e resistente. La vostra donazione consente alla Ventura County Community Foundation di affrontare le necessit\u00e0 pi\u00f9 urgenti, di promuovere la crescita a lungo termine e di far prosperare le comunit\u00e0 della contea di Ventura.<\/p>\n<h2>\n\t\t\tAltri modi per donare\t<\/h2>\n\t<p><strong>1. Inviateci un assegno<\/strong><\/p>\n<p>Intestare gli assegni alla Ventura County Community Foundation e spedirli al nostro indirizzo postale: 4001 Mission Oaks Blvd, Suite A, Camarillo, CA 93012. Scrivete nella riga della nota il nome del fondo a cui volete contribuire.<\/p>\n<p><strong>2. Trasferimento di titoli o contanti per via telematica<\/strong><\/p>\n<p>Accettiamo donazioni di titoli quotati in borsa e contanti tramite bonifico bancario. Per comodit\u00e0, abbiamo preparato una lettera di istruzioni di una pagina da inviare alla vostra banca o alla vostra societ\u00e0 di consulenza per gli investimenti, che fornir\u00e0 al vostro consulente finanziario tutte le informazioni necessarie per eseguire un bonifico di titoli o contanti.<\/p>\n<a href=\"https:\/\/vccf.org\/wp-content\/uploads\/2026\/01\/USB-Stock-Transfer-1.pdf\" target=\"_blank\" rel=\"noopener\">Istruzioni per inviare un bonifico bancario<\/a><br \/>\n<a href=\"https:\/\/vccf.org\/wp-content\/uploads\/2026\/01\/VCCF-Wire-ACH-Transfer.pdf\" target=\"_blank\" rel=\"noopener\">Istruzioni per il trasferimento di azioni<\/a>\n<p>Per qualsiasi domanda, contattateci all'indirizzo <a href=\"mailto:info@vccf.org\">info@vccf.org<\/a>.<\/p>\n<p>Assicuratevi di includere il nome del fondo a cui desiderate contribuire. La Ventura County Community Foundation \u00e8 un ente di beneficenza pubblico 501(c)3, numero di identificazione fiscale federale: 77-0165029.<\/p>","protected":false},"excerpt":{"rendered":"<p>Donate Now To support the Ventura County Neighbors Support Fund, donate below To make a contribution to any VCCF Fund or Initiative, click here Every dollar you give helps weave&hellip;<\/p>","protected":false},"author":3,"featured_media":23230,"parent":20931,"menu_order":0,"comment_status":"closed","ping_status":"closed","template":"","meta":{"_acf_changed":false,"give_campaign_id":0,"footnotes":""},"class_list":["post-21559","page","type-page","status-publish","has-post-thumbnail","hentry"],"acf":[],"campaignId":"","_links":{"self":[{"href":"https:\/\/vccf.org\/it\/wp-json\/wp\/v2\/pages\/21559","targetHints":{"allow":["GET"]}}],"collection":[{"href":"https:\/\/vccf.org\/it\/wp-json\/wp\/v2\/pages"}],"about":[{"href":"https:\/\/vccf.org\/it\/wp-json\/wp\/v2\/types\/page"}],"author":[{"embeddable":true,"href":"https:\/\/vccf.org\/it\/wp-json\/wp\/v2\/users\/3"}],"replies":[{"embeddable":true,"href":"https:\/\/vccf.org\/it\/wp-json\/wp\/v2\/comments?post=21559"}],"version-history":[{"count":0,"href":"https:\/\/vccf.org\/it\/wp-json\/wp\/v2\/pages\/21559\/revisions"}],"up":[{"embeddable":true,"href":"https:\/\/vccf.org\/it\/wp-json\/wp\/v2\/pages\/20931"}],"wp:featuredmedia":[{"embeddable":true,"href":"https:\/\/vccf.org\/it\/wp-json\/wp\/v2\/media\/23230"}],"wp:attachment":[{"href":"https:\/\/vccf.org\/it\/wp-json\/wp\/v2\/media?parent=21559"}],"curies":[{"name":"wp","href":"https:\/\/api.w.org\/{rel}","templated":true}]}}