{"id":521,"date":"2024-04-18T13:58:36","date_gmt":"2024-04-18T13:58:36","guid":{"rendered":"https:\/\/vccf.org\/?page_id=521"},"modified":"2026-01-20T09:54:24","modified_gmt":"2026-01-20T17:54:24","slug":"student-applicants","status":"publish","type":"page","link":"https:\/\/vccf.org\/it\/scholarships\/students\/student-applicants\/","title":{"rendered":"Studenti candidati"},"content":{"rendered":"<h1>\n\t\t\tCongratulazioni per aver intrapreso l'istruzione superiore!\t<\/h1>\n\t<p>Grazie alla generosit\u00e0 dei donatori locali, la VCCF \u00e8 in grado di collaborare con voi per aiutarvi a raggiungere i vostri obiettivi di carriera e di istruzione.<\/p>\n<h2>\n\t\t\tVCCF Scholarship Season Now Closed\t<\/h2>\n<figure itemscope itemtype=\"https:\/\/schema.org\/ImageObject\">\n\t\t\t\t<img decoding=\"async\" src=\"https:\/\/vccf.org\/wp-content\/uploads\/2024\/12\/ye6dugke.jpeg\" alt=\"ye6dugke\" height=\"1067\" width=\"1600\" title=\"ye6dugke\" onerror=\"this.style.display='none'\" loading=\"lazy\" \/>\n\t<\/figure>\n<h2>\n\t\t\tIl processo di candidatura\t<\/h2>\n\t<p>La nostra procedura di richiesta delle borse di studio \u00e8 <strong>competitivo<\/strong>con oltre 100 opportunit\u00e0 di borse di studio disponibili e <strong>diverse migliaia<\/strong> <strong>richiedenti ogni anno<\/strong>. La compilazione accurata e completa della domanda \u00e8 fondamentale per l'ammissibilit\u00e0. Consigliamo a ogni studente di <strong>leggere la pagina seguente<\/strong> per comprendere i requisiti dell'applicazione.<\/p>\n\t\t\t\tWatch the Overview Video\n\t\t\t\t<iframe src=\"https:\/\/player.vimeo.com\/video\/1127333725?badge=0&amp;autopause=0&amp;player_id=0&amp;app_id=58479\" frameborder=\"0\" allow=\"autoplay; fullscreen; picture-in-picture; clipboard-write; encrypted-media; web-share\" referrerpolicy=\"strict-origin-when-cross-origin\" title=\"VCCF Scholarship Presentation 2025.26\"><\/iframe>\t\t\t\n\t\t\t\tCome iniziare\n\t\t\t\t<p>Per completare con successo la procedura di candidatura, si prega di leggere tutte le informazioni contenute in questa pagina.<\/p>\n<ol>\n<li>Creare un account sul portale VCCF Academic Works\u00a0<strong><a href=\"https:\/\/vccf.academicworks.com\/users\/sign_up\" target=\"_blank\" rel=\"noopener\">cliccando qui<\/a><\/strong>. Assicuratevi di utilizzare il vostro indirizzo e-mail personale e di controllarlo frequentemente. <strong>Non utilizzare l'indirizzo e-mail della scuola<\/strong>. Identificare una password seguendo le seguenti linee guida. La password deve:\n<ul>\n<li>Non contenere il proprio nome utente o parole o frasi comuni.<\/li>\n<li>Contenere un minimo di 12 caratteri.<\/li>\n<li>Include at least 1 digit, 1 uppercase letter, 1 lowercase letter, and 1 of these special characters: # ? ! @ $ % ^ &amp; * &#8211;<\/li>\n<\/ul>\n<\/li>\n<li>Contattate due persone disposte a compilare un questionario di raccomandazione a vostro nome. Una delle due persone deve essere un insegnante o un consulente scolastico. Vi verr\u00e0 chiesto di elencare i nomi e gli indirizzi e-mail delle vostre referenze nel portale di candidatura. Se possibile, si prega di fornire i loro indirizzi e-mail personali. Le altre persone possono essere un allenatore, un pastore, un datore di lavoro o qualcuno che non sia un familiare. Non saranno accettate lettere di coetanei.<\/li>\n<li>Dopo aver compilato la domanda generale, <strong>click on &#8220;other opportunities&#8221;<\/strong> per assicurarsi di soddisfare i requisiti per le singole opportunit\u00e0 a cui ci si candida.<\/li>\n<li>Se avete bisogno di assistenza, contattate il nostro ufficio borse di studio all'indirizzo <a href=\"mailto:scholarships@vccf.org\" target=\"_blank\" rel=\"noopener\">scholarships@vccf.org<\/a><\/li>\n<\/ol>\n\t\t\t\tRichiedete al vostro consulente accademico la vostra trascrizione pi\u00f9 recente.\n\t\t\t\t<ul>\n<li>\u00c8 necessario presentare una trascrizione\u00a0<strong>come file PDF<\/strong> affinch\u00e9 la vostra domanda possa essere considerata valida. Assicuratevi che il nome del file sia breve e senza caratteri speciali.<\/li>\n<li>I profili degli studenti sono accettabili solo se includono la vostra media non ponderata.<\/li>\n<li><strong>Il vostro GPA non ponderato deve essere visibile.<\/strong><\/li>\n<\/ul>\n\t\t\t\tChiedete almeno due referenze\n\t\t\t\t<p>Si prega di notare che la maggior parte dei raccomandatori avr\u00e0 bisogno di\u00a0<strong>almeno due (2) settimane<\/strong>\u00a0per compilare il questionario di raccomandazione, ma non \u00e8 mai troppo presto per chiederlo. Vi invitiamo a informare il pi\u00f9 possibile in anticipo i vostri raccomandanti quando richiedete una referenza.<\/p>\n<p>Quest'anno, i vostri raccomandatori compileranno un questionario per conto vostro.<\/p>\n<ul>\n<li>Lasciate ai vostri consiglieri il tempo necessario per compilare il questionario.<\/li>\n<li>Le altre raccomandazioni possono provenire da un allenatore, un pastore, un datore di lavoro, un mentore o da chiunque vi conosca bene e non sia un amico o un familiare, ma almeno una raccomandazione deve provenire da un insegnante o da un consulente accademico.<\/li>\n<\/ul>\n\t\t\t\tFinancial Need\n\t\t\t\t<p>Some of our scholarships require proof of financial need. <a href=\"https:\/\/vccf.org\/wp-content\/uploads\/2025\/10\/2026-VCCF-Financial-Need-Resource.pdf\"><strong>Please view our Financial Need Guidelines here<\/strong><\/a>Quando si compila la domanda, \u00e8 necessario conoscere le informazioni finanziarie pi\u00f9 recenti.<\/p>\n<ul>\n<li>Se siete un\u00a0<strong>dipendente<\/strong> you will need your guardians&#8217;\/spouse&#8217;s<strong>\u00a0reddito complessivo dell'ultimo anno fiscale di deposito<\/strong>.<\/li>\n<li>Se siete <strong>indipendente<\/strong> \u00e8 necessario il\u00a0<strong>reddito complessivo per l'ultimo anno fiscale di presentazione.<\/strong><\/li>\n<li>Le linee guida sulle necessit\u00e0 finanziarie saranno disponibili a ottobre di ogni anno solare.<\/li>\n<\/ul>\n\t\t\t\tRecensione Opportunit\u00e0 di borse di studio disponibili\n\t\t\t\t<p><strong>La Ventura County Community Foundation offre oltre 100 opportunit\u00e0 di borse di studio!<\/strong><\/p>\n<p>Sono disponibili nuove borse di studio e sono state apportate alcune modifiche. Tutti i candidati, anche quelli che hanno gi\u00e0 ottenuto una borsa di studio, devono rivedere le linee guida, poich\u00e9 i criteri potrebbero essere cambiati. Le linee guida per le borse di studio saranno disponibili a ottobre di ogni anno solare.<\/p>\n<p><strong><a href=\"https:\/\/vccf.org\/wp-content\/uploads\/2025\/10\/2026-Scholarship-Guidelines.pdf\" target=\"_blank\" rel=\"noopener\">Clicca qui<\/a><\/strong> per le nostre Linee guida per le borse di studio.<\/p>\n<p>Quando completate e inviate la domanda di borsa di studio generale, la vostra domanda sar\u00e0 presa in considerazione per tutte le opportunit\u00e0 di borse di studio auto-match disponibili. Oltre alle opportunit\u00e0 di corrispondenza automatica, sono disponibili diverse borse di studio \"apply-to\". Potete esaminare le opportunit\u00e0 di candidatura dopo aver inviato la domanda generale.<\/p>\n\t\t\t\tSuggerimenti per le borse di studio\n\t\t\t\t<ul>\n<li><strong>CONSIGLIO #1 Non aspettate l'ultimo minuto<\/strong><br \/>\nLa compilazione della domanda richiede tempo, quindi siate ponderati nelle risposte.<\/li>\n<li><strong>SUGGERIMENTO #2 Assicuratevi che le vostre raccomandazioni siano presentate a vostro nome.<\/strong><br \/>\nLa domanda richiede due raccomandazioni per essere presa in considerazione. \u00c8 responsabilit\u00e0 dell'interessato assicurarsi che i suoi raccomandati compilino la raccomandazione a suo nome entro la scadenza finale.<\/li>\n<li><strong>SUGGERIMENTO #3 Compilare la domanda in ogni sua parte.<\/strong><br \/>\nBe sure to complete the entire application. If a question does not apply, note that on the application (&#8220;n\/a&#8221; for not applicable). Don&#8217;t just leave a blank. Include all required documents.<\/li>\n<li><strong>CONSIGLIO #4 Seguire le indicazioni.<br \/>\n<\/strong>Fornite tutto ci\u00f2 che \u00e8 richiesto, ma non fornite ci\u00f2 che non \u00e8 stato richiesto: la vostra candidatura sar\u00e0 squalificata.\u00a0<strong>Se \u00e8 richiesto un saggio o un modulo speciale, assicuratevi di includerlo.<\/strong><\/li>\n<li><strong>CONSIGLIO #5 Assicuratevi che il vostro saggio lasci il segno.<\/strong><br \/>\nThe key to writing a strong essay is to be personal and specific. Include concrete details to make your experience come alive: the &#8216;who,&#8217; &#8216;what,&#8217; &#8216;where,&#8217; and &#8216;when&#8217; of your topic. The simplest experience can be monumental if you present honestly how you were affected. There is a specific prompt or topic for each scholarship. Be sure that you respond to that prompt. Be sure to check your spelling. Think of your essay as a narrative picture of you for our selection committee.<\/li>\n<li><strong>TIP #6 Give it a final &#8216;once-over.&#8217;<br \/>\n<\/strong>Rileggete attentamente l'intera domanda. Fate attenzione alle parole sbagliate o agli errori grammaticali. Chiedete a un amico, un insegnante o un genitore di correggere i vostri elaborati.<\/li>\n<li><strong>CONSIGLIO #7 Chiedete aiuto se ne avete bisogno.<br \/>\n<\/strong>In caso di problemi con la domanda, contattate il team delle borse di studio VCCF all'indirizzo <a href=\"mailto:scholarships@vccf.org\" rel=\"noopener\" target=\"_blank\">scholarships@vccf.org<\/a>. Se avete domande specifiche sulla domanda, contattate la Ventura County Community Foundation.<\/li>\n<li><strong>CONSIGLIO #8 Ricordate: la vostra domanda di borsa di studio rappresenta voi stessi!<\/strong><br \/>\nLa capacit\u00e0 di presentare una domanda ordinata, tempestiva e completa si riflette su di voi. \u00c8 il vostro volto per questa organizzazione. Siate orgogliosi di voi stessi presentando la migliore domanda possibile.<\/li>\n<li><strong>TIP #9 Fare domanda solo se si \u00e8 idonei.<br \/>\n<\/strong>Per le borse di studio disponibili, accertatevi di essere idonei prima di presentare la domanda. La vostra domanda non sar\u00e0 presa in considerazione se non siete idonei a candidarvi.<\/li>\n<\/ul>\n\t\t\t\tDocumenti importanti\n\t\t\t\t<p><strong><a href=\"https:\/\/vccf.org\/wp-content\/uploads\/2025\/10\/2026-VCCF-Financial-Need-Resource.pdf\" target=\"_blank\" rel=\"noopener\">2025-2026 Financial Need Document<\/a><\/strong><\/p>\n<p><strong><a href=\"https:\/\/vccf.org\/wp-content\/uploads\/2024\/11\/guidelines-24.25-final.pdf\" target=\"_blank\" rel=\"noopener\">2024-2025 Linee guida<\/a><\/strong><\/p>\n\t\t\t\tTimeline &#038; Important Dates\n\t\t\t\t<p><strong>October 29, 2025: <\/strong><em>Application Opens<\/em><\/p>\n<p><strong>January 16, 2026: <\/strong><em>Application Closes<\/em><\/p>\n<p><strong>January 23, 2026: <\/strong><em>Final Reference Deadline<\/em><\/p>\n<p><strong>February through April 2026: <\/strong><em>Le domande vengono esaminate<\/em><\/p>\n<p><strong>April 28, 2026: <\/strong><em>Applicants Informed<\/em><\/p>\n<h2>\n\t\t\tNow you are ready to apply\t<\/h2>\n\t<p>You&#8217;ve reviewed the eligibility guidelines, you&#8217;ve requested your most recent transcripts, gathered your financial documents, and have contacted your potential references &#8211; great! Now it&#8217;s time to work on your application.<\/p>\n\t\t\t<a href=\"https:\/\/vccf.academicworks.com\/\" target=\"_blank\" rel=\"noopener\">\n\t\t\t\t\t\t\tApplicare\n\t\t\t\t\t<\/a>\n    <button id=\"board-prev\" type=\"button\"><\/button>\n    1\n     \/ 4\n    <button id=\"board-next\" type=\"button\"><\/button>","protected":false},"excerpt":{"rendered":"<p>Congratulations on Pursuing Higher Education! Through the generosity of local donors, VCCF is able to partner with you to help you reach your career and educational goals. VCCF Scholarship Season&hellip;<\/p>","protected":false},"author":4,"featured_media":0,"parent":269,"menu_order":0,"comment_status":"closed","ping_status":"closed","template":"","meta":{"_acf_changed":false,"give_campaign_id":0,"footnotes":""},"class_list":["post-521","page","type-page","status-publish","hentry"],"acf":[],"campaignId":"","_links":{"self":[{"href":"https:\/\/vccf.org\/it\/wp-json\/wp\/v2\/pages\/521","targetHints":{"allow":["GET"]}}],"collection":[{"href":"https:\/\/vccf.org\/it\/wp-json\/wp\/v2\/pages"}],"about":[{"href":"https:\/\/vccf.org\/it\/wp-json\/wp\/v2\/types\/page"}],"author":[{"embeddable":true,"href":"https:\/\/vccf.org\/it\/wp-json\/wp\/v2\/users\/4"}],"replies":[{"embeddable":true,"href":"https:\/\/vccf.org\/it\/wp-json\/wp\/v2\/comments?post=521"}],"version-history":[{"count":0,"href":"https:\/\/vccf.org\/it\/wp-json\/wp\/v2\/pages\/521\/revisions"}],"up":[{"embeddable":true,"href":"https:\/\/vccf.org\/it\/wp-json\/wp\/v2\/pages\/269"}],"wp:attachment":[{"href":"https:\/\/vccf.org\/it\/wp-json\/wp\/v2\/media?parent=521"}],"curies":[{"name":"wp","href":"https:\/\/api.w.org\/{rel}","templated":true}]}}