{"id":742,"date":"2024-04-25T13:46:47","date_gmt":"2024-04-25T13:46:47","guid":{"rendered":"https:\/\/vccf.org\/?page_id=742"},"modified":"2025-01-10T11:19:53","modified_gmt":"2025-01-10T11:19:53","slug":"contact-us","status":"publish","type":"page","link":"https:\/\/vccf.org\/it\/contact-us\/","title":{"rendered":"Contatto"},"content":{"rendered":"\n\n<h1>\n\t\tMake Ventura County  a better place to live\n\t<\/h1>\n\t<strong>VCCF&#8217;s regular hours of operation:<\/strong><br \/>\n9 a.m. to 5 p.m. Monday through Friday.\n\tVentura County Community Foundation<br \/>\n4001 Mission Oaks Blvd., Ste. A<br \/>\nCamarillo, CA 93012\n\t<p>Phone:\u00a0<a href=\"tel:8059880196\">(805) 988-0196<\/a> Fax:\u00a0<a href=\"tel:8054842700\">(805) 484-2700<\/a> Email:\u00a0<a href=\"mailto:info@vccf.org\">info@vccf.org<\/a><\/p>\n\t\t\t<a href=\"tel:8059880196\" target=\"_self\" rel=\"noopener\">\n\t\t\t\t\t\t\tCall Us\n\t\t\t\t\t<\/a>\n\t\t\t<a href=\"https:\/\/www.google.com\/maps\/place\/4001+Mission+Oaks+Blvd+a,+Camarillo,+CA+93012\/@34.2168749,-119.0188201,17z\/data=!3m1!4b1!4m5!3m4!1s0x80e836422be983b9:0xa435d00fdd7c3564!8m2!3d34.2168749!4d-119.0166314?shorturl=1\" target=\"_blank\" rel=\"noopener\">\n\t\t\t\t\t\t\tDirections\n\t\t\t\t\t<\/a>\n<h1>\n\t\tContact us\n\t<\/h1>\n\t<p>Please fill the form below to contact us:<\/p>\n                            \n                        <form method='post' enctype='multipart\/form-data' target='gform_ajax_frame_8' id='gform_8'  action='\/?page_id=742&#038;fl_builder#gf_8' data-formid='8' novalidate>\n                        <label class='gfield_label gform-field-label' for='input_8_8'>First name(Required)<\/label><input name='input_8' id='input_8_8' type='text' value='' class='large'    placeholder='First name' aria-required=\"true\" aria-invalid=\"false\"   \/> <label class='gfield_label gform-field-label' for='input_8_9'>Last name<\/label><input name='input_9' id='input_8_9' type='text' value='' class='large'    placeholder='Last name'  aria-invalid=\"false\"   \/> <label class='gfield_label gform-field-label' for='input_8_5'>Email(Required)<\/label>\n                            <input name='input_5' id='input_8_5' type='email' value='' class='large'   placeholder='Email' aria-required=\"true\" aria-invalid=\"false\"  \/>\n                        <label class='gfield_label gform-field-label' for='input_8_6'>Phone<\/label><input name='input_6' id='input_8_6' type='tel' value='' class='large'  placeholder='Phone number'  aria-invalid=\"false\"   \/><label class='gfield_label gform-field-label' for='input_8_10'>Message<\/label><textarea name='input_10' id='input_8_10' class='textarea small'    placeholder='Message'  aria-invalid=\"false\"   rows='10' cols='50'><\/textarea>\n         <input type='submit' id='gform_submit_button_8' class='gform_button button' value='Submit'  onclick='if(window[\"gf_submitting_8\"]){return false;}  if( !jQuery(\"#gform_8\")[0].checkValidity || jQuery(\"#gform_8\")[0].checkValidity()){window[\"gf_submitting_8\"]=true;}  ' onkeypress='if( event.keyCode == 13 ){ if(window[\"gf_submitting_8\"]){return false;} if( !jQuery(\"#gform_8\")[0].checkValidity || jQuery(\"#gform_8\")[0].checkValidity()){window[\"gf_submitting_8\"]=true;}  jQuery(\"#gform_8\").trigger(\"submit\",[true]); }' \/> <input type='hidden' name='gform_ajax' value='form_id=8&amp;title=&amp;description=1&amp;tabindex=0&amp;theme=gravity-theme' \/>\n            <input type='hidden' class='gform_hidden' name='is_submit_8' value='1' \/>\n            <input type='hidden' class='gform_hidden' name='gform_submit' value='8' \/>\n            <input type='hidden' class='gform_hidden' name='gform_unique_id' value='' \/>\n            <input type='hidden' class='gform_hidden' name='state_8' value='WyJbXSIsImNmY2MzMDFiZWU0ZjI4YWI1Y2I5MThmMTE4MTA5NDVlIl0=' \/>\n            <input type='hidden' class='gform_hidden' name='gform_target_page_number_8' id='gform_target_page_number_8' value='0' \/>\n            <input type='hidden' class='gform_hidden' name='gform_source_page_number_8' id='gform_source_page_number_8' value='1' \/>\n            <input type='hidden' name='gform_field_values' value='' \/>\n                        <\/form>\n\t\t                <iframe style='display:none;width:0px;height:0px;' src='about:blank' name='gform_ajax_frame_8' id='gform_ajax_frame_8' title='This iframe contains the logic required to handle Ajax powered Gravity Forms.'><\/iframe>\n\n","protected":false},"excerpt":{"rendered":"<p>Rendere la Contea di Ventura un posto migliore in cui vivere L'orario regolare di attivit\u00e0 della VCCF \u00e8 dalle 9 alle 17 dal luned\u00ec al venerd\u00ec. Fondazione comunitaria della contea di Ventura 4001 Mission Oaks Blvd., Ste....<\/p>","protected":false},"author":3,"featured_media":0,"parent":0,"menu_order":0,"comment_status":"closed","ping_status":"closed","template":"","meta":{"_acf_changed":false,"give_campaign_id":0,"footnotes":""},"class_list":["post-742","page","type-page","status-publish","hentry"],"acf":[],"campaignId":"","_links":{"self":[{"href":"https:\/\/vccf.org\/it\/wp-json\/wp\/v2\/pages\/742","targetHints":{"allow":["GET"]}}],"collection":[{"href":"https:\/\/vccf.org\/it\/wp-json\/wp\/v2\/pages"}],"about":[{"href":"https:\/\/vccf.org\/it\/wp-json\/wp\/v2\/types\/page"}],"author":[{"embeddable":true,"href":"https:\/\/vccf.org\/it\/wp-json\/wp\/v2\/users\/3"}],"replies":[{"embeddable":true,"href":"https:\/\/vccf.org\/it\/wp-json\/wp\/v2\/comments?post=742"}],"version-history":[{"count":0,"href":"https:\/\/vccf.org\/it\/wp-json\/wp\/v2\/pages\/742\/revisions"}],"wp:attachment":[{"href":"https:\/\/vccf.org\/it\/wp-json\/wp\/v2\/media?parent=742"}],"curies":[{"name":"wp","href":"https:\/\/api.w.org\/{rel}","templated":true}]}}