{"id":744,"date":"2024-04-26T08:11:49","date_gmt":"2024-04-26T08:11:49","guid":{"rendered":"https:\/\/vccf.org\/?page_id=744"},"modified":"2026-03-31T14:50:38","modified_gmt":"2026-03-31T21:50:38","slug":"coffee-and-connections","status":"publish","type":"page","link":"https:\/\/vccf.org\/it\/events\/coffee-and-connections\/","title":{"rendered":"Coffee &#038; Connections"},"content":{"rendered":"<h1>\n\t\t\tCoffee &#038; Connections\t<\/h1>\n\t<p><strong>Abbracciare la comunit\u00e0, una tazza alla volta<\/strong><\/p>\n<p>Alla Ventura County Community Foundation crediamo nel potere della connessione. Noi e i nostri partner del California Lutheran University Center for Nonprofit Leadership vi invitiamo a unirvi a noi. Queste opportunit\u00e0 di networking e condivisione sono pi\u00f9 di una semplice serie di eventi; \u00e8 un movimento verso una Ventura County pi\u00f9 connessa, solidale e prospera.<\/p>\n\t\t\t<a href=\"https:\/\/vccf.org\/it\/events\/coffee-and-connections\/coffee-connections-sign-up\/\"  target=\"_self\">\n\t\t\t\t\t\t\tIscriviti alla mailing list\n\t\t\t\t\t<\/a>\n<figure itemscope itemtype=\"https:\/\/schema.org\/ImageObject\">\n\t\t\t\t<img decoding=\"async\" src=\"https:\/\/vccf.org\/wp-content\/uploads\/2024\/04\/image-38.png\" alt=\"image (38)\" height=\"851\" width=\"836\" title=\"immagine (38)\" onerror=\"this.style.display='none'\" loading=\"lazy\" \/>\n\t<\/figure>\n<h2>\n\t\t\tAbout Coffee &#038; Connections\t<\/h2>\n\t<p>Coffee &amp; Connections \u00e8 stato progettato per promuovere relazioni basate sulla comunit\u00e0 e reciprocamente vantaggiose tra professionisti della comunit\u00e0 locale e del settore non profit. I nostri incontri bimestrali, virtuali e di persona, si immergono in conversazioni facilitate con organizzazioni e organizzazioni non profit locali, discutono di sfide e successi con i colleghi e approfondiscono la comprensione dei bisogni della nostra comunit\u00e0.<\/p>\n<p>Tutti i professionisti del settore non profit sono invitati a partecipare. Aiutateci a diffondere la notizia invitando i vostri colleghi nonprofit a partecipare a Coffee &amp; Connections. Insieme, possiamo tessere un tessuto pi\u00f9 forte di sostegno e collaborazione in tutta la Contea di Ventura!<\/p>\n<h2>\n\t\t\tWhy Join Coffee &#038; Connections?\t<\/h2>\n\t<p>Coltivare le relazioni<\/p>\n\t<p>Creare legami duraturi con altri professionisti del settore non profit e della comunit\u00e0 che condividono la vostra passione per fare la differenza.<\/p>\n\t<p>Imparare e crescere<\/p>\n\t<p>Partecipare a discussioni significative che si concentrano su soluzioni reali, esperienze condivise e apprendimento collaborativo.<\/p>\n\t<p>Rafforzare la comunit\u00e0<\/p>\n\t<p>Insieme, possiamo creare una Contea di Ventura pi\u00f9 forte e resistente, uniti dal nostro impegno al servizio e alla compassione.<\/p>\n<figure itemscope itemtype=\"https:\/\/schema.org\/ImageObject\">\n\t\t\t\t<img decoding=\"async\" src=\"https:\/\/vccf.org\/wp-content\/uploads\/2025\/05\/Coffee-Connections.png\" alt=\"Vanessa Bechtel speaking to a crowd at Coffee and Connections\" height=\"563\" width=\"463\" title=\"Caff\u00e8 e connessioni\" onerror=\"this.style.display='none'\" loading=\"lazy\" \/>\n\t<\/figure>\n<h2  id=\"upcoming\">\n\t\t\tUpcoming Coffee &#038; Connections\t<\/h2>\n\t<p>Join us for our next Coffee &amp; Connections session on <strong>Friday, Apr. 24 from 9 to 10:30 a.m. via Zoom.<\/strong><\/p>\n<p>This virtual workshop will feature insights from the founders of Coastal Intelligence, who will demystify how artificial intelligence is being applied in real, practical ways across the nonprofit sector, from streamlining operations to strengthening fundraising and communications.<\/p>\n<p>Following the presentation, a panel of early AI adopters will share candid reflections on their experience integrating AI into their work, including measurable productivity gains, lessons learned, and what they wish they had known earlier.<\/p>\n<p>This is not a technical deep dive, but a practical, peer-informed conversation designed to help nonprofit leaders understand where to start, what&#8217;s possible, and how to move forward with confidence.<\/p>\n<p>Come ready for insight, inspiration, and a grounded look at how AI can support your mission-today.<\/p>\n\t\t\t<a href=\"https:\/\/us02web.zoom.us\/meeting\/register\/6H03hx1JTpmlmF7Co2i4qg#\/registration\" target=\"_self\" rel=\"noopener\">\n\t\t\t\t\t\t\tRegistrati ora\n\t\t\t\t\t<\/a>\n<h2>\n\t\t\tLe nostre riunioni\t<\/h2>","protected":false},"excerpt":{"rendered":"<p>Coffee &#038; Connections Embracing Community, One Cup at a Time At the Ventura County Community Foundation, we believe in the power of connection. We and our co-partners at the California&hellip;<\/p>","protected":false},"author":4,"featured_media":0,"parent":21008,"menu_order":0,"comment_status":"closed","ping_status":"closed","template":"","meta":{"_acf_changed":false,"give_campaign_id":0,"footnotes":""},"class_list":["post-744","page","type-page","status-publish","hentry"],"acf":[],"campaignId":"","_links":{"self":[{"href":"https:\/\/vccf.org\/it\/wp-json\/wp\/v2\/pages\/744","targetHints":{"allow":["GET"]}}],"collection":[{"href":"https:\/\/vccf.org\/it\/wp-json\/wp\/v2\/pages"}],"about":[{"href":"https:\/\/vccf.org\/it\/wp-json\/wp\/v2\/types\/page"}],"author":[{"embeddable":true,"href":"https:\/\/vccf.org\/it\/wp-json\/wp\/v2\/users\/4"}],"replies":[{"embeddable":true,"href":"https:\/\/vccf.org\/it\/wp-json\/wp\/v2\/comments?post=744"}],"version-history":[{"count":0,"href":"https:\/\/vccf.org\/it\/wp-json\/wp\/v2\/pages\/744\/revisions"}],"up":[{"embeddable":true,"href":"https:\/\/vccf.org\/it\/wp-json\/wp\/v2\/pages\/21008"}],"wp:attachment":[{"href":"https:\/\/vccf.org\/it\/wp-json\/wp\/v2\/media?parent=744"}],"curies":[{"name":"wp","href":"https:\/\/api.w.org\/{rel}","templated":true}]}}