{"id":20928,"date":"2024-06-18T14:14:47","date_gmt":"2024-06-18T14:14:47","guid":{"rendered":"https:\/\/vccf.org\/?page_id=20928"},"modified":"2025-10-21T09:47:12","modified_gmt":"2025-10-21T16:47:12","slug":"about","status":"publish","type":"page","link":"https:\/\/vccf.org\/pt\/about\/","title":{"rendered":"Sobre"},"content":{"rendered":"<h1>\n\t\t\tCriar um impacto duradouro\t<\/h1>\n<h1>\n\t\t\tpara o s\u00edtio a que chama casa\t<\/h1>\n\t<p>\u00c9 f\u00e1cil causar um impacto significativo na sua comunidade com a orienta\u00e7\u00e3o e o apoio corretos. N\u00e3o se sinta mais sobrecarregado, inseguro quanto \u00e0s causas a apoiar ou confuso quanto \u00e0 forma de garantir que o seu donativo \u00e9 efetivamente utilizado. A VCCF proporciona uma experi\u00eancia de doa\u00e7\u00e3o simples, informada, f\u00e1cil e impactante:<\/p>\n<h4>\n\t\t\tImpacto comprovado\t<\/h4>\n\t<p>Desde 1987, a VCCF concedeu aproximadamente $250 milh\u00f5es para apoiar a nossa comunidade.<\/p>\n<h4>\n\t\t\tMaior alcance\t<\/h4>\n\t<p>We&#8217;ve supported 10,000+ unique nonprofit organizations and local businesses.<\/p>\n<h4>\n\t\t\tApoio aos dadores\t<\/h4>\n\t<p>Mais de 22.000 doadores contribuem para a nossa miss\u00e3o, o que reflecte o amplo apoio e a confian\u00e7a da nossa comunidade.<\/p>\n<strong><a href=\"https:\/\/vccf.org\/pt\/contact-us\/\">Contactar-nos<\/a> ou <a href=\"https:\/\/vccf.org\/pt\/donors\/\">Participe<\/a> e ver as suas contribui\u00e7\u00f5es terem um impacto imediato e duradouro que se pode sentir.<\/strong>\n\t<p>\"N\u00e3o creio que possa mudar o mundo, mas posso contribuir para tornar o Condado de Ventura ainda melhor.\"<\/p>\n\t<p><strong>Leah Lacayo, dador<\/strong><\/p>\n<a  href=\"https:\/\/vccf.org\/pt\/about\/our-history\/\" target=\"_self\">\n\t<\/a>\n<h3>\n\t\t\tA nossa hist\u00f3ria\t<\/h3>\n<a  href=\"https:\/\/vccf.org\/pt\/about\/board-of-directors\/\" target=\"_self\">\n\t<\/a>\n<h3>\n\t\t\tMembros do Conselho de Administra\u00e7\u00e3o\t<\/h3>\n<a  href=\"https:\/\/vccf.org\/pt\/about\/staff\/\" target=\"_self\">\n\t<\/a>\n<h3>\n\t\t\tMembros do pessoal\t<\/h3>\n<a  href=\"https:\/\/vccf.org\/pt\/about\/financials\/\" target=\"_self\">\n\t<\/a>\n<h3>\n\t\t\tFinan\u00e7as\t<\/h3>\n<a  href=\"https:\/\/vccf.org\/pt\/about\/donor-stories\/\" target=\"_self\">\n\t<\/a>\n<h3>\n\t\t\tHist\u00f3rias de dadores\t<\/h3>\n<a  href=\"https:\/\/vccf.org\/pt\/about\/faq\/\" target=\"_self\">\n\t<\/a>\n<h3>\n\t\t\tFAQs\t<\/h3>\n<h2>\n\t\t\tAderir \u00e0 VCCF\t<\/h2>\n\t<p>E fa\u00e7a parte de uma comunidade compassiva e inspirada de doadores e fazedores. Juntos, constru\u00edmos um futuro mais brilhante e mais forte para o nosso Condado de Ventura.<\/p>\n\t\t\t<a href=\"https:\/\/vccf.org\/pt\/get-involved\/\" target=\"_self\">\n\t\t\t\t\t\t\tParticipe\n\t\t\t\t\t<\/a>\n\t\t\t<a href=\"https:\/\/vccf.org\/pt\/contact-us\/\" target=\"_self\">\n\t\t\t\t\t\t\tEnviar-nos um e-mail\n\t\t\t\t\t<\/a>\n\t\t\t\t<img decoding=\"async\" src=\"https:\/\/vccf.org\/wp-content\/uploads\/2024\/06\/Group-1080-2.png\" alt=\"Group 1080 (2)\" itemprop=\"image\" height=\"563\" width=\"463\" title=\"Grupo 1080 (2)\" onerror=\"this.style.display='none'\" loading=\"lazy\" \/>","protected":false},"excerpt":{"rendered":"<p>Crie um impacto duradouro no local a que chama casa \u00c9 f\u00e1cil criar um impacto significativo na sua comunidade com a orienta\u00e7\u00e3o e o apoio certos. Chega de se sentir sobrecarregado, inseguro...<\/p>","protected":false},"author":4,"featured_media":0,"parent":0,"menu_order":0,"comment_status":"closed","ping_status":"closed","template":"","meta":{"_acf_changed":false,"give_campaign_id":0,"footnotes":""},"class_list":["post-20928","page","type-page","status-publish","hentry"],"acf":[],"campaignId":"","_links":{"self":[{"href":"https:\/\/vccf.org\/pt\/wp-json\/wp\/v2\/pages\/20928","targetHints":{"allow":["GET"]}}],"collection":[{"href":"https:\/\/vccf.org\/pt\/wp-json\/wp\/v2\/pages"}],"about":[{"href":"https:\/\/vccf.org\/pt\/wp-json\/wp\/v2\/types\/page"}],"author":[{"embeddable":true,"href":"https:\/\/vccf.org\/pt\/wp-json\/wp\/v2\/users\/4"}],"replies":[{"embeddable":true,"href":"https:\/\/vccf.org\/pt\/wp-json\/wp\/v2\/comments?post=20928"}],"version-history":[{"count":0,"href":"https:\/\/vccf.org\/pt\/wp-json\/wp\/v2\/pages\/20928\/revisions"}],"wp:attachment":[{"href":"https:\/\/vccf.org\/pt\/wp-json\/wp\/v2\/media?parent=20928"}],"curies":[{"name":"wp","href":"https:\/\/api.w.org\/{rel}","templated":true}]}}