{"id":20931,"date":"2024-06-18T15:18:26","date_gmt":"2024-06-18T15:18:26","guid":{"rendered":"https:\/\/vccf.org\/?page_id=20931"},"modified":"2025-03-18T02:52:29","modified_gmt":"2025-03-18T09:52:29","slug":"donate","status":"publish","type":"page","link":"https:\/\/vccf.org\/pt\/donate\/","title":{"rendered":"Doar"},"content":{"rendered":"<img loading=\"lazy\" decoding=\"async\" src=\"https:\/\/vccf.org\/wp-content\/uploads\/2024\/09\/jJqJfy3-3.png\" alt=\"-jJqJfy3 3\" itemprop=\"image\" height=\"375\" width=\"519\" title=\"-jJqJfy3 3\" onerror=\"this.style.display='none'\"  \/>\n\t\t\t<a href=\"https:\/\/vccf.org\/pt\/professional-advisor-faqs\/\" target=\"_self\">\n\t\t\t\t\t\t\tFAQs sobre consultores profissionais\n\t\t\t\t\t<\/a>\n\tFormas de doar e<br \/>\nfazer a diferen\u00e7a<br \/>\nem Ventura County\n\t<p>Cada ato de doa\u00e7\u00e3o molda o futuro da nossa comunidade. A sua generosidade alimenta o progresso, apoia os necessitados e eleva a nossa casa comum.<\/p>\n\t\t\t\t<img loading=\"lazy\" decoding=\"async\" src=\"https:\/\/vccf.org\/wp-content\/uploads\/2024\/06\/donate-3.jpg\" alt=\"donate-3\" itemprop=\"image\" height=\"756\" width=\"1098\" title=\"doar-3\" onerror=\"this.style.display='none'\"  \/>\n\t\t\t<a href=\"\/pt\/donor-faqs\/\" target=\"_self\">\n\t\t\t\t\t\t\tPerguntas frequentes sobre os dadores\n\t\t\t\t\t<\/a>\n\t<p>Apoio \u00e0 miss\u00e3o<\/p>\n\t<p>Uma contribui\u00e7\u00e3o geral para o melhoramento do Condado de Ventura, CA.<\/p>\n\t\t\t<a href=\"\/pt\/donate\/mission-support\/\" target=\"_self\">\n\t\t\t\t\t\t\tDoar\n\t\t\t\t\t<\/a>\n\t<p>Homenagens duradouras<\/p>\n\t<p>Celebrar um marco hist\u00f3rico. Exprimir gratid\u00e3o. Saudar um feito. Comemorar a vida.<\/p>\n\t\t\t<a href=\"https:\/\/vccf.org\/pt\/donate\/donate-to-a-tribute-fund\/\" target=\"_self\">\n\t\t\t\t\t\t\tDoar em honra de algu\u00e9m\n\t\t\t\t\t<\/a>\n\t<p>Apoiar fundos espec\u00edficos<\/p>\n\t<p>Fa\u00e7a a diferen\u00e7a em causas que lhe interessam.<\/p>\n\t\t\t<a href=\"https:\/\/vccf.org\/pt\/donate\/support-specific-funds-and-initiatives\/\" target=\"_self\">\n\t\t\t\t\t\t\tDoar para uma causa espec\u00edfica\n\t\t\t\t\t<\/a>","protected":false},"excerpt":{"rendered":"<p>Professional Advisor FAQs Formas de doar e fazer a diferen\u00e7a em Ventura County Cada ato de doa\u00e7\u00e3o molda o futuro da nossa comunidade. A sua generosidade alimenta o progresso, apoia os necessitados e...<\/p>","protected":false},"author":9,"featured_media":0,"parent":0,"menu_order":0,"comment_status":"closed","ping_status":"closed","template":"","meta":{"_acf_changed":false,"give_campaign_id":0,"footnotes":""},"class_list":["post-20931","page","type-page","status-publish","hentry"],"acf":[],"campaignId":"","_links":{"self":[{"href":"https:\/\/vccf.org\/pt\/wp-json\/wp\/v2\/pages\/20931","targetHints":{"allow":["GET"]}}],"collection":[{"href":"https:\/\/vccf.org\/pt\/wp-json\/wp\/v2\/pages"}],"about":[{"href":"https:\/\/vccf.org\/pt\/wp-json\/wp\/v2\/types\/page"}],"author":[{"embeddable":true,"href":"https:\/\/vccf.org\/pt\/wp-json\/wp\/v2\/users\/9"}],"replies":[{"embeddable":true,"href":"https:\/\/vccf.org\/pt\/wp-json\/wp\/v2\/comments?post=20931"}],"version-history":[{"count":0,"href":"https:\/\/vccf.org\/pt\/wp-json\/wp\/v2\/pages\/20931\/revisions"}],"wp:attachment":[{"href":"https:\/\/vccf.org\/pt\/wp-json\/wp\/v2\/media?parent=20931"}],"curies":[{"name":"wp","href":"https:\/\/api.w.org\/{rel}","templated":true}]}}