{"id":20939,"date":"2024-06-19T08:01:45","date_gmt":"2024-06-19T08:01:45","guid":{"rendered":"https:\/\/vccf.org\/?page_id=20939"},"modified":"2026-03-24T11:58:06","modified_gmt":"2026-03-24T18:58:06","slug":"financials","status":"publish","type":"page","link":"https:\/\/vccf.org\/pt\/about\/financials\/","title":{"rendered":"Finan\u00e7as"},"content":{"rendered":"<h1>\n\t\t\tFinan\u00e7as\t<\/h1>\n\t<p>A Ventura County Community Foundation representa a totalidade do Condado de Ventura. Supervisionamos mais de $250 milh\u00f5es em activos totais e servimos como fiduci\u00e1rios de mais de 800 fundos filantr\u00f3picos. Funcionamos num ano fiscal que come\u00e7a a 1 de outubro e termina a 30 de setembro.<\/p>\n\t\t\t<a href=\"https:\/\/vccf.org\/pt\/get-involved\/\"  target=\"_self\">\n\t\t\t\t\t\t\tParticipe\n\t\t\t\t\t<\/a>\n<figure itemscope itemtype=\"https:\/\/schema.org\/ImageObject\">\n\t\t\t\t<img decoding=\"async\" src=\"https:\/\/vccf.org\/wp-content\/uploads\/2024\/06\/Mask-group.png\" alt=\"Mask group\" height=\"772\" width=\"836\" title=\"Grupo de m\u00e1scaras\" onerror=\"this.style.display='none'\" loading=\"lazy\" \/>\n\t<\/figure>\n<h3>\n\t\t\tA nossa hist\u00f3ria\t<\/h3>\n<h3>\n\t\t\tMembros do Conselho de Administra\u00e7\u00e3o\t<\/h3>\n<h3>\n\t\t\tMembros do pessoal\t<\/h3>\n<h3>\n\t\t\tFinan\u00e7as\t<\/h3>\n<h3>\n\t\t\tHist\u00f3rias de dadores\t<\/h3>\n<h3>\n\t\t\tFAQs\t<\/h3>\n<h1>\n\t\t\tFinan\u00e7as\t<\/h1>\n\t\t\t\tDocumentos financeiros dispon\u00edveis\n\t\t\t\t<ul>\n<li><a href=\"https:\/\/vccf.org\/wp-content\/uploads\/2026\/02\/Ventura-County-Community-Foundation-Sep25-AR-Final.pdf\">FY 2025 Audited Financial Statements<\/a><\/li>\n<li><a href=\"https:\/\/vccf.org\/wp-content\/uploads\/2025\/03\/Ventura-County-Community-Foundation-Sept24-AR-Final.pdf\">Demonstra\u00e7\u00f5es financeiras auditadas para o exerc\u00edcio de 2024<\/a><\/li>\n<li><a href=\"https:\/\/vccf.org\/wp-content\/uploads\/2024\/04\/ventura-county-community-foundation-and-subsidiaries-sep23ar-final.pdf\" target=\"_blank\" rel=\"noopener\">Demonstra\u00e7\u00f5es financeiras auditadas para o exerc\u00edcio de 2023<\/a><\/li>\n<li><a href=\"https:\/\/vccf.org\/wp-content\/uploads\/2024\/04\/ventura-county-community-foundation-sep22ar-final_.pdf\" target=\"_blank\" rel=\"noopener\">Demonstra\u00e7\u00f5es financeiras auditadas do exerc\u00edcio de 2022<\/a><\/li>\n<li><a href=\"https:\/\/vccf.org\/wp-content\/uploads\/2024\/04\/ventura-county-community-foundation-sep21ar-final.pdf\" target=\"_blank\" rel=\"noopener\">Demonstra\u00e7\u00f5es financeiras auditadas do ano fiscal de 2021<\/a><\/li>\n<li><a href=\"https:\/\/vccf.org\/wp-content\/uploads\/2024\/04\/ventura-county-community-foundation-sep20ar-final.pdf\" target=\"_blank\" rel=\"noopener\">Demonstra\u00e7\u00f5es financeiras auditadas do ano fiscal de 2020<\/a><\/li>\n<li><a href=\"https:\/\/vccf.org\/wp-content\/uploads\/2025\/08\/VCCF-2023-Form-990-Public-Disclosure-Copy.pdf\">Formul\u00e1rio 990 para o exerc\u00edcio de 2024<\/a>, <a href=\"https:\/\/vccf.org\/wp-content\/uploads\/2025\/08\/VCCF-2023-Form-990-T-Public-Disclosure-Copy.pdf\">Formul\u00e1rio 990-T para o exerc\u00edcio de 2024<\/a>, <a href=\"https:\/\/vccf.org\/wp-content\/uploads\/2025\/08\/VCCFCASO-2023-Form-990-Public-Disclosure-Copy.pdf\">FY 2023 VCCF Complex Asset Supporting Organization 990<\/a><\/li>\n<li><a href=\"https:\/\/vccf.org\/wp-content\/uploads\/2024\/09\/vccf-2022-form-990-public-disclosure-copy.pdf\" target=\"_blank\" rel=\"noopener\">Formul\u00e1rio 990 para o exerc\u00edcio de 2023<\/a>,\u00a0<a href=\"https:\/\/vccf.org\/wp-content\/uploads\/2024\/09\/vccf-2022-form-990-t-public-disclosure-copy.pdf\" target=\"_blank\" rel=\"noopener\">Formul\u00e1rio 990-T para o exerc\u00edcio de 2023,<\/a>\u00a0<a href=\"https:\/\/vccf.org\/wp-content\/uploads\/2024\/09\/vccfcaso-2022-form-990-public-disclosure-copy.pdf\" target=\"_blank\" rel=\"noopener\">FY 2023 VCCF Complex Asset Supporting Organization 990<\/a><\/li>\n<li><a href=\"https:\/\/vccf.org\/wp-content\/uploads\/2024\/04\/vccf-2021-form-990-public-disclosure-copy.pdf\" target=\"_blank\" rel=\"noopener\">Formul\u00e1rio 990 para o exerc\u00edcio de 2022<\/a><\/li>\n<li><a href=\"https:\/\/vccf.org\/wp-content\/uploads\/2024\/04\/vccf-2020-form-990-public-disclosure-copy.pdf\" target=\"_blank\" rel=\"noopener\">Formul\u00e1rio 990 para o exerc\u00edcio de 2021,<\/a>\u00a0<a href=\"https:\/\/vccf.org\/wp-content\/uploads\/2024\/04\/vccf-2020-form-990-t-public-disclosure-copy.pdf\" target=\"_blank\" rel=\"noopener\">Formul\u00e1rio 990-T para o exerc\u00edcio de 2021<\/a><\/li>\n<li><a href=\"https:\/\/vccf.org\/wp-content\/uploads\/2024\/04\/vccf-2019-form-990-public-disclosure-copy.pdf\" target=\"_blank\" rel=\"noopener\">Formul\u00e1rio 990 para o exerc\u00edcio de 2020,<\/a>\u00a0<a href=\"https:\/\/vccf.org\/wp-content\/uploads\/2024\/04\/vccf-2019-form-990-t-public-disclosure-copy-1.pdf\" target=\"_blank\" rel=\"noopener\">Formul\u00e1rio 990-T para o exerc\u00edcio de 2020<\/a><\/li>\n<\/ul>\n\t\t\t\tInvestment Policy &#038; Overview \n\t\t\t\t<p><a href=\"https:\/\/vccf.org\/wp-content\/uploads\/2025\/10\/VCCF-Investment-Policy-Statement-Final-2025.pdf\" target=\"_blank\" rel=\"noopener\">Pol\u00edtica de investimento da VCCF<\/a><\/p>\n<p>Todos os anos, as pol\u00edticas de investimento da VCCF s\u00e3o cuidadosamente revistas pelo Comit\u00e9 de Investimento, cujas altera\u00e7\u00f5es recomendadas s\u00e3o enviadas ao Conselho de Administra\u00e7\u00e3o. Estas pol\u00edticas definem os montantes de distribui\u00e7\u00e3o anual, as metas de investimento, os objectivos de investimento e as metas de atribui\u00e7\u00e3o de activos.<\/p>\n<p>As pol\u00edticas de distribui\u00e7\u00e3o anual dos fundos de dota\u00e7\u00e3o baseiam-se numa estrat\u00e9gia de retorno total que se destina a proporcionar uma valoriza\u00e7\u00e3o do capital a longo prazo. A atual pol\u00edtica de distribui\u00e7\u00e3o anual para a maior parte dos fundos \u00e9 de 5% do valor total do fundo, com base numa m\u00e9dia m\u00f3vel de 16 trimestres a partir de 30 de junho.<\/p>\n<p>O nosso objetivo de investimento a longo prazo \u00e9 simples: fazer crescer a carteira em termos reais, ajustados \u00e0 infla\u00e7\u00e3o, de modo a satisfazer as necessidades anuais de distribui\u00e7\u00e3o do fundo, preservando e aumentando o poder de compra.<\/p>\n\t\t\t\tComiss\u00f5es de investimento\n\t\t\t\t<p>Cada fundo da VCCF partilha proporcionalmente os custos reais do processo de investimento, consultores e taxas de base, uma vez que cada fundo tamb\u00e9m partilha proporcionalmente os rendimentos. Atualmente, as comiss\u00f5es de investimento s\u00e3o de 0,73%.<\/p>\n<p>* Para mais informa\u00e7\u00f5es, contactar Bonnie Gilles, Diretora Financeira, em\u00a0<a href=\"mailto:bgilles@vccf.org\">bgilles@vccf.org<\/a>.<\/p>\n<figure itemscope itemtype=\"https:\/\/schema.org\/ImageObject\">\n\t\t\t\t<img decoding=\"async\" src=\"https:\/\/vccf.org\/wp-content\/uploads\/2024\/04\/\u0421\u043b\u043e\u0439-1-4.png\" alt=\"\u0421\u043b\u043e\u0438\u0306 1 4\" height=\"60\" width=\"44\" title=\"\u0421\u043b\u043e\u0439 1 4\" onerror=\"this.style.display='none'\" loading=\"lazy\" \/>\n\t<\/figure>\n<h3>\n\t\t\tVeja as suas contribui\u00e7\u00f5es terem um impacto imediato e duradouro que pode sentir\t<\/h3>\n<figure itemscope itemtype=\"https:\/\/schema.org\/ImageObject\">\n\t\t\t\t<img decoding=\"async\" src=\"https:\/\/vccf.org\/wp-content\/uploads\/2024\/04\/\u0421\u043b\u043e\u0439-1-4.png\" alt=\"\u0421\u043b\u043e\u0438\u0306 1 4\" height=\"60\" width=\"44\" title=\"\u0421\u043b\u043e\u0439 1 4\" onerror=\"this.style.display='none'\" loading=\"lazy\" \/>\n\t<\/figure>\n<h2>\n\t\t\tAderir \u00e0 VCCF\t<\/h2>\n\t<p>E fa\u00e7a parte de uma comunidade compassiva e inspirada de doadores e fazedores. Juntos, constru\u00edmos um futuro mais brilhante e mais forte para o nosso Condado de Ventura.<\/p>\n\t\t\t<a href=\"https:\/\/vccf.org\/pt\/get-involved\/\"  target=\"_self\">\n\t\t\t\t\t\t\tParticipe\n\t\t\t\t\t<\/a>\n\t\t\t<a href=\"https:\/\/vccf.org\/pt\/contact-us\/\"  target=\"_self\">\n\t\t\t\t\t\t\tEnviar-nos um e-mail\n\t\t\t\t\t<\/a>\n<figure itemscope itemtype=\"https:\/\/schema.org\/ImageObject\">\n\t\t\t\t<img decoding=\"async\" src=\"https:\/\/vccf.org\/wp-content\/uploads\/2024\/06\/Group-1080-2.png\" alt=\"Group 1080 (2)\" height=\"563\" width=\"463\" title=\"Grupo 1080 (2)\" onerror=\"this.style.display='none'\" loading=\"lazy\" \/>\n\t<\/figure>","protected":false},"excerpt":{"rendered":"<p>Financials The Ventura County Community Foundation represents the entirety of Ventura County. We oversee more than $250 million in total assets and serve as fiduciary to more than 800 philanthropic&hellip;<\/p>","protected":false},"author":3,"featured_media":0,"parent":20928,"menu_order":0,"comment_status":"closed","ping_status":"closed","template":"","meta":{"_acf_changed":false,"give_campaign_id":0,"footnotes":""},"class_list":["post-20939","page","type-page","status-publish","hentry"],"acf":[],"campaignId":"","_links":{"self":[{"href":"https:\/\/vccf.org\/pt\/wp-json\/wp\/v2\/pages\/20939","targetHints":{"allow":["GET"]}}],"collection":[{"href":"https:\/\/vccf.org\/pt\/wp-json\/wp\/v2\/pages"}],"about":[{"href":"https:\/\/vccf.org\/pt\/wp-json\/wp\/v2\/types\/page"}],"author":[{"embeddable":true,"href":"https:\/\/vccf.org\/pt\/wp-json\/wp\/v2\/users\/3"}],"replies":[{"embeddable":true,"href":"https:\/\/vccf.org\/pt\/wp-json\/wp\/v2\/comments?post=20939"}],"version-history":[{"count":0,"href":"https:\/\/vccf.org\/pt\/wp-json\/wp\/v2\/pages\/20939\/revisions"}],"up":[{"embeddable":true,"href":"https:\/\/vccf.org\/pt\/wp-json\/wp\/v2\/pages\/20928"}],"wp:attachment":[{"href":"https:\/\/vccf.org\/pt\/wp-json\/wp\/v2\/media?parent=20939"}],"curies":[{"name":"wp","href":"https:\/\/api.w.org\/{rel}","templated":true}]}}