{"id":20952,"date":"2024-06-19T10:15:14","date_gmt":"2024-06-19T10:15:14","guid":{"rendered":"https:\/\/vccf.org\/?page_id=20952"},"modified":"2026-04-27T00:17:12","modified_gmt":"2026-04-27T07:17:12","slug":"our-history","status":"publish","type":"page","link":"https:\/\/vccf.org\/pt\/about\/our-history\/","title":{"rendered":"Our History"},"content":{"rendered":"<h1>\n\t\t\tA nossa hist\u00f3ria\t<\/h1>\n\t<p>\"N\u00e3o creio que possa mudar o mundo, mas posso contribuir para tornar o Condado de Ventura ainda melhor.\"<\/p>\n<h4>\n\t\t\tLeah Lacayo, dador\t<\/h4>\n\t\t\t<a href=\"https:\/\/vccf.org\/pt\/get-involved\/\"  target=\"_self\">\n\t\t\t\t\t\t\tParticipe\n\t\t\t\t\t<\/a>\n<figure itemscope itemtype=\"https:\/\/schema.org\/ImageObject\">\n\t\t\t\t<img decoding=\"async\" src=\"https:\/\/vccf.org\/wp-content\/uploads\/2024\/09\/Group-1080-1.png\" alt=\"Group 1080 (1)\" height=\"563\" width=\"463\" title=\"Grupo 1080 (1)\" onerror=\"this.style.display='none'\" loading=\"lazy\" \/>\n\t<\/figure>\n<h3>\n\t\t\tA nossa hist\u00f3ria\t<\/h3>\n<h3>\n\t\t\tMembros do Conselho de Administra\u00e7\u00e3o\t<\/h3>\n<h3>\n\t\t\tMembros do pessoal\t<\/h3>\n<h3>\n\t\t\tFinan\u00e7as\t<\/h3>\n<h3>\n\t\t\tHist\u00f3rias de dadores\t<\/h3>\n<h3>\n\t\t\tFAQs\t<\/h3>\n<h2>\n\t\t\tMuch has changed in our community since 1987. Our purpose hasn&#8217;t.\t<\/h2>\n\t<p>H\u00e1 quase 40 anos, decidimos tornar a vida melhor para as pessoas do Condado de Ventura.<\/p>\n\tInicialmente, quer\u00edamos ajudar as organiza\u00e7\u00f5es sem fins lucrativos a tornarem-se mais sustent\u00e1veis e dar aos doadores uma forma de deixar doa\u00e7\u00f5es complicadas, como im\u00f3veis e ac\u00e7\u00f5es. Em 1990, come\u00e7\u00e1mos a dar \u00e0s pessoas a possibilidade de financiar bolsas de estudo. Depois, em 2000, disponibiliz\u00e1mos subs\u00eddios comunit\u00e1rios em que os doadores podiam dar em conjunto para uma causa comum.<br \/>\nAtualmente, reunimos um grande n\u00famero de residentes para trabalharem em conjunto como agentes de mudan\u00e7a.\n<figure itemscope itemtype=\"https:\/\/schema.org\/ImageObject\">\n\t\t\t\t<img decoding=\"async\" src=\"https:\/\/vccf.org\/wp-content\/uploads\/2024\/09\/Group-1093-1024x787.png\" alt=\"Group 1093\" height=\"787\" width=\"1024\" title=\"Grupo 1093\" onerror=\"this.style.display='none'\" loading=\"lazy\" \/>\n\t<\/figure>\n<h2>\n\t\t\tA nossa miss\u00e3o\t<\/h2>\n\t<p>Ligar pessoas, recursos e solu\u00e7\u00f5es para criar um impacto duradouro no nosso mundo comum.<\/p>\n<h2>\n\t\t\tA nossa vis\u00e3o\t<\/h2>\n\t<p>Prevemos uma comunidade empenhada e pr\u00f3spera, inspirada por uma generosidade crescente.<\/p>\n<h2>\n\t\t\tOs nossos valores\t<\/h2>\n<figure itemscope itemtype=\"https:\/\/schema.org\/ImageObject\">\n\t\t\t\t<img decoding=\"async\" src=\"https:\/\/vccf.org\/wp-content\/uploads\/2024\/04\/Group-1079.svg\" alt=\"Group 1079\" title=\"Grupo 1079\" onerror=\"this.style.display='none'\" loading=\"lazy\" \/>\n\t<\/figure>\n\t<p>Confian\u00e7a<\/p>\n\t<p>Aplicamos princ\u00edpios financeiros s\u00f3lidos e investimos de forma sensata para administrar os activos que nos s\u00e3o confiados.<\/p>\n<figure itemscope itemtype=\"https:\/\/schema.org\/ImageObject\">\n\t\t\t\t<img decoding=\"async\" src=\"https:\/\/vccf.org\/wp-content\/uploads\/2024\/04\/Group-1080.svg\" alt=\"Group 1080\" title=\"Grupo 1080\" onerror=\"this.style.display='none'\" loading=\"lazy\" \/>\n\t<\/figure>\n\t<p>Transpar\u00eancia<\/p>\n\t<p>Conduzimos o nosso trabalho com honestidade, intencionalidade e responsabilidade.<\/p>\n<figure itemscope itemtype=\"https:\/\/schema.org\/ImageObject\">\n\t\t\t\t<img decoding=\"async\" src=\"https:\/\/vccf.org\/wp-content\/uploads\/2024\/04\/Group-1081.svg\" alt=\"Group 1081\" title=\"Grupo 1081\" onerror=\"this.style.display='none'\" loading=\"lazy\" \/>\n\t<\/figure>\n\t<p>Compaix\u00e3o<\/p>\n\t<p>Trazemos empatia, respeito e cora\u00e7\u00e3o a todas as nossas intera\u00e7\u00f5es.<\/p>\n<figure itemscope itemtype=\"https:\/\/schema.org\/ImageObject\">\n\t\t\t\t<img decoding=\"async\" src=\"https:\/\/vccf.org\/wp-content\/uploads\/2024\/04\/Group-1125.svg\" alt=\"Group 1125\" title=\"Grupo 1125\" onerror=\"this.style.display='none'\" loading=\"lazy\" \/>\n\t<\/figure>\n\t<p>Patrim\u00f3nio<\/p>\n\t<p>Ouvimos e valorizamos as diversas vozes e experi\u00eancias para promover oportunidades justas e equitativas.<\/p>\n<figure itemscope itemtype=\"https:\/\/schema.org\/ImageObject\">\n\t\t\t\t<img decoding=\"async\" src=\"https:\/\/vccf.org\/wp-content\/uploads\/2024\/04\/Group-1140.svg\" alt=\"Group 1140\" title=\"Grupo 1140\" onerror=\"this.style.display='none'\" loading=\"lazy\" \/>\n\t<\/figure>\n\t<p>Tenacidade<\/p>\n\t<p>Respondemos a desafios din\u00e2micos de forma estrat\u00e9gica e imediata, perseverando at\u00e9 alcan\u00e7armos um sucesso sustent\u00e1vel.<\/p>\n<figure itemscope itemtype=\"https:\/\/schema.org\/ImageObject\">\n\t\t\t\t<img decoding=\"async\" src=\"https:\/\/vccf.org\/wp-content\/uploads\/2024\/04\/Group-1132.svg\" alt=\"Group 1132\" title=\"Grupo 1132\" onerror=\"this.style.display='none'\" loading=\"lazy\" \/>\n\t<\/figure>\n\t<p>Excel\u00eancia<\/p>\n\t<p>Investimos constantemente na educa\u00e7\u00e3o, nas opera\u00e7\u00f5es, na tecnologia e no nosso capital humano para garantir a mais elevada qualidade de servi\u00e7o e apoio aos nossos clientes doadores e \u00e0queles que servimos.<\/p>\n<figure itemscope itemtype=\"https:\/\/schema.org\/ImageObject\">\n\t\t\t\t<img decoding=\"async\" src=\"https:\/\/vccf.org\/wp-content\/uploads\/2024\/04\/Group-1125.svg\" alt=\"Group 1125\" title=\"Grupo 1125\" onerror=\"this.style.display='none'\" loading=\"lazy\" \/>\n\t<\/figure>\n\t<p>Liga\u00e7\u00e3o aut\u00eantica<\/p>\n\t<p>Envolvemos todas as parcerias com uma colabora\u00e7\u00e3o aberta e uma comunica\u00e7\u00e3o direta, co-criando solu\u00e7\u00f5es com impacto.<\/p>\n<h2  id=\"legacy-magazine\">\n\t\t\tVCCF&#8217;s Legacy Magazine\t<\/h2>\n\t<p>Um legado de generosidade.<\/p>\n\t<p>A Funda\u00e7\u00e3o Comunit\u00e1ria do Condado de Ventura tem o orgulho de lan\u00e7ar a nossa primeira revista de legado, \"Um Legado de Generosidade\". Esta publica\u00e7\u00e3o de 42 p\u00e1ginas capta o esp\u00edrito e o cora\u00e7\u00e3o dos nossos doadores, membros da comunidade, benefici\u00e1rios de subs\u00eddios e l\u00edderes de organiza\u00e7\u00f5es sem fins lucrativos \u00e0 medida que vivem os valores da VCCF de confian\u00e7a, transpar\u00eancia, compaix\u00e3o, equidade, tenacidade, excel\u00eancia e liga\u00e7\u00e3o aut\u00eantica.<\/p>\n\t<p>Esta revista conta a hist\u00f3ria da sua funda\u00e7\u00e3o comunit\u00e1ria e o papel que desempenha nas hist\u00f3rias do Condado de Ventura atrav\u00e9s da sua consultoria filantr\u00f3pica e lideran\u00e7a comunit\u00e1ria.<\/p>\n\t<p>Convidamo-lo a ler esta carta de amor \u00e0 nossa comunidade, enquanto levamos por diante a mensagem \"Somos Vecinos y Todos Contamos\" - somos todos vizinhos e todos contamos! Com 17 entrevistas comoventes e belas fotografias da nossa comunidade e dos seus membros inspiradores, esta revista f\u00e1-lo-\u00e1 sorrir, chorar e querer l\u00ea-la vezes sem conta.<\/p>\n<h4>\n\t\t<a href=\"https:\/\/vccf.org\/wp-content\/uploads\/2024\/11\/vccf-legacy-magazine-pdf.pdf\" title=\"Descarregar a revista em PDF\"  target=\"_blank\"  rel=\"noopener\">\n\t\t\tDescarregar a revista em PDF\t\t<\/a>\n\t<\/h4>\n\t\t\t<a href=\"https:\/\/vccf.org\/SMPA_VCCF_financial_insert\/mobile\/index.html\"  target=\"_blank\" rel=\"noopener\">\n\t\t\t\t\t\t\tFinan\u00e7as do exerc\u00edcio de 2022\n\t\t\t\t\t<\/a>\n\t\t\t<a href=\"https:\/\/vccf.org\/SMPA_VCCF_5-24\/mobile\/index.html\"  target=\"_blank\" rel=\"noopener\">\n\t\t\t\t\t\t\tLer agora\n\t\t\t\t\t<\/a>\n<figure itemscope itemtype=\"https:\/\/schema.org\/ImageObject\">\n\t\t\t\t<img decoding=\"async\" src=\"https:\/\/vccf.org\/wp-content\/uploads\/2024\/04\/\u0421\u043b\u043e\u0439-1-4.png\" alt=\"\u0421\u043b\u043e\u0438\u0306 1 4\" height=\"60\" width=\"44\" title=\"\u0421\u043b\u043e\u0439 1 4\" onerror=\"this.style.display='none'\" loading=\"lazy\" \/>\n\t<\/figure>\n<h3>\n\t\t\tVeja as suas contribui\u00e7\u00f5es terem um impacto imediato e duradouro que pode sentir\t<\/h3>\n<figure itemscope itemtype=\"https:\/\/schema.org\/ImageObject\">\n\t\t\t\t<img decoding=\"async\" src=\"https:\/\/vccf.org\/wp-content\/uploads\/2024\/04\/\u0421\u043b\u043e\u0439-1-4.png\" alt=\"\u0421\u043b\u043e\u0438\u0306 1 4\" height=\"60\" width=\"44\" title=\"\u0421\u043b\u043e\u0439 1 4\" onerror=\"this.style.display='none'\" loading=\"lazy\" \/>\n\t<\/figure>\n<h2>\n\t\t\tAderir \u00e0 VCCF\t<\/h2>\n\t<p>E fa\u00e7a parte de uma comunidade compassiva e inspirada de doadores e fazedores. Juntos, constru\u00edmos um futuro mais brilhante e mais forte para o nosso Condado de Ventura.<\/p>\n\t\t\t<a href=\"https:\/\/vccf.org\/pt\/get-involved\/\"  target=\"_self\">\n\t\t\t\t\t\t\tParticipe\n\t\t\t\t\t<\/a>\n\t\t\t<a href=\"https:\/\/vccf.org\/pt\/contact-us\/\"  target=\"_self\">\n\t\t\t\t\t\t\tEnviar-nos um e-mail\n\t\t\t\t\t<\/a>\n<figure itemscope itemtype=\"https:\/\/schema.org\/ImageObject\">\n\t\t\t\t<img decoding=\"async\" src=\"https:\/\/vccf.org\/wp-content\/uploads\/2024\/06\/Group-1080-2.png\" alt=\"Group 1080 (2)\" height=\"563\" width=\"463\" title=\"Grupo 1080 (2)\" onerror=\"this.style.display='none'\" loading=\"lazy\" \/>\n\t<\/figure>","protected":false},"excerpt":{"rendered":"<p>Our history &#8220;I don&#8217;t think I can change the world, but I can contribute to making Ventura County even better.&#8221; Leah Lacayo, donor Get Involved Our history Board members Staff&hellip;<\/p>","protected":false},"author":4,"featured_media":0,"parent":20928,"menu_order":0,"comment_status":"closed","ping_status":"closed","template":"","meta":{"_acf_changed":false,"give_campaign_id":0,"footnotes":""},"class_list":["post-20952","page","type-page","status-publish","hentry"],"acf":[],"campaignId":"","_links":{"self":[{"href":"https:\/\/vccf.org\/pt\/wp-json\/wp\/v2\/pages\/20952","targetHints":{"allow":["GET"]}}],"collection":[{"href":"https:\/\/vccf.org\/pt\/wp-json\/wp\/v2\/pages"}],"about":[{"href":"https:\/\/vccf.org\/pt\/wp-json\/wp\/v2\/types\/page"}],"author":[{"embeddable":true,"href":"https:\/\/vccf.org\/pt\/wp-json\/wp\/v2\/users\/4"}],"replies":[{"embeddable":true,"href":"https:\/\/vccf.org\/pt\/wp-json\/wp\/v2\/comments?post=20952"}],"version-history":[{"count":0,"href":"https:\/\/vccf.org\/pt\/wp-json\/wp\/v2\/pages\/20952\/revisions"}],"up":[{"embeddable":true,"href":"https:\/\/vccf.org\/pt\/wp-json\/wp\/v2\/pages\/20928"}],"wp:attachment":[{"href":"https:\/\/vccf.org\/pt\/wp-json\/wp\/v2\/media?parent=20952"}],"curies":[{"name":"wp","href":"https:\/\/api.w.org\/{rel}","templated":true}]}}