{"id":20953,"date":"2024-06-19T10:19:19","date_gmt":"2024-06-19T10:19:19","guid":{"rendered":"https:\/\/vccf.org\/?page_id=20953"},"modified":"2026-03-24T11:56:06","modified_gmt":"2026-03-24T18:56:06","slug":"faq","status":"publish","type":"page","link":"https:\/\/vccf.org\/pt\/about\/faq\/","title":{"rendered":"FAQ"},"content":{"rendered":"<h1>\n\t\t\tFAQs\t<\/h1>\n\t<p>Estamos aqui para lhe fornecer conhecimentos sobre as quest\u00f5es da comunidade; recursos para influenciar a mudan\u00e7a social; e estrat\u00e9gias para apoiar os seus valores, esperan\u00e7as e vis\u00e3o para um mundo melhor. As oportunidades abundam - os seus donativos para a nossa comunidade local hoje lan\u00e7am as bases para o futuro e para as gera\u00e7\u00f5es vindouras.<\/p>\n\t\t\t<a href=\"https:\/\/vccf.org\/pt\/get-involved\/\"  target=\"_self\">\n\t\t\t\t\t\t\tParticipe\n\t\t\t\t\t<\/a>\n<figure itemscope itemtype=\"https:\/\/schema.org\/ImageObject\">\n\t\t\t\t<img decoding=\"async\" src=\"https:\/\/vccf.org\/wp-content\/uploads\/2024\/06\/Mask-group-2.png\" alt=\"Mask group (2)\" height=\"772\" width=\"836\" title=\"Grupo de m\u00e1scaras (2)\" onerror=\"this.style.display='none'\" loading=\"lazy\" \/>\n\t<\/figure>\n<h3>\n\t\t\tA nossa hist\u00f3ria\t<\/h3>\n<h3>\n\t\t\tMembros do Conselho de Administra\u00e7\u00e3o\t<\/h3>\n<h3>\n\t\t\tMembros do pessoal\t<\/h3>\n<h3>\n\t\t\tFinan\u00e7as\t<\/h3>\n<h3>\n\t\t\tHist\u00f3rias de dadores\t<\/h3>\n<h3>\n\t\t\tFAQs\t<\/h3>\n<h1>\n\t\t\tFAQ do dador\t<\/h1>\n\t\t\t\tA VCCF \u00e9 uma organiza\u00e7\u00e3o sem fins lucrativos?\n\t\t\t\t<p>SIM! Por conseguinte, qualquer donativo \u00e0 VCCF ou a um fundo da VCCF \u00e9 um donativo de caridade ao abrigo do n\u00famero de identifica\u00e7\u00e3o fiscal 77-0165029.<\/p>\n\t\t\t\tQuanto \u00e9 que custa come\u00e7ar?\n\t\t\t\t<p>Somos especializados em ajud\u00e1-lo a dar estrategicamente e h\u00e1\u00a0<strong>sem custos<\/strong>\u00a0para este per\u00edodo de planeamento.<\/p>\n<p>No entanto, depois de criar o seu fundo, ter\u00e1 de pagar uma taxa administrativa trimestral que depende do tipo de fundo que criar.<\/p>\n<p>Por exemplo, os fundos de bolsas de estudo com dota\u00e7\u00e3o t\u00eam uma taxa anual de 1,5% e uma taxa t\u00edpica de 1,24% avaliada anualmente sobre o saldo. Os fundos que n\u00e3o s\u00e3o fundos para bolsas de estudo, como o Donor Advised Fund ou o Nonprofit Agency Fund, t\u00eam uma comiss\u00e3o t\u00edpica de 1,24% trimestralmente sobre o saldo. Existem alguns outros tipos de fundos que t\u00eam estruturas de taxas exclusivas devido ao tempo de dura\u00e7\u00e3o do fundo, como um Fundo Pass Through, ou uma poss\u00edvel redu\u00e7\u00e3o da taxa com base no tamanho do seu fundo.<\/p>\n<p>To learn more, <a href=\"https:\/\/vccf.org\/pt\/my-vccf-fund\/fund-contact\/\">please contact our Philanthropic Services Team.<\/a><\/p>\n\t\t\t\tQue tipos de activos posso dar?\n\t\t\t\t<p>Estamos autorizados a aceitar ofertas de todos os tipos. Embora os tipos mais comuns de doa\u00e7\u00f5es incluam dinheiro, propriedades apreciadas e ac\u00e7\u00f5es negociadas publicamente, tamb\u00e9m podemos aceitar a maioria dos outros activos.<\/p>\n<p><a href=\"https:\/\/vccf.org\/pt\/my-vccf-fund\/fund-contact\/\">Please contact our Philanthropic Services Team<\/a>\u00a0to learn more about available giving options.<\/p>\n\t\t\t\tTrabalha com consultores profissionais?\n\t\t\t\t<p>Se for como muitos consultores profissionais, poder\u00e1 ter hesitado em abordar o tema da filantropia com os seus clientes. No entanto, os estudos mostram que as pessoas est\u00e3o ansiosas por saber mais sobre as doa\u00e7\u00f5es para fins caritativos. De acordo com um artigo publicado no Chronicle of Philanthropy, a maioria das pessoas afirma que gostaria que os seus consultores tivessem mais conhecimentos sobre doa\u00e7\u00f5es planeadas e que fossem mais receptivos nas suas sugest\u00f5es sobre os tipos de doa\u00e7\u00f5es a fazer. Por outras palavras, se fizer um esfor\u00e7o para se informar melhor sobre o papel fundamental que a filantropia pode desempenhar no planeamento do patrim\u00f3nio, os seus clientes agradecer-lhe-\u00e3o.<\/p>\n<p>A Ventura County Community Foundation \u00e9 um ve\u00edculo \u00fanico e fi\u00e1vel que pode ser utilizado por si e pelos seus clientes para tratar de quest\u00f5es que lhes interessam, ao mesmo tempo que obt\u00e9m o m\u00e1ximo benef\u00edcio fiscal ao abrigo da legisla\u00e7\u00e3o estatal e federal. Oferecemos uma variedade de op\u00e7\u00f5es de doa\u00e7\u00e3o - incluindo a possibilidade de criar um Fundo de Doa\u00e7\u00e3o Aconselhada em nome do seu cliente. As oportunidades de doa\u00e7\u00e3o significativas surgem frequentemente quando os clientes est\u00e3o a tomar decis\u00f5es empresariais, pessoais e financeiras importantes. A nossa equipa pode trabalhar consigo e com o seu cliente para recomendar a melhor solu\u00e7\u00e3o de caridade. Considere os seguintes cen\u00e1rios:<\/p>\n<p><strong>Planeamento fiscal de fim de ano<\/strong><br \/>O seu cliente precisa de compensar as mais-valias ou recolher as menos-valias e quer retribuir \u00e0 comunidade, mas tem pouco tempo para decidir quais as institui\u00e7\u00f5es de caridade mais merecedoras.<\/p>\n<p><strong>Preserva\u00e7\u00e3o de um patrim\u00f3nio<\/strong><br \/>O planeamento do patrim\u00f3nio pode identificar impostos significativos que v\u00e3o para o IRS e o seu cliente quer canalizar dinheiro para causas de caridade...<\/p>\n<p><strong>Reformar-se com conforto<\/strong><br \/>O seu cliente est\u00e1 interessado num rendimento est\u00e1vel durante a sua vida e sempre foi caridoso.<\/p>\n<p><strong>Cria\u00e7\u00e3o de uma funda\u00e7\u00e3o privada<\/strong><br \/>O seu cliente est\u00e1 a pensar em criar uma funda\u00e7\u00e3o privada e est\u00e1 \u00e0 procura de apoio administrativo ou de uma forma mais econ\u00f3mica e simples.<\/p>\n<p><strong>Ac\u00e7\u00f5es detidas de perto<\/strong><br \/>Your client&#8217;s net worth includes a closely held company, and it&#8217;s important for your client to give back to the community.<\/p>\n<p><strong>Venda ou aliena\u00e7\u00e3o de ac\u00e7\u00f5es ou bens altamente apreciados<\/strong><br \/>O seu cliente det\u00e9m ac\u00e7\u00f5es ou propriedades valorizadas e pretende utilizar uma parte das mais-valias para fazer doa\u00e7\u00f5es a institui\u00e7\u00f5es de caridade. No entanto, as institui\u00e7\u00f5es de caridade identificadas podem ser demasiado pequenas para aceitar doa\u00e7\u00f5es diretas de ac\u00e7\u00f5es ou propriedades. Ao estabelecer uma parceria com a sua funda\u00e7\u00e3o comunit\u00e1ria, pode ultrapassar estes desafios sem problemas.<br \/>Oferecemos solu\u00e7\u00f5es de doa\u00e7\u00e3o flex\u00edveis, tais como fundos aconselhados por doadores, doa\u00e7\u00f5es planeadas ou doa\u00e7\u00f5es de rendimentos vital\u00edcios para ajudar a atingir os objectivos filantr\u00f3picos do seu cliente. A VCCF est\u00e1 equipada para aceitar v\u00e1rios ve\u00edculos de doa\u00e7\u00e3o, incluindo ac\u00e7\u00f5es detidas de perto e muito apreciadas, garantindo que o seu cliente recebe o m\u00e1ximo de benef\u00edcios fiscais.<br \/>Com a nossa experi\u00eancia, pode ter a certeza de que os objectivos caritativos do seu cliente ser\u00e3o fiel e eficazmente prosseguidos, criando um impacto significativo e duradouro.<\/p>\n<p>To learn more, <a href=\"https:\/\/vccf.org\/pt\/donate\/professional-advisor-faqs\/\">please visit our Professional Advisors FAQ page<\/a>.<\/p>\n<figure itemscope itemtype=\"https:\/\/schema.org\/ImageObject\">\n\t\t\t\t<img decoding=\"async\" src=\"https:\/\/vccf.org\/wp-content\/uploads\/2024\/04\/\u0421\u043b\u043e\u0439-1-4.png\" alt=\"\u0421\u043b\u043e\u0438\u0306 1 4\" height=\"60\" width=\"44\" title=\"\u0421\u043b\u043e\u0439 1 4\" onerror=\"this.style.display='none'\" loading=\"lazy\" \/>\n\t<\/figure>\n<h3>\n\t\t\tVeja as suas contribui\u00e7\u00f5es terem um impacto imediato e duradouro que pode sentir\t<\/h3>\n<figure itemscope itemtype=\"https:\/\/schema.org\/ImageObject\">\n\t\t\t\t<img decoding=\"async\" src=\"https:\/\/vccf.org\/wp-content\/uploads\/2024\/04\/\u0421\u043b\u043e\u0439-1-4.png\" alt=\"\u0421\u043b\u043e\u0438\u0306 1 4\" height=\"60\" width=\"44\" title=\"\u0421\u043b\u043e\u0439 1 4\" onerror=\"this.style.display='none'\" loading=\"lazy\" \/>\n\t<\/figure>\n<h2>\n\t\t\tAderir \u00e0 VCCF\t<\/h2>\n\t<p>E fa\u00e7a parte de uma comunidade compassiva e inspirada de doadores e fazedores. Juntos, constru\u00edmos um futuro mais brilhante e mais forte para o nosso Condado de Ventura.<\/p>\n\t\t\t<a href=\"https:\/\/vccf.org\/pt\/get-involved\/\"  target=\"_self\">\n\t\t\t\t\t\t\tParticipe\n\t\t\t\t\t<\/a>\n\t\t\t<a href=\"https:\/\/vccf.org\/pt\/contact-us\/\"  target=\"_self\">\n\t\t\t\t\t\t\tEnviar-nos um e-mail\n\t\t\t\t\t<\/a>\n<figure itemscope itemtype=\"https:\/\/schema.org\/ImageObject\">\n\t\t\t\t<img decoding=\"async\" src=\"https:\/\/vccf.org\/wp-content\/uploads\/2024\/06\/Group-1080-2.png\" alt=\"Group 1080 (2)\" height=\"563\" width=\"463\" title=\"Grupo 1080 (2)\" onerror=\"this.style.display='none'\" loading=\"lazy\" \/>\n\t<\/figure>","protected":false},"excerpt":{"rendered":"<p>FAQs We are here to provide you with knowledge of community issues; resources to impact social change; and strategies to support your values, hopes, and vision for a greater world.&hellip;<\/p>","protected":false},"author":3,"featured_media":0,"parent":20928,"menu_order":0,"comment_status":"closed","ping_status":"closed","template":"","meta":{"_acf_changed":false,"give_campaign_id":0,"footnotes":""},"class_list":["post-20953","page","type-page","status-publish","hentry"],"acf":[],"campaignId":"","_links":{"self":[{"href":"https:\/\/vccf.org\/pt\/wp-json\/wp\/v2\/pages\/20953","targetHints":{"allow":["GET"]}}],"collection":[{"href":"https:\/\/vccf.org\/pt\/wp-json\/wp\/v2\/pages"}],"about":[{"href":"https:\/\/vccf.org\/pt\/wp-json\/wp\/v2\/types\/page"}],"author":[{"embeddable":true,"href":"https:\/\/vccf.org\/pt\/wp-json\/wp\/v2\/users\/3"}],"replies":[{"embeddable":true,"href":"https:\/\/vccf.org\/pt\/wp-json\/wp\/v2\/comments?post=20953"}],"version-history":[{"count":0,"href":"https:\/\/vccf.org\/pt\/wp-json\/wp\/v2\/pages\/20953\/revisions"}],"up":[{"embeddable":true,"href":"https:\/\/vccf.org\/pt\/wp-json\/wp\/v2\/pages\/20928"}],"wp:attachment":[{"href":"https:\/\/vccf.org\/pt\/wp-json\/wp\/v2\/media?parent=20953"}],"curies":[{"name":"wp","href":"https:\/\/api.w.org\/{rel}","templated":true}]}}