{"id":21021,"date":"2024-07-03T11:27:51","date_gmt":"2024-07-03T11:27:51","guid":{"rendered":"https:\/\/vccf.org\/?page_id=21021"},"modified":"2025-11-17T14:00:07","modified_gmt":"2025-11-17T22:00:07","slug":"fund-contact","status":"publish","type":"page","link":"https:\/\/vccf.org\/pt\/my-vccf-fund\/fund-contact\/","title":{"rendered":"Contact VCCF Philanthropic Team"},"content":{"rendered":"<h1>\n\t\t\tContactar a equipa de servi\u00e7os filantr\u00f3picos da VCCF\t<\/h1>\n\t<p>Begin your philanthropic journey by scheduling a no-obligation consultation appointment with Calleen Pardinas, Philanthropic Services Officer, via the contact form below:<\/p>\n                            \n                        <form method='post' enctype='multipart\/form-data' target='gform_ajax_frame_13' id='gform_13'  action='https:\/\/vccf.org\/pt\/my-vccf-fund\/fund-contact\/?fl_builder&#038;fl_builder_ui_iframe#gf_13' data-formid='13' novalidate data-trp-original-action=\"https:\/\/vccf.org\/my-vccf-fund\/fund-contact\/?fl_builder&#038;fl_builder_ui_iframe#gf_13\">\t\t\t\t\t\n\t\t\t\t\t\t<label>&#916;<textarea name=\"ak_hp_textarea\" cols=\"45\" rows=\"8\" maxlength=\"100\"><\/textarea><\/label>\n\t\t\t\t\t\t<input type=\"hidden\" id=\"ak_js_1\" name=\"ak_js\" value=\"41\" \/>\n                        <label class='gfield_label gform-field-label' for='input_13_8'>First Name(Required)<\/label><input name='input_8' id='input_13_8' type='text' value='' class='large'     aria-required=\"true\" aria-invalid=\"false\"   \/><label class='gfield_label gform-field-label' for='input_13_9'>Last Name(Required)<\/label><input name='input_9' id='input_13_9' type='text' value='' class='large'     aria-required=\"true\" aria-invalid=\"false\"   \/><label class='gfield_label gform-field-label' for='input_13_6'>Phone(Required)<\/label><input name='input_6' id='input_13_6' type='tel' value='' class='large'   aria-required=\"true\" aria-invalid=\"false\"   \/><label class='gfield_label gform-field-label' for='input_13_14'>Email Address(Required)<\/label><input name='input_14' id='input_13_14' type='text' value='' class='large'     aria-required=\"true\" aria-invalid=\"false\"   \/><label class='gfield_label gform-field-label' for='input_13_10'>Mensagem<\/label><textarea name='input_10' id='input_13_10' class='textarea small'      aria-invalid=\"false\"   rows='10' cols='50'><\/textarea>\n         <input type='submit' id='gform_submit_button_13' class='gform_button button' onclick='gform.submission.handleButtonClick(this);' data-submission-type='submit' value='Enviar'  \/> <input type='hidden' name='gform_ajax' value='form_id=13&amp;title=&amp;description=1&amp;tabindex=0&amp;theme=gravity-theme&amp;styles=[]&amp;hash=34f44e203395729652a2f41c3338d8f9' \/>\n            <input type='hidden' class='gform_hidden' name='gform_submission_method' data-js='gform_submission_method_13' value='iframe' \/>\n            <input type='hidden' class='gform_hidden' name='gform_theme' data-js='gform_theme_13' id='gform_theme_13' value='gravity-theme' \/>\n            <input type='hidden' class='gform_hidden' name='gform_style_settings' data-js='gform_style_settings_13' id='gform_style_settings_13' value='[]' \/>\n            <input type='hidden' class='gform_hidden' name='is_submit_13' value='1' \/>\n            <input type='hidden' class='gform_hidden' name='gform_submit' value='13' \/>\n            <input type='hidden' class='gform_hidden' name='gform_unique_id' value='' \/>\n            <input type='hidden' class='gform_hidden' name='state_13' value='WyJbXSIsImNmY2MzMDFiZWU0ZjI4YWI1Y2I5MThmMTE4MTA5NDVlIl0=' \/>\n            <input type='hidden' autocomplete='off' class='gform_hidden' name='gform_target_page_number_13' id='gform_target_page_number_13' value='0' \/>\n            <input type='hidden' autocomplete='off' class='gform_hidden' name='gform_source_page_number_13' id='gform_source_page_number_13' value='1' \/>\n            <input type='hidden' name='gform_field_values' value='' \/>\n                        <input type=\"hidden\" name=\"trp-form-language\" value=\"pt\"\/><\/form>\n\t\t                <iframe style='display:none;width:0px;height:0px;' src='about:blank' name='gform_ajax_frame_13' id='gform_ajax_frame_13' title='Este iframe cont\u00e9m a l\u00f3gica necess\u00e1ria para lidar com Gravity Forms alimentados por Ajax.'><\/iframe>","protected":false},"excerpt":{"rendered":"<p>Contact VCCF Philanthropic Services Team Begin your philanthropic journey by scheduling a no-obligation consultation appointment with Calleen Pardinas, Philanthropic Services Officer, via the contact form below: &#916; First Name(Required)Last Name(Required)Phone(Required)Email&hellip;<\/p>","protected":false},"author":4,"featured_media":0,"parent":21014,"menu_order":0,"comment_status":"closed","ping_status":"closed","template":"","meta":{"_acf_changed":false,"give_campaign_id":0,"footnotes":""},"class_list":["post-21021","page","type-page","status-publish","hentry"],"acf":[],"campaignId":"","_links":{"self":[{"href":"https:\/\/vccf.org\/pt\/wp-json\/wp\/v2\/pages\/21021","targetHints":{"allow":["GET"]}}],"collection":[{"href":"https:\/\/vccf.org\/pt\/wp-json\/wp\/v2\/pages"}],"about":[{"href":"https:\/\/vccf.org\/pt\/wp-json\/wp\/v2\/types\/page"}],"author":[{"embeddable":true,"href":"https:\/\/vccf.org\/pt\/wp-json\/wp\/v2\/users\/4"}],"replies":[{"embeddable":true,"href":"https:\/\/vccf.org\/pt\/wp-json\/wp\/v2\/comments?post=21021"}],"version-history":[{"count":0,"href":"https:\/\/vccf.org\/pt\/wp-json\/wp\/v2\/pages\/21021\/revisions"}],"up":[{"embeddable":true,"href":"https:\/\/vccf.org\/pt\/wp-json\/wp\/v2\/pages\/21014"}],"wp:attachment":[{"href":"https:\/\/vccf.org\/pt\/wp-json\/wp\/v2\/media?parent=21021"}],"curies":[{"name":"wp","href":"https:\/\/api.w.org\/{rel}","templated":true}]}}