{"id":21044,"date":"2024-07-10T18:13:12","date_gmt":"2024-07-10T18:13:12","guid":{"rendered":"https:\/\/vccf.org\/?page_id=21044"},"modified":"2025-05-05T10:52:20","modified_gmt":"2025-05-05T17:52:20","slug":"initiatives","status":"publish","type":"page","link":"https:\/\/vccf.org\/pt\/initiatives\/","title":{"rendered":"Iniciativas"},"content":{"rendered":"<h1>\n\t\tTransforming Lives, One Initiative at a Time (Transformar vidas, uma iniciativa de cada vez).\n\t<\/h1>\n<h1>\n\t\tJunte-se a n\u00f3s!\n\t<\/h1>\n\t<p>Da prote\u00e7\u00e3o ambiental aos programas educativos, o seu apoio \u00e0s iniciativas da VCCF no Condado de Ventura cria uma comunidade pr\u00f3spera para todos. Explore como pode fazer a diferen\u00e7a hoje!<\/p>\n\t\t\t<a href=\"https:\/\/vccf.org\/pt\/initiatives\/donate\/\" target=\"_self\">\n\t\t\t\t\t\t\tDoar agora\n\t\t\t\t\t<\/a>\n\t\t\t\t<img loading=\"lazy\" decoding=\"async\" src=\"https:\/\/vccf.org\/wp-content\/uploads\/2024\/04\/\u0421\u043b\u043e\u0439-1-4.png\" alt=\"\u0421\u043b\u043e\u0438\u0306 1 4\" itemprop=\"image\" height=\"60\" width=\"44\" title=\"\u0421\u043b\u043e\u0439 1 4\" onerror=\"this.style.display='none'\"  \/>\n<h3>\n\t\tTornar o Condado de Ventura um lugar melhor para viver\n\t<\/h3>\n\t<p>O seu apoio \u00e0s iniciativas da VCCF em Ventura County cria uma comunidade pr\u00f3spera para todos. Ao apoiar estes programas, desempenha um papel direto na defini\u00e7\u00e3o do futuro do Condado de Ventura, ajudando-nos a enfrentar os nossos desafios mais cr\u00edticos. Explore como pode fazer a diferen\u00e7a hoje!<\/p>\n<h2>\n\t\tIniciativas actuais\n\t<\/h2>\n        \t<meta itemscope itemprop=\"mainEntityOfPage\" itemtype=\"https:\/\/schema.org\/WebPage\" itemid=\"http:\/\/176\" content=\"Isabella Project &#8211; Highest-Quality Early Childhood Education Initiative\" \/><meta itemprop=\"datePublished\" content=\"2024-04-12\" \/><meta itemprop=\"dateModified\" content=\"2025-03-20\" \/><meta itemprop=\"name\" content=\"Ventura County Community Foundation\"\/><meta itemprop=\"url\" content=\"https:\/\/vccf.org\/author\/laurengraf\/\" \/><meta itemprop=\"name\" content=\"laurengraf\" \/><meta itemprop=\"url\" content=\"https:\/\/vccf.org\/wp-content\/uploads\/2024\/04\/c1cd2aab5c9cf2f0cdd797299fe64329-scaled.jpeg\" \/><meta itemprop=\"width\" content=\"1707\" \/><meta itemprop=\"height\" content=\"2560\" \/><meta itemprop=\"interactionType\" content=\"https:\/\/schema.org\/CommentAction\" \/><meta itemprop=\"userInteractionCount\" content=\"0\" \/>\n    <h3><a href='https:\/\/vccf.org\/pt\/vccf-initiatives\/isabella-project-early-childhood-education\/' title='Projeto Isabella - Iniciativa de educa\u00e7\u00e3o infantil da mais alta qualidade'>Projeto Isabella - Iniciativa de educa\u00e7\u00e3o infantil da mais alta qualidade<\/a><\/h3>\n    <img decoding=\"async\" src=\"https:\/\/vccf.org\/wp-content\/uploads\/2024\/04\/c1cd2aab5c9cf2f0cdd797299fe64329-scaled.jpeg\" \/>\n        \t<meta itemscope itemprop=\"mainEntityOfPage\" itemtype=\"https:\/\/schema.org\/WebPage\" itemid=\"http:\/\/177\" content=\"Animal Welfare Initiative\" \/><meta itemprop=\"datePublished\" content=\"2024-04-12\" \/><meta itemprop=\"dateModified\" content=\"2025-02-11\" \/><meta itemprop=\"name\" content=\"Ventura County Community Foundation\"\/><meta itemprop=\"url\" content=\"https:\/\/vccf.org\/author\/kazbek-kadalashvilieverneu-com\/\" \/><meta itemprop=\"name\" content=\"Kazbek Kadalashvili\" \/><meta itemprop=\"url\" content=\"https:\/\/vccf.org\/wp-content\/uploads\/2024\/04\/AdobeStock_716979388-1.png\" \/><meta itemprop=\"width\" content=\"836\" \/><meta itemprop=\"height\" content=\"850\" \/><meta itemprop=\"interactionType\" content=\"https:\/\/schema.org\/CommentAction\" \/><meta itemprop=\"userInteractionCount\" content=\"0\" \/>\n    <h3><a href='https:\/\/vccf.org\/pt\/vccf-initiatives\/vccf-animal-welfare-fund\/' title='Iniciativa para o bem-estar dos animais'>Iniciativa para o bem-estar dos animais<\/a><\/h3>\n    <img decoding=\"async\" src=\"https:\/\/vccf.org\/wp-content\/uploads\/2024\/04\/AdobeStock_716979388-1.png\" \/>\n        \t<meta itemscope itemprop=\"mainEntityOfPage\" itemtype=\"https:\/\/schema.org\/WebPage\" itemid=\"http:\/\/178\" content=\"Caregiver Initiative\" \/><meta itemprop=\"datePublished\" content=\"2024-04-12\" \/><meta itemprop=\"dateModified\" content=\"2025-01-13\" \/><meta itemprop=\"name\" content=\"Ventura County Community Foundation\"\/><meta itemprop=\"url\" content=\"https:\/\/vccf.org\/author\/viktar-ramanovicheverneu-com\/\" \/><meta itemprop=\"name\" content=\"Viktar Ramanovich\" \/><meta itemprop=\"url\" content=\"https:\/\/vccf.org\/wp-content\/uploads\/2024\/04\/vccf-lr-40-768x512-1.jpg\" \/><meta itemprop=\"width\" content=\"768\" \/><meta itemprop=\"height\" content=\"512\" \/><meta itemprop=\"interactionType\" content=\"https:\/\/schema.org\/CommentAction\" \/><meta itemprop=\"userInteractionCount\" content=\"0\" \/>\n    <h3><a href='https:\/\/vccf.org\/pt\/vccf-initiatives\/caregiver-initiative\/' title='Iniciativa do cuidador'>Iniciativa do cuidador<\/a><\/h3>\n    <img decoding=\"async\" src=\"https:\/\/vccf.org\/wp-content\/uploads\/2024\/04\/vccf-lr-40-768x512-1.jpg\" \/>\n        \t<meta itemscope itemprop=\"mainEntityOfPage\" itemtype=\"https:\/\/schema.org\/WebPage\" itemid=\"http:\/\/181\" content=\"Environmental Initiative\" \/><meta itemprop=\"datePublished\" content=\"2024-04-12\" \/><meta itemprop=\"dateModified\" content=\"2025-01-13\" \/><meta itemprop=\"name\" content=\"Ventura County Community Foundation\"\/><meta itemprop=\"url\" content=\"https:\/\/vccf.org\/author\/kazbek-kadalashvilieverneu-com\/\" \/><meta itemprop=\"name\" content=\"Kazbek Kadalashvili\" \/><meta itemprop=\"url\" content=\"https:\/\/vccf.org\/wp-content\/uploads\/2024\/04\/image-18-1.png\" \/><meta itemprop=\"width\" content=\"836\" \/><meta itemprop=\"height\" content=\"850\" \/><meta itemprop=\"interactionType\" content=\"https:\/\/schema.org\/CommentAction\" \/><meta itemprop=\"userInteractionCount\" content=\"0\" \/>\n    <h3><a href='https:\/\/vccf.org\/pt\/vccf-initiatives\/environmental-initiative\/' title='Iniciativa ambiental'>Iniciativa ambiental<\/a><\/h3>\n    <img decoding=\"async\" src=\"https:\/\/vccf.org\/wp-content\/uploads\/2024\/04\/image-18-1.png\" \/>\n        \t<meta itemscope itemprop=\"mainEntityOfPage\" itemtype=\"https:\/\/schema.org\/WebPage\" itemid=\"http:\/\/21045\" content=\"Scholarships for Local Students\" \/><meta itemprop=\"datePublished\" content=\"2024-07-10\" \/><meta itemprop=\"dateModified\" content=\"2024-11-06\" \/><meta itemprop=\"name\" content=\"Ventura County Community Foundation\"\/><meta itemprop=\"url\" content=\"https:\/\/vccf.org\/author\/viktar-ramanovicheverneu-com\/\" \/><meta itemprop=\"name\" content=\"Viktar Ramanovich\" \/><meta itemprop=\"url\" content=\"https:\/\/vccf.org\/wp-content\/uploads\/2024\/07\/image-142.png\" \/><meta itemprop=\"width\" content=\"345\" \/><meta itemprop=\"height\" content=\"222\" \/><meta itemprop=\"interactionType\" content=\"https:\/\/schema.org\/CommentAction\" \/><meta itemprop=\"userInteractionCount\" content=\"0\" \/>\n    <h3>\n        <a href=\"https:\/\/vccf.org\/pt\/scholarships\/\">Bolsas de estudo para estudantes locais<\/a>\n    <\/h3>\n    <img decoding=\"async\" src=\"https:\/\/vccf.org\/wp-content\/uploads\/2024\/07\/image-142.png\" \/>\n        \t<meta itemscope itemprop=\"mainEntityOfPage\" itemtype=\"https:\/\/schema.org\/WebPage\" itemid=\"http:\/\/21622\" content=\"VCCF Disaster Resilience and Preparedness\" \/><meta itemprop=\"datePublished\" content=\"2024-11-06\" \/><meta itemprop=\"dateModified\" content=\"2025-02-12\" \/><meta itemprop=\"name\" content=\"Ventura County Community Foundation\"\/><meta itemprop=\"url\" content=\"https:\/\/vccf.org\/author\/maria-dadonovaeverneu-com\/\" \/><meta itemprop=\"name\" content=\"Maria Dadonova\" \/><meta itemprop=\"url\" content=\"https:\/\/vccf.org\/wp-content\/uploads\/2025\/01\/hill-fire-and-woolsey-fire-flower-e1561367852867-line-removed-2.png\" \/><meta itemprop=\"width\" content=\"1492\" \/><meta itemprop=\"height\" content=\"825\" \/><meta itemprop=\"interactionType\" content=\"https:\/\/schema.org\/CommentAction\" \/><meta itemprop=\"userInteractionCount\" content=\"0\" \/>\n    <h3><a href='https:\/\/vccf.org\/pt\/vccf-initiatives\/vccf-disaster-resilience-and-preparedness\/' title='Resili\u00eancia e prepara\u00e7\u00e3o para cat\u00e1strofes da VCCF'>Resili\u00eancia e prepara\u00e7\u00e3o para cat\u00e1strofes da VCCF<\/a><\/h3>\n    <img decoding=\"async\" src=\"https:\/\/vccf.org\/wp-content\/uploads\/2025\/01\/hill-fire-and-woolsey-fire-flower-e1561367852867-line-removed-2.png\" \/>\n<h2>\n\t\tJunte-se a n\u00f3s agora\n\t<\/h2>\n<h3>\n\t\tAbrace a oportunidade de fazer uma diferen\u00e7a duradoura.\n\t<\/h3>\n\t<p><strong><a href=\"\/pt\/initiatives\/donate\/\">Fa\u00e7a um donativo hoje e torne-se uma parte vital da nossa miss\u00e3o.<\/a><\/strong><\/p>\n<p>Juntos, podemos continuar a enfrentar os desafios e a celebrar a for\u00e7a do Condado de Ventura. Juntos, vamos investir num futuro em que todos os membros da nossa comunidade tenham a oportunidade de prosperar.<\/p>","protected":false},"excerpt":{"rendered":"<p>Transforming Lives, One Initiative at a Time. Join us! From environmental protection to educational programs, your support for VCCF&#8217;s initiatives in Ventura County creates a thriving community for everyone. Explore&hellip;<\/p>","protected":false},"author":4,"featured_media":0,"parent":0,"menu_order":0,"comment_status":"closed","ping_status":"closed","template":"","meta":{"_acf_changed":false,"give_campaign_id":0,"footnotes":""},"class_list":["post-21044","page","type-page","status-publish","hentry"],"acf":[],"campaignId":"","_links":{"self":[{"href":"https:\/\/vccf.org\/pt\/wp-json\/wp\/v2\/pages\/21044","targetHints":{"allow":["GET"]}}],"collection":[{"href":"https:\/\/vccf.org\/pt\/wp-json\/wp\/v2\/pages"}],"about":[{"href":"https:\/\/vccf.org\/pt\/wp-json\/wp\/v2\/types\/page"}],"author":[{"embeddable":true,"href":"https:\/\/vccf.org\/pt\/wp-json\/wp\/v2\/users\/4"}],"replies":[{"embeddable":true,"href":"https:\/\/vccf.org\/pt\/wp-json\/wp\/v2\/comments?post=21044"}],"version-history":[{"count":0,"href":"https:\/\/vccf.org\/pt\/wp-json\/wp\/v2\/pages\/21044\/revisions"}],"wp:attachment":[{"href":"https:\/\/vccf.org\/pt\/wp-json\/wp\/v2\/media?parent=21044"}],"curies":[{"name":"wp","href":"https:\/\/api.w.org\/{rel}","templated":true}]}}