{"id":21048,"date":"2024-07-11T12:05:33","date_gmt":"2024-07-11T12:05:33","guid":{"rendered":"https:\/\/vccf.org\/?page_id=21048"},"modified":"2025-11-17T14:02:50","modified_gmt":"2025-11-17T22:02:50","slug":"professional-advisor-faqs","status":"publish","type":"page","link":"https:\/\/vccf.org\/pt\/donate\/professional-advisor-faqs\/","title":{"rendered":"FAQs sobre consultores profissionais"},"content":{"rendered":"<h1>\n\t\t\tFAQs sobre consultores profissionais\t<\/h1>\n\t\t\t\t<h2 itemprop=\"name description\">Por que raz\u00e3o devo recomendar o VCCF aos meus clientes?<\/h2>\n\t\t\t\tComo consultor profissional, as suas recomenda\u00e7\u00f5es podem ter um grande impacto nas estrat\u00e9gias filantr\u00f3picas dos seus clientes. A Ventura County Community Foundation n\u00e3o \u00e9 apenas uma funda\u00e7\u00e3o; \u00e9 uma organiza\u00e7\u00e3o centrada na comunidade, profundamente inserida no Condado de Ventura desde 1987. Recomendar a VCCF permite-lhe ligar os seus clientes a uma entidade de confian\u00e7a conhecida pela sua transpar\u00eancia, compaix\u00e3o e excel\u00eancia na gest\u00e3o de recursos filantr\u00f3picos. Os doadores da VCCF concederam mais de $250 milh\u00f5es desde 1987, com impacto direto nas organiza\u00e7\u00f5es locais sem fins lucrativos e ajudando milhares de estudantes atrav\u00e9s de bolsas de estudo.\n\t\t\t\t<h2 itemprop=\"name description\">Que servi\u00e7os exclusivos oferece a VCCF aos meus clientes?<\/h2>\n\t\t\t\tA VCCF fornece consultoria filantr\u00f3pica centrada no cliente, ajudando a criar estrat\u00e9gias de doa\u00e7\u00e3o personalizadas e impactantes. Isto inclui tudo, desde a identifica\u00e7\u00e3o de causas ao desenvolvimento de estrat\u00e9gias que se alinham com os valores dos seus clientes. Al\u00e9m disso, a VCCF oferece op\u00e7\u00f5es de doa\u00e7\u00e3o flex\u00edveis, como os Donor Advised Funds, que podem ser mais econ\u00f3micos e mais simples do que estabelecer uma funda\u00e7\u00e3o privada.\n\t\t\t\t<h2 itemprop=\"name description\">A VCCF pode ajudar com tipos de donativos complexos?<\/h2>\n\t\t\t\tSim, a VCCF est\u00e1 equipada para lidar com uma vasta gama de tipos de activos, incluindo dinheiro, bens imobili\u00e1rios e ac\u00e7\u00f5es. A nossa experi\u00eancia estende-se a cen\u00e1rios mais complexos, tais como ac\u00e7\u00f5es detidas de perto ou planeamento de caridade, assegurando que os actos filantr\u00f3picos dos seus clientes t\u00eam impacto e s\u00e3o financeiramente s\u00f3lidos.\n\t\t\t\t<h2 itemprop=\"name description\">Como \u00e9 que a parceria com a VCCF me beneficia enquanto consultor profissional?<\/h2>\n\t\t\t\tAo estabelecer uma parceria com a VCCF, ganha acesso a uma organiza\u00e7\u00e3o com ra\u00edzes profundas na comunidade e um conhecimento alargado das necessidades locais. Para al\u00e9m de melhorar a sua oferta de servi\u00e7os, a parceria com a VCCF posiciona-o como um interveniente-chave no percurso filantr\u00f3pico dos seus clientes, aprofundando as rela\u00e7\u00f5es com os clientes e construindo a sua reputa\u00e7\u00e3o como um consultor com vis\u00e3o de futuro (\n\t\t\t\t<h2 itemprop=\"name description\">Que impacto teve a VCCF no Condado de Ventura?<\/h2>\n\t\t\t\tA VCCF tem sido fundamental na resolu\u00e7\u00e3o de algumas das quest\u00f5es mais prementes do Condado de Ventura, desde iniciativas educativas a ajuda em caso de cat\u00e1strofe. O nosso trabalho, apoiado por uma rede de doadores e parceiros, \u00e9 um testemunho do poder da filantropia orientada para a comunidade e da diferen\u00e7a tang\u00edvel que faz na vida dos residentes de Ventura County.\n\t\t\t\t<h2 itemprop=\"name description\">Tem algum especialista certificado em doa\u00e7\u00f5es planeadas na sua equipa? <\/h2>\n\t\t\t\t<p>Sim! Temos quatro funcion\u00e1rios na VCCF que s\u00e3o Especialistas Certificados em Doa\u00e7\u00f5es Planeadas.<\/p>\n\t\t\t\t<h2 itemprop=\"name description\"> T\u00eam algum analista fiduci\u00e1rio de investimento acreditado na vossa equipa?<\/h2>\n\t\t\t\t<p>Sim! Temos dois funcion\u00e1rios na VCCF que s\u00e3o Analistas Fiduci\u00e1rios de Investimento Acreditados.<\/p>\n\t\t\t\t<h2 itemprop=\"name description\">Quem s\u00e3o os consultores profissionais com quem trabalha principalmente e que pretende atrair?<\/h2>\n\t\t\t\t<p>Trabalhamos em estreita colabora\u00e7\u00e3o e procuramos atrair advogados especializados em patrim\u00f3nio, CPAs e contabilistas fiscais, planeadores financeiros certificados e planeadores imobili\u00e1rios. O nosso objetivo \u00e9 estabelecer parcerias com consultores que estejam empenhados em orientar os seus clientes na tomada de decis\u00f5es filantr\u00f3picas com impacto.<\/p>\n\t\t\t\t<h2 itemprop=\"name description\">Que servi\u00e7os, recursos, valor e benef\u00edcios espec\u00edficos oferece aos consultores profissionais?<\/h2>\n\t\t\t\t<p>Na VCCF, oferecemos uma vantagem distintiva por estarmos profundamente enraizados na comunidade local. O nosso Gabinete de Consultoria Filantr\u00f3pica presta servi\u00e7os personalizados a indiv\u00edduos, fam\u00edlias e empresas, orientando-os nas suas viagens filantr\u00f3picas. Ajudamos a identificar causas significativas, a desenvolver estrat\u00e9gias de impacto, a envolver as gera\u00e7\u00f5es futuras na filantropia e a oferecer conhecimentos locais sobre quest\u00f5es prementes da comunidade. A nossa dilig\u00eancia abrangente em organiza\u00e7\u00f5es sem fins lucrativos, o aconselhamento estrat\u00e9gico para a concess\u00e3o de subs\u00eddios e a forma\u00e7\u00e3o sobre a maximiza\u00e7\u00e3o dos benef\u00edcios das doa\u00e7\u00f5es de caridade permitem que os consultores profissionais ofere\u00e7am solu\u00e7\u00f5es hol\u00edsticas aos seus clientes.<\/p>\n<p>Additionally, our expertise in planned giving allows us to collaborate with professional advisors to design giving strategies that meet various needs, such as providing immediate income, reducing taxes, and establishing lasting legacies. We also provide impact reporting services, helping advisors demonstrate the tangible outcomes of their clients&#8217; philanthropic investments. Finally, we offer personalized consultations, legacy planning services, and access to a broad network of experts and peers, including legal, financial, and nonprofit leaders. This network provides valuable insights and opportunities for collaboration.<\/p>\n\t\t\t\t<h2 itemprop=\"name description\">Existem programas ou iniciativas exclusivas destinadas aos consultores profissionais? <\/h2>\n\t\t\t\t<p>Temos o prazer de anunciar o lan\u00e7amento de v\u00e1rias iniciativas concebidas especificamente para consultores profissionais. Para se manter informado, inscreva-se na nossa <a href=\"\/pt\/media-news\/email-newsletter-sign-up\/\">Boletim informativo Power of Purpose<\/a>.<\/p>\n\t\t\t\t<h2 itemprop=\"name description\">Fornecem algumas ferramentas que os consultores profissionais possam utilizar com os seus clientes?<\/h2>\n\t\t\t\tMediante solicita\u00e7\u00e3o, faremos ilustra\u00e7\u00f5es personalizadas para doadores interessados em estabelecer uma Charitable Gift Annuity (CGA) ou Charitable Remainder Trust (CRT). Estas ilustra\u00e7\u00f5es apresentam ao doador o rendimento antecipado e o benef\u00edcio fiscal da sua doa\u00e7\u00e3o.\n\t\t\t\t<h2 itemprop=\"name description\">Quais s\u00e3o os benef\u00edcios ou incentivos fiscais que os consultores profissionais devem ter em conta quando orientam os seus clientes para fazerem donativos \u00e0 VCCF?<\/h2>\n\t\t\t\t<p>Os donativos \u00e0 VCCF oferecem v\u00e1rios benef\u00edcios fiscais potenciais, que podem ser parte integrante de uma estrat\u00e9gia financeira e filantr\u00f3pica abrangente. Os principais benef\u00edcios fiscais podem incluir:<\/p>\n<ul>\n<li><strong>Dedu\u00e7\u00e3o do imposto sobre o rendimento de institui\u00e7\u00f5es de caridade:<\/strong> Os doadores podem frequentemente deduzir as doa\u00e7\u00f5es \u00e0 VCCF do seu imposto federal sobre o rendimento, at\u00e9 uma determinada percentagem do seu rendimento bruto ajustado (AGI). Esta dedu\u00e7\u00e3o pode ser particularmente vantajosa para pessoas com rendimentos elevados.<\/li>\n<li><strong>Economia no imposto sobre ganhos de capital:<\/strong> Os doadores que contribuam com activos valorizados, tais como ac\u00e7\u00f5es ou im\u00f3veis, para a VCCF podem potencialmente evitar o pagamento de impostos sobre as mais-valias. Isto permite-lhes ter um impacto caritativo mais substancial em compara\u00e7\u00e3o com a venda dos activos e a doa\u00e7\u00e3o dos lucros.<\/li>\n<li><strong>Redu\u00e7\u00e3o do imposto sobre o patrim\u00f3nio:<\/strong> Incluir doa\u00e7\u00f5es de caridade como parte de um plano de patrim\u00f3nio pode reduzir o valor do patrim\u00f3nio tribut\u00e1vel, potencialmente reduzindo ou eliminando os impostos sobre o patrim\u00f3nio. Isto \u00e9 especialmente ben\u00e9fico para os doadores que desejam deixar um legado duradouro, minimizando as obriga\u00e7\u00f5es fiscais do patrim\u00f3nio.<\/li>\n<li><strong>Donor Advised Funds (DAFs):<\/strong> A cria\u00e7\u00e3o de um Donor Advised Fund atrav\u00e9s da VCCF pode permitir que os doadores efectuem uma dedu\u00e7\u00e3o fiscal imediata do montante total da contribui\u00e7\u00e3o, mantendo a flexibilidade de recomendar subs\u00eddios ao longo do tempo. Esta pode ser uma ferramenta estrat\u00e9gica para gerir as obriga\u00e7\u00f5es fiscais e apoiar causas caritativas.<\/li>\n<li><strong>Transfer\u00eancia para fins de caridade do IRA:<\/strong> As pessoas com 70\u00bd anos ou mais podem fazer transfer\u00eancias isentas de impostos diretamente dos seus IRAs para a VCCF, satisfazendo as distribui\u00e7\u00f5es m\u00ednimas exigidas sem incorrer em imposto sobre o rendimento.<\/li>\n<\/ul>\n<p>Embora estes benef\u00edcios possam ser significativos, \u00e9 importante que os doadores consultem profissionais da \u00e1rea fiscal ou advogados de planeamento imobili\u00e1rio para compreenderem as implica\u00e7\u00f5es espec\u00edficas das doa\u00e7\u00f5es de caridade no contexto da sua situa\u00e7\u00e3o financeira e fiscal global. A VCCF est\u00e1 empenhada em trabalhar com consultores profissionais para garantir que os dadores recebem informa\u00e7\u00f5es exactas e maximizam o impacto das suas contribui\u00e7\u00f5es filantr\u00f3picas.<\/p>\n\t<p>For more details or to discuss ways VCCF can assist you and your clients, contact our Philanthropic Services Team<\/p>\n\t\t\t<a href=\"\/pt\/my-vccf-fund\/fund-contact\/\" target=\"_self\">\n\t\t\t\t\t\t\tContactar-nos\n\t\t\t\t\t<\/a>\n\t<p>A Ventura County Community Foundation est\u00e1 empenhada em fazer do Condado de Ventura uma comunidade pr\u00f3spera e equitativa.<\/p>\n<p>&nbsp;<\/p>\n<p>Juntos, podemos inspirar e permitir que os seus clientes fa\u00e7am parte de um legado de generosidade e impacto.<\/p>\n    <button id=\"board-prev\" type=\"button\"><\/button>\n    1\n     \/ 3\n    <button id=\"board-next\" type=\"button\"><\/button>","protected":false},"excerpt":{"rendered":"<p>Professional Advisor FAQs Why should I recommend VCCF to my clients? As a professional advisor, your recommendations can greatly impact your clients&#8217; philanthropic strategies. The Ventura County Community Foundation is&hellip;<\/p>","protected":false},"author":4,"featured_media":0,"parent":20931,"menu_order":0,"comment_status":"closed","ping_status":"closed","template":"","meta":{"_acf_changed":false,"give_campaign_id":0,"footnotes":""},"class_list":["post-21048","page","type-page","status-publish","hentry"],"acf":[],"campaignId":"","_links":{"self":[{"href":"https:\/\/vccf.org\/pt\/wp-json\/wp\/v2\/pages\/21048","targetHints":{"allow":["GET"]}}],"collection":[{"href":"https:\/\/vccf.org\/pt\/wp-json\/wp\/v2\/pages"}],"about":[{"href":"https:\/\/vccf.org\/pt\/wp-json\/wp\/v2\/types\/page"}],"author":[{"embeddable":true,"href":"https:\/\/vccf.org\/pt\/wp-json\/wp\/v2\/users\/4"}],"replies":[{"embeddable":true,"href":"https:\/\/vccf.org\/pt\/wp-json\/wp\/v2\/comments?post=21048"}],"version-history":[{"count":0,"href":"https:\/\/vccf.org\/pt\/wp-json\/wp\/v2\/pages\/21048\/revisions"}],"up":[{"embeddable":true,"href":"https:\/\/vccf.org\/pt\/wp-json\/wp\/v2\/pages\/20931"}],"wp:attachment":[{"href":"https:\/\/vccf.org\/pt\/wp-json\/wp\/v2\/media?parent=21048"}],"curies":[{"name":"wp","href":"https:\/\/api.w.org\/{rel}","templated":true}]}}