{"id":21049,"date":"2024-07-11T13:31:46","date_gmt":"2024-07-11T13:31:46","guid":{"rendered":"https:\/\/vccf.org\/?page_id=21049"},"modified":"2025-11-17T14:11:46","modified_gmt":"2025-11-17T22:11:46","slug":"donor-faqs","status":"publish","type":"page","link":"https:\/\/vccf.org\/pt\/donate\/donor-faqs\/","title":{"rendered":"Perguntas frequentes sobre os dadores"},"content":{"rendered":"<h1>\n\t\t\tPerguntas frequentes dos nossos doadores\t<\/h1>\n\t<p>Na VCCF, acreditamos no poder da comunidade. Cada pergunta que faz refor\u00e7a a nossa miss\u00e3o de melhorar a vitalidade e o bem-estar do Condado de Ventura. Quer esteja a pensar em fazer um donativo ou j\u00e1 seja um doador, as suas perguntas abrem caminho para um maior impacto. Abaixo, encontrar\u00e1 respostas a algumas das perguntas mais comuns que os nossos doadores fazem.<\/p>\n\t\t\t\tIs VCCF required to be a good steward of my donation?\n\t\t\t\tYES! VCCF&#8217;s Board of Directors is 100% certified in Fiduciary Essentials for Foundations and Endowments (FEFE), and staff is trained every year.\n<img loading=\"lazy\" decoding=\"async\" src=\"https:\/\/vccf.org\/wp-content\/uploads\/2024\/07\/logo.png\" alt=\"\" width=\"120\" height=\"120\" \/>\n\t\t\t\tFazer um donativo \u00e0 Ventura County Community Foundation significa investir no futuro da nossa comunidade. Cada d\u00f3lar doado apoia organiza\u00e7\u00f5es sem fins lucrativos locais e iniciativas destinadas a melhorar a qualidade de vida em Ventura County. Os nossos la\u00e7os comunit\u00e1rios profundos e o conhecimento abrangente das necessidades locais garantem que as suas contribui\u00e7\u00f5es s\u00e3o direcionadas para onde podem fazer mais bem:\n<ul>\n<li data-pm-slice=\"1 3 []\">Mais de $250 milh\u00f5es distribu\u00eddos em subs\u00eddios e bolsas de estudo desde a sua cria\u00e7\u00e3o.<\/li>\n<li data-pm-slice=\"1 3 []\">Reconhecimento consistente da transpar\u00eancia e da responsabilidade or\u00e7amental.<\/li>\n<\/ul>\n\t\t\t\tIs VCCF a nonprofit?\n\t\t\t\tYES! Therefore any donation to VCCF or a VCCF fund is a charitable donation under the Tax ID 77-0165029.\n\t\t\t\tWhat asset types can I give?\n\t\t\t\tVCCF is authorized to accept gifts of all kinds. While the most common types of gifts include cash, appreciated property, and publicly-traded stock, we can also accept most other assets.\n\t<p>To learn more or to take the next step of your Ventura County Philanthropic Journey, please contact our Philanthropic Services team<\/p>\n\t\t\t<a href=\"\/pt\/my-vccf-fund\/fund-contact\/\" target=\"_self\">\n\t\t\t\t\t\t\tContacto Jim Rivera\n\t\t\t\t\t<\/a>\n\t\t\t\t<img decoding=\"async\" src=\"https:\/\/vccf.org\/wp-content\/uploads\/2024\/07\/Group-1080-2.png\" alt=\"Group 1080 (2)\" itemprop=\"image\" height=\"563\" width=\"463\" title=\"Grupo 1080 (2)\" onerror=\"this.style.display='none'\" loading=\"lazy\" \/>\n\t<p>\"Esta comunidade tem sido a nossa casa durante muitos anos e tem sido boa para n\u00f3s. Os nossos filhos e netos vivem todos nesta zona. Cri\u00e1mos este fundo para promover o desenvolvimento de habita\u00e7\u00e3o a pre\u00e7os acess\u00edveis, para apoiar as artes e para melhorar o bem-estar f\u00edsico e mental das pessoas da nossa comunidade. O fundo \u00e9 flex\u00edvel para nos ajudar com os nossos planos imobili\u00e1rios e adoramos poder ver os resultados da nossa doa\u00e7\u00e3o enquanto ainda estamos vivos para participar nela.\"<\/p>\n<h4>\n\t\t\tMike Merewether. Doador\t<\/h4>\n\t<p>Cada pergunta leva a uma compreens\u00e3o e liga\u00e7\u00e3o mais profundas. A sua curiosidade alimenta a nossa miss\u00e3o partilhada de enriquecer as vidas de todos os residentes do Condado de Ventura. Juntos, estamos a criar um legado de compaix\u00e3o e resili\u00eancia. Obrigado por considerar a Ventura County Community Foundation como sua parceira em filantropia.<\/p>\n<h4>\n\t\t\tPronto para fazer a diferen\u00e7a?\t<\/h4>\n\t<p><a href=\"https:\/\/vccf.org\/pt\/contact-us\/\">Contacte-nos hoje<\/a>, <a href=\"https:\/\/vccf.org\/pt\/donate\/\">doar<\/a>, ou <a href=\"https:\/\/vccf.org\/pt\/my-vccf-fund\/start-a-fund\/\">criar o seu pr\u00f3prio fundo<\/a> para come\u00e7ar a sua jornada filantr\u00f3pica e tornar o Condado de Ventura um lugar melhor para se estar.<\/p>\n\t\t\t\t<img decoding=\"async\" src=\"https:\/\/vccf.org\/wp-content\/uploads\/2024\/04\/image-11.png\" alt=\"image (11)\" itemprop=\"image\" height=\"563\" width=\"463\" title=\"imagem (11)\" onerror=\"this.style.display='none'\" loading=\"lazy\" \/>","protected":false},"excerpt":{"rendered":"<p>Frequently Asked Questions from Our Donors At the VCCF, we believe in the power of community. Every question you ask strengthens our mission to enhance the vibrancy and well-being of&hellip;<\/p>","protected":false},"author":4,"featured_media":0,"parent":20931,"menu_order":0,"comment_status":"closed","ping_status":"closed","template":"","meta":{"_acf_changed":false,"give_campaign_id":0,"footnotes":""},"class_list":["post-21049","page","type-page","status-publish","hentry"],"acf":[],"campaignId":"","_links":{"self":[{"href":"https:\/\/vccf.org\/pt\/wp-json\/wp\/v2\/pages\/21049","targetHints":{"allow":["GET"]}}],"collection":[{"href":"https:\/\/vccf.org\/pt\/wp-json\/wp\/v2\/pages"}],"about":[{"href":"https:\/\/vccf.org\/pt\/wp-json\/wp\/v2\/types\/page"}],"author":[{"embeddable":true,"href":"https:\/\/vccf.org\/pt\/wp-json\/wp\/v2\/users\/4"}],"replies":[{"embeddable":true,"href":"https:\/\/vccf.org\/pt\/wp-json\/wp\/v2\/comments?post=21049"}],"version-history":[{"count":0,"href":"https:\/\/vccf.org\/pt\/wp-json\/wp\/v2\/pages\/21049\/revisions"}],"up":[{"embeddable":true,"href":"https:\/\/vccf.org\/pt\/wp-json\/wp\/v2\/pages\/20931"}],"wp:attachment":[{"href":"https:\/\/vccf.org\/pt\/wp-json\/wp\/v2\/media?parent=21049"}],"curies":[{"name":"wp","href":"https:\/\/api.w.org\/{rel}","templated":true}]}}