{"id":21086,"date":"2024-07-23T10:02:18","date_gmt":"2024-07-23T10:02:18","guid":{"rendered":"https:\/\/vccf.org\/?page_id=21086"},"modified":"2025-07-24T04:39:34","modified_gmt":"2025-07-24T11:39:34","slug":"start-a-fund","status":"publish","type":"page","link":"https:\/\/vccf.org\/pt\/my-vccf-fund\/start-a-fund\/","title":{"rendered":"Start a Fund with Ventura County Community Foundation"},"content":{"rendered":"<h1>\n\t\t\tBegin Your Legacy in Ventura County &#8211; Set Up a VCCF Fund\t<\/h1>\n\t<p>Bem-vindo a uma comunidade de agentes de mudan\u00e7a!<\/p>\n<h2>\n\t\t\tPorqu\u00ea criar um fundo com a VCCF?\t<\/h2>\n\t<p>Junte-se a n\u00f3s em nosso compromisso de transformar o Condado de Ventura atrav\u00e9s de filantropia focada. Come\u00e7ar um fundo com a Funda\u00e7\u00e3o Comunit\u00e1ria do Condado de Ventura oferece uma forma personalizada de retribuir a causas pelas quais voc\u00ea \u00e9 apaixonado, promovendo mudan\u00e7as onde elas s\u00e3o mais necess\u00e1rias em nossa comunidade.<\/p>\n\t\t\t\t<img decoding=\"async\" src=\"https:\/\/vccf.org\/wp-content\/uploads\/2024\/07\/logo-2.png\" alt=\"logo (2)\" itemprop=\"image\" height=\"120\" width=\"120\" title=\"log\u00f3tipo (2)\" onerror=\"this.style.display='none'\" loading=\"lazy\" \/>\n<h3>\n\t\t\tVCCF is 100% certified in Fiduciary Essentials for Foundations and Endowments (FEFE).\t<\/h3>\n<h3>\n\t\t\tComo criar um fundo\t<\/h3>\n\t<p>Comece a sua viagem filantr\u00f3pica agendando uma consulta gratuita com a nossa equipa dedicada de servi\u00e7os filantr\u00f3picos. Discutiremos os seus objectivos e exploraremos as melhores op\u00e7\u00f5es para tornar a sua doa\u00e7\u00e3o t\u00e3o impactante quanto poss\u00edvel.<\/p>\n\t\t\t<a href=\"https:\/\/vccf.org\/pt\/my-vccf-fund\/fund-contact\/\" target=\"_self\">\n\t\t\t\t\t\t\tMarcar uma consulta sem compromisso\n\t\t\t\t\t<\/a>\n\t<p>\"A VCCF facilita a cria\u00e7\u00e3o de um legado que beneficiar\u00e1 as pessoas nos anos vindouros e garante que o financiamento vai para organiza\u00e7\u00f5es dignas.\"<\/p>\n\t<p>Kimberly J. Engberg, Acionista do Fundo<\/p>\n<h3>\n\t\t\tPassos t\u00edpicos para criar um fundo:\t<\/h3>\n\t\t\t\tRever objectivos e aspira\u00e7\u00f5es\n\t\t\t\t<p>Defina o que pretende alcan\u00e7ar com a sua filantropia.<\/p>\n\t\t\t\tSelecionar o tipo de fundo mais adequado\n\t\t\t\t<p>Analise e compare uma variedade de categorias de fundos para melhor corresponder aos seus interesses caritativos e objectivos de impacto:<\/p>\n<ul data-pm-slice=\"3 3 []\">\n<li data-list-indent=\"2\" data-list-type=\"bulleted\">\n<p><strong>Fundos de ag\u00eancias:<\/strong> Apoie a sua organiza\u00e7\u00e3o sem fins lucrativos com activos geridos.<\/p>\n<\/li>\n<li data-list-indent=\"2\" data-list-type=\"bulleted\">\n<p><strong>Fundos aconselhados por doadores (DAF):<\/strong> Usufruir de benef\u00edcios fiscais e recomendar subven\u00e7\u00f5es.<\/p>\n<\/li>\n<li data-list-indent=\"2\" data-list-type=\"bulleted\">\n<p><strong>Fundos designados:<\/strong> Apoio direto a organiza\u00e7\u00f5es ou programas espec\u00edficos.<\/p>\n<\/li>\n<li data-list-indent=\"2\" data-list-type=\"bulleted\">\n<p><strong>Fundos do dom\u00ednio de interesse:<\/strong> Abordar causas ou \u00e1reas geogr\u00e1ficas alargadas.<\/p>\n<\/li>\n<li data-list-indent=\"2\" data-list-type=\"bulleted\">\n<p><strong>Fundos para bolsas de estudo:<\/strong> Aid students&#8217; education.<\/p>\n<\/li>\n<li data-list-indent=\"2\" data-list-type=\"bulleted\">\n<p><strong>Fundos sem restri\u00e7\u00f5es:<\/strong> Permitir que a VCCF responda \u00e0s necessidades urgentes da comunidade.<\/p>\n<\/li>\n<\/ul>\n\t\t\t\t&#8220;Do the paperwork&#8221;\n\t\t\t\t<p>Trabalhe com a nossa equipa de especialistas para criar o seu fundo e homenagear os seus desejos.<\/p>\n\t\t\t\tConcess\u00e3o de subs\u00eddios\n\t\t\t\t<p>Decidir como os fundos s\u00e3o distribu\u00eddos para causar um impacto duradouro.<\/p>\n\t\t\t\tFinanciar o seu fundo\n\t\t\t\t<p>Comece com um donativo inicial e aumente-o ao longo do tempo.<\/p>\n\t<p>Para quaisquer quest\u00f5es ou pr\u00f3ximos passos, contacte a nossa equipa de servi\u00e7os filantr\u00f3picos<\/p>\n\t\t\t<a href=\"https:\/\/vccf.org\/pt\/my-vccf-fund\/fund-contact\/\" target=\"_self\">\n\t\t\t\t\t\t\tContactar-nos\n\t\t\t\t\t<\/a>\n<h2>\n\t\t\tVantagens da constitui\u00e7\u00e3o de um fundo\t<\/h2>\n\t\t\t\t<img decoding=\"async\" src=\"https:\/\/vccf.org\/wp-content\/uploads\/2024\/07\/Group-1075.png\" alt=\"Group 1075\" itemprop=\"image\" height=\"52\" width=\"52\" title=\"Grupo 1075\" onerror=\"this.style.display='none'\" loading=\"lazy\" \/>\n<h3>\n\t\t\tSimplicidade\t<\/h3>\n\t<p>A cria\u00e7\u00e3o de um fundo de caridade \u00e9 uma alternativa f\u00e1cil e de baixo custo para formar e administrar uma funda\u00e7\u00e3o privada, e requer um m\u00ednimo de papelada. Gerimos os investimentos, processamos as distribui\u00e7\u00f5es do fundo e apresentamos as declara\u00e7\u00f5es fiscais adequadas.<\/p>\n\t\t\t\t<img decoding=\"async\" src=\"https:\/\/vccf.org\/wp-content\/uploads\/2024\/07\/Group-1076.png\" alt=\"Group 1076\" itemprop=\"image\" height=\"52\" width=\"52\" title=\"Grupo 1076\" onerror=\"this.style.display='none'\" loading=\"lazy\" \/>\n<h3>\n\t\t\tBenef\u00edcios fiscais\t<\/h3>\n\t<p>Maximizar os benef\u00edcios fiscais federais e estaduais. Receba uma dedu\u00e7\u00e3o fiscal imediata no ano em que a doa\u00e7\u00e3o \u00e9 feita, sem ter de se apressar a tomar decis\u00f5es sobre o momento final ou o benefici\u00e1rio das suas doa\u00e7\u00f5es.<\/p>\n\t\t\t\t<img decoding=\"async\" src=\"https:\/\/vccf.org\/wp-content\/uploads\/2024\/07\/Group-1122.png\" alt=\"Group 1122\" itemprop=\"image\" height=\"52\" width=\"52\" title=\"Grupo 1122\" onerror=\"this.style.display='none'\" loading=\"lazy\" \/>\n<h3>\n\t\t\tGrande flexibilidade\t<\/h3>\n\t<p>Podemos aceitar uma grande variedade de ofertas - incluindo dinheiro, ac\u00e7\u00f5es, bens im\u00f3veis e outros activos. Podemos ajud\u00e1-lo a criar um fundo para praticamente qualquer fim caritativo. Receber reconhecimento p\u00fablico ou permanecer an\u00f3nimo. Pode fazer doa\u00e7\u00f5es a uma variedade de organiza\u00e7\u00f5es e adicionar a qualquer fundo em qualquer altura.<\/p>\n\t\t\t\t<img decoding=\"async\" src=\"https:\/\/vccf.org\/wp-content\/uploads\/2024\/07\/Group-1079.png\" alt=\"Group 1079\" itemprop=\"image\" height=\"50\" width=\"45\" title=\"Grupo 1079\" onerror=\"this.style.display='none'\" loading=\"lazy\" \/>\n<h3>\n\t\t\tGest\u00e3o profissional\t<\/h3>\n\t<p>Aproveite as vantagens de ter o seu fundo como parte de uma carteira de investimentos diversificada e gerida ativamente, com pessoal profissional dispon\u00edvel para responder a perguntas, identificar necessidades da comunidade e analisar pedidos de subs\u00eddios.<\/p>\n\t\t\t\t<img decoding=\"async\" src=\"https:\/\/vccf.org\/wp-content\/uploads\/2024\/07\/Group-1080-2-1.png\" alt=\"Group 1080 (2)\" itemprop=\"image\" height=\"52\" width=\"50\" title=\"Grupo 1080 (2)\" onerror=\"this.style.display='none'\" loading=\"lazy\" \/>\n<h3>\n\t\t\tImpacto na comunidade\t<\/h3>\n\t<p>A nossa equipa de profissionais do programa ajud\u00e1-lo-\u00e1 a compreender as necessidades da comunidade, a avaliar as organiza\u00e7\u00f5es locais e a direcionar os d\u00f3lares dos donativos para \u00e1reas de grande impacto.<\/p>\n\t\t\t\t<img decoding=\"async\" src=\"https:\/\/vccf.org\/wp-content\/uploads\/2024\/07\/Group-1081.png\" alt=\"Group 1081\" itemprop=\"image\" height=\"52\" width=\"52\" title=\"Grupo 1081\" onerror=\"this.style.display='none'\" loading=\"lazy\" \/>\n<h3>\n\t\t\tEstabilidade\t<\/h3>\n\t<p>As funda\u00e7\u00f5es comunit\u00e1rias s\u00e3o organiza\u00e7\u00f5es profissionais que cumprem normas de desempenho publicadas relativamente a pr\u00e1ticas de investimento, servi\u00e7os aos doadores e pr\u00e1ticas de concess\u00e3o de subs\u00eddios. A auditoria anual, a divulga\u00e7\u00e3o p\u00fablica de todas as actividades de concess\u00e3o de subs\u00eddios e a sele\u00e7\u00e3o cuidadosa dos membros do conselho de administra\u00e7\u00e3o asseguram a utiliza\u00e7\u00e3o cont\u00ednua dos fundos no interesse p\u00fablico, conforme determinado pelos doadores.<\/p>\n\t\t\t\t<img decoding=\"async\" src=\"https:\/\/vccf.org\/wp-content\/uploads\/2024\/07\/Group-1123.png\" alt=\"Group 1123\" itemprop=\"image\" height=\"52\" width=\"53\" title=\"Grupo 1123\" onerror=\"this.style.display='none'\" loading=\"lazy\" \/>\n<h3>\n\t\t\tPerpetuidade\t<\/h3>\n\t<p>Os fundos de dota\u00e7\u00e3o servir\u00e3o os seus interesses caritativos agora e para as gera\u00e7\u00f5es vindouras porque o capital do fundo nunca \u00e9 gasto. Um fundo de dota\u00e7\u00e3o dura para sempre - um testemunho permanente da sua compaix\u00e3o e um recurso duradouro para a sua comunidade.<\/p>\n\t<button id=\"board-prev\" type=\"button\">Deslocar para tr\u00e1s<\/button>\n<button id=\"board-next\" type=\"button\">Percorrer para saber mais<\/button>\n\t<p><strong>Junte-se hoje \u00e0 nossa comunidade de dadores! Entre em contacto para iniciar a sua jornada filantr\u00f3pica e ajude-nos a tornar o Condado de Ventura um lugar melhor para todos.<\/strong><\/p>\n\t\t\t<a href=\"https:\/\/vccf.org\/pt\/my-vccf-fund\/fund-contact\/\" target=\"_self\">\n\t\t\t\t\t\t\tContactar-nos\n\t\t\t\t\t<\/a>\n<h3>\n\t\t\t\"Esta comunidade tem sido a nossa casa durante muitos anos e tem sido boa para n\u00f3s. Os nossos filhos e netos vivem todos nesta zona. Cri\u00e1mos este fundo para promover o desenvolvimento de habita\u00e7\u00e3o a pre\u00e7os acess\u00edveis, para apoiar as artes e para melhorar o bem-estar f\u00edsico e mental das pessoas da nossa comunidade. O fundo \u00e9 flex\u00edvel para nos ajudar com os nossos planos imobili\u00e1rios e adoramos poder ver os resultados da nossa doa\u00e7\u00e3o enquanto ainda estamos vivos para participar nela.\"\t<\/h3>\n\t<p>Mike Merewether, Donor<\/p>\n\t\t\t\t<img decoding=\"async\" src=\"https:\/\/vccf.org\/wp-content\/uploads\/2024\/07\/Group-1080-1.png\" alt=\"Group 1080 (1)\" itemprop=\"image\" height=\"563\" width=\"463\" title=\"Grupo 1080 (1)\" onerror=\"this.style.display='none'\" loading=\"lazy\" \/>","protected":false},"excerpt":{"rendered":"<p>Begin Your Legacy in Ventura County &#8211; Set Up a VCCF Fund Welcome to a community of change-makers! Why Start a Fund with VCCF? Join us in our commitment to&hellip;<\/p>","protected":false},"author":3,"featured_media":0,"parent":21014,"menu_order":0,"comment_status":"closed","ping_status":"closed","template":"","meta":{"_acf_changed":false,"give_campaign_id":0,"footnotes":""},"class_list":["post-21086","page","type-page","status-publish","hentry"],"acf":[],"campaignId":"","_links":{"self":[{"href":"https:\/\/vccf.org\/pt\/wp-json\/wp\/v2\/pages\/21086","targetHints":{"allow":["GET"]}}],"collection":[{"href":"https:\/\/vccf.org\/pt\/wp-json\/wp\/v2\/pages"}],"about":[{"href":"https:\/\/vccf.org\/pt\/wp-json\/wp\/v2\/types\/page"}],"author":[{"embeddable":true,"href":"https:\/\/vccf.org\/pt\/wp-json\/wp\/v2\/users\/3"}],"replies":[{"embeddable":true,"href":"https:\/\/vccf.org\/pt\/wp-json\/wp\/v2\/comments?post=21086"}],"version-history":[{"count":0,"href":"https:\/\/vccf.org\/pt\/wp-json\/wp\/v2\/pages\/21086\/revisions"}],"up":[{"embeddable":true,"href":"https:\/\/vccf.org\/pt\/wp-json\/wp\/v2\/pages\/21014"}],"wp:attachment":[{"href":"https:\/\/vccf.org\/pt\/wp-json\/wp\/v2\/media?parent=21086"}],"curies":[{"name":"wp","href":"https:\/\/api.w.org\/{rel}","templated":true}]}}