{"id":21089,"date":"2024-07-23T13:46:20","date_gmt":"2024-07-23T13:46:20","guid":{"rendered":"https:\/\/vccf.org\/?page_id=21089"},"modified":"2025-05-05T11:05:04","modified_gmt":"2025-05-05T18:05:04","slug":"nonprofit-compliance","status":"publish","type":"page","link":"https:\/\/vccf.org\/pt\/grants\/nonprofit-compliance\/","title":{"rendered":"Conformidade das organiza\u00e7\u00f5es sem fins lucrativos"},"content":{"rendered":"<h1>\n\t\tConformidade e concess\u00e3o de subven\u00e7\u00f5es a organiza\u00e7\u00f5es sem fins lucrativos\n\t<\/h1>\n<h2>\n\t\tConformidade das organiza\u00e7\u00f5es sem fins lucrativos\n\t<\/h2>\n\tAp\u00f3s a rece\u00e7\u00e3o de uma recomenda\u00e7\u00e3o de subs\u00eddio de um fundo, a VCCF efectua uma verifica\u00e7\u00e3o de dilig\u00eancia devida sobre a organiza\u00e7\u00e3o benefici\u00e1ria. Todas as organiza\u00e7\u00f5es sem fins lucrativos 501(c)(3) da Calif\u00f3rnia t\u00eam de se registar anualmente no Gabinete do Procurador-Geral da Calif\u00f3rnia e manter um estatuto de registo \"atual\", a menos que a organiza\u00e7\u00e3o esteja isenta. As organiza\u00e7\u00f5es sem fins lucrativos 501(c)(3) de fora do estado t\u00eam de se registar no Gabinete do Procurador-Geral da Calif\u00f3rnia se estiverem a realizar neg\u00f3cios na Calif\u00f3rnia, ou seja, a solicitar donativos, a receber presentes ou outros activos com valor financeiro para fins caritativos.\n<p>Eis algumas liga\u00e7\u00f5es \u00fateis para o s\u00edtio Web do Procurador-Geral da Calif\u00f3rnia.<\/p>\n<ul>\n<li><a href=\"https:\/\/oag.ca.gov\/charities\/initial-reg\" target=\"_blank\" rel=\"noopener\">Registo inicial<\/a><\/li>\n<li><a href=\"https:\/\/oag.ca.gov\/charities\/renewals\" target=\"_blank\" rel=\"noopener\">Renova\u00e7\u00e3o do registo anual<\/a><\/li>\n<li><a href=\"https:\/\/oag.ca.gov\/charities\/delinquency\" target=\"_blank\" rel=\"noopener\">Inadimplente<\/a><\/li>\n<\/ul>\n<p>Para al\u00e9m de ter um registo atualizado, a organiza\u00e7\u00e3o sem fins lucrativos deve estar em dia com as suas declara\u00e7\u00f5es fiscais junto do IRS. As informa\u00e7\u00f5es relativas \u00e0 declara\u00e7\u00e3o de impostos s\u00e3o revistas atrav\u00e9s do <a href=\"https:\/\/apps.irs.gov\/app\/eos\/\" target=\"_blank\" rel=\"noopener\">Ferramenta de pesquisa de organiza\u00e7\u00f5es isentas de impostos do IRS.<\/a><\/p>\n<p>A VCCF efectua igualmente uma avalia\u00e7\u00e3o b\u00e1sica da dilig\u00eancia financeira, tal como descrito na pol\u00edtica em anexo \"<a href=\"https:\/\/vccf.org\/wp-content\/uploads\/2024\/11\/VCCF-Assessing-the-Financial-Health-of-Nonprofit-Organizations.pdf\" target=\"_blank\" rel=\"noopener\">Avaliar a sa\u00fade financeira das organiza\u00e7\u00f5es sem fins lucrativos<\/a>&#8220;.<\/p>\n\t\t\t<a href=\"https:\/\/vccf.org\/pt\/grants\/\" target=\"_self\">\n\t\t\t\t\t\t\tVoltar \u00e0s subven\u00e7\u00f5es\n\t\t\t\t\t<\/a>","protected":false},"excerpt":{"rendered":"<p>Nonprofit Compliance and Grantmaking Nonprofit Compliance Upon receipt of a grant recommendation from a fund, VCCF conducts a due diligence check on the recipient organization. Every California nonprofit 501(c)(3) organization&hellip;<\/p>","protected":false},"author":4,"featured_media":0,"parent":22928,"menu_order":0,"comment_status":"closed","ping_status":"closed","template":"","meta":{"_acf_changed":false,"give_campaign_id":0,"footnotes":""},"class_list":["post-21089","page","type-page","status-publish","hentry"],"acf":[],"campaignId":"","_links":{"self":[{"href":"https:\/\/vccf.org\/pt\/wp-json\/wp\/v2\/pages\/21089","targetHints":{"allow":["GET"]}}],"collection":[{"href":"https:\/\/vccf.org\/pt\/wp-json\/wp\/v2\/pages"}],"about":[{"href":"https:\/\/vccf.org\/pt\/wp-json\/wp\/v2\/types\/page"}],"author":[{"embeddable":true,"href":"https:\/\/vccf.org\/pt\/wp-json\/wp\/v2\/users\/4"}],"replies":[{"embeddable":true,"href":"https:\/\/vccf.org\/pt\/wp-json\/wp\/v2\/comments?post=21089"}],"version-history":[{"count":0,"href":"https:\/\/vccf.org\/pt\/wp-json\/wp\/v2\/pages\/21089\/revisions"}],"up":[{"embeddable":true,"href":"https:\/\/vccf.org\/pt\/wp-json\/wp\/v2\/pages\/22928"}],"wp:attachment":[{"href":"https:\/\/vccf.org\/pt\/wp-json\/wp\/v2\/media?parent=21089"}],"curies":[{"name":"wp","href":"https:\/\/api.w.org\/{rel}","templated":true}]}}