{"id":21123,"date":"2024-07-25T11:56:07","date_gmt":"2024-07-25T11:56:07","guid":{"rendered":"https:\/\/vccf.org\/?page_id=21123"},"modified":"2025-12-11T13:54:16","modified_gmt":"2025-12-11T21:54:16","slug":"virtual-lunch-and-learns","status":"publish","type":"page","link":"https:\/\/vccf.org\/pt\/events\/virtual-lunch-and-learns\/","title":{"rendered":"Virtual Lunch and Learns"},"content":{"rendered":"<h1>\n\t\t\tVCCF Virtual Lunch &#038; Learns: <br \/>Junte-se \u00e0 nossa comunidade de agentes de mudan\u00e7a!\t<\/h1>\n\t<p><strong>Envolvimento conjunto para um Condado de Ventura mais luminoso<\/strong><\/p>\n\t<p>Na Ventura County Community Foundation, acreditamos que cada reuni\u00e3o \u00e9 uma oportunidade para forjar um futuro melhor para a nossa comunidade. Os nossos eventos s\u00e3o mais do que reuni\u00f5es; s\u00e3o uma celebra\u00e7\u00e3o vibrante de objectivos partilhados e um compromisso sincero para melhorar o Condado de Ventura.<\/p>\n\t<p><strong>Almo\u00e7o e aprendizagem virtuais: Uma janela para o impacto local<\/strong><\/p>\n\t<p>Experimente o poder da a\u00e7\u00e3o colectiva com os nossos Almo\u00e7os e Aprendizagens Virtuais. Estas sess\u00f5es re\u00fanem doadores, l\u00edderes comunit\u00e1rios e indiv\u00edduos apaixonados para discutir e apoiar os projectos em curso que moldam o futuro da nossa comunidade. Desde a melhoria das oportunidades educativas at\u00e9 ao avan\u00e7o das iniciativas de cuidados de sa\u00fade, cada reuni\u00e3o \u00e9 um passo em frente na nossa viagem comunit\u00e1ria.<\/p>\n\t\t\t\t<img decoding=\"async\" src=\"https:\/\/vccf.org\/wp-content\/uploads\/2024\/10\/image-2024-10-18T132935.500.png\" alt=\"image - 2024-10-18T132935.500\" itemprop=\"image\" height=\"851\" width=\"836\" title=\"imagem - 2024-10-18T132935.500\" onerror=\"this.style.display='none'\" loading=\"lazy\" \/>\n<h2>\n\t\t\tPorqu\u00ea participar?\t<\/h2>\n\t<p>Ligar-se a pessoas que pensam da mesma forma<\/p>\n\t<p>Share your passion with a community that cares deeply about Ventura County&#8217;s future and well-being.<\/p>\n\t<p>Mantenha-se informado sobre projectos com impacto<\/p>\n\t<p>Obtenha informa\u00e7\u00f5es sobre o impacto direto das suas contribui\u00e7\u00f5es e veja em primeira m\u00e3o como, em conjunto, estamos a fazer a diferen\u00e7a.<\/p>\n\t<p>Moldar o futuro<\/p>\n\t<p>A sua participa\u00e7\u00e3o ajuda a orientar a dire\u00e7\u00e3o das nossas iniciativas, assegurando que as necessidades da comunidade est\u00e3o sempre em primeiro plano.<\/p>\n\t<p>Ou\u00e7a o que dizem aqueles que experimentaram a alegria de dar atrav\u00e9s dos nossos eventos:<\/p>\n\t<p>\"Os almo\u00e7os e aprendizagens virtuais t\u00eam sido uma excelente forma de conhecer contactos de outras organiza\u00e7\u00f5es sem fins lucrativos. O Condado de Ventura tem uma grande variedade de organiza\u00e7\u00f5es sem fins lucrativos que fazem um trabalho poderoso, tornando nossa comunidade um lugar maravilhoso para se viver. Aprendi muito com o Lunch and Learns e fiz muitos novos amigos.\"<\/p>\n\t<p>Linda Braunschweiger, Diretora Executiva do Housing Trust Fund Ventura County<\/p>\n<h2>\n\t\t\tPr\u00f3ximos eventos\t<\/h2>\n\t<p>Convidamo-lo a juntar-se a n\u00f3s nos nossos pr\u00f3ximos eventos. Cada evento \u00e9 meticulosamente planeado para garantir uma experi\u00eancia enriquecedora e memor\u00e1vel para todos os participantes. Fique atento aos pormenores do nosso pr\u00f3ximo encontro e fa\u00e7a parte de algo verdadeiramente especial.<\/p>\n<p>Para fazer parte do nosso pr\u00f3ximo evento ou para obter mais informa\u00e7\u00f5es, contacte Lauren Graf Pe\u00f1a em <a href=\"mailto:lgraf@vccf.org\" rel=\"noopener\" target=\"_blank\">lgraf@vccf.org<\/a>.<\/p>\n<p>Juntos, vamos inspirar a mudan\u00e7a e celebrar o esp\u00edrito da nossa comunidade em cada reuni\u00e3o!<\/p>\n<h2>\n\t\t\tRegistration &#038; Past Recordings\t<\/h2>","protected":false},"excerpt":{"rendered":"<p>VCCF Virtual Lunch &#038; Learns: Join Our Community of Changemakers! Engaging Together for a Brighter Ventura County At the Ventura County Community Foundation, we believe every gathering is an opportunity&hellip;<\/p>","protected":false},"author":4,"featured_media":0,"parent":21008,"menu_order":0,"comment_status":"closed","ping_status":"closed","template":"","meta":{"_acf_changed":false,"give_campaign_id":0,"footnotes":""},"class_list":["post-21123","page","type-page","status-publish","hentry"],"acf":[],"campaignId":"","_links":{"self":[{"href":"https:\/\/vccf.org\/pt\/wp-json\/wp\/v2\/pages\/21123","targetHints":{"allow":["GET"]}}],"collection":[{"href":"https:\/\/vccf.org\/pt\/wp-json\/wp\/v2\/pages"}],"about":[{"href":"https:\/\/vccf.org\/pt\/wp-json\/wp\/v2\/types\/page"}],"author":[{"embeddable":true,"href":"https:\/\/vccf.org\/pt\/wp-json\/wp\/v2\/users\/4"}],"replies":[{"embeddable":true,"href":"https:\/\/vccf.org\/pt\/wp-json\/wp\/v2\/comments?post=21123"}],"version-history":[{"count":0,"href":"https:\/\/vccf.org\/pt\/wp-json\/wp\/v2\/pages\/21123\/revisions"}],"up":[{"embeddable":true,"href":"https:\/\/vccf.org\/pt\/wp-json\/wp\/v2\/pages\/21008"}],"wp:attachment":[{"href":"https:\/\/vccf.org\/pt\/wp-json\/wp\/v2\/media?parent=21123"}],"curies":[{"name":"wp","href":"https:\/\/api.w.org\/{rel}","templated":true}]}}