{"id":21410,"date":"2024-09-16T03:21:24","date_gmt":"2024-09-16T03:21:24","guid":{"rendered":"https:\/\/vccf.org\/?page_id=21410"},"modified":"2026-04-21T08:19:54","modified_gmt":"2026-04-21T15:19:54","slug":"past-current-and-upcoming-grants","status":"publish","type":"page","link":"https:\/\/vccf.org\/pt\/grants\/past-current-and-upcoming-grants\/","title":{"rendered":"Past, Current, and Upcoming Grants"},"content":{"rendered":"<h1>\n\t\t\tApply for a Grant\t<\/h1>\n\t<p>Aceda a potenciais financiamentos para fazer avan\u00e7ar as suas iniciativas. Consulte as nossas oportunidades de subven\u00e7\u00e3o em aberto abaixo.<\/p>\n\t\t\t<a href=\"https:\/\/vccf.org\/pt\/my-vccf-fund\/access-my-fund\/\"  target=\"_self\">\n\t\t\t\t\t\t\tEntrada no Portal VCCF\n\t\t\t\t\t<\/a>\n<figure itemscope itemtype=\"https:\/\/schema.org\/ImageObject\">\n\t\t\t\t<img decoding=\"async\" src=\"https:\/\/vccf.org\/wp-content\/uploads\/2024\/04\/\u0421\u043b\u043e\u0439-1-4.png\" alt=\"\u0421\u043b\u043e\u0438\u0306 1 4\" height=\"60\" width=\"44\" title=\"\u0421\u043b\u043e\u0439 1 4\" onerror=\"this.style.display='none'\" loading=\"lazy\" \/>\n\t<\/figure>\n<h3>\n\t\t\tTornar o Condado de Ventura um lugar melhor para viver\t<\/h3>\n<h2>\n\t\t\tOportunidades de subs\u00eddios anuais para organiza\u00e7\u00f5es sem fins lucrativos da VCCF\t<\/h2>\n\t<p>Manter-se informado sobre todas as oportunidades de subven\u00e7\u00f5es futuras<\/p>\n\t\t\t<a href=\"https:\/\/vccf.org\/pt\/media-news\/email-newsletter-sign-up\/\"  target=\"_self\">\n\t\t\t\t\t\t\tPoder do objetivo\n\t\t\t\t\t<\/a>\n\t\t\t\tArtLife Foundation Fund\n\t\t\t\t<p><strong>Purpose of Grant Opportunity<\/strong><\/p>\n<p>The Art Life Foundation Fund supports programs and initiatives that advance artistic excellence and nurture creativity within Ventura County.<\/p>\n<p>Through this competitive grant opportunity, the fund will support arts organizations and educational institutions whose work:<\/p>\n<ul>\n<li>Advances artistic excellence<\/li>\n<li>Supports arts educators or programs that foster the &#8220;Creative Mind&#8221;<\/li>\n<li>Promotes the scholarly study of Joe Cardella&#8217;s life, artwork, creative philosophy, or Art Life Limited Editions<\/li>\n<\/ul>\n<p>This grant round focuses on organizational programs, projects, and initiatives. Student scholarship awards supported through the fund are administered separately and are not part of this application.<\/p>\n<p><strong>Funding Overview<\/strong><\/p>\n<p>For this funding cycle, approximately $55,000 in total grant funding will be awarded.<\/p>\n<p>Organizations may request funding in an amount that reflects the needs of their proposed project or program. To assist the review process, applicants are asked to indicate:<\/p>\n<ul>\n<li>The minimum amount needed to successfully implement the project<\/li>\n<li>The preferred funding amount<\/li>\n<\/ul>\n<p>Organizations may request up to the full $55,000 available. Final award sizes may vary and may range from smaller grants to larger awards depending on the strength, scope, and impact of the proposals received.<\/p>\n<p>Note to applicants: Please keep responses concise. In most cases, one to three short paragraphs per question is sufficient.<\/p>\n<p><strong>Application now open! Please <a href=\"https:\/\/vccf.org\/pt\/my-vccf-fund\/access-my-fund\/\">clique aqui<\/a> to apply.\u00a0 <\/strong>If you&#8217;ve already registered for the VCCF Portal, click &#8220;Log In&#8221;. If you&#8217;re a new user, click &#8216;Sign Up&#8217; and follow the on-screen instructions.<\/p>\n<p>Deadline to submit an application for the\u00a0ArtLife Foundation Fund is\u00a0<strong><u>Friday May 15, 2026 at 5pm PST<\/u>.<\/strong>\u00a0Unfortunately, no applications will be accepted after the stated\u00a0date and time. You will not be able to submit an application in progress after\u00a0<strong><u>Friday May 15, 2026 at 5pm PST<\/u>.<\/strong><\/p>\n\t\t\t\tFundo Bert M. e Mildred O. Dahl\n\t\t\t\t<p>Os subs\u00eddios do Fundo Bert M. e Mildred O. Dahl devem ser utilizados no condado de Ventura para fins caritativos gerais em benef\u00edcio da juventude de Oak View, Calif\u00f3rnia. As organiza\u00e7\u00f5es sem fins lucrativos devem criar ou apoiar programas para os jovens de Oak View. Isto pode incluir a constru\u00e7\u00e3o e manuten\u00e7\u00e3o de instala\u00e7\u00f5es para tais programas.<\/p>\n<p>Application now open! <strong><a href=\"https:\/\/vccf.org\/pt\/my-fund-login\/\">Clique aqui para se candidatar<\/a><\/strong>. If you&#8217;ve already registered for the VCCF Portal, click &#8220;Log In&#8221;. If you&#8217;re a new user, click &#8216;Sign Up&#8217; and follow the on-screen instructions.<\/p>\n<p>Deadline to submit an application for the Bert M. and Mildred O. Dahl Fund is <strong>Wednesday May 27, 2026 at 5 p.m. PST.<\/strong> Unfortunately, no applications will be accepted after the stated date and time. You will not be able to submit an application in progress after <strong>Wednesday May 27, 2026 at 5 p.m. PST.<\/strong><\/p>\n\t\t\t\tBarbara Barnard Smith Fund for World Musics (Fundo Barbara Barnard Smith para M\u00fasicas do Mundo)\n\t\t\t\t<p>O Barbara Barnard Smith Fund for World Musics foi criado em 1992 com o objetivo de melhorar a compreens\u00e3o dos ambientes multiculturais locais e interculturais globais atrav\u00e9s da expans\u00e3o do conhecimento de heran\u00e7as art\u00edsticas para al\u00e9m das tradi\u00e7\u00f5es de concerto euro-americanas. O fundo aconselhado por doadores considerar\u00e1 candidaturas de escolas e de organiza\u00e7\u00f5es estabelecidas para apresentar concertos para o p\u00fablico, a fim de apoiar actua\u00e7\u00f5es de m\u00fasica cl\u00e1ssica e folcl\u00f3rica n\u00e3o ocidental por portadores destas tradi\u00e7\u00f5es, e de composi\u00e7\u00f5es contempor\u00e2neas para instrumentos tradicionais ou ocidentais inspiradas e incorporando elementos destas m\u00fasicas.<\/p>\n<p><strong>The application is now closed.<\/strong><\/p>\n\t\t\t\tSmith-Hobson Foundation Fund\n\t\t\t\t<p>A Smith-Hobson Foundation apoia projectos art\u00edsticos e culturais, tais como os associados a museus, sociedades hist\u00f3ricas, artes pl\u00e1sticas e performativas, e educa\u00e7\u00e3o e acesso \u00e0s artes, na zona ocidental do Condado de Ventura. O conselho de administra\u00e7\u00e3o da Smith-Hobson Foundation pode solicitar ou recomendar subven\u00e7\u00f5es fora destas prioridades de financiamento e\/ou com um enfoque geogr\u00e1fico mais alargado; essas subven\u00e7\u00f5es ser\u00e3o solicitadas diretamente pela Smith-Hobson Foundation.<\/p>\n<p><strong>A candidatura est\u00e1 agora encerrada.<\/strong><\/p>\n\t\t\t\tSwift Memorial Health Care Foundation Charitable Fund Application 2025\n\t\t\t\t<p>The Swift Memorial Health Care Foundation Charitable Fund was established following the dissolution of the Swift Memorial Health Care Foundation (SMHCF). SMHCF was named in honor of Dr. Floyd J. Swift and his wife, Ida Swift, in recognition of their significant contributions to improving the quality of life in Ventura County.<\/p>\n<p>The Swift Memorial Health Care Foundation Charitable Fund will carry on the Foundation&#8217;s legacy by supporting nonprofit organizations that assess health care needs or provide health care services to Ventura County residents through community-focused programs, projects, or events.\u00a0Grants are typically awarded to support specific projects that are expected to be achieved within a defined timeframe-often within one year-and for projects with the potential to extend beyond the grant period, generating lasting impact and long-term multiplier effects.\u00a0<strong>Typical grant awards range from $3,000 to $10,000, with a maximum request limit of $20,000.<\/strong><\/p>\n<p><strong>A candidatura est\u00e1 agora encerrada. <\/strong><\/p>","protected":false},"excerpt":{"rendered":"<p>Apply for a Grant Access potential funding to advance your initiatives. See our open grant opportunities below. VCCF Portal Log In Make Ventura County a better place to live VCCF&hellip;<\/p>","protected":false},"author":12,"featured_media":0,"parent":22928,"menu_order":0,"comment_status":"closed","ping_status":"closed","template":"","meta":{"_acf_changed":false,"give_campaign_id":0,"footnotes":""},"class_list":["post-21410","page","type-page","status-publish","hentry"],"acf":[],"campaignId":"","_links":{"self":[{"href":"https:\/\/vccf.org\/pt\/wp-json\/wp\/v2\/pages\/21410","targetHints":{"allow":["GET"]}}],"collection":[{"href":"https:\/\/vccf.org\/pt\/wp-json\/wp\/v2\/pages"}],"about":[{"href":"https:\/\/vccf.org\/pt\/wp-json\/wp\/v2\/types\/page"}],"author":[{"embeddable":true,"href":"https:\/\/vccf.org\/pt\/wp-json\/wp\/v2\/users\/12"}],"replies":[{"embeddable":true,"href":"https:\/\/vccf.org\/pt\/wp-json\/wp\/v2\/comments?post=21410"}],"version-history":[{"count":0,"href":"https:\/\/vccf.org\/pt\/wp-json\/wp\/v2\/pages\/21410\/revisions"}],"up":[{"embeddable":true,"href":"https:\/\/vccf.org\/pt\/wp-json\/wp\/v2\/pages\/22928"}],"wp:attachment":[{"href":"https:\/\/vccf.org\/pt\/wp-json\/wp\/v2\/media?parent=21410"}],"curies":[{"name":"wp","href":"https:\/\/api.w.org\/{rel}","templated":true}]}}