{"id":21412,"date":"2024-09-16T05:22:09","date_gmt":"2024-09-16T05:22:09","guid":{"rendered":"https:\/\/vccf.org\/?page_id=21412"},"modified":"2025-04-15T11:38:49","modified_gmt":"2025-04-15T18:38:49","slug":"research","status":"publish","type":"page","link":"https:\/\/vccf.org\/pt\/research\/","title":{"rendered":"Investiga\u00e7\u00e3o"},"content":{"rendered":"<h1>\n\t\tProjectos de investiga\u00e7\u00e3o VCCF\n\t<\/h1>\n<h4>\n\t\tTransfer\u00eancia de riqueza no condado de Ventura\n\t<\/h4>\n\t\t\t<a href=\"https:\/\/vccf.org\/wp-content\/uploads\/2024\/09\/study-of-transfer-of-wealth-in-ventura-county_revised2022.pdf\" download target=\"_self\">\n\t\t\t\t\t\t\tDescarregar o relat\u00f3rio\n\t\t\t\t\t<\/a>\n<h4>\n\t\tO imperativo de criar uma educa\u00e7\u00e3o universal para a primeira inf\u00e2ncia no condado de Ventura\n\t<\/h4>\n\t\t\t<a href=\"https:\/\/vccf.org\/wp-content\/uploads\/2024\/09\/The-Imperative-of-Creating-Universal-Early-Childhood-Education-in-Ventura-2021_ab-edits-5-06-21.docx-1.pdf\" download target=\"_self\">\n\t\t\t\t\t\t\tDescarregar o relat\u00f3rio\n\t\t\t\t\t<\/a>\n<h4>\n\t\tO futuro da presta\u00e7\u00e3o de cuidados a uma popula\u00e7\u00e3o envelhecida\n\t<\/h4>\n\t\t\t<a href=\"https:\/\/vccf.org\/wp-content\/uploads\/2024\/09\/VCCF-LTC-FINAL.pdf\" download target=\"_self\">\n\t\t\t\t\t\t\tDescarregar o relat\u00f3rio\n\t\t\t\t\t<\/a>\n<h4>\n\t\tIncid\u00eancia da viol\u00eancia no Condado de Ventura\n\t<\/h4>\n\t\t\t<a href=\"https:\/\/vccf.org\/wp-content\/uploads\/2025\/04\/11544-VCCF-IVReport-R8-pages.pdf\" download target=\"_self\">\n\t\t\t\t\t\t\tDescarregar o relat\u00f3rio\n\t\t\t\t\t<\/a>\n<h4>\n\t\tProjeto Isabella Roteiro de Santa Paula para o acesso a cuidados e educa\u00e7\u00e3o na primeira inf\u00e2ncia de elevada qualidade\n\t<\/h4>\n\t\t\t<a href=\"https:\/\/vccf.org\/wp-content\/uploads\/2025\/01\/english-isabella-roadmap-sept-2024.pdf\" download target=\"_self\">\n\t\t\t\t\t\t\tDescarregar o relat\u00f3rio\n\t\t\t\t\t<\/a>","protected":false},"excerpt":{"rendered":"<p>Projectos de investiga\u00e7\u00e3o da VCCF Transfer\u00eancia de riqueza no condado de Ventura Descarregar relat\u00f3rio O imperativo de criar uma educa\u00e7\u00e3o universal na primeira inf\u00e2ncia no condado de Ventura Descarregar relat\u00f3rio O futuro da presta\u00e7\u00e3o de cuidados...<\/p>","protected":false},"author":12,"featured_media":0,"parent":0,"menu_order":0,"comment_status":"closed","ping_status":"closed","template":"","meta":{"_acf_changed":false,"give_campaign_id":0,"footnotes":""},"class_list":["post-21412","page","type-page","status-publish","hentry"],"acf":[],"campaignId":"","_links":{"self":[{"href":"https:\/\/vccf.org\/pt\/wp-json\/wp\/v2\/pages\/21412","targetHints":{"allow":["GET"]}}],"collection":[{"href":"https:\/\/vccf.org\/pt\/wp-json\/wp\/v2\/pages"}],"about":[{"href":"https:\/\/vccf.org\/pt\/wp-json\/wp\/v2\/types\/page"}],"author":[{"embeddable":true,"href":"https:\/\/vccf.org\/pt\/wp-json\/wp\/v2\/users\/12"}],"replies":[{"embeddable":true,"href":"https:\/\/vccf.org\/pt\/wp-json\/wp\/v2\/comments?post=21412"}],"version-history":[{"count":0,"href":"https:\/\/vccf.org\/pt\/wp-json\/wp\/v2\/pages\/21412\/revisions"}],"wp:attachment":[{"href":"https:\/\/vccf.org\/pt\/wp-json\/wp\/v2\/media?parent=21412"}],"curies":[{"name":"wp","href":"https:\/\/api.w.org\/{rel}","templated":true}]}}