{"id":21453,"date":"2024-09-16T14:41:11","date_gmt":"2024-09-16T14:41:11","guid":{"rendered":"https:\/\/vccf.org\/?page_id=21453"},"modified":"2025-05-05T11:04:48","modified_gmt":"2025-05-05T18:04:48","slug":"start-an-endowment-fund","status":"publish","type":"page","link":"https:\/\/vccf.org\/pt\/grants\/start-an-endowment-fund\/","title":{"rendered":"Start an Endowment Fund"},"content":{"rendered":"<h1>\n\t\tBuild Financial Sustainability for  Your Nonprofit\n\t<\/h1>\n\t<p>Contacte-nos para agendar uma consulta sobre dota\u00e7\u00f5es.<\/p>\n\t\t\t<a href=\"https:\/\/vccf.org\/pt\/my-vccf-fund\/fund-contact\/\" target=\"_self\">\n\t\t\t\t\t\t\tMarca\u00e7\u00e3o de consulta\n\t\t\t\t\t<\/a>\n\t\t\t\t<img loading=\"lazy\" decoding=\"async\" src=\"https:\/\/vccf.org\/wp-content\/uploads\/2024\/09\/Mask-group-87.png\" alt=\"Mask group (87)\" itemprop=\"image\" height=\"851\" width=\"836\" title=\"Grupo de m\u00e1scaras (87)\" onerror=\"this.style.display='none'\"  \/>\n\t\t\t\t<img loading=\"lazy\" decoding=\"async\" src=\"https:\/\/vccf.org\/wp-content\/uploads\/2024\/04\/\u0421\u043b\u043e\u0439-1-4.png\" alt=\"\u0421\u043b\u043e\u0438\u0306 1 4\" itemprop=\"image\" height=\"60\" width=\"44\" title=\"\u0421\u043b\u043e\u0439 1 4\" onerror=\"this.style.display='none'\"  \/>\n<h3>\n\t\tTornar o Condado de Ventura um lugar melhor para viver\n\t<\/h3>\n\t<p>\"A parceria com a Ventura County Community Foundation para gerir os nossos fundos patrimoniais tem sido uma das decis\u00f5es mais valiosas que tom\u00e1mos para o futuro da nossa organiza\u00e7\u00e3o sem fins lucrativos e para a sua sustentabilidade a longo prazo. Confiamos profundamente na VCCF; eles trazem um n\u00edvel de conhecimento, integridade e cuidado que nos faz sentir como uma verdadeira extens\u00e3o da nossa equipa. Com a VCCF ao nosso lado, podemos concentrar-nos totalmente na nossa miss\u00e3o e expandir a nossa programa\u00e7\u00e3o para a melhoria do Condado de Ventura.\"<\/p>\n\t<p>Elena Brokaw, Museu do Condado de Ventura<\/p>\n<h2>\n\t\tPorqu\u00ea escolher um Fundo de Dota\u00e7\u00e3o da Ag\u00eancia?\n\t<\/h2>\n\t<p>A cria\u00e7\u00e3o de um fundo de dota\u00e7\u00e3o de ag\u00eancia com a VCCF oferece \u00e0 sua organiza\u00e7\u00e3o sem fins lucrativos um caminho para a resili\u00eancia e sustentabilidade financeira, garantindo que a sua miss\u00e3o prospere nos pr\u00f3ximos anos.<\/p>\n\t\t\t\t<img decoding=\"async\" src=\"https:\/\/vccf.org\/wp-content\/uploads\/2024\/09\/Group-1127.svg\" alt=\"Group 1127\" itemprop=\"image\" title=\"Grupo 1127\" onerror=\"this.style.display='none'\"  \/>\n\t<p>Miss\u00e3o Prosperidade<\/p>\n\t<p>A cria\u00e7\u00e3o de um fundo de dota\u00e7\u00e3o de ag\u00eancia com a VCCF oferece \u00e0 sua organiza\u00e7\u00e3o sem fins lucrativos um caminho para a resili\u00eancia e sustentabilidade financeira, garantindo que a sua miss\u00e3o prospere nos pr\u00f3ximos anos.<\/p>\n\t\t\t\t<img decoding=\"async\" src=\"https:\/\/vccf.org\/wp-content\/uploads\/2024\/09\/Group-1127.svg\" alt=\"Group 1127\" itemprop=\"image\" title=\"Grupo 1127\" onerror=\"this.style.display='none'\"  \/>\n\t<p>Estabilidade financeira<\/p>\n\t<p>Crie um fluxo de rendimento fi\u00e1vel que apoie a sua organiza\u00e7\u00e3o para al\u00e9m dos or\u00e7amentos e campanhas anuais.<\/p>\n\t\t\t\t<img decoding=\"async\" src=\"https:\/\/vccf.org\/wp-content\/uploads\/2024\/11\/Frame-1181.svg\" alt=\"Frame 1181\" itemprop=\"image\" title=\"Quadro 1181\" onerror=\"this.style.display='none'\"  \/>\n\t<p>Sustentabilidade a longo prazo<\/p>\n\t<p>Garanta o futuro dos seus programas e opera\u00e7\u00f5es, mesmo em tempos dif\u00edceis, construindo uma base financeira s\u00f3lida.<\/p>\n\t\t\t\t<img decoding=\"async\" src=\"https:\/\/vccf.org\/wp-content\/uploads\/2024\/09\/Group-1129.svg\" alt=\"Group 1129\" itemprop=\"image\" title=\"Grupo 1129\" onerror=\"this.style.display='none'\"  \/>\n\t<p>Manuten\u00e7\u00e3o das instala\u00e7\u00f5es<\/p>\n\t<p>Reserve fundos para repara\u00e7\u00f5es e actualiza\u00e7\u00f5es essenciais, assegurando que as suas instala\u00e7\u00f5es se mant\u00eam nas melhores condi\u00e7\u00f5es.<\/p>\n\t\t\t\t<img decoding=\"async\" src=\"https:\/\/vccf.org\/wp-content\/uploads\/2024\/09\/Group-1130-1.svg\" alt=\"Group 1130 (1)\" itemprop=\"image\" title=\"Grupo 1130 (1)\" onerror=\"this.style.display='none'\"  \/>\n\t<p>Aumento da visibilidade<\/p>\n\t<p>Partner with VCCF to enhance your organization&#8217;s credibility and presence within the community.<\/p>\n\t\t\t\t<img decoding=\"async\" src=\"https:\/\/vccf.org\/wp-content\/uploads\/2024\/09\/Group-1131.svg\" alt=\"Group 1131\" itemprop=\"image\" title=\"Grupo 1131\" onerror=\"this.style.display='none'\"  \/>\n\t<p>Edif\u00edcio Legacy<\/p>\n\t<p>Estabele\u00e7a um impacto duradouro criando um fundo que apoie a sua miss\u00e3o durante gera\u00e7\u00f5es.<\/p>\n\t\t\t\t<img decoding=\"async\" src=\"https:\/\/vccf.org\/wp-content\/uploads\/2024\/09\/Group-1134-1.svg\" alt=\"Group 1134 (1)\" itemprop=\"image\" title=\"Grupo 1134 (1)\" onerror=\"this.style.display='none'\"  \/>\n\t<p>Doa\u00e7\u00f5es planeadas<\/p>\n\t<p>Proporcionar um meio para os doadores fazerem doa\u00e7\u00f5es planeadas ou diferidas, aumentando as suas oportunidades de financiamento.<\/p>\n\t\t\t\t<img decoding=\"async\" src=\"https:\/\/vccf.org\/wp-content\/uploads\/2024\/09\/Group-1134-1.svg\" alt=\"Group 1134 (1)\" itemprop=\"image\" title=\"Grupo 1134 (1)\" onerror=\"this.style.display='none'\"  \/>\n\t<p>Gest\u00e3o profissional<\/p>\n\t<p>Beneficie de uma gest\u00e3o de investimentos especializada, assegurando que o seu fundo de dota\u00e7\u00e3o \u00e9 gerido de forma sensata para obter rendimentos \u00f3ptimos.<\/p>\n\t<p>\"A VCCF tem sido fundamental para ajudar a Food Share a aumentar a nossa dota\u00e7\u00e3o para garantir o nosso futuro financeiro. A equipa \u00e9 sempre proactiva, oferecendo um apoio dedicado sempre que precisamos deles. Eles tamb\u00e9m v\u00e3o muito al\u00e9m, ajudando-nos a contactar com doadores que s\u00e3o apaixonados pela nossa miss\u00e3o de garantir que ningu\u00e9m passe fome no Condado de Ventura. Estamos profundamente gratos por ter a VCCF como um parceiro de confian\u00e7a no nosso trabalho.\"<\/p>\n\t<p>Monica White, Presidente e Diretora Executiva, Food Share of Ventura County<\/p>\n<h2>\n\t\tComo constituir o seu fundo\n\t<\/h2>\n\t<p>Nomear o seu fundo<\/p>\n\t<p>Escolha um nome que esteja de acordo com a sua miss\u00e3o e valores, reflectindo a ess\u00eancia da sua organiza\u00e7\u00e3o.<\/p>\n\t<p>Objetivo<\/p>\n\t<p>Definir a forma como o rendimento ir\u00e1 apoiar as suas iniciativas, delineando os objectivos a longo prazo do seu fundo.<\/p>\n\t<p>Aprova\u00e7\u00e3o do seu Conselho de Administra\u00e7\u00e3o<\/p>\n\t<p>Definir a forma como o rendimento ir\u00e1 apoiar as suas iniciativas, delineando os objectivos a longo prazo do seu fundo.<\/p>\n\t<p>Documenta\u00e7\u00e3o<\/p>\n\t<p>Forne\u00e7a uma c\u00f3pia dos seus Artigos de Incorpora\u00e7\u00e3o para finalizar o estabelecimento do seu fundo.<\/p>\n\t<p>Contacte-nos para obter orienta\u00e7\u00e3o e assist\u00eancia especializadas:<\/p>\n\t\t\t<a href=\"https:\/\/vccf.org\/pt\/my-vccf-fund\/fund-contact\/\" target=\"_self\">\n\t\t\t\t\t\t\tContactar-nos\n\t\t\t\t\t<\/a>\n    <button id=\"board-prev\" type=\"button\"><\/button>\n    1\n     \/ 4\n    <button id=\"board-next\" type=\"button\"><\/button>","protected":false},"excerpt":{"rendered":"<p>Build Financial Sustainability for Your Nonprofit Contact us to schedule a consultation about endowments. Schedule Appointment Make Ventura County a better place to live &#8220;Partnering with the Ventura County Community&hellip;<\/p>","protected":false},"author":3,"featured_media":0,"parent":22928,"menu_order":0,"comment_status":"closed","ping_status":"closed","template":"","meta":{"_acf_changed":false,"give_campaign_id":0,"footnotes":""},"class_list":["post-21453","page","type-page","status-publish","hentry"],"acf":[],"campaignId":"","_links":{"self":[{"href":"https:\/\/vccf.org\/pt\/wp-json\/wp\/v2\/pages\/21453","targetHints":{"allow":["GET"]}}],"collection":[{"href":"https:\/\/vccf.org\/pt\/wp-json\/wp\/v2\/pages"}],"about":[{"href":"https:\/\/vccf.org\/pt\/wp-json\/wp\/v2\/types\/page"}],"author":[{"embeddable":true,"href":"https:\/\/vccf.org\/pt\/wp-json\/wp\/v2\/users\/3"}],"replies":[{"embeddable":true,"href":"https:\/\/vccf.org\/pt\/wp-json\/wp\/v2\/comments?post=21453"}],"version-history":[{"count":0,"href":"https:\/\/vccf.org\/pt\/wp-json\/wp\/v2\/pages\/21453\/revisions"}],"up":[{"embeddable":true,"href":"https:\/\/vccf.org\/pt\/wp-json\/wp\/v2\/pages\/22928"}],"wp:attachment":[{"href":"https:\/\/vccf.org\/pt\/wp-json\/wp\/v2\/media?parent=21453"}],"curies":[{"name":"wp","href":"https:\/\/api.w.org\/{rel}","templated":true}]}}