{"id":21559,"date":"2024-10-25T13:57:14","date_gmt":"2024-10-25T13:57:14","guid":{"rendered":"https:\/\/vccf.org\/?page_id=21559"},"modified":"2026-01-23T11:26:00","modified_gmt":"2026-01-23T19:26:00","slug":"donate-to-support-disaster-relief","status":"publish","type":"page","link":"https:\/\/vccf.org\/pt\/donate\/donate-to-support-disaster-relief\/","title":{"rendered":"Donate to Support Disaster Relief"},"content":{"rendered":"<h1>\n\t\t\tDoar agora\t<\/h1>\n\t\t\t<a href=\"#relief-recovery\"  target=\"_self\">\n\t\t\t\t\t\t\tTo support the Ventura County Neighbors Support Fund, donate below\n\t\t\t\t\t<\/a>\n\t\t\t<a href=\"https:\/\/vccf.org\/pt\/donate\/\"  target=\"_self\">\n\t\t\t\t\t\t\tTo make a contribution to any VCCF Fund or Initiative, click here\n\t\t\t\t\t<\/a>\n<h2  id=\"relief-recovery\">\n\t\t\t\t<\/h2>\n\t<p>Cada d\u00f3lar doado ajuda a tecer o tecido de um Ventura County mais vibrante e resiliente. A sua doa\u00e7\u00e3o permite que a Ventura County Community Foundation atenda a necessidades urgentes, promova o crescimento a longo prazo e veja as comunidades de Ventura County prosperarem.<\/p>\n<h2>\n\t\t\tOutras formas de doar\t<\/h2>\n\t<p><strong>1. Enviar-nos um cheque<\/strong><\/p>\n<p>Envie os cheques \u00e0 Ventura County Community Foundation e envie-os para o nosso endere\u00e7o postal em 4001 Mission Oaks Blvd, Suite A, Camarillo, CA 93012. Escreva o nome do fundo para o qual deseja contribuir na linha do memorando.<\/p>\n<p><strong>2. Transferir valores mobili\u00e1rios ou numer\u00e1rio por transfer\u00eancia eletr\u00f3nica<\/strong><\/p>\n<p>We accept gifts of publicly traded securities and cash by wire. For your convenience, we&#8217;ve prepared a one-page instruction letter that you can send to your bank or investment advisory firm, which will give your financial advisor all the information he or she needs to execute a wire transfer of securities or cash.<\/p>\n<a href=\"https:\/\/vccf.org\/wp-content\/uploads\/2026\/01\/USB-Stock-Transfer-1.pdf\" target=\"_blank\" rel=\"noopener\">Instru\u00e7\u00f5es para enviar uma transfer\u00eancia eletr\u00f3nica<\/a><br \/>\n<a href=\"https:\/\/vccf.org\/wp-content\/uploads\/2026\/01\/VCCF-Wire-ACH-Transfer.pdf\" target=\"_blank\" rel=\"noopener\">Instru\u00e7\u00f5es para uma transfer\u00eancia de ac\u00e7\u00f5es<\/a>\n<p>Se tiver alguma d\u00favida, contacte-nos atrav\u00e9s de <a href=\"mailto:info@vccf.org\">info@vccf.org<\/a>.<\/p>\n<p>N\u00e3o se esque\u00e7a de incluir o nome do fundo para o qual pretende contribuir. A Ventura County Community Foundation \u00e9 uma institui\u00e7\u00e3o de caridade p\u00fablica 501(c)3, n\u00famero de identifica\u00e7\u00e3o fiscal federal: 77-0165029.<\/p>","protected":false},"excerpt":{"rendered":"<p>Donate Now To support the Ventura County Neighbors Support Fund, donate below To make a contribution to any VCCF Fund or Initiative, click here Every dollar you give helps weave&hellip;<\/p>","protected":false},"author":3,"featured_media":23230,"parent":20931,"menu_order":0,"comment_status":"closed","ping_status":"closed","template":"","meta":{"_acf_changed":false,"give_campaign_id":0,"footnotes":""},"class_list":["post-21559","page","type-page","status-publish","has-post-thumbnail","hentry"],"acf":[],"campaignId":"","_links":{"self":[{"href":"https:\/\/vccf.org\/pt\/wp-json\/wp\/v2\/pages\/21559","targetHints":{"allow":["GET"]}}],"collection":[{"href":"https:\/\/vccf.org\/pt\/wp-json\/wp\/v2\/pages"}],"about":[{"href":"https:\/\/vccf.org\/pt\/wp-json\/wp\/v2\/types\/page"}],"author":[{"embeddable":true,"href":"https:\/\/vccf.org\/pt\/wp-json\/wp\/v2\/users\/3"}],"replies":[{"embeddable":true,"href":"https:\/\/vccf.org\/pt\/wp-json\/wp\/v2\/comments?post=21559"}],"version-history":[{"count":0,"href":"https:\/\/vccf.org\/pt\/wp-json\/wp\/v2\/pages\/21559\/revisions"}],"up":[{"embeddable":true,"href":"https:\/\/vccf.org\/pt\/wp-json\/wp\/v2\/pages\/20931"}],"wp:featuredmedia":[{"embeddable":true,"href":"https:\/\/vccf.org\/pt\/wp-json\/wp\/v2\/media\/23230"}],"wp:attachment":[{"href":"https:\/\/vccf.org\/pt\/wp-json\/wp\/v2\/media?parent=21559"}],"curies":[{"name":"wp","href":"https:\/\/api.w.org\/{rel}","templated":true}]}}