{"id":22940,"date":"2025-04-30T07:29:47","date_gmt":"2025-04-30T14:29:47","guid":{"rendered":"https:\/\/vccf.org\/?page_id=22940"},"modified":"2025-07-18T08:28:36","modified_gmt":"2025-07-18T15:28:36","slug":"get-involved","status":"publish","type":"page","link":"https:\/\/vccf.org\/pt\/get-involved\/","title":{"rendered":"Participe"},"content":{"rendered":"<img decoding=\"async\" src=\"https:\/\/vccf.org\/wp-content\/uploads\/2024\/09\/AdobeStock_514940291-2.png\" alt=\"AdobeStock_514940291 2\" itemprop=\"image\" height=\"375\" width=\"519\" title=\"AdobeStock_514940291 2\" onerror=\"this.style.display='none'\" loading=\"lazy\" \/>\n\t<h1>Transformar o Condado de Ventura<br \/>\n- Envolva-se com a VCCF<\/h1>\n<h2>\n\t\t\tAbrace a sua paix\u00e3o, d\u00ea poder ao seu objetivo e transforme o condado de Ventura\t<\/h2>\n\t<p>No cora\u00e7\u00e3o do Condado de Ventura, cada a\u00e7\u00e3o que voc\u00ea toma acende uma onda de mudan\u00e7a positiva. Aqui, na Ventura County Community Foundation (VCCF), convidamo-lo a canalizar a sua paix\u00e3o para uma a\u00e7\u00e3o intencional que enriquece a nossa comunidade. Descubra como pode causar um impacto profundo:<\/p>\n\t\t\t\t<img decoding=\"async\" src=\"https:\/\/vccf.org\/wp-content\/uploads\/2024\/07\/AdobeStock_566561880-1-2.png\" alt=\"AdobeStock_566561880 1 (2)\" itemprop=\"image\" height=\"377\" width=\"520\" title=\"AdobeStock_566561880 1 (2)\" onerror=\"this.style.display='none'\" loading=\"lazy\" \/>\n\tDoar para Endere\u00e7o<br \/>\nNecessidades da comunidade\n\t<p>Contribua rapidamente para as necessidades mais prementes da nossa comunidade ou apoie um fundo espec\u00edfico.<\/p>\n\t\t\t<a href=\"https:\/\/vccf.org\/pt\/donate\/\" target=\"_self\">\n\t\t\t\t\t\t\tDoe agora!\n\t\t\t\t\t<\/a>\n\t<p>Iniciativas da VCCF<\/p>\n\t<p>Saiba mais sobre as iniciativas da VCCF e descubra como pode fazer a diferen\u00e7a.<\/p>\n\t\t\t<a href=\"https:\/\/vccf.org\/pt\/initiatives\/\" target=\"_self\">\n\t\t\t\t\t\t\tSaiba mais!\n\t\t\t\t\t<\/a>\n\t<p>Criar o seu pr\u00f3prio fundo<\/p>\n\t<p>Crie uma diferen\u00e7a significativa nas \u00e1reas que mais lhe interessam. Ao criar um fundo, concentra o seu apoio nas causas que mais lhe interessam, garantindo um impacto duradouro.<\/p>\n\t\t\t<a href=\"https:\/\/vccf.org\/pt\/my-vccf-fund\/start-a-fund\/\" target=\"_self\">\n\t\t\t\t\t\t\tCriar um fundo\n\t\t\t\t\t<\/a>\n\t<p>Eventos comunit\u00e1rios<\/p>\n\t<p>Conecte-se com organiza\u00e7\u00f5es sem fins lucrativos locais, colegas doadores e membros da comunidade atrav\u00e9s de nossos eventos. Obter informa\u00e7\u00f5es sobre o trabalho transformador que est\u00e1 a acontecer no Condado de Ventura e como pode fazer parte deste movimento.<\/p>\n\t\t\t<a href=\"https:\/\/vccf.org\/pt\/events\/\" target=\"_self\">\n\t\t\t\t\t\t\tParticipar num evento\n\t\t\t\t\t<\/a>\n\t<p>Loja VCCF<\/p>\n\t<p>Para apoiar ainda mais a miss\u00e3o da VCCF, mostre o seu amor visitando a loja da VCCF!<\/p>\n\t\t\t<a href=\"https:\/\/vccf.org\/pt\/store\/\" target=\"_self\">\n\t\t\t\t\t\t\tIr para a loja\n\t\t\t\t\t<\/a>\n<h2>\n\t\t\tAo fazer uma doa\u00e7\u00e3o atrav\u00e9s da VCCF, voc\u00ea recebe:\t<\/h2>\n\t<p>Conhecimentos especializados da comunidade<\/p>\n\t<p>Com uma hist\u00f3ria de envolvimento local e uma extensa rede de mais de 800 funda\u00e7\u00f5es comunit\u00e1rias em todo o mundo, a VCCF \u00e9 um pilar de lideran\u00e7a comunit\u00e1ria. As suas contribui\u00e7\u00f5es juntam-se a um esfor\u00e7o coordenado e bem informado para satisfazer as necessidades em evolu\u00e7\u00e3o do Condado de Ventura, promovendo mudan\u00e7as impactantes e futuros mais brilhantes.<\/p>\n\t<p>Alcance alargado e financiamento diversificado<\/p>\n\t<p>Ao reunir recursos, os seus donativos apoiam uma multiplicidade de iniciativas em diferentes sectores, amplificando o alcance e o efeito de cada d\u00f3lar gasto na cria\u00e7\u00e3o de uma comunidade resiliente.<\/p>\n\tOrienta\u00e7\u00e3o profissional<br \/>\ne Apoio\n\t<p>A nossa equipa oferece aconselhamento especializado e servi\u00e7o de concierge, ajudando-o a alinhar os seus esfor\u00e7os filantr\u00f3picos com os seus valores e objectivos pessoais, garantindo que a sua doa\u00e7\u00e3o tem o maior impacto poss\u00edvel.<\/p>\n\t<p>Vantagens fiscais significativas<\/p>\n\t<p>Contribuir atrav\u00e9s da VCCF n\u00e3o s\u00f3 promove os seus objectivos altru\u00edstas, como tamb\u00e9m pode oferecer benef\u00edcios fiscais substanciais, maximizando a efic\u00e1cia das suas contribui\u00e7\u00f5es.<\/p>","protected":false},"excerpt":{"rendered":"<p>Transformar o Condado de Ventura - Envolva-se com a VCCF Abrace a sua paix\u00e3o, d\u00ea poder ao seu objetivo e transforme o Condado de Ventura No cora\u00e7\u00e3o do Condado de Ventura, cada a\u00e7\u00e3o que toma acende uma...<\/p>","protected":false},"author":9,"featured_media":0,"parent":0,"menu_order":0,"comment_status":"closed","ping_status":"closed","template":"","meta":{"_acf_changed":false,"give_campaign_id":0,"footnotes":""},"class_list":["post-22940","page","type-page","status-publish","hentry"],"acf":[],"campaignId":"","_links":{"self":[{"href":"https:\/\/vccf.org\/pt\/wp-json\/wp\/v2\/pages\/22940","targetHints":{"allow":["GET"]}}],"collection":[{"href":"https:\/\/vccf.org\/pt\/wp-json\/wp\/v2\/pages"}],"about":[{"href":"https:\/\/vccf.org\/pt\/wp-json\/wp\/v2\/types\/page"}],"author":[{"embeddable":true,"href":"https:\/\/vccf.org\/pt\/wp-json\/wp\/v2\/users\/9"}],"replies":[{"embeddable":true,"href":"https:\/\/vccf.org\/pt\/wp-json\/wp\/v2\/comments?post=22940"}],"version-history":[{"count":0,"href":"https:\/\/vccf.org\/pt\/wp-json\/wp\/v2\/pages\/22940\/revisions"}],"wp:attachment":[{"href":"https:\/\/vccf.org\/pt\/wp-json\/wp\/v2\/media?parent=22940"}],"curies":[{"name":"wp","href":"https:\/\/api.w.org\/{rel}","templated":true}]}}