{"id":3,"date":"2023-10-11T08:39:14","date_gmt":"2023-10-11T08:39:14","guid":{"rendered":"https:\/\/vccf.org\/?page_id=3"},"modified":"2025-01-10T08:21:56","modified_gmt":"2025-01-10T08:21:56","slug":"privacy-policy","status":"publish","type":"page","link":"https:\/\/vccf.org\/pt\/privacy-policy\/","title":{"rendered":"Pol\u00edtica de privacidade"},"content":{"rendered":"<h3>\n\t\tPol\u00edtica de privacidade\n\t<\/h3>\n\t<p><strong>Aprovado pelo Conselho de Administra\u00e7\u00e3o em 7 de setembro de 2010<\/strong><\/p>\n\t<p>A Ventura County Community Foundation compromete-se a manter a confidencialidade, a integridade e a seguran\u00e7a das informa\u00e7\u00f5es pessoais que nos s\u00e3o confiadas pelos actuais e potenciais doadores, bem como pelos respons\u00e1veis e funcion\u00e1rios das ag\u00eancias sem fins lucrativos que nos solicitam financiamento e pelas pessoas que servem. Esta declara\u00e7\u00e3o de privacidade aplica-se ao s\u00edtio Web da Ventura County Community Foundation e rege a recolha e utiliza\u00e7\u00e3o de dados. Ao utilizar o s\u00edtio Web da Ventura County Community Foundation, est\u00e1 a concordar com as pr\u00e1ticas descritas nesta declara\u00e7\u00e3o.<\/p>\n\t<p><strong>Recolha das suas informa\u00e7\u00f5es pessoais<\/strong><\/p>\n\t<p>A Ventura County Community Foundation recolhe informa\u00e7\u00e3o pessoal, tal como o seu endere\u00e7o de correio eletr\u00f3nico, o seu nome, morada ou n\u00famero de telefone. The Ventura County Community Foundation tamb\u00e9m recolhe informa\u00e7\u00e3o demogr\u00e1fica variada e an\u00f3nima, tal como o seu C\u00f3digo Postal, idade, sexo, prefer\u00eancias, interesses e favoritos.<\/p>\n\t<p>Existe informa\u00e7\u00e3o sobre o seu computador, tanto a n\u00edvel de hardware como de software que \u00e9 recolhida automaticamente pela Ventura County Community Foundation. Estas informa\u00e7\u00f5es podem incluir: o seu endere\u00e7o IP, tipo de browser, nomes de dom\u00ednio, tempos de acesso e endere\u00e7os dos sites de refer\u00eancia. Esta informa\u00e7\u00e3o \u00e9 usada por Ventura County Community Foundation para a opera\u00e7\u00e3o dos seus servi\u00e7os, para garantir a qualidade do servi\u00e7o, e para obter estat\u00edsticas gerais de utiliza\u00e7\u00e3o do site Ventura County Community Foundation.<\/p>\n\t<p>Por favor tenha em aten\u00e7\u00e3o que se fornecer dados pessoais diretamente, ou informa\u00e7\u00e3o sens\u00edvel atrav\u00e9s de mensagens p\u00fablicas no portal Ventura County Community Foundation, esta informa\u00e7\u00e3o pode ser recolhida e utilizada por outras pessoas. Nota: The Ventura County Community Foundation n\u00e3o recolhe nenhuma informa\u00e7\u00e3o privada atrav\u00e9s das comunica\u00e7\u00f5es online.<\/p>\n\t<p>O portal Ventura County Community Foundation convida-o a rever esta declara\u00e7\u00e3o de privacidade do site onde estava o link para este portal por forma a perceber como esse site recolhe e trata a informa\u00e7\u00e3o pessoal. O Ventura County Community Foundation n\u00e3o \u00e9 respons\u00e1vel pelas declara\u00e7\u00f5es de privacidade ou por outros conte\u00fados em sites da Web fora do Ventura County Community Foundation.<\/p>\n\t<p><strong>Utiliza\u00e7\u00e3o das suas informa\u00e7\u00f5es pessoais<\/strong><\/p>\n\t<p>Recolhemos e usamos a sua informa\u00e7\u00e3o pessoal para operar este site e fornecer um servi\u00e7o de qualidade da forma que nos solicitou. The Ventura County Community Foundation Tamb\u00e9m usa essa informa\u00e7\u00e3o para lhe dar a conhecer produtos e\/ou servi\u00e7os dispon\u00edveis a partir de The Ventura County Community Foundation e dos seus afiliados. The Ventura County Community Foundation pode tamb\u00e9m contact\u00e1-lo atrav\u00e9s de inqu\u00e9ritos acerca da sua opini\u00e3o sobre os servi\u00e7os actuais ou futuros a disponibilizar.<\/p>\n\t<p>O Ventura County Community Foundation n\u00e3o vende, aluga ou arrenda as suas listas de clientes a terceiros. O portal The Ventura County Community Foundation pode no entanto, de tempos a tempos, entrar em contacto consigo a pedido de outras entidades para lhe oferecer informa\u00e7\u00f5es ou servi\u00e7os que lhe possam interessar. Nesses casos, a sua informa\u00e7\u00e3o pessoal (e-mail, nome, morada, n\u00famero de telefone) n\u00e3o \u00e9 transferida para terceiros. Em aditamento, o portal The Ventura County Community Foundation pode partilhar alguma informa\u00e7\u00e3o pessoal com terceiros id\u00f3neos para ajuda em termos estat\u00edsticos, ou de servi\u00e7o . Todas essas entidades ser\u00e3o proibidas de usar a sua informa\u00e7\u00e3o para qualquer outro assunto, que n\u00e3o o respetivamente pedido por n\u00f3s Ventura County Community Foundation, e ficar\u00e3o obrigados a total sigilo no tratamento dessa informa\u00e7\u00e3o.<\/p>\n\t<p>A Ventura County Community Foundation n\u00e3o usa ou divulga informa\u00e7\u00f5es pessoais sens\u00edveis, tais como ra\u00e7a, religi\u00e3o ou afilia\u00e7\u00f5es pol\u00edticas, sem o seu consentimento expl\u00edcito.<\/p>\n\t<p>The Ventura County Community Foundation guarda informa\u00e7\u00e3o sobre os sites e p\u00e1ginas que visita dentro do portal Ventura County Community Foundation, por forma a determinar os servi\u00e7os e informa\u00e7\u00f5es mais populares. Esta informa\u00e7\u00e3o \u00e9 usada para mostrar conte\u00fado publicit\u00e1rio mais de acordo com o seu perfil.<\/p>\n\t<p>Os s\u00edtios Web da Ventura County Community Foundation revelar\u00e3o a sua informa\u00e7\u00e3o pessoal, sem aviso pr\u00e9vio, apenas se tal for exigido por lei ou na convic\u00e7\u00e3o de boa f\u00e9 de que tal a\u00e7\u00e3o \u00e9 necess\u00e1ria para: (a) estar em conformidade com os editais da lei ou cumprir com o processo legal servido no Ventura County Community Foundation ou no site; (b) proteger e defender os direitos ou propriedade do Ventura County Community Foundation; e, (c) agir sob circunst\u00e2ncias exigentes para proteger a seguran\u00e7a pessoal dos utilizadores do Ventura County Community Foundation, ou do p\u00fablico.<\/p>\n\t<p><strong>Utiliza\u00e7\u00e3o de cookies<\/strong><\/p>\n\t<p>O s\u00edtio Web da Ventura County Community Foundation utiliza \"cookies\" para o ajudar a personalizar a sua experi\u00eancia online. Um cookie \u00e9 um ficheiro de texto que \u00e9 colocado no seu disco r\u00edgido por um servidor de p\u00e1ginas Web. Os cookies n\u00e3o podem ser utilizados para executar programas ou introduzir v\u00edrus no seu computador. Os cookies s\u00e3o atribu\u00eddos exclusivamente ao utilizador e s\u00f3 podem ser lidos por um servidor Web no dom\u00ednio que emitiu o cookie para o utilizador.<\/p>\n\t<p>Um dos principais objectivos dos cookies \u00e9 proporcionar uma funcionalidade de conveni\u00eancia que lhe permite poupar tempo. O objetivo de um cookie \u00e9 indicar ao servidor Web que regressou a uma p\u00e1gina espec\u00edfica. Um dos principais objectivos dos cookies \u00e9 proporcionar-lhe uma forma de poupar tempo, por exemplo ao dizer ao servidor que regressou a uma p\u00e1gina espec\u00edfica. Por exemplo, se personalizar as p\u00e1ginas do Ventura County Community Foundation, ou se se registar nos sites ou servi\u00e7os do Ventura County Community Foundation, um cookie ajuda o Ventura County Community Foundation a recuperar a sua informa\u00e7\u00e3o espec\u00edfica nas visitas subsequentes. Isto simplifica o processo de registo das suas informa\u00e7\u00f5es pessoais, tais como endere\u00e7os de fatura\u00e7\u00e3o, endere\u00e7os de envio, etc. Quando regressa ao mesmo site Ventura County Community Foundation, a informa\u00e7\u00e3o que forneceu anteriormente pode ser recuperada, para que possa utilizar facilmente as funcionalidades do Ventura County Community Foundation que personalizou.<\/p>\n\t<p>O utilizador tem a possibilidade de aceitar ou recusar cookies. A maioria dos navegadores da Web aceita automaticamente os cookies, mas normalmente pode modificar a configura\u00e7\u00e3o do seu navegador para recusar os cookies, se preferir. Se o fizer pode n\u00e3o conseguir ter uma experi\u00eancia t\u00e3o eficaz ao visitar o nosso site e n\u00e3o aproveitar\u00e1 as possibilidades interactivas do portal Ventura County Community Foundation.<\/p>\n\t<p><strong>Seguran\u00e7a das suas informa\u00e7\u00f5es pessoais<\/strong><\/p>\n\t<p>A Ventura County Community Foundation protege a sua informa\u00e7\u00e3o pessoal contra acesso, utiliza\u00e7\u00e3o ou divulga\u00e7\u00e3o n\u00e3o autorizados. A Ventura County Community Foundation assegura que a informa\u00e7\u00e3o pessoal que forneceu est\u00e1 segura nos servidores de um computador num ambiente controlado e seguro, protegido de acessos n\u00e3o autorizados, uso ou divulga\u00e7\u00e3o. Quando as informa\u00e7\u00f5es pessoais (como o n\u00famero de um cart\u00e3o de cr\u00e9dito) s\u00e3o transmitidas a outros sites, s\u00e3o protegidas atrav\u00e9s da utiliza\u00e7\u00e3o de encripta\u00e7\u00e3o.<\/p>\n\t<p><strong>Altera\u00e7\u00f5es a esta declara\u00e7\u00e3o<\/strong><\/p>\n\t<p>O portal Ventura County Community Foundation poder\u00e1 ocasionalmente modificar esta declara\u00e7\u00e3o unilateralmente para refletir a linha de atua\u00e7\u00e3o da entidade que o gere. O portal Ventura County Community Foundation poder\u00e1 ocasionalmente modificar esta declara\u00e7\u00e3o unilateralmente para refletir a linha de atua\u00e7\u00e3o da entidade que o gere.<\/p>\n\t<p><strong>Informa\u00e7\u00f5es de contacto<\/strong><\/p>\n\t<p>A Ventura County Community Foundation agradece os seus coment\u00e1rios relativamente a esta Declara\u00e7\u00e3o de Privacidade. Se pensa que o The Ventura County Community Foundation n\u00e3o cumpriu esta declara\u00e7\u00e3o, contacte The Ventura County Community Foundation em <a href=\"mailto:info@vccf.org\">info@vccf.org<\/a>. Envidaremos todos os esfor\u00e7os comercialmente razo\u00e1veis para determinar e resolver prontamente o problema.<\/p>","protected":false},"excerpt":{"rendered":"<p>Pol\u00edtica de privacidade Aprovada pelo conselho de administra\u00e7\u00e3o em 7 de setembro de 2010 A Ventura County Community Foundation est\u00e1 empenhada em manter a confidencialidade, integridade e seguran\u00e7a das informa\u00e7\u00f5es pessoais confiadas \u00e0...<\/p>","protected":false},"author":3,"featured_media":0,"parent":0,"menu_order":0,"comment_status":"closed","ping_status":"closed","template":"","meta":{"_acf_changed":false,"give_campaign_id":0,"footnotes":""},"class_list":["post-3","page","type-page","status-publish","hentry"],"acf":[],"campaignId":"","_links":{"self":[{"href":"https:\/\/vccf.org\/pt\/wp-json\/wp\/v2\/pages\/3","targetHints":{"allow":["GET"]}}],"collection":[{"href":"https:\/\/vccf.org\/pt\/wp-json\/wp\/v2\/pages"}],"about":[{"href":"https:\/\/vccf.org\/pt\/wp-json\/wp\/v2\/types\/page"}],"author":[{"embeddable":true,"href":"https:\/\/vccf.org\/pt\/wp-json\/wp\/v2\/users\/3"}],"replies":[{"embeddable":true,"href":"https:\/\/vccf.org\/pt\/wp-json\/wp\/v2\/comments?post=3"}],"version-history":[{"count":0,"href":"https:\/\/vccf.org\/pt\/wp-json\/wp\/v2\/pages\/3\/revisions"}],"wp:attachment":[{"href":"https:\/\/vccf.org\/pt\/wp-json\/wp\/v2\/media?parent=3"}],"curies":[{"name":"wp","href":"https:\/\/api.w.org\/{rel}","templated":true}]}}