{"id":521,"date":"2024-04-18T13:58:36","date_gmt":"2024-04-18T13:58:36","guid":{"rendered":"https:\/\/vccf.org\/?page_id=521"},"modified":"2026-01-20T09:54:24","modified_gmt":"2026-01-20T17:54:24","slug":"student-applicants","status":"publish","type":"page","link":"https:\/\/vccf.org\/pt\/scholarships\/students\/student-applicants\/","title":{"rendered":"Estudantes candidatos"},"content":{"rendered":"<h1>\n\t\t\tParab\u00e9ns por ter prosseguido os estudos superiores!\t<\/h1>\n\t<p>Gra\u00e7as \u00e0 generosidade dos doadores locais, a VCCF pode estabelecer parcerias consigo para o ajudar a atingir os seus objectivos profissionais e educativos.<\/p>\n<h2>\n\t\t\tVCCF Scholarship Season Now Closed\t<\/h2>\n<figure itemscope itemtype=\"https:\/\/schema.org\/ImageObject\">\n\t\t\t\t<img decoding=\"async\" src=\"https:\/\/vccf.org\/wp-content\/uploads\/2024\/12\/ye6dugke.jpeg\" alt=\"ye6dugke\" height=\"1067\" width=\"1600\" title=\"ye6dugke\" onerror=\"this.style.display='none'\" loading=\"lazy\" \/>\n\t<\/figure>\n<h2>\n\t\t\tO processo de candidatura\t<\/h2>\n\t<p>O nosso processo de candidatura a bolsas de estudo \u00e9 <strong>competitivo<\/strong>com mais de 100 oportunidades de bolsas de estudo dispon\u00edveis e <strong>v\u00e1rios milhares<\/strong> <strong>candidatos anualmente<\/strong>. O preenchimento cuidadoso e completo da candidatura \u00e9 crucial para a elegibilidade. Aconselhamos cada estudante a <strong>ler a p\u00e1gina seguinte<\/strong> para compreender os requisitos da aplica\u00e7\u00e3o.<\/p>\n\t\t\t\tWatch the Overview Video\n\t\t\t\t<iframe src=\"https:\/\/player.vimeo.com\/video\/1127333725?badge=0&amp;autopause=0&amp;player_id=0&amp;app_id=58479\" frameborder=\"0\" allow=\"autoplay; fullscreen; picture-in-picture; clipboard-write; encrypted-media; web-share\" referrerpolicy=\"strict-origin-when-cross-origin\" title=\"VCCF Scholarship Presentation 2025.26\"><\/iframe>\t\t\t\n\t\t\t\tCome\u00e7ar a trabalhar\n\t\t\t\t<p>Para concluir com \u00eaxito o seu processo de candidatura, deve rever todas as informa\u00e7\u00f5es contidas nesta p\u00e1gina.<\/p>\n<ol>\n<li>Criar uma conta no portal VCCF Academic Works\u00a0<strong><a href=\"https:\/\/vccf.academicworks.com\/users\/sign_up\" target=\"_blank\" rel=\"noopener\">clicando aqui<\/a><\/strong>. Certifique-se de que utiliza o seu endere\u00e7o de correio eletr\u00f3nico pessoal e que verifica o seu correio eletr\u00f3nico com frequ\u00eancia. <strong>N\u00e3o utilizar o endere\u00e7o de correio eletr\u00f3nico da escola<\/strong>. Identifique uma palavra-passe seguindo estas diretrizes. A sua palavra-passe deve:\n<ul>\n<li>N\u00e3o conter o seu nome de utilizador ou palavras ou frases comuns.<\/li>\n<li>Cont\u00e9m um m\u00ednimo de 12 caracteres.<\/li>\n<li>Incluir pelo menos 1 d\u00edgito, 1 letra mai\u00fascula, 1 letra min\u00fascula e 1 destes caracteres especiais: # ? ! @ $ % ^ &amp; * -<\/li>\n<\/ul>\n<\/li>\n<li>Entre em contacto com duas pessoas que estejam dispostas a preencher um question\u00e1rio de recomenda\u00e7\u00e3o em seu nome. Uma das pessoas deve ser um professor ou um orientador escolar. Ser-lhe-\u00e1 pedido que indique os nomes e endere\u00e7os de correio eletr\u00f3nico das suas refer\u00eancias no portal de candidatura. Se poss\u00edvel, forne\u00e7a os seus endere\u00e7os de correio eletr\u00f3nico pessoais. Outra pessoa pode ser um treinador, pastor, empregador ou algu\u00e9m que n\u00e3o seja membro da fam\u00edlia. N\u00e3o ser\u00e3o aceites cartas de colegas.<\/li>\n<li>Depois de ter preenchido a candidatura geral, <strong>click on &#8220;other opportunities&#8221;<\/strong> para se certificar de que preenche os requisitos para as oportunidades individuais a que se candidata.<\/li>\n<li>Se precisar de ajuda, contacte o nosso departamento de bolsas de estudo em <a href=\"mailto:scholarships@vccf.org\" target=\"_blank\" rel=\"noopener\">scholarships@vccf.org<\/a><\/li>\n<\/ol>\n\t\t\t\tSolicite o seu hist\u00f3rico escolar mais recente ao seu orientador acad\u00e9mico\n\t\t\t\t<ul>\n<li>Deve apresentar um certificado de habilita\u00e7\u00f5es\u00a0<strong>como um ficheiro PDF<\/strong> para que a sua candidatura seja eleg\u00edvel. Certifique-se de que o nome do ficheiro \u00e9 curto e sem caracteres especiais.<\/li>\n<li>Os perfis de estudante s\u00f3 s\u00e3o aceites se inclu\u00edrem o seu GPA n\u00e3o ponderado.<\/li>\n<li><strong>O seu GPA n\u00e3o ponderado deve ser vis\u00edvel.<\/strong><\/li>\n<\/ul>\n\t\t\t\tPedir pelo menos duas refer\u00eancias\n\t\t\t\t<p>A maioria dos recomendadores precisa de\u00a0<strong>pelo menos duas (2) semanas<\/strong>\u00a0para preencher o question\u00e1rio de recomenda\u00e7\u00e3o, mas nunca \u00e9 demasiado cedo para o pedir. Encorajamo-lo a avisar os seus recomendadores com a maior anteced\u00eancia poss\u00edvel quando pedir uma refer\u00eancia.<\/p>\n<p>Este ano, os seus recomendadores preencher\u00e3o um question\u00e1rio em seu nome.<\/p>\n<ul>\n<li>D\u00ea aos seus recomendadores tempo suficiente para preencherem o question\u00e1rio.<\/li>\n<li>A(s) outra(s) recomenda\u00e7\u00e3o(\u00f5es) pode(m) ser de um treinador, pastor, empregador, mentor ou qualquer pessoa que o conhe\u00e7a bem e n\u00e3o seja um amigo ou familiar, mas pelo menos uma recomenda\u00e7\u00e3o deve vir de um professor ou conselheiro acad\u00e9mico.<\/li>\n<\/ul>\n\t\t\t\tFinancial Need\n\t\t\t\t<p>Some of our scholarships require proof of financial need. <a href=\"https:\/\/vccf.org\/wp-content\/uploads\/2025\/10\/2026-VCCF-Financial-Need-Resource.pdf\"><strong>Please view our Financial Need Guidelines here<\/strong><\/a>Ao preencher a candidatura, \u00e9 necess\u00e1rio conhecer as suas informa\u00e7\u00f5es financeiras mais recentes.<\/p>\n<ul>\n<li>Se \u00e9 um\u00a0<strong>dependente<\/strong> you will need your guardians&#8217;\/spouse&#8217;s<strong>\u00a0rendimento total do ano fiscal de declara\u00e7\u00e3o mais recente<\/strong>.<\/li>\n<li>Se \u00e9 <strong>independente<\/strong> precisa do\u00a0<strong>rendimento total do seu ano fiscal mais recente.<\/strong><\/li>\n<li>As diretrizes relativas \u00e0s necessidades financeiras estar\u00e3o dispon\u00edveis em outubro de cada ano civil.<\/li>\n<\/ul>\n\t\t\t\tRever as oportunidades de bolsas de estudo dispon\u00edveis\n\t\t\t\t<p><strong>A Ventura County Community Foundation tem mais de 100 oportunidades de bolsas de estudo!<\/strong><\/p>\n<p>Est\u00e3o dispon\u00edveis novas bolsas de estudo e foram efectuadas algumas altera\u00e7\u00f5es. Todos os candidatos, mesmo aqueles a quem j\u00e1 foi atribu\u00edda uma bolsa, devem rever as diretrizes, uma vez que os crit\u00e9rios podem ter sido alterados. As diretrizes para as bolsas de estudo estar\u00e3o dispon\u00edveis em outubro de cada ano civil.<\/p>\n<p><strong><a href=\"https:\/\/vccf.org\/wp-content\/uploads\/2025\/10\/2026-Scholarship-Guidelines.pdf\" target=\"_blank\" rel=\"noopener\">Clique aqui<\/a><\/strong> para consultar as nossas diretrizes relativas \u00e0s bolsas de estudo.<\/p>\n<p>Ao preencher e enviar a candidatura a uma bolsa de estudo geral, a sua candidatura ser\u00e1 considerada para todas as oportunidades de bolsas de estudo de correspond\u00eancia autom\u00e1tica dispon\u00edveis. Para al\u00e9m das oportunidades de correspond\u00eancia autom\u00e1tica, est\u00e3o dispon\u00edveis v\u00e1rias bolsas de estudo de candidatura. Pode consultar as oportunidades de candidatura depois de apresentar a candidatura geral.<\/p>\n\t\t\t\tDicas para bolsas de estudo\n\t\t\t\t<ul>\n<li><strong>DICA #1 N\u00e3o esperar at\u00e9 ao \u00faltimo minuto<\/strong><br \/>\nO preenchimento da candidatura \u00e9 demorado, pelo que as respostas devem ser ponderadas.<\/li>\n<li><strong>SUGEST\u00c3O #2 Assegurar que as suas recomenda\u00e7\u00f5es s\u00e3o apresentadas em seu nome<\/strong><br \/>\nPara que a candidatura seja considerada, s\u00e3o necess\u00e1rias duas recomenda\u00e7\u00f5es. \u00c9 da responsabilidade do candidato assegurar que os seus recomendadores preenchem a recomenda\u00e7\u00e3o em seu nome at\u00e9 ao prazo final.<\/li>\n<li><strong>DICA #3 Preencher o pedido na \u00edntegra.<\/strong><br \/>\nBe sure to complete the entire application. If a question does not apply, note that on the application (&#8220;n\/a&#8221; for not applicable). Don&#8217;t just leave a blank. Include all required documents.<\/li>\n<li><strong>DICA #4 Siga as instru\u00e7\u00f5es.<br \/>\n<\/strong>Provide everything that is required, but do not supply things that are not requested &#8211; your application will be disqualified.\u00a0<strong>Se for necess\u00e1rio um ensaio ou formul\u00e1rio especial, certifique-se de que o inclui.<\/strong><\/li>\n<li><strong>DICA #5: O seu ensaio deve impressionar.<\/strong><br \/>\nThe key to writing a strong essay is to be personal and specific. Include concrete details to make your experience come alive: the &#8216;who,&#8217; &#8216;what,&#8217; &#8216;where,&#8217; and &#8216;when&#8217; of your topic. The simplest experience can be monumental if you present honestly how you were affected. There is a specific prompt or topic for each scholarship. Be sure that you respond to that prompt. Be sure to check your spelling. Think of your essay as a narrative picture of you for our selection committee.<\/li>\n<li><strong>TIP #6 Give it a final &#8216;once-over.&#8217;<br \/>\n<\/strong>Reveja cuidadosamente toda a candidatura. Esteja atento a palavras mal escritas ou a erros gramaticais. Pe\u00e7a a um amigo, professor ou pai para rever os seus trabalhos.<\/li>\n<li><strong>DICA #7 Pedir ajuda se for necess\u00e1rio.<br \/>\n<\/strong>Se tiver algum problema com a candidatura, contacte a equipa de Bolsas de Estudo da VCCF atrav\u00e9s de <a href=\"mailto:scholarships@vccf.org\" rel=\"noopener\" target=\"_blank\">scholarships@vccf.org<\/a>. Se tiver perguntas espec\u00edficas sobre a candidatura, contacte a Ventura County Community Foundation.<\/li>\n<li><strong>DICA #8 Lembre-se: a sua candidatura a uma bolsa de estudo representa-o a si!<\/strong><br \/>\nA sua capacidade de apresentar uma candidatura limpa, atempada e completa reflecte-se em si. \u00c9 o seu rosto para esta organiza\u00e7\u00e3o. Orgulhe-se de si pr\u00f3prio, apresentando a melhor candidatura poss\u00edvel.<\/li>\n<li><strong>DICA #9 Candidate-se apenas se for eleg\u00edvel.<br \/>\n<\/strong>Para as bolsas de estudo dispon\u00edveis para candidatura, certifique-se de que \u00e9 eleg\u00edvel antes de se candidatar. A sua candidatura n\u00e3o ser\u00e1 considerada se n\u00e3o estiver qualificado para se candidatar.<\/li>\n<\/ul>\n\t\t\t\tDocumentos importantes\n\t\t\t\t<p><strong><a href=\"https:\/\/vccf.org\/wp-content\/uploads\/2025\/10\/2026-VCCF-Financial-Need-Resource.pdf\" target=\"_blank\" rel=\"noopener\">2025-2026 Financial Need Document<\/a><\/strong><\/p>\n<p><strong><a href=\"https:\/\/vccf.org\/wp-content\/uploads\/2024\/11\/guidelines-24.25-final.pdf\" target=\"_blank\" rel=\"noopener\">Orienta\u00e7\u00f5es para 2024-2025<\/a><\/strong><\/p>\n\t\t\t\tTimeline &#038; Important Dates\n\t\t\t\t<p><strong>October 29, 2025: <\/strong><em>Application Opens<\/em><\/p>\n<p><strong>January 16, 2026: <\/strong><em>Application Closes<\/em><\/p>\n<p><strong>January 23, 2026: <\/strong><em>Final Reference Deadline<\/em><\/p>\n<p><strong>February through April 2026: <\/strong><em>As candidaturas s\u00e3o analisadas<\/em><\/p>\n<p><strong>April 28, 2026: <\/strong><em>Applicants Informed<\/em><\/p>\n<h2>\n\t\t\tNow you are ready to apply\t<\/h2>\n\t<p>You&#8217;ve reviewed the eligibility guidelines, you&#8217;ve requested your most recent transcripts, gathered your financial documents, and have contacted your potential references &#8211; great! Now it&#8217;s time to work on your application.<\/p>\n\t\t\t<a href=\"https:\/\/vccf.academicworks.com\/\" target=\"_blank\" rel=\"noopener\">\n\t\t\t\t\t\t\tAplicar\n\t\t\t\t\t<\/a>\n    <button id=\"board-prev\" type=\"button\"><\/button>\n    1\n     \/ 4\n    <button id=\"board-next\" type=\"button\"><\/button>","protected":false},"excerpt":{"rendered":"<p>Congratulations on Pursuing Higher Education! Through the generosity of local donors, VCCF is able to partner with you to help you reach your career and educational goals. VCCF Scholarship Season&hellip;<\/p>","protected":false},"author":4,"featured_media":0,"parent":269,"menu_order":0,"comment_status":"closed","ping_status":"closed","template":"","meta":{"_acf_changed":false,"give_campaign_id":0,"footnotes":""},"class_list":["post-521","page","type-page","status-publish","hentry"],"acf":[],"campaignId":"","_links":{"self":[{"href":"https:\/\/vccf.org\/pt\/wp-json\/wp\/v2\/pages\/521","targetHints":{"allow":["GET"]}}],"collection":[{"href":"https:\/\/vccf.org\/pt\/wp-json\/wp\/v2\/pages"}],"about":[{"href":"https:\/\/vccf.org\/pt\/wp-json\/wp\/v2\/types\/page"}],"author":[{"embeddable":true,"href":"https:\/\/vccf.org\/pt\/wp-json\/wp\/v2\/users\/4"}],"replies":[{"embeddable":true,"href":"https:\/\/vccf.org\/pt\/wp-json\/wp\/v2\/comments?post=521"}],"version-history":[{"count":0,"href":"https:\/\/vccf.org\/pt\/wp-json\/wp\/v2\/pages\/521\/revisions"}],"up":[{"embeddable":true,"href":"https:\/\/vccf.org\/pt\/wp-json\/wp\/v2\/pages\/269"}],"wp:attachment":[{"href":"https:\/\/vccf.org\/pt\/wp-json\/wp\/v2\/media?parent=521"}],"curies":[{"name":"wp","href":"https:\/\/api.w.org\/{rel}","templated":true}]}}