{"id":553,"date":"2024-04-19T10:40:40","date_gmt":"2024-04-19T10:40:40","guid":{"rendered":"https:\/\/vccf.org\/?page_id=553"},"modified":"2026-04-14T12:34:43","modified_gmt":"2026-04-14T19:34:43","slug":"recommenders","status":"publish","type":"page","link":"https:\/\/vccf.org\/pt\/scholarships\/recommenders\/","title":{"rendered":"Recomendadores"},"content":{"rendered":"<h1>\n\t\t\tRefer\u00eancias de bolsas de estudo VCCF\t<\/h1>\n\t<p>Obrigado por apoiar os nossos alunos do Condado de Ventura!<\/p>\n\t<p>Todos os anos, milhares de estudantes candidatam-se a bolsas de estudo do VCCF. As cartas de refer\u00eancia s\u00e3o uma parte essencial do processo de candidatura a bolsas de estudo do VCCF. Durante o processo de avalia\u00e7\u00e3o, proporcionam aos membros do comit\u00e9 de sele\u00e7\u00e3o uma vis\u00e3o hol\u00edstica do estudante. As cartas de recomenda\u00e7\u00e3o revelam muito sobre o candidato e permitem que os membros do comit\u00e9 de sele\u00e7\u00e3o compreendam melhor os objectivos, as aspira\u00e7\u00f5es, a \u00e9tica de trabalho e o car\u00e1cter do candidato.<\/p>\n<figure itemscope itemtype=\"https:\/\/schema.org\/ImageObject\">\n\t\t\t\t<img decoding=\"async\" src=\"https:\/\/vccf.org\/wp-content\/uploads\/2024\/07\/image-82.png\" alt=\"image (82)\" height=\"851\" width=\"836\" title=\"imagem (82)\" onerror=\"this.style.display='none'\" loading=\"lazy\" \/>\n\t<\/figure>\n\t<p>&#8220;I&#8217;m a recommender because grades and activities only tell part of the story. My hope is that a well-written letter of rec tells a donor the student&#8217;s story of grit and perseverance.&#8221;<\/p>\n\t<p>Sarah Page, professora AVID do liceu e refer\u00eancia<\/p>\n<h2>\n\t\t\tCome\u00e7ar a trabalhar\t<\/h2>\n\t<p>Antes de come\u00e7ar a redigir a sua carta, leia atentamente as seguintes informa\u00e7\u00f5es importantes.<\/p>\n\t\t\t\tO que esperar como refer\u00eancia\n\t\t\t\t<p>Os alunos perguntar-lhe-\u00e3o se est\u00e1 disposto a preencher um question\u00e1rio em seu nome. Se n\u00e3o puder preencher o question\u00e1rio, informe-os para que possam encontrar uma refer\u00eancia diferente.\u00a0<strong>Devem ser apresentados dois question\u00e1rios em nome do estudante, caso contr\u00e1rio este ser\u00e1 automaticamente desclassificado.<\/strong>\u00a0O question\u00e1rio \u00e9 confidencial e o aluno n\u00e3o ter\u00e1 acesso \u00e0s suas respostas.<\/p>\n<p>Os estudantes introduzir\u00e3o o seu endere\u00e7o de correio eletr\u00f3nico na aplica\u00e7\u00e3o e receber\u00e3o uma mensagem de correio eletr\u00f3nico dos Trabalhos Acad\u00e9micos com uma liga\u00e7\u00e3o direta ao question\u00e1rio. Poder\u00e1 ser-lhe pedido que crie um nome de utilizador e uma palavra-passe.<\/p>\n<p>Se tiver algum problema t\u00e9cnico, envie um e-mail para <a href=\"mailto:scholarships@vccf.org\">scholarships@vccf.org<\/a><\/p>\n\t\t\t\tQue informa\u00e7\u00f5es devem ser recolhidas no seu question\u00e1rio\n\t\t\t\t<p>No question\u00e1rio, faremos as seguintes perguntas<\/p>\n<ul>\n<li>A sua rela\u00e7\u00e3o com o aluno<\/li>\n<li>H\u00e1 quanto tempo conhece o aluno<\/li>\n<li>As \u00e1reas de for\u00e7a deste estudante<\/li>\n<li>The student&#8217;s work ethic<\/li>\n<\/ul>\n<p><strong>Se conhece o aluno a n\u00edvel acad\u00e9mico, fale tamb\u00e9m da participa\u00e7\u00e3o do aluno nas aulas, bem como das suas capacidades de colaborar e ouvir os outros.<\/strong><\/p>\n\t\t\t\tNo caso de n\u00e3o poder apresentar um question\u00e1rio em nome do estudante\n\t\t\t\t<p>Unfortunately, applicants who do not have\u00a0two references\u00a0are\u00a0<strong>automaticamente desqualificado<\/strong>\u00a0do processo de candidatura a bolsas de estudo da VCCF.<\/p>\n<p>Se n\u00e3o puder preencher o question\u00e1rio, informe imediatamente o aluno para que este possa perguntar a outra pessoa.<\/p>\n    <button id=\"board-prev\" type=\"button\"><\/button>\n    1\n     \/ 4\n    <button id=\"board-next\" type=\"button\"><\/button>","protected":false},"excerpt":{"rendered":"<p>VCCF Scholarship references Thank you for supporting our Ventura County students! Every year, thousands of students apply for VCCF scholarships. Letters of reference are a vital part of the VCCF&hellip;<\/p>","protected":false},"author":4,"featured_media":0,"parent":22926,"menu_order":0,"comment_status":"closed","ping_status":"closed","template":"","meta":{"_acf_changed":false,"give_campaign_id":0,"footnotes":""},"class_list":["post-553","page","type-page","status-publish","hentry"],"acf":[],"campaignId":"","_links":{"self":[{"href":"https:\/\/vccf.org\/pt\/wp-json\/wp\/v2\/pages\/553","targetHints":{"allow":["GET"]}}],"collection":[{"href":"https:\/\/vccf.org\/pt\/wp-json\/wp\/v2\/pages"}],"about":[{"href":"https:\/\/vccf.org\/pt\/wp-json\/wp\/v2\/types\/page"}],"author":[{"embeddable":true,"href":"https:\/\/vccf.org\/pt\/wp-json\/wp\/v2\/users\/4"}],"replies":[{"embeddable":true,"href":"https:\/\/vccf.org\/pt\/wp-json\/wp\/v2\/comments?post=553"}],"version-history":[{"count":0,"href":"https:\/\/vccf.org\/pt\/wp-json\/wp\/v2\/pages\/553\/revisions"}],"up":[{"embeddable":true,"href":"https:\/\/vccf.org\/pt\/wp-json\/wp\/v2\/pages\/22926"}],"wp:attachment":[{"href":"https:\/\/vccf.org\/pt\/wp-json\/wp\/v2\/media?parent=553"}],"curies":[{"name":"wp","href":"https:\/\/api.w.org\/{rel}","templated":true}]}}