{"id":562,"date":"2024-04-19T11:16:06","date_gmt":"2024-04-19T11:16:06","guid":{"rendered":"https:\/\/vccf.org\/?page_id=562"},"modified":"2025-08-11T08:49:47","modified_gmt":"2025-08-11T15:49:47","slug":"donors","status":"publish","type":"page","link":"https:\/\/vccf.org\/pt\/scholarships\/donors\/","title":{"rendered":"Doadores de bolsas de estudo"},"content":{"rendered":"<h1>\n\t\t\tVCCF Scholarship Donors\t<\/h1>\n\t<p>Este programa s\u00f3 \u00e9 poss\u00edvel gra\u00e7as aos generosos doadores que apoiam os nossos alunos no Condado de Ventura. Explore a possibilidade de criar o seu fundo de bolsas de estudo hoje mesmo.<\/p>\n\t\t\t<a href=\"#start-a-fund\" target=\"_self\">\n\t\t\t\t\t\t\tDoar\n\t\t\t\t\t<\/a>\n\t\t\t\t<img decoding=\"async\" src=\"https:\/\/vccf.org\/wp-content\/uploads\/2024\/09\/iStock-475889833-2.png\" alt=\"iStock-475889833 2\" itemprop=\"image\" height=\"851\" width=\"836\" title=\"iStock-475889833 2\" onerror=\"this.style.display='none'\" loading=\"lazy\" \/>\n\t\t\t\t<img decoding=\"async\" src=\"https:\/\/vccf.org\/wp-content\/uploads\/2024\/09\/image-5.png\" alt=\"image (5)\" itemprop=\"image\" height=\"563\" width=\"463\" title=\"imagem (5)\" onerror=\"this.style.display='none'\" loading=\"lazy\" \/>\n<h2  id=\"start-a-fund\">\n\t\t\tCriar um fundo para bolsas de estudo!\t<\/h2>\n\t<p>Apreciamos a colabora\u00e7\u00e3o com dadores generosos para ajudar estudantes merecedores no Condado de Ventura.<\/p>\n<p>Criar um fundo para bolsas de estudo \u00e9 f\u00e1cil quando se faz uma parceria com a Ventura County Community Foundation.<\/p>\n\t\t\t<a href=\"https:\/\/vccf.org\/pt\/my-vccf-fund\/start-a-fund\/\" target=\"_self\">\n\t\t\t\t\t\t\tCriar um fundo para bolsas de estudo\n\t\t\t\t\t<\/a>\n    <button id=\"board-prev\" type=\"button\"><\/button>\n    1\n     \/ 4\n    <button id=\"board-next\" type=\"button\"><\/button>\n<h2>\n\t\t\tCongrats to our 2025 scholarship recipients!\t<\/h2>\n\t\t\t<a href=\"https:\/\/vccf.org\/pt\/2025-vccf-scholarship-season-a-thank-you-from-our-students\/\" target=\"_self\">\n\t\t\t\t\t\t\tLer mais\n\t\t\t\t\t<\/a>\n\t\t<iframe loading=\"lazy\" title=\"vimeo-player\" src=\"https:\/\/player.vimeo.com\/video\/1103213031?h=8345a254cc\" width=\"640\" height=\"360\" frameborder=\"0\" referrerpolicy=\"strict-origin-when-cross-origin\" allow=\"autoplay; fullscreen; picture-in-picture; clipboard-write; encrypted-media; web-share\"   allowfullscreen><\/iframe>","protected":false},"excerpt":{"rendered":"<p>VCCF Scholarship Donors This program is only possible thanks to the generous donors supporting our students in Ventura County. Explore establishing your scholarship fund today. Donate Start a scholarship fund!&hellip;<\/p>","protected":false},"author":4,"featured_media":0,"parent":22926,"menu_order":0,"comment_status":"closed","ping_status":"closed","template":"","meta":{"_acf_changed":false,"give_campaign_id":0,"footnotes":""},"class_list":["post-562","page","type-page","status-publish","hentry"],"acf":[],"campaignId":"","_links":{"self":[{"href":"https:\/\/vccf.org\/pt\/wp-json\/wp\/v2\/pages\/562","targetHints":{"allow":["GET"]}}],"collection":[{"href":"https:\/\/vccf.org\/pt\/wp-json\/wp\/v2\/pages"}],"about":[{"href":"https:\/\/vccf.org\/pt\/wp-json\/wp\/v2\/types\/page"}],"author":[{"embeddable":true,"href":"https:\/\/vccf.org\/pt\/wp-json\/wp\/v2\/users\/4"}],"replies":[{"embeddable":true,"href":"https:\/\/vccf.org\/pt\/wp-json\/wp\/v2\/comments?post=562"}],"version-history":[{"count":0,"href":"https:\/\/vccf.org\/pt\/wp-json\/wp\/v2\/pages\/562\/revisions"}],"up":[{"embeddable":true,"href":"https:\/\/vccf.org\/pt\/wp-json\/wp\/v2\/pages\/22926"}],"wp:attachment":[{"href":"https:\/\/vccf.org\/pt\/wp-json\/wp\/v2\/media?parent=562"}],"curies":[{"name":"wp","href":"https:\/\/api.w.org\/{rel}","templated":true}]}}