{"id":566,"date":"2024-04-19T13:04:37","date_gmt":"2024-04-19T13:04:37","guid":{"rendered":"https:\/\/vccf.org\/?page_id=566"},"modified":"2026-04-14T06:53:53","modified_gmt":"2026-04-14T13:53:53","slug":"readers","status":"publish","type":"page","link":"https:\/\/vccf.org\/pt\/scholarships\/readers\/","title":{"rendered":"Leitores"},"content":{"rendered":"<h1>\n\t\tLeitores de bolsas de estudo\n\t<\/h1>\n\t<p>Os leitores de bolsas de estudo da VCCF s\u00e3o volunt\u00e1rios da comunidade e doadores de bolsas de estudo empenhados em melhorar as oportunidades educativas dos estudantes de Ventura County. Todos os anos, os leitores investem o seu tempo a rever, ler e classificar as candidaturas a bolsas de estudo. A sua experi\u00eancia e o seu tempo s\u00e3o altamente valorizados e n\u00e3o poder\u00edamos fazer este trabalho sem eles.<\/p>\n<p>Se estiver interessado em tornar-se leitor de bolsas de estudo da VCCF, envie um e-mail \u00e0 nossa Diretora de Bolsas de Estudo, Kirsti Thompson, para <a href=\"mailto:kthompson@vccf.org\" target=\"_blank\" rel=\"noopener\">kthompson@vccf.org<\/a>.<\/p>\n\t\t\t<a href=\"https:\/\/vccf.org\/pt\/vccf-scholarship-reader-interest-form\/\" target=\"_self\" rel=\"noopener\">\n\t\t\t\t\t\t\tEnviar o formul\u00e1rio de interesse do leitor\n\t\t\t\t\t<\/a>\n\t\t\t\t<img loading=\"lazy\" decoding=\"async\" src=\"https:\/\/vccf.org\/wp-content\/uploads\/2024\/11\/Recommender-Image.png\" alt=\"Recommender Image\" itemprop=\"image\" height=\"400\" width=\"600\" title=\"Imagem de recomenda\u00e7\u00e3o\" onerror=\"this.style.display='none'\"  \/>\n<h2>\n\t\tVCCF&#8217;s scholarship program needs scholarship readers!\n\t<\/h2>\n\t<p>Join us in supporting Ventura County&#8217;s students by reviewing scholarship applications. It&#8217;s a rewarding experience that showcases the talent and potential of local students.<\/p>\n\t\t\t<a href=\"https:\/\/vccf.org\/pt\/vccf-scholarship-reader-interest-form\/\" target=\"_self\" rel=\"noopener\">\n\t\t\t\t\t\t\tEnviar o formul\u00e1rio de interesse do leitor\n\t\t\t\t\t<\/a>\n<h2>\n\t\tScholarship reader job description\n\t<\/h2>\n\t\t\t\tObjetivo dos leitores de bolsas da VCCF\n\t\t\t\t<p>O objetivo dos leitores de bolsas da FCFV \u00e9 ler, analisar e classificar cuidadosamente as candidaturas a bolsas espec\u00edficas.<\/p>\n<p>Todos os anos \u00e9 dada forma\u00e7\u00e3o aos leitores e a equipa de Bolsas de Estudo presta apoio cont\u00ednuo durante todo o processo. Todas as tarefas de voluntariado, incluindo a forma\u00e7\u00e3o a pedido, podem ser realizadas virtualmente a partir do conforto da sua casa.<\/p>\n<p>A revis\u00e3o \u00e9 efectuada em linha, o que permite a sua realiza\u00e7\u00e3o a partir de qualquer lugar!<\/p>\n\t\t\t\tRequisitos e fun\u00e7\u00f5es espec\u00edficas\n\t\t\t\t<p><strong>Requisitos<\/strong><\/p>\n<ul>\n<li>Concordar em dedicar 15-20 horas \u00e0 forma\u00e7\u00e3o, an\u00e1lise, avalia\u00e7\u00e3o e classifica\u00e7\u00e3o de todas as candidaturas a bolsas de estudo competitivas durante a primavera<\/li>\n<li>Ter idade igual ou superior a 18 anos<\/li>\n<li>Deve valorizar e apoiar o ensino superior<\/li>\n<li>Deve ter um computador com acesso \u00e0 Internet<\/li>\n<li>V\u00eddeo de forma\u00e7\u00e3o a pedido obrigat\u00f3rio<\/li>\n<\/ul>\n<p><strong>Fun\u00e7\u00f5es espec\u00edficas<\/strong><\/p>\n<ul>\n<li>Ler, analisar e classificar exaustivamente as candidaturas que lhe foram atribu\u00eddas dentro do prazo<\/li>\n<li>Follow VCCF&#8217;s scholarship scoring rubric<\/li>\n<\/ul>\n\t\t\t\tCondi\u00e7\u00f5es adicionais\n\t\t\t\t<p>A participa\u00e7\u00e3o como leitor de bolsas de estudo \u00e9 volunt\u00e1ria. As pessoas interessadas em retribuir e ajudar os estudantes a atingir o seu potencial m\u00e1ximo s\u00e3o incentivadas a considerar a possibilidade de participar neste importante esfor\u00e7o. Todos os volunt\u00e1rios devem analisar e assinar o formul\u00e1rio da Pol\u00edtica de Conflito de Interesses e Confidencialidade da VCCF antes de participarem no processo de leitura e pontua\u00e7\u00e3o.<\/p>\n<p>Os volunt\u00e1rios devem reconhecer que, no \u00e2mbito da sua participa\u00e7\u00e3o no programa de bolsas de estudo da VCCF, ter\u00e3o acesso a informa\u00e7\u00f5es de natureza pessoal, confidencial e\/ou propriet\u00e1ria, por exemplo: informa\u00e7\u00f5es pessoais como nomes, endere\u00e7os de correio eletr\u00f3nico, informa\u00e7\u00f5es acad\u00e9micas e de emprego. Os volunt\u00e1rios devem concordar em manter todas as informa\u00e7\u00f5es confidenciais em estrita confidencialidade e concordar que ser\u00e3o utilizadas apenas para os fins necess\u00e1rios \u00e0 an\u00e1lise e classifica\u00e7\u00e3o das candidaturas a bolsas de estudo, n\u00e3o devendo ser utilizadas para qualquer outro fim ou divulgadas a terceiros.<\/p>\n\t\t\t\tPerguntas?\n\t\t\t\t<p>Para saber mais sobre o voluntariado como leitor de bolsas de estudo da VCCF, envie um e-mail para a Diretora de Bolsas de Estudo, Kirsti Thompson, em\u00a0<a href=\"mailto:kthompson@vccf.org\" target=\"_blank\" rel=\"noopener\">kthompson@vccf.org<\/a>.<\/p>\n\t\t\t<a href=\"https:\/\/vccf.org\/pt\/vccf-scholarship-reader-interest-form\/\" target=\"_self\" rel=\"noopener\">\n\t\t\t\t\t\t\tEnviar o formul\u00e1rio de interesse do leitor\n\t\t\t\t\t<\/a>","protected":false},"excerpt":{"rendered":"<p>Scholarship readers The VCCF scholarship readers are composed of community volunteers and scholarship donors who are committed to bettering the educational opportunities for students in Ventura County. Each year, readers&hellip;<\/p>","protected":false},"author":4,"featured_media":0,"parent":22926,"menu_order":0,"comment_status":"closed","ping_status":"closed","template":"","meta":{"_acf_changed":false,"give_campaign_id":0,"footnotes":""},"class_list":["post-566","page","type-page","status-publish","hentry"],"acf":[],"campaignId":"","_links":{"self":[{"href":"https:\/\/vccf.org\/pt\/wp-json\/wp\/v2\/pages\/566","targetHints":{"allow":["GET"]}}],"collection":[{"href":"https:\/\/vccf.org\/pt\/wp-json\/wp\/v2\/pages"}],"about":[{"href":"https:\/\/vccf.org\/pt\/wp-json\/wp\/v2\/types\/page"}],"author":[{"embeddable":true,"href":"https:\/\/vccf.org\/pt\/wp-json\/wp\/v2\/users\/4"}],"replies":[{"embeddable":true,"href":"https:\/\/vccf.org\/pt\/wp-json\/wp\/v2\/comments?post=566"}],"version-history":[{"count":0,"href":"https:\/\/vccf.org\/pt\/wp-json\/wp\/v2\/pages\/566\/revisions"}],"up":[{"embeddable":true,"href":"https:\/\/vccf.org\/pt\/wp-json\/wp\/v2\/pages\/22926"}],"wp:attachment":[{"href":"https:\/\/vccf.org\/pt\/wp-json\/wp\/v2\/media?parent=566"}],"curies":[{"name":"wp","href":"https:\/\/api.w.org\/{rel}","templated":true}]}}